{"id":9845,"date":"2025-06-26T03:36:33","date_gmt":"2025-06-26T01:36:33","guid":{"rendered":"https:\/\/dtfprint.hr\/?post_type=product&#038;p=9845"},"modified":"2026-01-30T08:16:27","modified_gmt":"2026-01-30T07:16:27","slug":"soluzione-detergente-xtreme-dtf","status":"publish","type":"product","link":"https:\/\/dtfprint.hr\/it\/proizvod\/xtreme-dtf-cleaning-solution\/","title":{"rendered":"Liquido detergente XTREME DTF"},"content":{"rendered":"<h2>Descrizione dettagliata<\/h2>\n<p>La soluzione detergente XTREME DTF \u00e8 <strong data-start=\"228\" data-end=\"260\">agente di forza industriale<\/strong> Per la pulizia di ostruzioni ostinate nella testina di stampa delle stampanti DTF o DTG e per il lavaggio completo del sistema di inchiostro (tubi). Ideale quando il detergente tradizionale non \u00e8 efficace o quando si cambia tipo di inchiostro. <strong data-start=\"450\" data-end=\"517\">Non \u00e8 adatto all&#039;uso continuo come liquido per l&#039;immersione a umido (tappatura), ma per periodi di tempo pi\u00f9 brevi in caso di ostruzioni pi\u00f9 gravi della testa.<\/strong><\/p>\n<p data-start=\"1639\" data-end=\"1932\"><strong data-start=\"1639\" data-end=\"1671\">Soluzione detergente XTREME DTF<\/strong> \u00e8 una formula appositamente sviluppata per la pulizia avanzata <strong data-start=\"1722\" data-end=\"1764\">Blocchi ostinati o estremi<\/strong> nella testina di stampa DTF e per la completa <strong data-start=\"1798\" data-end=\"1837\">tubi di lavaggio dell&#039;inchiostro (tubi)<\/strong> \u2013 particolarmente utile per le ostruzioni pi\u00f9 gravi quando un normale detergente quotidiano non \u00e8 sufficiente.<\/p>\n<p data-start=\"1934\" data-end=\"2178\">Utilizzato per pulire le testine di stampa <strong data-start=\"1970\" data-end=\"1996\">solo come ultima risorsa<\/strong>, dopo un detergente standard non \u00e8 efficace. Pu\u00f2 essere utilizzato in sistemi con smorzatori (iniezione diretta) o con <strong data-start=\"2116\" data-end=\"2138\">cartuccia di pulizia<\/strong> le cartucce attraverso un massimo di tre cicli di pulizia, dopodich\u00e9 il sistema deve essere lavato con un detergente standard.<\/p>\n<p data-start=\"1934\" data-end=\"2178\">Il liquido pu\u00f2 essere immerso in un tampone e utilizzato per pulire i canali\/ugelli della testina.<\/p>\n<blockquote data-start=\"2180\" data-end=\"2312\">\n<p data-start=\"2182\" data-end=\"2312\"><strong data-start=\"2182\" data-end=\"2192\">IMPORTANTE:<\/strong> Questa soluzione non \u00e8 indicata per la copertura a umido a lungo termine. L&#039;agente pu\u00f2 essere corrosivo per le parti della testa. Usare con cautela.<\/p>\n<\/blockquote>\n<p data-start=\"2182\" data-end=\"2312\">Per la pulizia quotidiana e l&#039;uso con cappuccio bagnato\u00a0<a href=\"https:\/\/dtfprint.hr\/it\/prodotto\/soluzione-detergente-xtreme-dtf\/\">DTF Cleaner 3 in 1 liquido \u2013 pulizia universale della testina per stampanti DTF e wet capping<\/a><\/p>\n<table>\n<thead>\n<tr>\n<th>Caratteristiche<\/th>\n<th>Dettagli<\/th>\n<\/tr>\n<\/thead>\n<tbody>\n<tr>\n<td><strong>Nome<\/strong><\/td>\n<td>SOLUZIONE DI PULIZIA XTREME DTF<\/td>\n<\/tr>\n<tr>\n<td><strong>Scopo<\/strong><\/td>\n<td>Lavaggio dei tubi dell&#039;inchiostro \/ risoluzione di ostruzioni ostinate nella testina della stampante con immersione a breve termine<\/td>\n<\/tr>\n<tr>\n<td><strong>Compatibilit\u00e0<\/strong><\/td>\n<td>Testine di stampa Epson i3200\/A1, i1600, XP\u2011600, DX5, L1800, TX800, XP\u201115000, 4720 e altre testine di stampa DTF\/DTG<\/td>\n<\/tr>\n<tr>\n<td><strong>Tipo di inchiostro<\/strong><\/td>\n<td>Compatibile con inchiostri pigmentati DTF a base d&#039;acqua<\/td>\n<\/tr>\n<tr>\n<td><strong>Tipo di sistema<\/strong><\/td>\n<td>Adatto per sistemi con serrande (CIS) o cartucce di pulizia<\/td>\n<\/tr>\n<tr>\n<td><strong>Utilizzando<\/strong><\/td>\n<td>Fino a 3 cicli di pulizia con cartucce &quot;cleaning cartridge&quot; riempite o iniezione diretta con il sistema CIS o immersione a breve termine (tappatura umida)<\/td>\n<\/tr>\n<tr>\n<td><strong>Il potere della formula<\/strong><\/td>\n<td>Formula extra forte \u2013 utilizzata come <em>ultima opzione<\/em> dopo la pulizia regolare<\/td>\n<\/tr>\n<tr>\n<td><strong>Funzione di limitazione<\/strong><\/td>\n<td><strong>NON<\/strong> adatto per la copertura umida a lungo termine<\/td>\n<\/tr>\n<tr>\n<td><strong>Misure di sicurezza<\/strong><\/td>\n<td>Indossare guanti protettivi; indossare occhiali di sicurezza; non mescolare con altri prodotti chimici; utilizzare in un&#039;area ben ventilata, non inalare; in caso di contatto con la pelle, sciacquare immediatamente e consultare un medico; corrosivo<\/td>\n<\/tr>\n<\/tbody>\n<\/table>","protected":false},"excerpt":{"rendered":"<p><strong data-start=\"1639\" data-end=\"1671\">Soluzione detergente XTREME DTF<\/strong> \u00e8 una formula appositamente sviluppata per la pulizia avanzata <strong data-start=\"1722\" data-end=\"1764\">Blocchi ostinati o estremi<\/strong> nella testina di stampa DTF e per la completa <strong data-start=\"1798\" data-end=\"1837\">tubi di lavaggio dell&#039;inchiostro (tubi)<\/strong> \u2013 particolarmente utile per le ostruzioni pi\u00f9 gravi quando un normale detergente quotidiano non \u00e8 sufficiente.<\/p>","protected":false},"featured_media":9846,"template":"","meta":{"_seopress_robots_primary_cat":"17","_seopress_titles_title":"XTREME DTF cleaning teku\u0107ina za te\u017ea za\u010depljenja glave DTF\/DTG printera","_seopress_titles_desc":"1l sna\u017ene teku\u0107ine za \u010di\u0161\u0107enje DTF i DTG glava pisa\u010da. Dizajnirana da otopi naslage bijele i pigmentne tinte. Za kori\u0161tenje kod te\u017eih za\u010depljenja.","_seopress_robots_index":""},"product_brand":[],"product_cat":[466,17],"product_tag":[457,456,461,465,460,463,462,459,464,458],"class_list":{"0":"post-9845","1":"product","2":"type-product","3":"status-publish","4":"has-post-thumbnail","6":"product_cat-ciscenje-i-odrzavanje-dtf-printera","7":"product_cat-dtf-repromaterijal","8":"product_tag-ciscenje-dtf-glave-pisaca","9":"product_tag-dtf-cleaner-tekucina","10":"product_tag-dtf-head-cleaning-solution","11":"product_tag-dtf-maintenance-fluid","12":"product_tag-dtf-printer-cistac","13":"product_tag-preventive-ciscenje-mlaznica-dtf","14":"product_tag-profesionalno-ciscenje-glave-epson","15":"product_tag-tekucina-za-odrzavanje-dtf-print-head","16":"product_tag-tekucina-za-otapanje-bijele-tinte","17":"product_tag-univerzalni-cleaner-epson-i3200","18":"product_shipping_class-dostava-iz-poslovnice","20":"first","21":"instock","22":"sale","23":"taxable","24":"shipping-taxable","25":"purchasable","26":"product-type-simple"},"tiered_pricing_type":"fixed","tiered_pricing_fixed_rules":[],"tiered_pricing_product_settings":{"layout":"default","base_unit_name":{"singular":null,"plural":null},"default_variation":null},"tiered_pricing_minimum_quantity":null,"tiered_pricing_roles_data":[],"tiered_pricing_percentage_rules":[],"tiered_pricing_maximum_quantity":null,"tiered_pricing_quantity_step":null,"_links":{"self":[{"href":"https:\/\/dtfprint.hr\/it\/wp-json\/wp\/v2\/product\/9845","targetHints":{"allow":["GET"]}}],"collection":[{"href":"https:\/\/dtfprint.hr\/it\/wp-json\/wp\/v2\/product"}],"about":[{"href":"https:\/\/dtfprint.hr\/it\/wp-json\/wp\/v2\/types\/product"}],"wp:featuredmedia":[{"embeddable":true,"href":"https:\/\/dtfprint.hr\/it\/wp-json\/wp\/v2\/media\/9846"}],"wp:attachment":[{"href":"https:\/\/dtfprint.hr\/it\/wp-json\/wp\/v2\/media?parent=9845"}],"wp:term":[{"taxonomy":"product_brand","embeddable":true,"href":"https:\/\/dtfprint.hr\/it\/wp-json\/wp\/v2\/product_brand?post=9845"},{"taxonomy":"product_cat","embeddable":true,"href":"https:\/\/dtfprint.hr\/it\/wp-json\/wp\/v2\/product_cat?post=9845"},{"taxonomy":"product_tag","embeddable":true,"href":"https:\/\/dtfprint.hr\/it\/wp-json\/wp\/v2\/product_tag?post=9845"}],"curies":[{"name":"wp","href":"https:\/\/api.w.org\/{rel}","templated":true}]}}