{"id":9840,"date":"2025-06-26T03:15:37","date_gmt":"2025-06-26T01:15:37","guid":{"rendered":"https:\/\/dtfprint.hr\/?post_type=product&#038;p=9840"},"modified":"2025-07-28T03:41:28","modified_gmt":"2025-07-28T01:41:28","slug":"detergente-dtf-3-in-1-liquido-universale-per-la-pulizia-delle-testine-di-stampa-per-stampanti-dtf-e-wet-capping","status":"publish","type":"product","link":"https:\/\/dtfprint.hr\/it\/proizvod\/dtf-cleaner-3-u-1-tekucina-univerzalno-ciscenje-glava-za-dtf-printere-i-wet-capping\/","title":{"rendered":"DTF Cleaner 3 in 1 liquido \u2013 pulizia universale della testina per stampanti DTF e wet capping"},"content":{"rendered":"<h2>Descrizione dettagliata<\/h2>\n<p><strong data-start=\"89\" data-end=\"345\">La soluzione detergente DTF garantisce il funzionamento regolare della stampante DTF, con canali di inchiostro puliti e scorrevoli, garantendo risultati costanti e affidabili. \u00c8 una potente soluzione 3 in 1 per la pulizia, il risciacquo e la copertura a umido delle stampanti DTF o DTF:<\/strong><\/p>\n<ul data-start=\"347\" data-end=\"855\">\n<li data-start=\"347\" data-end=\"540\">\n<p data-start=\"349\" data-end=\"540\"><strong data-start=\"349\" data-end=\"362\">Pulizia:<\/strong> Rimuove efficacemente i residui di inchiostro dalle testine di stampa DTF, dai tubi dell&#039;inchiostro, dalle stazioni di copertura e da altre parti della stampante, previene l&#039;intasamento e mantiene un funzionamento regolare.<\/p>\n<\/li>\n<li data-start=\"541\" data-end=\"685\">\n<p data-start=\"543\" data-end=\"685\"><strong data-start=\"543\" data-end=\"557\">Risciacquo:<\/strong> Pulisce in modo sicuro i canali dell&#039;inchiostro per rimuovere le ostruzioni e garantire un flusso regolare, mantenendo la stampante in condizioni ottimali.<\/p>\n<\/li>\n<li data-start=\"686\" data-end=\"855\">\n<p data-start=\"688\" data-end=\"855\"><strong data-start=\"688\" data-end=\"713\">Copertura umida:<\/strong> Agisce come fluido di umidificazione delle testine di stampa, mantenendole idratate durante i periodi di inattivit\u00e0 o di spegnimento prolungato della stampante, proteggendole dall&#039;essiccazione e dai danni.<\/p>\n<\/li>\n<\/ul>\n<p>DTF Cleaner \u00e8 un liquido ecologico a base d&#039;acqua per la pulizia e la manutenzione delle testine di stampa con tecnologia DTF\/DTG. \u00c8 adatto a un&#039;ampia gamma di modelli, in particolare Epson i3200\/A1, DX5, XP-600, L1800 e simili, e aiuta a sciogliere l&#039;inchiostro secco e a prevenire l&#039;ostruzione degli ugelli. \u00c8 ideale per la manutenzione ordinaria e la pulizia profonda, senza il rischio di danneggiare la testina o le tubazioni.<\/p>\n<p><strong>Utilizzo per spingere attraverso la testa:<\/strong><\/p>\n<ul>\n<li>Indossare i guanti e preparare la siringa e gli accessori.<\/li>\n<li>Collegare la siringa alla testa utilizzando il tubo e l&#039;adattatore.<\/li>\n<li>Iniettare il liquido nella testa finch\u00e9 non esce pulito.<\/li>\n<li>Lasciare agire per 10-15 minuti per una dissoluzione profonda.<\/li>\n<li>Per blocchi pi\u00f9 grandi, puoi usare il nostro <a href=\"https:\/\/dtfprint.hr\/it\/prodotto\/soluzione-detergente-xtreme-dtf\/\"><strong>ESTREMO<\/strong> <\/a>soluzione<\/li>\n<\/ul>\n<p>Per l&#039;immersione della testina di stampa per pi\u00f9 giorni, versare il liquido nella stazione di tappatura e immergere la testina.<\/p>\n<table>\n<thead>\n<tr>\n<th>Caratteristiche<\/th>\n<th>Dettagli<\/th>\n<\/tr>\n<\/thead>\n<tbody>\n<tr>\n<td><strong>Contenuto della confezione<\/strong><\/td>\n<td>bottiglia da 1000 ml<\/td>\n<\/tr>\n<tr>\n<td><strong>Compatibilit\u00e0<\/strong><\/td>\n<td>Epson i3200\/A1, i1600, XP\u2011600, DX5, XP\u2011600, 4720, TX800, L1800, XP\u201115000, R1390, P600, P800, 7880, 7800, P6000, 3880, 3800 e altre testine di stampa DTF\/DTG &quot;a base d&#039;acqua&quot;.<\/td>\n<\/tr>\n<tr>\n<td><strong>Tipo di inchiostro<\/strong><\/td>\n<td>Compatibile con inchiostri pigmentati\/DTF a base d&#039;acqua. Sicuro per inchiostri originali e di ricambio (non aggressivo per altri componenti).<\/td>\n<\/tr>\n<tr>\n<td><strong>Formulazione di base<\/strong><\/td>\n<td>A base d&#039;acqua, privo di solventi nocivi (allergeni, acidi o abrasivi) \u2014 ecologico, non tossico<\/td>\n<\/tr>\n<tr>\n<td><strong>Colore e odore<\/strong><\/td>\n<td>Liquido limpido, inodore<\/td>\n<\/tr>\n<tr>\n<td><strong>Efficienza<\/strong><\/td>\n<td>Dissolve efficacemente l&#039;inchiostro secco e riduce l&#039;intasamento degli ugelli senza danneggiare le testine<\/td>\n<\/tr>\n<tr>\n<td><strong>Opzioni di imballaggio<\/strong><\/td>\n<td>1000 ml<\/td>\n<\/tr>\n<tr>\n<td><strong>Pacchetto aggiuntivo<\/strong><\/td>\n<td>Imballaggio impermeabile con doppio bloccaggio: riduce il rischio di perdite<\/td>\n<\/tr>\n<tr>\n<td><strong>Misure di sicurezza<\/strong><\/td>\n<td>Utilizzare guanti, occhiali di sicurezza, evitare il contatto con i circuiti elettronici. Non utilizzare su testine danneggiate o nuove se non necessario.<\/td>\n<\/tr>\n<\/tbody>\n<\/table>","protected":false},"excerpt":{"rendered":"<p><span class=\"relative -mx-px my-[-0.2rem] rounded px-px py-[0.2rem] transition-colors duration-100 ease-in-out\">Sna\u017ena, ali nje\u017ena teku\u0107ina za \u010di\u0161\u0107enje DTF i DTG glava pisa\u010da. Dizajnirana da otopi i ukloni naslage bijele i pigmentne tinte, sprje\u010dava su\u0161enje mlaznica te produ\u017euje trajnost glave za Epson i3200\/A1 i druge popularne modele (DX5, XP\u2011600, L1800, 4720 i sl.)<\/span><\/p>\n","protected":false},"featured_media":9842,"template":"","meta":{"_seopress_robots_primary_cat":"17","_seopress_titles_title":"DTF Cleaner 3 u 1 teku\u0107ina za DTF\/DTG glave printera","_seopress_titles_desc":"1l teku\u0107ine za \u010di\u0161\u0107enje DTF i DTG glava pisa\u010da. Dizajnirana da otopi i ukloni naslage bijele i pigmentne tinte, sprje\u010dava su\u0161enje mlaznica.","_seopress_robots_index":""},"product_brand":[],"product_cat":[466,17],"product_tag":[457,456,461,465,460,463,462,459,464,458],"class_list":{"0":"post-9840","1":"product","2":"type-product","3":"status-publish","4":"has-post-thumbnail","6":"product_cat-ciscenje-i-odrzavanje-dtf-printera","7":"product_cat-dtf-repromaterijal","8":"product_tag-ciscenje-dtf-glave-pisaca","9":"product_tag-dtf-cleaner-tekucina","10":"product_tag-dtf-head-cleaning-solution","11":"product_tag-dtf-maintenance-fluid","12":"product_tag-dtf-printer-cistac","13":"product_tag-preventive-ciscenje-mlaznica-dtf","14":"product_tag-profesionalno-ciscenje-glave-epson","15":"product_tag-tekucina-za-odrzavanje-dtf-print-head","16":"product_tag-tekucina-za-otapanje-bijele-tinte","17":"product_tag-univerzalni-cleaner-epson-i3200","18":"product_shipping_class-dostava-iz-poslovnice","20":"first","21":"instock","22":"sale","23":"taxable","24":"shipping-taxable","25":"purchasable","26":"product-type-simple"},"tiered_pricing_type":"fixed","tiered_pricing_fixed_rules":[],"tiered_pricing_product_settings":{"layout":"default","base_unit_name":{"singular":null,"plural":null},"default_variation":null},"tiered_pricing_minimum_quantity":null,"tiered_pricing_roles_data":[],"tiered_pricing_percentage_rules":[],"tiered_pricing_maximum_quantity":null,"tiered_pricing_quantity_step":null,"_links":{"self":[{"href":"https:\/\/dtfprint.hr\/it\/wp-json\/wp\/v2\/product\/9840","targetHints":{"allow":["GET"]}}],"collection":[{"href":"https:\/\/dtfprint.hr\/it\/wp-json\/wp\/v2\/product"}],"about":[{"href":"https:\/\/dtfprint.hr\/it\/wp-json\/wp\/v2\/types\/product"}],"wp:featuredmedia":[{"embeddable":true,"href":"https:\/\/dtfprint.hr\/it\/wp-json\/wp\/v2\/media\/9842"}],"wp:attachment":[{"href":"https:\/\/dtfprint.hr\/it\/wp-json\/wp\/v2\/media?parent=9840"}],"wp:term":[{"taxonomy":"product_brand","embeddable":true,"href":"https:\/\/dtfprint.hr\/it\/wp-json\/wp\/v2\/product_brand?post=9840"},{"taxonomy":"product_cat","embeddable":true,"href":"https:\/\/dtfprint.hr\/it\/wp-json\/wp\/v2\/product_cat?post=9840"},{"taxonomy":"product_tag","embeddable":true,"href":"https:\/\/dtfprint.hr\/it\/wp-json\/wp\/v2\/product_tag?post=9840"}],"curies":[{"name":"wp","href":"https:\/\/api.w.org\/{rel}","templated":true}]}}