{"id":8546,"date":"2024-11-18T17:21:03","date_gmt":"2024-11-18T16:21:03","guid":{"rendered":"https:\/\/dtfprint.hr\/?post_type=product&#038;p=8546"},"modified":"2024-11-18T21:44:11","modified_gmt":"2024-11-18T20:44:11","slug":"pressa-termica-pneumatica-con-laser-due-stazioni-pn-pro","status":"publish","type":"product","link":"https:\/\/dtfprint.hr\/it\/proizvod\/pneumatska-termo-presa-sa-laserima-dvije-stanice-pn-pro\/","title":{"rendered":"Pressa termica pneumatica con laser, due stazioni, PN-PRO"},"content":{"rendered":"<p>Pressa termica pneumatica con laser, due stazioni, PN-PRO \u00e8 lo strumento definitivo per i professionisti del settore tessile. \u00c8 appositamente progettato per una precisione e una velocit\u00e0 ottimali durante la stampa su materiali diversi. Adatta per lotti pi\u00f9 grandi e progetti pi\u00f9 impegnativi, questa pressa termica utilizza un meccanismo pneumatico che consente una pressione uniforme.<\/p>\n<p>Pressa termica pneumatica con laser, due stazioni, PN-PRO, combina un solido telaio industriale con componenti elettrici di alta qualit\u00e0. Ci\u00f2 fornisce all&#039;operatore le migliori caratteristiche e attrezzature possibili necessarie per le varie applicazioni di trasferimento di calore di oggi.<\/p>\n<p>Utilizzando una pressa pneumatica a doppia stazione, tutti i comuni processi di trasferimento termico (DTF, floccato, flex, sublimazione, trasferimento, Inkjet-flex, ecc.) possono essere eseguiti in modo professionale e con la massima produttivit\u00e0. Le impostazioni desiderate possono essere facilmente impostate utilizzando il controller della temperatura. La pressione pneumatica pu\u00f2 essere facilmente regolata utilizzando una valvola di riduzione dell&#039;aria. Utilizzando la valvola di restrizione sull&#039;elettrovalvola \u00e8 possibile regolare la velocit\u00e0 di pressatura e sollevamento dell&#039;elemento riscaldante.<\/p>\n<p>Le presse termiche pneumatiche sono ideali per i trasferimenti DTF (Direct to Film) grazie alla loro velocit\u00e0, precisione, pressione uniforme e capacit\u00e0 di regolare il calore. Questi sono fattori chiave per ottenere una stampa di alta qualit\u00e0 sui tessuti. Con il trasferimento DTF, \u00e8 importante garantire una pressione uniforme e una temperatura costante durante tutto il processo di trasferimento, in modo che la pellicola di trasferimento e gli inchiostri aderiscano perfettamente al materiale. Le presse a caldo pneumatiche consentono velocit\u00e0 di pressatura significativamente pi\u00f9 elevate rispetto alle presse a caldo manuali, rendendole estremamente efficienti per DTF e altre tecnologie di trasferimento nel settore della stampa tessile. Con le presse manuali, l&#039;operatore deve premere e regolare manualmente la pressione per ogni pressa, il che \u00e8 faticoso e rallenta il processo. Le presse pneumatiche, al contrario, consentono il funzionamento semiautomatico o completamente automatico, in cui l&#039;operatore posiziona solo il materiale e la pressa esegue tutto il sollevamento pesante. Ci\u00f2 non solo accelera il processo, ma riduce anche l&#039;affaticamento dell&#039;operatore, consentendo un lavoro pi\u00f9 lungo ed efficiente.<\/p>\n<h3>Principali vantaggi delle presse termiche pneumatiche:<\/h3>\n<ul>\n<li><strong>Pressione automatica e costante:<\/strong> Grazie alla tecnologia pneumatica, la pressa applica una pressione uniforme su tutta la superficie, riducendo cos\u00ec il rischio di irregolarit\u00e0 sulle stampe.<\/li>\n<li><strong>Veloce e facile da usare:<\/strong> Con il sollevamento e l&#039;abbassamento automatico della piastra superiore, gli operatori possono posizionare i materiali in modo rapido e semplice, accelerando il processo di produzione.<\/li>\n<li><strong>Adatto per serie pi\u00f9 grandi:<\/strong> Ideale per la produzione di volumi elevati, riducendo la fatica e consentendo cicli di stampa pi\u00f9 rapidi senza perdita di qualit\u00e0.<\/li>\n<li><strong>Temperatura e tempo regolabili:<\/strong> Il display digitale semplifica la regolazione precisa della temperatura e del tempo di stampa per risultati perfetti su diversi tessuti e materiali.<\/li>\n<li><strong>Lunga vita lavorativa:<\/strong> Lavorazione di qualit\u00e0 e materiali affidabili rendono questa macchina da stampa termica un ottimo investimento per tutti gli stampatori professionali.<\/li>\n<\/ul>\n<p><strong>Specifiche:<\/strong><\/p>\n<ul>\n<li>Sistema di equalizzazione della pressione sulle piastre riscaldanti e sul fondo.<\/li>\n<li>Funziona in modalit\u00e0 semiautomatica o manuale.<\/li>\n<li>Pressione dell&#039;aria regolabile tramite valvola di riduzione dell&#039;aria con distributore d&#039;acqua.<\/li>\n<li>Utilizzo sicuro con doppi comandi.<\/li>\n<li>Certificato CE e RoHS.<\/li>\n<li>Supporto online a vita da parte del produttore.<\/li>\n<\/ul>","protected":false},"excerpt":{"rendered":"<p><strong>Pressa termica pneumatica con laser, due stazioni, PN-PRO<\/strong> \u00e8 ideale per i trasferimenti DTF (Direct to Film) grazie alla sua velocit\u00e0, precisione, pressione uniforme e funzionamento automatico. Le presse a caldo pneumatiche consentono velocit\u00e0 di pressatura significativamente pi\u00f9 elevate rispetto alle presse a caldo manuali, rendendole estremamente efficienti per DTF e altre tecnologie di trasferimento nel settore della stampa tessile. Con le presse manuali, l&#039;operatore deve premere e regolare manualmente la pressione per ogni pressa, il che \u00e8 faticoso e rallenta il processo. Le presse pneumatiche, al contrario, consentono il funzionamento semiautomatico o completamente automatico, in cui l&#039;operatore posiziona solo il materiale e la pressa esegue tutto il sollevamento pesante. Ci\u00f2 non solo accelera il processo, ma riduce anche l&#039;affaticamento dell&#039;operatore, consentendo un lavoro pi\u00f9 lungo ed efficiente.<\/p>","protected":false},"featured_media":8574,"template":"","meta":{"_seopress_robots_primary_cat":"none","_seopress_titles_title":"Pneumatska termo pre\u0161a sa laserima, dvije stanice, PN-PRO","_seopress_titles_desc":"Ubrzani proces tiskanja termo preslika\u010da sa pneumatskom termo pre\u0161om, dvije stanice. U\u010dinkovita termo pre\u0161a za DTF preslika\u010de i tisak majica.","_seopress_robots_index":""},"product_brand":[],"product_cat":[397,383,61],"product_tag":[386,389,392,385,393,396,64,387,388,391,65,390,384,394,395],"class_list":{"0":"post-8546","1":"product","2":"type-product","3":"status-publish","4":"has-post-thumbnail","6":"product_cat-industrijske-termo-prese","7":"product_cat-pneumatske_termo_prese","8":"product_cat-termo-prese","9":"product_tag-automatska-termo-presa","10":"product_tag-dtf-termo-presa","11":"product_tag-pegla-za-majice","12":"product_tag-pneumatska-termo-presa","13":"product_tag-presa-sa-dva-radnja-mjesta","14":"product_tag-profesionalna-termo-presa","15":"product_tag-termo-presa","16":"product_tag-termo-presa-dvije-stanice","17":"product_tag-termo-presa-sa-laserima","18":"product_tag-termo-presa-za-dtf-preslikace","19":"product_tag-termo-presa-za-majice","20":"product_tag-termo-presa-za-preslikace","21":"product_tag-termo-presa-za-sublimaciju","22":"product_tag-termo-prese-za-tekstil","23":"product_tag-termo-transfer-presa","24":"product_shipping_class-teza-dostava","26":"first","27":"onbackorder","28":"sale","29":"taxable","30":"shipping-taxable","31":"purchasable","32":"product-type-simple"},"tiered_pricing_type":"fixed","tiered_pricing_fixed_rules":[],"tiered_pricing_product_settings":{"layout":"default","base_unit_name":{"singular":null,"plural":null},"default_variation":null},"tiered_pricing_minimum_quantity":null,"tiered_pricing_roles_data":[],"tiered_pricing_percentage_rules":[],"tiered_pricing_maximum_quantity":null,"tiered_pricing_quantity_step":null,"_links":{"self":[{"href":"https:\/\/dtfprint.hr\/it\/wp-json\/wp\/v2\/product\/8546","targetHints":{"allow":["GET"]}}],"collection":[{"href":"https:\/\/dtfprint.hr\/it\/wp-json\/wp\/v2\/product"}],"about":[{"href":"https:\/\/dtfprint.hr\/it\/wp-json\/wp\/v2\/types\/product"}],"wp:featuredmedia":[{"embeddable":true,"href":"https:\/\/dtfprint.hr\/it\/wp-json\/wp\/v2\/media\/8574"}],"wp:attachment":[{"href":"https:\/\/dtfprint.hr\/it\/wp-json\/wp\/v2\/media?parent=8546"}],"wp:term":[{"taxonomy":"product_brand","embeddable":true,"href":"https:\/\/dtfprint.hr\/it\/wp-json\/wp\/v2\/product_brand?post=8546"},{"taxonomy":"product_cat","embeddable":true,"href":"https:\/\/dtfprint.hr\/it\/wp-json\/wp\/v2\/product_cat?post=8546"},{"taxonomy":"product_tag","embeddable":true,"href":"https:\/\/dtfprint.hr\/it\/wp-json\/wp\/v2\/product_tag?post=8546"}],"curies":[{"name":"wp","href":"https:\/\/api.w.org\/{rel}","templated":true}]}}