{"id":8502,"date":"2024-11-13T21:56:05","date_gmt":"2024-11-13T20:56:05","guid":{"rendered":"https:\/\/dtfprint.hr\/?post_type=product&#038;p=8502"},"modified":"2024-11-13T22:34:01","modified_gmt":"2024-11-13T21:34:01","slug":"pressa-termica-stahls-hotronix-fusion-per-magliette-piastra-40x50cm-1800w","status":"publish","type":"product","link":"https:\/\/dtfprint.hr\/it\/proizvod\/stahls-hotronix-fusion-termo-presa-za-majice-ploca-40x50cm-1800w\/","title":{"rendered":"Stahls Hotronix\u00ae Fusion \u2013 Termopressa per magliette, piastra 40x50 cm, 1800 W"},"content":{"rendered":"<p><strong>Stahls Hotronix\u00ae Fusion<\/strong> pressa termica per magliette con piastra dimensionale <strong>40\u00d750 centimetri<\/strong> e con una potenza di 1800 W, \u00e8 la scelta ideale per chi necessita di una macchina affidabile e veloce per grandi tirature. Dotato dell&#039;innovativa tecnologia Fusion IQ, consente <strong>doppia modalit\u00e0 di funzionamento: girevole ed estraibile<\/strong>e semplice connessione Wi-Fi per il controllo tramite portale Internet. Con un touch screen avanzato, opzioni personalizzate di pressione e temperatura e funzionalit\u00e0 di sincronizzazione integrate, Fusion IQ offre efficienza, precisione e affidabilit\u00e0 superiori per i professionisti del trasferimento termico.<\/p>\n<p>La termopressa per magliette Stahls Hotronix\u00ae Fusion, pannello 40x50 cm e potenza 1800 W, \u00e8 una delle pi\u00f9 moderne termopresse progettata per l&#039;uso professionale in grandi quantit\u00e0. Questo dispositivo combina le funzionalit\u00e0 di oscillazione e trazione, che migliorano significativamente la sicurezza e l&#039;efficienza nell&#039;ambiente di lavoro, consentendo ai lavoratori un accesso pi\u00f9 comodo e preciso.<\/p>\n<p>La tecnologia Fusion IQ consente il controllo remoto e il monitoraggio dei parametri del dispositivo tramite connessione Wi-Fi, il che significa che la pressa termica pu\u00f2 essere controllata da qualsiasi luogo tramite il portale Internet iq.hotronix.com. Attraverso il portale, gli utenti possono facilmente regolare le impostazioni, accendere il dispositivo a una determinata ora, salvare le impostazioni con sette giorni di anticipo, nonch\u00e9 monitorare statistiche e report operativi come il numero totale di applicazioni, la durata del ciclo e il tempo di attivit\u00e0 e uso inattivo.<\/p>\n<p>Questo modello di pressa termica \u00e8 dotato di uno schermo sensibile al tocco che consente una regolazione semplice e intuitiva di temperatura, pressione e tempo di applicazione. Con l&#039;avanzato controller Fusion IQ, tutti i parametri chiave come temperatura, tempo e pressione vengono visualizzati in tempo reale, contribuendo a risultati accurati e coerenti. Inoltre, la pressa dispone di un&#039;opzione di cambio rapido delle piastre, che consente di sostituire la piastra standard con piastre di diverse dimensioni e forme per adattarsi alle esigenze specifiche dell&#039;utente.<\/p>\n<p>La macchina \u00e8 costituita da un robusto telaio in alluminio resistente alla corrosione e gli elementi riscaldanti sono coperti da una garanzia fino a 30 anni. La combinazione di durata, tecnologia avanzata e facilit\u00e0 d&#039;uso rende la termopressa Stahls Hotronix\u00ae Fusion la scelta ideale per i professionisti che richiedono la massima affidabilit\u00e0 e precisione nella loro produzione.<\/p>\n<p><strong>Specifiche:<\/strong><\/p>\n<ul>\n<li><strong>Forza:<\/strong>\u00a01800 W<\/li>\n<li><strong>voltaggio:<\/strong>\u00a0120 V\/15 A o 220 V\/8 A<\/li>\n<li><strong>Dimensioni della piastra riscaldante:<\/strong>\u00a040 cm x 50 cm (16&quot; x 20&quot;)<\/li>\n<li><strong>Dimensioni di trasporto:<\/strong>\u00a094 cm (L) x 63,5 cm (L) x 61 cm (A)<\/li>\n<li><strong>Peso:<\/strong>\u00a068 chilogrammi<\/li>\n<li><strong>Modalit\u00e0 di funzionamento:<\/strong>\u00a0Modalit\u00e0 di funzionamento girevole ed estraibile<\/li>\n<li><strong>Schermo:<\/strong>\u00a0Touch screen (multi-touch) con un&#039;interfaccia utente semplice<\/li>\n<li><strong>Connettivit\u00e0 Wi-Fi:<\/strong>\u00a0S\u00ec, sincronizzazione con un computer tramite il portale iq.hotronix.com<\/li>\n<li><strong>Calibrazione:<\/strong>\u00a0Calibrazione digitale di temperatura e pressione<\/li>\n<li><strong>Memoria:<\/strong>\u00a0Possibilit\u00e0 di salvare diverse impostazioni con una settimana di anticipo<\/li>\n<li><strong>Pannelli modificabili:<\/strong>\u00a0Cambio formato rapido con possibilit\u00e0 di utilizzare pannelli di dimensioni e forme diverse<\/li>\n<li><strong>Certificati:<\/strong>\u00a0Conformit\u00e0 UL, ULC, CE, RoHS<\/li>\n<li><strong>Garanzie:<\/strong>\u00a030 anni sugli elementi riscaldanti, 5 anni sul telaio, 2 anni sull&#039;elettronica<\/li>\n<li><strong>Temperatura massima:<\/strong>\u00a0220\u00b0C<\/li>\n<li><strong>Pressione:<\/strong>\u00a0Fino a 120 PSI per applicazioni impegnative<\/li>\n<li><strong>Progettazione avanzata:<\/strong>\u00a0Pressa termica con possibilit\u00e0 di lavorare senza carico termico nella zona di lavoro<\/li>\n<li><strong>Adatto per:<\/strong>\u00a0Stampanti DTG (prima del trattamento e dopo il fissaggio)<\/li>\n<li><strong>Prodotto in:<\/strong>\u00a0U.S.A.<\/li>\n<\/ul>","protected":false},"excerpt":{"rendered":"<p><strong>Stahls Hotronix\u00ae Fusion<\/strong> la termopressa con l&#039;innovativa tecnologia Fusion IQ lo rende possibile <strong>doppia modalit\u00e0 di funzionamento: girevole ed estraibile<\/strong>e una facile connessione Wi-Fi.<\/p>","protected":false},"featured_media":8503,"template":"","meta":{"_seopress_robots_primary_cat":"none","_seopress_titles_title":"Stahls Hotronix\u00ae Fusion- Termo pre\u0161a za majice, plo\u010da 40x50cm, 1800W","_seopress_titles_desc":"Stahls Hotronix\u00ae Fusion termo pre\u0161a s inovativnom Fusion IQ tehnologijom, omogu\u0107ava dvostruki na\u010din rada \u2013 zakretni i na izvla\u010denje.","_seopress_robots_index":""},"product_brand":[],"product_cat":[89,61],"product_tag":[380,90,86,64,65],"class_list":{"0":"post-8502","1":"product","2":"type-product","3":"status-publish","4":"has-post-thumbnail","6":"product_cat-stahls","7":"product_cat-termo-prese","8":"product_tag-fusion","9":"product_tag-hotronix","10":"product_tag-stahls","11":"product_tag-termo-presa","12":"product_tag-termo-presa-za-majice","13":"product_shipping_class-teza-dostava","15":"first","16":"onbackorder","17":"sale","18":"taxable","19":"shipping-taxable","20":"purchasable","21":"product-type-simple"},"tiered_pricing_type":"fixed","tiered_pricing_fixed_rules":[],"tiered_pricing_product_settings":{"layout":"default","base_unit_name":{"singular":null,"plural":null},"default_variation":null},"tiered_pricing_minimum_quantity":null,"tiered_pricing_roles_data":[],"tiered_pricing_percentage_rules":[],"tiered_pricing_maximum_quantity":null,"tiered_pricing_quantity_step":null,"_links":{"self":[{"href":"https:\/\/dtfprint.hr\/it\/wp-json\/wp\/v2\/product\/8502","targetHints":{"allow":["GET"]}}],"collection":[{"href":"https:\/\/dtfprint.hr\/it\/wp-json\/wp\/v2\/product"}],"about":[{"href":"https:\/\/dtfprint.hr\/it\/wp-json\/wp\/v2\/types\/product"}],"wp:featuredmedia":[{"embeddable":true,"href":"https:\/\/dtfprint.hr\/it\/wp-json\/wp\/v2\/media\/8503"}],"wp:attachment":[{"href":"https:\/\/dtfprint.hr\/it\/wp-json\/wp\/v2\/media?parent=8502"}],"wp:term":[{"taxonomy":"product_brand","embeddable":true,"href":"https:\/\/dtfprint.hr\/it\/wp-json\/wp\/v2\/product_brand?post=8502"},{"taxonomy":"product_cat","embeddable":true,"href":"https:\/\/dtfprint.hr\/it\/wp-json\/wp\/v2\/product_cat?post=8502"},{"taxonomy":"product_tag","embeddable":true,"href":"https:\/\/dtfprint.hr\/it\/wp-json\/wp\/v2\/product_tag?post=8502"}],"curies":[{"name":"wp","href":"https:\/\/api.w.org\/{rel}","templated":true}]}}