{"id":660,"date":"2024-10-17T04:01:30","date_gmt":"2024-10-17T02:01:30","guid":{"rendered":"https:\/\/dtfprint.hr\/?post_type=product&#038;p=660"},"modified":"2024-10-20T03:57:07","modified_gmt":"2024-10-20T01:57:07","slug":"pressa-termica-compatta-cricut-easypress-3-22-5-cm-x-22-5-cm-205c-bluetooth","status":"publish","type":"product","link":"https:\/\/dtfprint.hr\/it\/proizvod\/cricut-easypress-3-kompaktna-termo-presa-22-5cm-x-22-5cm-205c-bluetooth\/","title":{"rendered":"Cricut EasyPress 3, pressa a caldo compatta 22,5 x 22,5 cm, 205\u00b0C, Bluetooth\u00ae"},"content":{"rendered":"<div class=\"flex-shrink-0 flex flex-col relative items-end\">\n<div>\n<div class=\"pt-0\">\n<div class=\"gizmo-bot-avatar flex h-8 w-8 items-center justify-center overflow-hidden rounded-full\">\n<div class=\"relative p-1 rounded-sm flex items-center justify-center bg-token-main-surface-primary text-token-text-primary h-8 w-8\">Predstavljamo Cricut EasyPress\u00ae 3. Brzina termo pre\u0161e i prakti\u010dnost gla\u010dala, sada uz pametnu Cricut Heat\u2122 aplikaciju. Cricut EasyPress 3, najpopularnija termo pre\u0161a na svijetu, sada je pametnija nego ikad s ugra\u0111enom Bluetooth tehnologijom. Ima naprednu kerami\u010dku plo\u010du za grijanje koja pru\u017ea ravnomjernu, rub do ruba toplinu (205 \u00baC). Jednostavno se pove\u017eite s Cricut Heat aplikacijom kako biste poslali precizne postavke vremena i temperature te pratite upute korak po korak za svaki projekt. U\u017eivajte u bezbri\u017enom iskustvu pre\u0161anja s izoliranom sigurnosnom bazom \u2014 pre\u0161a se \u010dak automatski isklju\u010duje nakon neaktivnosti. Lagan i jednostavan za pohranu, Cricut EasyPress 3 omogu\u0107ava da u svakom trenutku zapo\u010dnete s pre\u0161anjem.<\/div>\n<\/div>\n<\/div>\n<\/div>\n<\/div>\n<div class=\"group\/conversation-turn relative flex w-full min-w-0 flex-col agent-turn\">\n<div class=\"flex-col gap-1 md:gap-3\">\n<div class=\"flex max-w-full flex-col flex-grow\">\n<div class=\"min-h-8 text-message flex w-full flex-col items-end gap-2 whitespace-normal break-words [.text-message+&amp;]:mt-5\" dir=\"auto\" data-message-author-role=\"assistant\" data-message-id=\"ea9c8832-1593-465b-a6a9-d2d4740d71e6\" data-message-model-slug=\"gpt-4o\">\n<div class=\"flex w-full flex-col gap-1 empty:hidden first:pt-[3px]\">\n<div class=\"markdown prose w-full break-words dark:prose-invert light\">\n<p><strong>Specifikacije:<\/strong><\/p>\n<ul>\n<li>Dimenzije grija\u010de povr\u0161ine: 22.5 cm x 22.5 cm<\/li>\n<li>Mogu\u0107nost pre\u0161anja ve\u0107ih preslika\u010da uz pomicanje<\/li>\n<li>Kerami\u010dka grija\u010da plo\u010da<\/li>\n<li>Bluetooth povezivost (Android i iOS)<\/li>\n<li>Maksimalna temperatura: 205 \u00baC<\/li>\n<li>Podr\u017eava DTF preslika\u010de, sitopreslika\u010de, HTV folije<\/li>\n<\/ul>\n<p>Idealno za DIY i hobiste. Uz kompaktne dimenzije &#8211; pre\u0161u jednostavno odlo\u017eite i spremite.<\/p>\n<\/div>\n<\/div>\n<\/div>\n<\/div>\n<\/div>\n<\/div>\n","protected":false},"excerpt":{"rendered":"<p>La velocit\u00e0 di una termopressa e la comodit\u00e0 di un ferro da stiro tutto in uno, ora con l&#039;app intelligente Cricut Heat\u2122. Ideale per i progetti urgenti di tutti i giorni.<\/p>","protected":false},"featured_media":663,"template":"","meta":{"_seopress_robots_primary_cat":"none","_seopress_titles_title":"","_seopress_titles_desc":"","_seopress_robots_index":""},"product_brand":[],"product_cat":[61],"product_tag":[62,63,64,65],"class_list":{"0":"post-660","1":"product","2":"type-product","3":"status-publish","4":"has-post-thumbnail","6":"product_cat-termo-prese","7":"product_tag-cricut","8":"product_tag-easypress-3","9":"product_tag-termo-presa","10":"product_tag-termo-presa-za-majice","11":"product_shipping_class-dostava-iz-poslovnice","13":"first","14":"outofstock","15":"sale","16":"taxable","17":"shipping-taxable","18":"purchasable","19":"product-type-simple"},"tiered_pricing_type":"fixed","tiered_pricing_fixed_rules":[],"tiered_pricing_product_settings":{"layout":"default","base_unit_name":{"singular":null,"plural":null},"default_variation":null},"tiered_pricing_minimum_quantity":null,"tiered_pricing_roles_data":[],"tiered_pricing_percentage_rules":[],"tiered_pricing_maximum_quantity":null,"tiered_pricing_quantity_step":null,"_links":{"self":[{"href":"https:\/\/dtfprint.hr\/it\/wp-json\/wp\/v2\/product\/660","targetHints":{"allow":["GET"]}}],"collection":[{"href":"https:\/\/dtfprint.hr\/it\/wp-json\/wp\/v2\/product"}],"about":[{"href":"https:\/\/dtfprint.hr\/it\/wp-json\/wp\/v2\/types\/product"}],"wp:featuredmedia":[{"embeddable":true,"href":"https:\/\/dtfprint.hr\/it\/wp-json\/wp\/v2\/media\/663"}],"wp:attachment":[{"href":"https:\/\/dtfprint.hr\/it\/wp-json\/wp\/v2\/media?parent=660"}],"wp:term":[{"taxonomy":"product_brand","embeddable":true,"href":"https:\/\/dtfprint.hr\/it\/wp-json\/wp\/v2\/product_brand?post=660"},{"taxonomy":"product_cat","embeddable":true,"href":"https:\/\/dtfprint.hr\/it\/wp-json\/wp\/v2\/product_cat?post=660"},{"taxonomy":"product_tag","embeddable":true,"href":"https:\/\/dtfprint.hr\/it\/wp-json\/wp\/v2\/product_tag?post=660"}],"curies":[{"name":"wp","href":"https:\/\/api.w.org\/{rel}","templated":true}]}}