{"id":515,"date":"2024-09-27T02:43:01","date_gmt":"2024-09-27T00:43:01","guid":{"rendered":"https:\/\/dtfprint.hr\/?post_type=product&#038;p=515"},"modified":"2025-11-28T22:27:35","modified_gmt":"2025-11-28T21:27:35","slug":"intllab-ms500-miscelatore-magnetico-per-vernice-dtf-3000ml","status":"publish","type":"product","link":"https:\/\/dtfprint.hr\/it\/proizvod\/intllab-ms500-magnetska-mjesalica-za-dtf-boju-3000ml\/","title":{"rendered":"Miscelatore magnetico INTLLAB MS500 per vernice DTF, 3000 ml"},"content":{"rendered":"<p>Il miscelatore magnetico INTLLAB MS500 \u00e8 ideale per miscelare vernici DTF, capacit\u00e0 fino a 3000 ml, con velocit\u00e0 di rotazione regolabile per una miscelazione ottimale. Alimentata da un adattatore da 12 V, \u00e8 dotata di carosello magnetico e garantisce una distribuzione uniforme del pigmento, soprattutto del bianco, per risultati di stampa superiori. Si consiglia di utilizzare la presa intelligente per far funzionare il dispositivo per 30 minuti prima di iniziare a stampare per una miscelazione dei colori ottimale. Viene fornito con una garanzia di 6 mesi.<\/p>","protected":false},"excerpt":{"rendered":"<p>Il miscelatore magnetico INTLLAB MS500 \u00e8 ideale per miscelare vernici DTF, capacit\u00e0 fino a 3000 ml, con velocit\u00e0 di rotazione regolabile per una miscelazione ottimale.<\/p>","protected":false},"featured_media":518,"template":"","meta":{"_seopress_robots_primary_cat":"none","_seopress_titles_title":"","_seopress_titles_desc":"","_seopress_robots_index":""},"product_brand":[],"product_cat":[35],"product_tag":[58],"class_list":{"0":"post-515","1":"product","2":"type-product","3":"status-publish","4":"has-post-thumbnail","6":"product_cat-oprema-za-radionu","7":"product_tag-magnetska-mjesalica","8":"product_shipping_class-dostava-iz-poslovnice","10":"first","11":"instock","12":"sale","13":"taxable","14":"shipping-taxable","15":"purchasable","16":"product-type-simple"},"tiered_pricing_type":"fixed","tiered_pricing_fixed_rules":[],"tiered_pricing_product_settings":{"layout":"default","base_unit_name":{"singular":null,"plural":null},"default_variation":null},"tiered_pricing_minimum_quantity":null,"tiered_pricing_roles_data":[],"tiered_pricing_percentage_rules":[],"tiered_pricing_maximum_quantity":null,"tiered_pricing_quantity_step":null,"_links":{"self":[{"href":"https:\/\/dtfprint.hr\/it\/wp-json\/wp\/v2\/product\/515","targetHints":{"allow":["GET"]}}],"collection":[{"href":"https:\/\/dtfprint.hr\/it\/wp-json\/wp\/v2\/product"}],"about":[{"href":"https:\/\/dtfprint.hr\/it\/wp-json\/wp\/v2\/types\/product"}],"wp:featuredmedia":[{"embeddable":true,"href":"https:\/\/dtfprint.hr\/it\/wp-json\/wp\/v2\/media\/518"}],"wp:attachment":[{"href":"https:\/\/dtfprint.hr\/it\/wp-json\/wp\/v2\/media?parent=515"}],"wp:term":[{"taxonomy":"product_brand","embeddable":true,"href":"https:\/\/dtfprint.hr\/it\/wp-json\/wp\/v2\/product_brand?post=515"},{"taxonomy":"product_cat","embeddable":true,"href":"https:\/\/dtfprint.hr\/it\/wp-json\/wp\/v2\/product_cat?post=515"},{"taxonomy":"product_tag","embeddable":true,"href":"https:\/\/dtfprint.hr\/it\/wp-json\/wp\/v2\/product_tag?post=515"}],"curies":[{"name":"wp","href":"https:\/\/api.w.org\/{rel}","templated":true}]}}