{"id":179,"date":"2024-09-09T02:48:04","date_gmt":"2024-09-09T00:48:04","guid":{"rendered":"https:\/\/dtfprint.hr\/shop\/?post_type=product&#038;p=179"},"modified":"2025-07-29T02:32:51","modified_gmt":"2025-07-29T00:32:51","slug":"colla-hot-melt-scoppiabile-per-film-dtf-1kg","status":"publish","type":"product","link":"https:\/\/dtfprint.hr\/it\/proizvod\/hot-melt-praskasto-ljepilo-za-dtf-filmove-1kg\/","title":{"rendered":"Adesivo in polvere HOT MELT per film DTF, 1 kg, granulazione media"},"content":{"rendered":"<p>Adesivo in polvere HOT MELT per film DTF, a granulometria media. Pu\u00f2 essere utilizzato su molti tipi di tessuti, garantendo elasticit\u00e0 e copertura totale. Grazie alla sua formula avanzata, mantiene la morbidezza dell&#039;applicazione al tatto.<\/p>\n<p>Se conservata come indicato, la polvere non indurisce e si applica uniformemente sulla pellicola, garantendo uniformit\u00e0 e un&#039;applicazione senza soluzione di continuit\u00e0. Un altro vantaggio di questa polvere adesiva \u00e8 l&#039;ottimo punto di fusione a basse temperature di 120\u00b0C con tempi di lavorazione ridotti. Queste propriet\u00e0 lo rendono ideale per la resistenza ai lavaggi e l&#039;adesione a lungo termine ai vestiti.<\/p>\n<p><strong>SPECIFICHE<\/strong><\/p>\n<ul>\n<li>Componenti: TPU 100%<\/li>\n<li>Dimensione dei granuli: 80-200 \u03bcm<\/li>\n<li>Colore: bianco<\/li>\n<li>Tempo di fusione: da 60 secondi<\/li>\n<li>Capacit\u00e0 di allungamento prima della fessurazione: 650%<\/li>\n<\/ul>\n<p><strong>APPLICAZIONE DEL COPYRIGHT<\/strong><\/p>\n<ul>\n<li>Temperatura di pressatura: 140\u00b0C<\/li>\n<li>Tempo di applicazione: 10 secondi<\/li>\n<li>Rimozione della pellicola: a caldo<\/li>\n<li>Pressione: media<\/li>\n<li><strong>Ulteriori consigli:<\/strong> Per aumentare l&#039;adesione su materiali impegnativi, premere nuovamente alla stessa temperatura per altri 5 secondi.<\/li>\n<\/ul>\n<p><strong>RESISTENZA AI LAVAGGI<\/strong><\/p>\n<ul>\n<li>Temperatura massima: 40\u00b0C\/105\u00b0F<\/li>\n<li>Lavare i vestiti al rovescio<\/li>\n<li>Asciugatrice: ciclo delicato<\/li>\n<li>Non utilizzare candeggina e\/o altri prodotti chimici.<\/li>\n<\/ul>\n<p><strong>TESSUTI<\/strong> Adatto per tessuti di cotone, sintetici, misti ed elastici. Non adatto per tessuti impregnati e stampati a sublimazione o tinti.<\/p>\n<p><strong>ISTRUZIONI<\/strong><\/p>\n<ol>\n<li>Distribuire la polvere manualmente o utilizzando una stenditrice automatica sul film DTF appena stampato.<\/li>\n<li>Sciogliere la polvere in un tunnel di essiccazione a 120\u00b0C per 60 secondi fino a completa essiccazione.<\/li>\n<li>Una volta asciutta, la colla dovrebbe apparire lucida, gommosa e avere la consistenza di una buccia d&#039;arancia.<\/li>\n<li>Agitare la pellicola per rimuovere la polvere in eccesso.<\/li>\n<\/ol>\n<p><strong>MAGAZZINAGGIO<\/strong> La polvere fusibile per film DTF viene fornita in sacchi da 1 kg ermeticamente chiusi per preservarne le propriet\u00e0 chimiche. Si consiglia di utilizzare una confezione alla volta. Aprire e utilizzare ciascuna busta prima di aprirne una nuova per evitare che l&#039;umidit\u00e0 influenzi le prestazioni del prodotto. Le polveri TPU sono particolarmente sensibili all&#039;umidit\u00e0, pertanto si consiglia di conservare il prodotto ad umidit\u00e0 controllata (tra 40% e 60%). Richiudere sempre le polveri in un sacchetto ermetico dopo l&#039;uso. Conservare lontano da fonti dirette di umidit\u00e0, calore e radiazioni UV. Conservare la polvere a temperatura controllata (15-35\u00b0C).<\/p>","protected":false},"excerpt":{"rendered":"<p>L&#039;adesivo in polvere HOT MELT per film DTF fornisce elasticit\u00e0, eccellente copertura e adesione duratura su una variet\u00e0 di tessuti, con un basso punto di fusione, tempi di lavorazione rapidi e resistenza al lavaggio.<\/p>","protected":false},"featured_media":182,"template":"","meta":{"_seopress_robots_primary_cat":"none","_seopress_titles_title":"","_seopress_titles_desc":"","_seopress_robots_index":""},"product_brand":[],"product_cat":[38],"product_tag":[39,42,40,41],"class_list":{"0":"post-179","1":"product","2":"type-product","3":"status-publish","4":"has-post-thumbnail","6":"product_cat-ljepila-za-dtf-preslikace","7":"product_tag-dtf-melt","8":"product_tag-hot-melt","9":"product_tag-ljepilo","10":"product_tag-prah","11":"product_shipping_class-dostava-iz-poslovnice","13":"first","14":"instock","15":"sale","16":"taxable","17":"shipping-taxable","18":"purchasable","19":"product-type-simple"},"tiered_pricing_type":"fixed","tiered_pricing_fixed_rules":{"10":15.9,"100":12.9},"tiered_pricing_product_settings":{"layout":"default","base_unit_name":{"singular":null,"plural":null},"default_variation":null},"tiered_pricing_minimum_quantity":null,"tiered_pricing_roles_data":[],"tiered_pricing_percentage_rules":[],"tiered_pricing_maximum_quantity":null,"tiered_pricing_quantity_step":null,"_links":{"self":[{"href":"https:\/\/dtfprint.hr\/it\/wp-json\/wp\/v2\/product\/179","targetHints":{"allow":["GET"]}}],"collection":[{"href":"https:\/\/dtfprint.hr\/it\/wp-json\/wp\/v2\/product"}],"about":[{"href":"https:\/\/dtfprint.hr\/it\/wp-json\/wp\/v2\/types\/product"}],"wp:featuredmedia":[{"embeddable":true,"href":"https:\/\/dtfprint.hr\/it\/wp-json\/wp\/v2\/media\/182"}],"wp:attachment":[{"href":"https:\/\/dtfprint.hr\/it\/wp-json\/wp\/v2\/media?parent=179"}],"wp:term":[{"taxonomy":"product_brand","embeddable":true,"href":"https:\/\/dtfprint.hr\/it\/wp-json\/wp\/v2\/product_brand?post=179"},{"taxonomy":"product_cat","embeddable":true,"href":"https:\/\/dtfprint.hr\/it\/wp-json\/wp\/v2\/product_cat?post=179"},{"taxonomy":"product_tag","embeddable":true,"href":"https:\/\/dtfprint.hr\/it\/wp-json\/wp\/v2\/product_tag?post=179"}],"curies":[{"name":"wp","href":"https:\/\/api.w.org\/{rel}","templated":true}]}}