{"id":10921,"date":"2025-10-29T05:51:28","date_gmt":"2025-10-29T04:51:28","guid":{"rendered":"https:\/\/dtfprint.hr\/proizvod\/secabo-tm5-termo-presa-za-salice\/"},"modified":"2025-11-04T09:50:55","modified_gmt":"2025-11-04T08:50:55","slug":"pressa-termica-secabo-tm5-per-tazze","status":"publish","type":"product","link":"https:\/\/dtfprint.hr\/it\/proizvod\/secabo-tm5-termo-presa-za-salice\/","title":{"rendered":"Termopressa Secabo TM5 per tazze"},"content":{"rendered":"<p>Con la pressa per tazze TM5 di Secabo, gli ordini possono essere elaborati pi\u00f9 rapidamente. Pu\u00f2 trasferire fino a 5 tazze contemporaneamente, grazie a 5 elementi riscaldanti controllati individualmente. Questo rende la TM5 ideale per trasferimenti a sublimazione efficienti su tazze in ceramica e oggetti simili, soprattutto per tirature pi\u00f9 grandi o produzioni pi\u00f9 elevate. I controller digitali controllano la temperatura e il tempo degli elementi riscaldanti in modo preciso e affidabile. La pressione di contatto pu\u00f2 essere facilmente regolata tramite il volantino. La macchina viene fornita con 5 manicotti per tazze da 325 ml, pi\u00f9 un manicotto di ricambio gratuito. Un riscaldatore aggiuntivo per tazze di piccole dimensioni \u00e8 disponibile come optional. Il nostro consiglio: accendere i singoli elementi riscaldanti solo per l&#039;uso effettivo, poich\u00e9 ci\u00f2 protegge gli elementi riscaldanti e consente di risparmiare energia.<\/p>","protected":false},"excerpt":{"rendered":"<p>Con la pressa per tazze TM5 di Secabo, gli ordini possono essere elaborati pi\u00f9 rapidamente. Pu\u00f2 trasferire fino a 5 tazze alla volta, grazie a 5 elementi riscaldanti controllati individualmente.<\/p>","protected":false},"featured_media":10918,"template":"","meta":{"_seopress_robots_primary_cat":"none","_seopress_titles_title":"","_seopress_titles_desc":"","_seopress_robots_index":""},"product_brand":[],"product_cat":[486],"product_tag":[73,487,64,65],"class_list":{"0":"post-10921","1":"product","2":"type-product","3":"status-publish","4":"has-post-thumbnail","6":"product_cat-secabo","7":"product_tag-secabo","8":"product_tag-secabo-heat-press","9":"product_tag-termo-presa","10":"product_tag-termo-presa-za-majice","12":"first","13":"outofstock","14":"sale","15":"taxable","16":"shipping-taxable","17":"purchasable","18":"product-type-simple"},"tiered_pricing_type":"fixed","tiered_pricing_fixed_rules":[],"tiered_pricing_product_settings":{"layout":"default","base_unit_name":{"singular":null,"plural":null},"default_variation":null},"tiered_pricing_minimum_quantity":null,"tiered_pricing_roles_data":[],"tiered_pricing_percentage_rules":[],"tiered_pricing_maximum_quantity":null,"tiered_pricing_quantity_step":null,"_links":{"self":[{"href":"https:\/\/dtfprint.hr\/it\/wp-json\/wp\/v2\/product\/10921","targetHints":{"allow":["GET"]}}],"collection":[{"href":"https:\/\/dtfprint.hr\/it\/wp-json\/wp\/v2\/product"}],"about":[{"href":"https:\/\/dtfprint.hr\/it\/wp-json\/wp\/v2\/types\/product"}],"wp:featuredmedia":[{"embeddable":true,"href":"https:\/\/dtfprint.hr\/it\/wp-json\/wp\/v2\/media\/10918"}],"wp:attachment":[{"href":"https:\/\/dtfprint.hr\/it\/wp-json\/wp\/v2\/media?parent=10921"}],"wp:term":[{"taxonomy":"product_brand","embeddable":true,"href":"https:\/\/dtfprint.hr\/it\/wp-json\/wp\/v2\/product_brand?post=10921"},{"taxonomy":"product_cat","embeddable":true,"href":"https:\/\/dtfprint.hr\/it\/wp-json\/wp\/v2\/product_cat?post=10921"},{"taxonomy":"product_tag","embeddable":true,"href":"https:\/\/dtfprint.hr\/it\/wp-json\/wp\/v2\/product_tag?post=10921"}],"curies":[{"name":"wp","href":"https:\/\/api.w.org\/{rel}","templated":true}]}}