{"id":10911,"date":"2025-10-29T05:50:52","date_gmt":"2025-10-29T04:50:52","guid":{"rendered":"https:\/\/dtfprint.hr\/proizvod\/secabo-tm1-termo-presa-za-salice\/"},"modified":"2025-11-04T09:50:54","modified_gmt":"2025-11-04T08:50:54","slug":"pressa-termica-secabo-tm1-per-tazze","status":"publish","type":"product","link":"https:\/\/dtfprint.hr\/it\/proizvod\/secabo-tm1-termo-presa-za-salice\/","title":{"rendered":"Termopressa Secabo TM1 per tazze"},"content":{"rendered":"<p>La pressa per tazze Secabo TM1 \u00e8 ideale per la pratica esecuzione di trasferimenti a sublimazione su tazze in ceramica e oggetti simili. La pressa termica Secabo TM1 \u00e8 adatta sia ai principianti che agli utenti professionisti ed \u00e8 veloce e sicura da usare grazie al controllo digitale. La pressione di contatto pu\u00f2 essere facilmente regolata tramite il volantino. Sono disponibili opzionalmente tre diversi elementi riscaldanti, anche in versione conica. La pressa per tazze Secabo TM1 \u00e8 dotata di un manicotto riscaldante per tazze con un diametro di 75-90 mm (gli elementi riscaldanti sono parti soggette a usura). Si consiglia inoltre di accendere la pressa per tazze solo per l&#039;uso effettivo e di non riscaldarla in modo continuo.<\/p>","protected":false},"excerpt":{"rendered":"<p>La pressa per tazze Secabo TM1 \u00e8 ideale per la pratica esecuzione di trasferimenti a sublimazione su tazze in ceramica e oggetti simili. La pressa termica Secabo TM1 \u00e8 adatta sia ai principianti che agli utenti professionisti ed \u00e8 veloce e sicura da usare grazie al controllo digitale.<\/p>","protected":false},"featured_media":10908,"template":"","meta":{"_seopress_robots_primary_cat":"none","_seopress_titles_title":"","_seopress_titles_desc":"","_seopress_robots_index":""},"product_brand":[],"product_cat":[486],"product_tag":[73,487,64,65],"class_list":{"0":"post-10911","1":"product","2":"type-product","3":"status-publish","4":"has-post-thumbnail","6":"product_cat-secabo","7":"product_tag-secabo","8":"product_tag-secabo-heat-press","9":"product_tag-termo-presa","10":"product_tag-termo-presa-za-majice","12":"first","13":"instock","14":"sale","15":"taxable","16":"shipping-taxable","17":"purchasable","18":"product-type-simple"},"tiered_pricing_type":"fixed","tiered_pricing_fixed_rules":[],"tiered_pricing_product_settings":{"layout":"default","base_unit_name":{"singular":null,"plural":null},"default_variation":null},"tiered_pricing_minimum_quantity":null,"tiered_pricing_roles_data":[],"tiered_pricing_percentage_rules":[],"tiered_pricing_maximum_quantity":null,"tiered_pricing_quantity_step":null,"_links":{"self":[{"href":"https:\/\/dtfprint.hr\/it\/wp-json\/wp\/v2\/product\/10911","targetHints":{"allow":["GET"]}}],"collection":[{"href":"https:\/\/dtfprint.hr\/it\/wp-json\/wp\/v2\/product"}],"about":[{"href":"https:\/\/dtfprint.hr\/it\/wp-json\/wp\/v2\/types\/product"}],"wp:featuredmedia":[{"embeddable":true,"href":"https:\/\/dtfprint.hr\/it\/wp-json\/wp\/v2\/media\/10908"}],"wp:attachment":[{"href":"https:\/\/dtfprint.hr\/it\/wp-json\/wp\/v2\/media?parent=10911"}],"wp:term":[{"taxonomy":"product_brand","embeddable":true,"href":"https:\/\/dtfprint.hr\/it\/wp-json\/wp\/v2\/product_brand?post=10911"},{"taxonomy":"product_cat","embeddable":true,"href":"https:\/\/dtfprint.hr\/it\/wp-json\/wp\/v2\/product_cat?post=10911"},{"taxonomy":"product_tag","embeddable":true,"href":"https:\/\/dtfprint.hr\/it\/wp-json\/wp\/v2\/product_tag?post=10911"}],"curies":[{"name":"wp","href":"https:\/\/api.w.org\/{rel}","templated":true}]}}