{"id":10902,"date":"2025-10-29T05:50:48","date_gmt":"2025-10-29T04:50:48","guid":{"rendered":"https:\/\/dtfprint.hr\/proizvod\/secabo-ts7-smart-energy-saver-modularna-termo-presa-40cm-x-50cm\/"},"modified":"2025-11-04T09:50:56","modified_gmt":"2025-11-04T08:50:56","slug":"pressa-termica-modulare-secabo-ts7-smart-energy-saver-40-cm-x-50-cm","status":"publish","type":"product","link":"https:\/\/dtfprint.hr\/it\/proizvod\/secabo-ts7-smart-energy-saver-modularna-termo-presa-40cm-x-50cm\/","title":{"rendered":"Pressa termica modulare Secabo TS7 SMART Energy Saver 40 cm x 50 cm"},"content":{"rendered":"<p>Secabo TS7 SMART Energy Saver: dove professionalit\u00e0 ed efficienza vanno di pari passo<\/p>\n<p>La prossima era nel mondo delle termopresse \u00e8 iniziata e porta il marchio &quot;Made in Germany&quot;. La termopressa Secabo TS7 SMART Energy Saver non \u00e8 solo un dispositivo professionale per la finitura dei tessuti ai massimi livelli, ma rappresenta anche un&#039;innovazione sostenibile. Con l&#039;integrazione della funzione Energy Saver, \u00e8 all&#039;avanguardia della rivoluzione ecologica e tecnologica.<\/p>\n<p>Progettato per professionisti d&#039;\u00e9lite, il TS7 SMART Energy Saver stabilisce nuovi standard. Il suo meccanismo di rotazione automatica offre un&#039;ampia area di lavoro che consente un allineamento preciso degli oggetti per un trasferimento senza sforzo. La piastra di base, che misura 40 cm x 50 cm in formato verticale, consente un posizionamento preciso dei materiali da trasferire senza compromessi.<\/p>\n<p>Ma ci\u00f2 che distingue davvero la TS7 SMART Energy Saver \u00e8 la sua efficienza energetica. L&#039;integrazione della funzione Energy Saver, combinata con le funzioni di prima classe della TS7 SMART, garantisce non solo risultati impressionanti, ma anche metodi di lavoro sostenibili. Tutela dell&#039;ambiente e risparmio vanno di pari passo. E per chi pensa che questo comprometta la facilit\u00e0 d&#039;uso: Secabo dimostra il contrario. L&#039;uso intuitivo rimane una caratteristica centrale.<\/p>\n<p>A tutto questo si aggiungono l&#039;innovativa tecnologia Bluetooth e l&#039;app Secabo SMART Transfer, che aprono un mondo di possibilit\u00e0 per il professionista moderno. Istruzioni di trasferimento multilivello, controllo preciso e un intero arsenale di funzioni aspettano solo di essere scoperti.<\/p>\n<p>E poich\u00e9 la flessibilit\u00e0 \u00e8 fondamentale, il TS7 SMART Energy Saver \u00e8 completamente compatibile con una gamma di accessori Secabo, come il TB7 Thermobase.<\/p>\n<p>La Secabo TS7 SMART Energy Saver non \u00e8 solo una macchina: \u00e8 la promessa di una finitura tessile orientata al futuro, efficiente e precisa. Immergiti in un mondo in cui qualit\u00e0 e sostenibilit\u00e0 si fondono.<\/p>\n<p>Design ecologico:<\/p>\n<p>Conservazione delle risorse attraverso una progettazione sostenibile e un consumo energetico ridotto per ridurre l&#039;impronta ecologica.<\/p>\n<p>Gestione energetica ottimizzata:<\/p>\n<p>La gestione intelligente dell&#039;energia garantisce consumi ridotti e una dispersione di calore ridotta al minimo durante le ore di lavoro.<\/p>\n<p>Analisi dei consumi:<\/p>\n<p>La capacit\u00e0 di monitorare i consumi energetici per individuare e sfruttare al meglio i potenziali risparmi.<\/p>\n<p>Maggiore durata:<\/p>\n<p>Il ridotto consumo energetico garantisce una minore usura e quindi una maggiore durata del dispositivo.<\/p>\n<p>Risparmio sui costi:<\/p>\n<p>L&#039;economia del risparmio energetico contribuisce ad un pi\u00f9 rapido ammortamento dei costi di acquisto.<\/p>\n<p>Aumento della produttivit\u00e0:<\/p>\n<p>Una gestione energetica pi\u00f9 efficiente consente tempi di funzionamento pi\u00f9 lunghi e quindi aumenta la produttivit\u00e0.<\/p>\n<p>Riduzione delle emissioni di CO2:<\/p>\n<p>L&#039;impiego di tecnologie ad alta efficienza energetica riduce significativamente le emissioni di CO2, contribuendo cos\u00ec alla tutela dell&#039;ambiente.<\/p>\n<p>Miglioramento del trasferimento di calore:<\/p>\n<p>L&#039;efficienza energetica ottimizzata garantisce un trasferimento del calore pi\u00f9 uniforme e preciso nelle presse a caldo.<\/p>\n<p>Caratteristiche di Smart Energy:<\/p>\n<p>Tecnologie innovative come lo spegnimento automatico e la modalit\u00e0 sospensione durante l&#039;inattivit\u00e0 consentono di risparmiare ulteriore energia.<\/p>\n<p>Caratteristiche:<\/p>\n<p>Adatto al trasporto di oggetti da 0 mm a 70 mm di altezza<br \/>\nDesign modulare, compatibile con una variet\u00e0 di piastre riscaldanti e di base<br \/>\nInterfaccia Bluetooth per l&#039;app Secabo con il proprio database di trasferimento e numerose funzionalit\u00e0 aggiuntive<br \/>\nRegolatore digitale per temperatura, tempo, funzione di prestampa, conteggio e molte altre funzioni con un concetto operativo innovativo<br \/>\nAngolo di rotazione molto ampio di 110\u00b0<br \/>\nLa pressione di contatto massima di 250 g\/cm\u00b2 pu\u00f2 essere raggiunta con poca forza manuale<br \/>\nPossibilit\u00e0 di selezionare la direzione di rotazione sinistra\/destra<br \/>\nCompatibile con attacco rapido, prolunga scorrevole e altri accessori Secabo<\/p>","protected":false},"excerpt":{"rendered":"<p>La Secabo TS7 SMART Energy Saver non \u00e8 solo una macchina: \u00e8 la promessa di una finitura tessile orientata al futuro, efficiente e precisa. Immergiti in un mondo in cui qualit\u00e0 e sostenibilit\u00e0 si fondono.<\/p>","protected":false},"featured_media":10897,"template":"","meta":{"_seopress_robots_primary_cat":"none","_seopress_titles_title":"","_seopress_titles_desc":"","_seopress_robots_index":""},"product_brand":[],"product_cat":[486],"product_tag":[73,487,64,65],"class_list":{"0":"post-10902","1":"product","2":"type-product","3":"status-publish","4":"has-post-thumbnail","6":"product_cat-secabo","7":"product_tag-secabo","8":"product_tag-secabo-heat-press","9":"product_tag-termo-presa","10":"product_tag-termo-presa-za-majice","12":"first","13":"instock","14":"sale","15":"taxable","16":"shipping-taxable","17":"purchasable","18":"product-type-simple"},"tiered_pricing_type":"fixed","tiered_pricing_fixed_rules":[],"tiered_pricing_product_settings":{"layout":"default","base_unit_name":{"singular":null,"plural":null},"default_variation":null},"tiered_pricing_minimum_quantity":null,"tiered_pricing_roles_data":[],"tiered_pricing_percentage_rules":[],"tiered_pricing_maximum_quantity":null,"tiered_pricing_quantity_step":null,"_links":{"self":[{"href":"https:\/\/dtfprint.hr\/it\/wp-json\/wp\/v2\/product\/10902","targetHints":{"allow":["GET"]}}],"collection":[{"href":"https:\/\/dtfprint.hr\/it\/wp-json\/wp\/v2\/product"}],"about":[{"href":"https:\/\/dtfprint.hr\/it\/wp-json\/wp\/v2\/types\/product"}],"wp:featuredmedia":[{"embeddable":true,"href":"https:\/\/dtfprint.hr\/it\/wp-json\/wp\/v2\/media\/10897"}],"wp:attachment":[{"href":"https:\/\/dtfprint.hr\/it\/wp-json\/wp\/v2\/media?parent=10902"}],"wp:term":[{"taxonomy":"product_brand","embeddable":true,"href":"https:\/\/dtfprint.hr\/it\/wp-json\/wp\/v2\/product_brand?post=10902"},{"taxonomy":"product_cat","embeddable":true,"href":"https:\/\/dtfprint.hr\/it\/wp-json\/wp\/v2\/product_cat?post=10902"},{"taxonomy":"product_tag","embeddable":true,"href":"https:\/\/dtfprint.hr\/it\/wp-json\/wp\/v2\/product_tag?post=10902"}],"curies":[{"name":"wp","href":"https:\/\/api.w.org\/{rel}","templated":true}]}}