{"id":10896,"date":"2025-10-29T05:50:45","date_gmt":"2025-10-29T04:50:45","guid":{"rendered":"https:\/\/dtfprint.hr\/proizvod\/popust-secabo-ts7-lite-modularna-termo-presa-sa-zakretanjem-40cm-x-50cm\/"},"modified":"2025-11-04T09:50:55","modified_gmt":"2025-11-04T08:50:55","slug":"pressa-termica-modulare-secabo-ts7-lite-scontata-con-rotazione-40-cm-x-50-cm","status":"publish","type":"product","link":"https:\/\/dtfprint.hr\/it\/proizvod\/popust-secabo-ts7-lite-modularna-termo-presa-sa-zakretanjem-40cm-x-50cm\/","title":{"rendered":"Sconto: pressa termica modulare Secabo TS7 LITE con rotazione 40 cm x 50 cm"},"content":{"rendered":"<p>Massime prestazioni e comfort elevato con la serie Secabo LITE<\/p>\n<p>La Secabo TS7 LITE rappresenta una pietra miliare nell&#039;innovazione delle presse rotative a caldo. Come parte della nuova serie LITE di Secabo, la TS7 LITE offre una soluzione conveniente e ad alte prestazioni per progetti di finitura tessile e stampa transfer pi\u00f9 esigenti. Con una superficie di lavoro di 40 cm x 50 cm, \u00e8 ideale per progetti di grandi dimensioni e consente una produzione efficiente con la massima qualit\u00e0.<\/p>\n<p>Le termopresse LITE offrono tutto ci\u00f2 che rende i trasferimenti tessili con Secabo cos\u00ec pratici. Sono naturalmente possibili tutte le applicazioni professionali dei consueti processi di trasferimento termico, come lamine flock, lamine flex, sublimazione, trasferimenti DTF, ecc. La Secabo TS7 LITE pu\u00f2 essere dotata opzionalmente di piastre intercambiabili in vari formati, tra cui una piastra di base a membrana, un sistema di cambio rapido e un attacco scorrevole per l&#039;utilizzo come pressa a doppia piastra.<\/p>\n<p>Funzioni del display intelligente: regolazione semplice e rapida della temperatura e del tempo tramite un regolatore digitale.<br \/>\nDesign di stampa di prim&#039;ordine: la TS7 LITE colpisce per il suo design intelligente e l&#039;utilizzo di materiali di alta qualit\u00e0. La sua struttura modulare consente un adattamento rapido e semplice alle diverse esigenze.<br \/>\nProdotto base con ampie possibilit\u00e0 di upgrade: il TS7 LITE offre numerose possibilit\u00e0 di personalizzazione e upgrade per creare lo strumento di lavoro ideale. Dall&#039;installazione di una piastra di base con membrana passiva all&#039;integrazione della base termica Secabo TB7 per trasmissioni ancora pi\u00f9 precise, il TS7 LITE si adatta alle tue esigenze.<\/p>\n<p>La termopressa Secabo TS7 LITE rappresenta una nuova generazione di termopresse che garantiscono efficienza, flessibilit\u00e0 e la massima qualit\u00e0 nella finitura tessile. Scoprite le molteplici funzionalit\u00e0 della TS7 Lite e stabilite nuovi standard nella vostra produzione.<\/p>\n<p>La pressa a caldo si apre automaticamente dopo che \u00e8 trascorso il tempo<br \/>\nRegolatore digitale di temperatura e tempo<br \/>\nLa temperatura e il tempo possono essere impostati sul controller utilizzando i tasti freccia<br \/>\nDesign modulare, i componenti sono facili da cambiare<br \/>\nPressione di contatto facilmente regolabile<br \/>\nPiastra riscaldante di alta qualit\u00e0 con piastra protettiva aggiuntiva<br \/>\nAdatto a tutti i processi di trasferimento comuni<br \/>\nPer una produttivit\u00e0 ancora maggiore, \u00e8 possibile equipaggiarlo con accessori quali piastre intercambiabili, un&#039;estensione scorrevole o una piastra riscaldante a membrana.<\/p>","protected":false},"excerpt":{"rendered":"<p>La Secabo TS7 LITE rappresenta una pietra miliare nell&#039;innovazione delle presse rotative a caldo. Come parte della nuova serie LITE di Secabo, la TS7 LITE offre una soluzione conveniente e ad alte prestazioni per progetti di finitura tessile e stampa transfer pi\u00f9 esigenti. Con una superficie di lavoro di 40 cm x 50 cm, \u00e8 ideale per progetti di grandi dimensioni e consente una produzione efficiente con la massima qualit\u00e0.<\/p>","protected":false},"featured_media":10889,"template":"","meta":{"_seopress_robots_primary_cat":"none","_seopress_titles_title":"","_seopress_titles_desc":"","_seopress_robots_index":""},"product_brand":[],"product_cat":[486],"product_tag":[73,487,64,65],"class_list":{"0":"post-10896","1":"product","2":"type-product","3":"status-publish","4":"has-post-thumbnail","6":"product_cat-secabo","7":"product_tag-secabo","8":"product_tag-secabo-heat-press","9":"product_tag-termo-presa","10":"product_tag-termo-presa-za-majice","12":"first","13":"instock","14":"sale","15":"taxable","16":"shipping-taxable","17":"purchasable","18":"product-type-simple"},"tiered_pricing_type":"fixed","tiered_pricing_fixed_rules":[],"tiered_pricing_product_settings":{"layout":"default","base_unit_name":{"singular":null,"plural":null},"default_variation":null},"tiered_pricing_minimum_quantity":null,"tiered_pricing_roles_data":[],"tiered_pricing_percentage_rules":[],"tiered_pricing_maximum_quantity":null,"tiered_pricing_quantity_step":null,"_links":{"self":[{"href":"https:\/\/dtfprint.hr\/it\/wp-json\/wp\/v2\/product\/10896","targetHints":{"allow":["GET"]}}],"collection":[{"href":"https:\/\/dtfprint.hr\/it\/wp-json\/wp\/v2\/product"}],"about":[{"href":"https:\/\/dtfprint.hr\/it\/wp-json\/wp\/v2\/types\/product"}],"wp:featuredmedia":[{"embeddable":true,"href":"https:\/\/dtfprint.hr\/it\/wp-json\/wp\/v2\/media\/10889"}],"wp:attachment":[{"href":"https:\/\/dtfprint.hr\/it\/wp-json\/wp\/v2\/media?parent=10896"}],"wp:term":[{"taxonomy":"product_brand","embeddable":true,"href":"https:\/\/dtfprint.hr\/it\/wp-json\/wp\/v2\/product_brand?post=10896"},{"taxonomy":"product_cat","embeddable":true,"href":"https:\/\/dtfprint.hr\/it\/wp-json\/wp\/v2\/product_cat?post=10896"},{"taxonomy":"product_tag","embeddable":true,"href":"https:\/\/dtfprint.hr\/it\/wp-json\/wp\/v2\/product_tag?post=10896"}],"curies":[{"name":"wp","href":"https:\/\/api.w.org\/{rel}","templated":true}]}}