{"id":10888,"date":"2025-10-29T05:50:40","date_gmt":"2025-10-29T04:50:40","guid":{"rendered":"https:\/\/dtfprint.hr\/proizvod\/secabo-ts-5-economy-modularna-termo-presa-38cm-x-38cm\/"},"modified":"2025-11-04T09:50:55","modified_gmt":"2025-11-04T08:50:55","slug":"pressa-termica-modulare-economica-secabo-ts-5-38cm-x-38cm","status":"publish","type":"product","link":"https:\/\/dtfprint.hr\/it\/proizvod\/secabo-ts-5-economy-modularna-termo-presa-38cm-x-38cm\/","title":{"rendered":"Secabo TS 5 Economy, pressa termica modulare 38 cm x 38 cm"},"content":{"rendered":"<p>La TS5 Economy combina il meglio di due bestseller Secabo<\/p>\n<p>Grazie al suo meccanismo di rotazione, la TS5 Economy \u00e8 particolarmente pratica da maneggiare e gli oggetti da trasferire possono essere facilmente allineati. L&#039;impugnatura regola la pressione di contatto in modo rapido e pratico, e la piastra di base parallela per la chiusura e il riscaldamento consente di pressare senza problemi anche oggetti da trasferire pi\u00f9 spessi, come le felpe con cappuccio.<\/p>\n<p>La compattezza e la facilit\u00e0 d&#039;uso derivano dal modello gemello della serie TC, la TC5 Lite. Le dimensioni compatte di 38 cm x 38 cm rendono la TS5 Economy salvaspazio e portatile, ideale per la stampa di eventi sportivi e culturali o festival. Il concetto di controllo \u00e8 volutamente semplice per consentire una gestione efficiente e garantire un utilizzo intuitivo anche per i principianti.<\/p>\n<p>Il TS5 Economy \u00e8 il prodotto entry-level perfetto e compatto, che pu\u00f2 essere ampliato in base alle esigenze grazie alla sua modularit\u00e0. Se necessario, il supporto o le piastre riscaldanti possono essere adattati a costi contenuti e i componenti possono essere facilmente sostituiti, offrendo sia ai principianti che ai professionisti la flessibilit\u00e0 di cui hanno bisogno.<\/p>\n<p>La pressa a caldo TC5 Economy offre tutto ci\u00f2 che rende il trasferimento di tessuti con Secab cos\u00ec pratico. Sono naturalmente possibili tutte le applicazioni professionali dei consueti processi di trasferimento termico, come laminazione floccata, laminazione flessibile, sublimazione, flex a getto d&#039;inchiostro, ecc.<\/p>","protected":false},"excerpt":{"rendered":"<p>Grazie al suo meccanismo di rotazione, la TS5 Economy \u00e8 particolarmente pratica da maneggiare e gli oggetti da trasferire possono essere facilmente allineati. L&#039;impugnatura regola la pressione di contatto in modo rapido e pratico, e la piastra di base parallela per la chiusura e il riscaldamento consente di pressare senza problemi anche oggetti da trasferire pi\u00f9 spessi, come le felpe con cappuccio.<\/p>","protected":false},"featured_media":10880,"template":"","meta":{"_seopress_robots_primary_cat":"none","_seopress_titles_title":"","_seopress_titles_desc":"","_seopress_robots_index":""},"product_brand":[],"product_cat":[486],"product_tag":[73,487,64,65],"class_list":{"0":"post-10888","1":"product","2":"type-product","3":"status-publish","4":"has-post-thumbnail","6":"product_cat-secabo","7":"product_tag-secabo","8":"product_tag-secabo-heat-press","9":"product_tag-termo-presa","10":"product_tag-termo-presa-za-majice","12":"first","13":"instock","14":"sale","15":"taxable","16":"shipping-taxable","17":"purchasable","18":"product-type-simple"},"tiered_pricing_type":"fixed","tiered_pricing_fixed_rules":[],"tiered_pricing_product_settings":{"layout":"default","base_unit_name":{"singular":null,"plural":null},"default_variation":null},"tiered_pricing_minimum_quantity":null,"tiered_pricing_roles_data":[],"tiered_pricing_percentage_rules":[],"tiered_pricing_maximum_quantity":null,"tiered_pricing_quantity_step":null,"_links":{"self":[{"href":"https:\/\/dtfprint.hr\/it\/wp-json\/wp\/v2\/product\/10888","targetHints":{"allow":["GET"]}}],"collection":[{"href":"https:\/\/dtfprint.hr\/it\/wp-json\/wp\/v2\/product"}],"about":[{"href":"https:\/\/dtfprint.hr\/it\/wp-json\/wp\/v2\/types\/product"}],"wp:featuredmedia":[{"embeddable":true,"href":"https:\/\/dtfprint.hr\/it\/wp-json\/wp\/v2\/media\/10880"}],"wp:attachment":[{"href":"https:\/\/dtfprint.hr\/it\/wp-json\/wp\/v2\/media?parent=10888"}],"wp:term":[{"taxonomy":"product_brand","embeddable":true,"href":"https:\/\/dtfprint.hr\/it\/wp-json\/wp\/v2\/product_brand?post=10888"},{"taxonomy":"product_cat","embeddable":true,"href":"https:\/\/dtfprint.hr\/it\/wp-json\/wp\/v2\/product_cat?post=10888"},{"taxonomy":"product_tag","embeddable":true,"href":"https:\/\/dtfprint.hr\/it\/wp-json\/wp\/v2\/product_tag?post=10888"}],"curies":[{"name":"wp","href":"https:\/\/api.w.org\/{rel}","templated":true}]}}