{"id":10879,"date":"2025-10-29T05:50:35","date_gmt":"2025-10-29T04:50:35","guid":{"rendered":"https:\/\/dtfprint.hr\/proizvod\/secabo-the-beast\/"},"modified":"2025-11-04T09:50:54","modified_gmt":"2025-11-04T08:50:54","slug":"secabo-la-bestia","status":"publish","type":"product","link":"https:\/\/dtfprint.hr\/it\/proizvod\/secabo-the-beast\/","title":{"rendered":"Secabo LA BESTIA"},"content":{"rendered":"<p>Il dispositivo professionale assoluto per applicazioni di altissimo livello<\/p>\n<p>THE BEAST di Secab combina una pressa termica intelligente di nuova concezione con una piastra inferiore riscaldata.<br \/>\nLa TS7 SMART, il pezzo forte di THE BEAST, \u00e8 la prima pressa termica &quot;Made in Germany&quot; di Secabo.<br \/>\nTHE BEAST consente applicazioni di qualit\u00e0 superiore e trasferimenti tessili delicati.<\/p>\n<p>Grazie al suo design modulare, la nuova termopressa Secabo TS7 SMART, in combinazione con Thermobase TB7, \u00e8 in grado di gestire anche le operazioni di finitura tessile pi\u00f9 impegnative. Il prodotto combinato &quot;THE BEAST&quot; \u00e8 rapido, delicato sui tessuti e risolve i tipici problemi di trasferimento.<\/p>\n<p>Finitura tessile all&#039;avanguardia<\/p>\n<p>La termopressa rotativa TS7 SMART di Secabo d\u00e0 vita alla moderna finitura tessile: \u00e8 una pressa altamente efficiente. Elabora stampe di grandi dimensioni con una superficie di lavoro di 40 x 50 cm e crea oggetti transfer alti fino a sette centimetri.<\/p>\n<p>La nuova TS7 SMART pu\u00f2 essere controllata anche tramite l&#039;app Secabo. Questa dispone del database di parametri di trasferimento pi\u00f9 completo attualmente disponibile sul mercato: l&#039;utente seleziona il tipo di tessuto e il mezzo di trasferimento e riceve automaticamente le impostazioni appropriate per temperatura, tempo e pressione. Un altro grande vantaggio dell&#039;app Secabo \u00e8 la semplicit\u00e0 delle istruzioni per processi di trasferimento complessi a pi\u00f9 fasi.<\/p>\n<p>Nuova tecnologia di riscaldamento per i trasferimenti<\/p>\n<p>Con la nuova Thermobase TB7, Secabo offre anche una piastra inferiore riscaldata come estensione. Questa soluzione \u00e8 particolarmente indicata per tessuti delicati. Garantisce inoltre trasferimenti affidabili di toner bianco e trasferimenti a sublimazione. Utilizzando la Thermobase, il calore proviene anche dal basso. Ci\u00f2 consente temperature di trasferimento complessive inferiori, tempi di trasferimento pi\u00f9 brevi e riduce i segni sul tessuto.<\/p>\n<p>Come ci si aspetta da Secab, THE BEAST \u00e8 facile da usare, anche per i principianti.<\/p>\n<p>THE BEAST \u00e8 compatibile con sistemi di cambio rapido, piastre intercambiabili ed estensioni scorrevoli, nonch\u00e9 con altri accessori Secabo.<\/p>\n<p>Pressa a caldo Secabo TS7 SMART:<\/p>\n<p>Interfaccia Bluetooth per l&#039;app Secabo SMART Transfer con database di trasferimento proprio e numerose funzionalit\u00e0 aggiuntive<br \/>\nRegolatore digitale per temperatura, tempo, funzione di prestampa, conteggio e molte altre funzioni con un concetto operativo innovativo<br \/>\nAngolo di rotazione molto ampio di 110\u00b0<br \/>\nAdatto al trasporto di oggetti da 0 mm a 70 mm di altezza<br \/>\nLa pressione di contatto massima di 250 g\/cm\u00b2 pu\u00f2 essere raggiunta con poca forza manuale<br \/>\nPossibilit\u00e0 di selezionare la direzione di rotazione sinistra\/destra<br \/>\nCompatibile con attacco rapido e slitta<br \/>\nDesign modulare, compatibile con una variet\u00e0 di piastre riscaldanti e di base<\/p>\n<p>Base termica Secabo TB7 40cm x 50cm:<\/p>\n<p>La temperatura del TB7 \u00e8 regolata dal suo controller Secabo.<br \/>\nPiastra di base riscaldata come estensione per i vostri modelli Secabo da 40 cm x 50 cm, come TC7 SMART, TS7 SMART, TPD7 e TPD7 PREMIUM.<br \/>\nParticolarmente adatto per tessuti delicati<br \/>\nFacile da installare, anche su attacco rapido e prolunga scorrevole<br \/>\nSi riscalda rapidamente fino a 160\u00b0C<br \/>\nBasso consumo energetico<br \/>\nPer il retrofit di molte vecchie e quasi tutte le nuove presse a caldo Secabo<\/p>\n<p>Sostituzione rapida della piastra Secabo per le serie LITE e SMART<\/p>\n<p>\u00c8 possibile montare fino a tre piastre intercambiabili affiancate (le piastre intercambiabili devono essere ordinate separatamente)<br \/>\nLe piastre intercambiabili possono essere cambiate in pochi secondi<br \/>\nLa fornitura comprende un adattatore per il montaggio della piastra di base originale sull&#039;attacco rapido.<\/p>","protected":false},"excerpt":{"rendered":"<p>La termopressa rotativa TS7 SMART di Secabo d\u00e0 vita alla moderna finitura tessile: \u00e8 una pressa altamente efficiente. Elabora stampe di grandi dimensioni con una superficie di lavoro di 40 x 50 cm e crea oggetti transfer alti fino a sette centimetri.<\/p>","protected":false},"featured_media":10873,"template":"","meta":{"_seopress_robots_primary_cat":"none","_seopress_titles_title":"","_seopress_titles_desc":"","_seopress_robots_index":""},"product_brand":[],"product_cat":[486],"product_tag":[73,487,64,65],"class_list":{"0":"post-10879","1":"product","2":"type-product","3":"status-publish","4":"has-post-thumbnail","6":"product_cat-secabo","7":"product_tag-secabo","8":"product_tag-secabo-heat-press","9":"product_tag-termo-presa","10":"product_tag-termo-presa-za-majice","12":"first","13":"outofstock","14":"sale","15":"taxable","16":"shipping-taxable","17":"purchasable","18":"product-type-simple"},"tiered_pricing_type":"fixed","tiered_pricing_fixed_rules":[],"tiered_pricing_product_settings":{"layout":"default","base_unit_name":{"singular":null,"plural":null},"default_variation":null},"tiered_pricing_minimum_quantity":null,"tiered_pricing_roles_data":[],"tiered_pricing_percentage_rules":[],"tiered_pricing_maximum_quantity":null,"tiered_pricing_quantity_step":null,"_links":{"self":[{"href":"https:\/\/dtfprint.hr\/it\/wp-json\/wp\/v2\/product\/10879","targetHints":{"allow":["GET"]}}],"collection":[{"href":"https:\/\/dtfprint.hr\/it\/wp-json\/wp\/v2\/product"}],"about":[{"href":"https:\/\/dtfprint.hr\/it\/wp-json\/wp\/v2\/types\/product"}],"wp:featuredmedia":[{"embeddable":true,"href":"https:\/\/dtfprint.hr\/it\/wp-json\/wp\/v2\/media\/10873"}],"wp:attachment":[{"href":"https:\/\/dtfprint.hr\/it\/wp-json\/wp\/v2\/media?parent=10879"}],"wp:term":[{"taxonomy":"product_brand","embeddable":true,"href":"https:\/\/dtfprint.hr\/it\/wp-json\/wp\/v2\/product_brand?post=10879"},{"taxonomy":"product_cat","embeddable":true,"href":"https:\/\/dtfprint.hr\/it\/wp-json\/wp\/v2\/product_cat?post=10879"},{"taxonomy":"product_tag","embeddable":true,"href":"https:\/\/dtfprint.hr\/it\/wp-json\/wp\/v2\/product_tag?post=10879"}],"curies":[{"name":"wp","href":"https:\/\/api.w.org\/{rel}","templated":true}]}}