{"id":10872,"date":"2025-10-29T05:50:31","date_gmt":"2025-10-29T04:50:31","guid":{"rendered":"https:\/\/dtfprint.hr\/proizvod\/secabo-ts7-smart\/"},"modified":"2025-11-04T09:50:53","modified_gmt":"2025-11-04T08:50:53","slug":"secabo-ts7-smart","status":"publish","type":"product","link":"https:\/\/dtfprint.hr\/it\/proizvod\/secabo-ts7-smart\/","title":{"rendered":"Secabo TS7 SMART"},"content":{"rendered":"<p>Dispositivo professionale per applicazioni di altissima qualit\u00e0 ai massimi livelli: la termopressa rotativa TS7 SMART di Secabo \u00e8 un dispositivo professionale per la finitura tessile ai massimi livelli e la prima termopressa Secabo prodotta in Germania. Il dispositivo professionale ha un design modulare e offre quindi la base ottimale per creare il proprio &quot;cavallo di battaglia&quot; personale. Con il suo pratico meccanismo di rotazione automatico, la termopressa Secabo TS7 offre un&#039;area di lavoro particolarmente ampia per un facile allineamento degli oggetti da trasferire. L&#039;ampia piastra di base di 40 cm x 50 cm \u00e8 configurata in formato verticale, il che facilita ulteriormente il posizionamento preciso degli oggetti da trasferire. Gli oggetti da trasferire fino a 70 mm di altezza sono facili da maneggiare grazie all&#039;ampio campo di regolazione della testa della pressa e possono essere pressati con una pressione di contatto massima fino a 250 g\/cm\u00b2.<\/p>\n<p>Che si tratti di pantaloni da lavoro, borse da palestra o felpe con cappuccio, l&#039;ampio campo di regolazione li rende completamente flessibili. Con un angolo di rotazione di 110\u00b0, \u00e8 possibile lavorare in una posizione di lavoro confortevole. La TS7 SMART pu\u00f2 essere ruotata verso destra o verso sinistra, consentendo alla pressa di adattarsi perfettamente a quasi tutti gli ambienti di produzione. L&#039;apertura automatica e l&#039;apertura automatica della pressa a caldo TS7 SMART swingaway dopo il processo di trasferimento semplificano il lavoro e garantiscono un flusso di lavoro fluido. La Secabo TS7 Smart \u00e8 adatta a tutti i processi di trasferimento termico noti e pu\u00f2 quindi essere utilizzata in tutti i settori della tecnologia di trasferimento. Come ci si aspetta da Secabo, la TS7 SMART \u00e8 facile da usare, anche per i principianti. Il dispositivo \u00e8 dotato di un controllo digitale, in cui \u00e8 possibile preselezionare con precisione una temperatura fino a 225 \u00b0C e un tempo di pressatura massimo di 999 secondi per il trasferimento. Come tutti i prodotti della serie Secabo TC SMART, la TS7 SMART dispone di un&#039;interfaccia Bluetooth che, insieme all&#039;app Secabo SMART Transfer, offre istruzioni complete per trasferimenti a pi\u00f9 fasi e molte altre fantastiche funzionalit\u00e0. La pressa termica TS7 SMART \u00e8 disponibile con la base termica TB7, sistemi di cambio rapido, piastre intercambiabili ed estensione scorrevole, nonch\u00e9 altri accessori Secabo.<\/p>","protected":false},"excerpt":{"rendered":"<p>Un dispositivo professionale per applicazioni di altissimo livello: la pressa termica rotativa TS7 SMART di Secabo \u00e8 un dispositivo professionale per la finitura tessile di altissimo livello e la prima pressa termica di Secabo prodotta in Germania.<\/p>","protected":false},"featured_media":10864,"template":"","meta":{"_seopress_robots_primary_cat":"none","_seopress_titles_title":"","_seopress_titles_desc":"","_seopress_robots_index":""},"product_brand":[],"product_cat":[486],"product_tag":[73,487,64,65],"class_list":{"0":"post-10872","1":"product","2":"type-product","3":"status-publish","4":"has-post-thumbnail","6":"product_cat-secabo","7":"product_tag-secabo","8":"product_tag-secabo-heat-press","9":"product_tag-termo-presa","10":"product_tag-termo-presa-za-majice","12":"first","13":"instock","14":"sale","15":"taxable","16":"shipping-taxable","17":"purchasable","18":"product-type-simple"},"tiered_pricing_type":"fixed","tiered_pricing_fixed_rules":[],"tiered_pricing_product_settings":{"layout":"default","base_unit_name":{"singular":null,"plural":null},"default_variation":null},"tiered_pricing_minimum_quantity":null,"tiered_pricing_roles_data":[],"tiered_pricing_percentage_rules":[],"tiered_pricing_maximum_quantity":null,"tiered_pricing_quantity_step":null,"_links":{"self":[{"href":"https:\/\/dtfprint.hr\/it\/wp-json\/wp\/v2\/product\/10872","targetHints":{"allow":["GET"]}}],"collection":[{"href":"https:\/\/dtfprint.hr\/it\/wp-json\/wp\/v2\/product"}],"about":[{"href":"https:\/\/dtfprint.hr\/it\/wp-json\/wp\/v2\/types\/product"}],"wp:featuredmedia":[{"embeddable":true,"href":"https:\/\/dtfprint.hr\/it\/wp-json\/wp\/v2\/media\/10864"}],"wp:attachment":[{"href":"https:\/\/dtfprint.hr\/it\/wp-json\/wp\/v2\/media?parent=10872"}],"wp:term":[{"taxonomy":"product_brand","embeddable":true,"href":"https:\/\/dtfprint.hr\/it\/wp-json\/wp\/v2\/product_brand?post=10872"},{"taxonomy":"product_cat","embeddable":true,"href":"https:\/\/dtfprint.hr\/it\/wp-json\/wp\/v2\/product_cat?post=10872"},{"taxonomy":"product_tag","embeddable":true,"href":"https:\/\/dtfprint.hr\/it\/wp-json\/wp\/v2\/product_tag?post=10872"}],"curies":[{"name":"wp","href":"https:\/\/api.w.org\/{rel}","templated":true}]}}