{"id":10863,"date":"2025-10-29T05:50:26","date_gmt":"2025-10-29T04:50:26","guid":{"rendered":"https:\/\/dtfprint.hr\/proizvod\/popust-secabo-ts5-lite-modularna-termo-presa-sa-zakretanjem-swing-38cm-x-38cm\/"},"modified":"2025-11-04T09:50:53","modified_gmt":"2025-11-04T08:50:53","slug":"pressa-termica-modulare-secabo-ts5-lite-scontata-con-oscillazione-38-cm-x-38-cm","status":"publish","type":"product","link":"https:\/\/dtfprint.hr\/it\/proizvod\/popust-secabo-ts5-lite-modularna-termo-presa-sa-zakretanjem-swing-38cm-x-38cm\/","title":{"rendered":"Sconto: pressa termica modulare Secabo TS5 LITE con oscillazione \u2013 Oscillazione 38 cm x 38 cm"},"content":{"rendered":"<p>Massime prestazioni e comfort elevato con la serie Secabo LITE<\/p>\n<p>Secabo TS5 LITE rappresenta uno sviluppo innovativo nel campo delle presse rotative a caldo, appositamente progettate per i moderni lavori di finitura tessile e stampa transfer. Con questo modello, Secabo offre un&#039;alternativa economica ma potente alla linea SMART esistente, ideale per start-up e piccole aziende che desiderano investire nella qualit\u00e0 senza compromessi.<\/p>\n<p>Le termopresse LITE offrono tutto ci\u00f2 che rende il trasferimento tessile con Secabo cos\u00ec pratico. Sono naturalmente possibili tutte le applicazioni professionali dei consueti processi di trasferimento termico, come lamine flock, lamine flex, sublimazione, trasferimenti DTF, ecc. La Secabo TS5 LITE pu\u00f2 essere dotata opzionalmente di piastre intercambiabili in vari formati, tra cui una piastra di base a membrana, un sistema di cambio rapido e un&#039;estensione scorrevole per l&#039;utilizzo come pressa a doppia piastra.<\/p>\n<p>Funzioni di visualizzazione intelligenti: con un regolatore digitale della temperatura e del tempo, le impostazioni desiderate possono essere effettuate in modo rapido e semplice.<br \/>\nDesign di stampa di alta qualit\u00e0: la TS5 LITE colpisce per il suo design intelligente e i materiali di alta qualit\u00e0. La struttura modulare consente un adattamento rapido e semplice alle diverse esigenze.<br \/>\nUn prodotto base con ottime possibilit\u00e0 di ampliamento: la TS5 LITE pu\u00f2 essere dotata inoltre di piastre intercambiabili, una piastra di base a membrana, un sistema di cambio rapido e un&#039;estensione scorrevole per funzionare come pressa a doppio piano o essere ottimizzata per applicazioni speciali.<\/p>\n<p>La termopressa Secabo TS5 LITE offre tutto ci\u00f2 di cui hai bisogno per trasferimenti tessili efficienti e di alta qualit\u00e0, consentendoti di realizzare le tue visioni creative con precisione e praticit\u00e0.<\/p>\n<p>La pressa a caldo si apre automaticamente dopo che \u00e8 trascorso il tempo<br \/>\nRegolatore digitale di temperatura e tempo<br \/>\nLa temperatura e il tempo possono essere impostati sul controller utilizzando i tasti freccia<br \/>\nDesign modulare, i componenti sono facili da cambiare<br \/>\nPressione di contatto facilmente regolabile<br \/>\nPiastra riscaldante di alta qualit\u00e0 con piastra protettiva aggiuntiva<br \/>\nAdatto a tutti i processi di trasferimento comuni<br \/>\nPer una produttivit\u00e0 ancora maggiore, \u00e8 possibile equipaggiarlo con accessori quali piastre intercambiabili, un&#039;estensione scorrevole o una piastra riscaldante a membrana.<\/p>","protected":false},"excerpt":{"rendered":"<p>Secabo TS5 LITE rappresenta uno sviluppo innovativo nel campo delle presse rotative a caldo, appositamente progettate per i moderni lavori di finitura tessile e stampa transfer. Con questo modello, Secabo offre un&#039;alternativa economica ma potente alla linea SMART esistente, ideale per start-up e piccole aziende che desiderano investire nella qualit\u00e0 senza compromessi.<\/p>","protected":false},"featured_media":10853,"template":"","meta":{"_seopress_robots_primary_cat":"none","_seopress_titles_title":"","_seopress_titles_desc":"","_seopress_robots_index":""},"product_brand":[],"product_cat":[486],"product_tag":[73,487,64,65],"class_list":{"0":"post-10863","1":"product","2":"type-product","3":"status-publish","4":"has-post-thumbnail","6":"product_cat-secabo","7":"product_tag-secabo","8":"product_tag-secabo-heat-press","9":"product_tag-termo-presa","10":"product_tag-termo-presa-za-majice","12":"first","13":"instock","14":"sale","15":"taxable","16":"shipping-taxable","17":"purchasable","18":"product-type-simple"},"tiered_pricing_type":"fixed","tiered_pricing_fixed_rules":[],"tiered_pricing_product_settings":{"layout":"default","base_unit_name":{"singular":null,"plural":null},"default_variation":null},"tiered_pricing_minimum_quantity":null,"tiered_pricing_roles_data":[],"tiered_pricing_percentage_rules":[],"tiered_pricing_maximum_quantity":null,"tiered_pricing_quantity_step":null,"_links":{"self":[{"href":"https:\/\/dtfprint.hr\/it\/wp-json\/wp\/v2\/product\/10863","targetHints":{"allow":["GET"]}}],"collection":[{"href":"https:\/\/dtfprint.hr\/it\/wp-json\/wp\/v2\/product"}],"about":[{"href":"https:\/\/dtfprint.hr\/it\/wp-json\/wp\/v2\/types\/product"}],"wp:featuredmedia":[{"embeddable":true,"href":"https:\/\/dtfprint.hr\/it\/wp-json\/wp\/v2\/media\/10853"}],"wp:attachment":[{"href":"https:\/\/dtfprint.hr\/it\/wp-json\/wp\/v2\/media?parent=10863"}],"wp:term":[{"taxonomy":"product_brand","embeddable":true,"href":"https:\/\/dtfprint.hr\/it\/wp-json\/wp\/v2\/product_brand?post=10863"},{"taxonomy":"product_cat","embeddable":true,"href":"https:\/\/dtfprint.hr\/it\/wp-json\/wp\/v2\/product_cat?post=10863"},{"taxonomy":"product_tag","embeddable":true,"href":"https:\/\/dtfprint.hr\/it\/wp-json\/wp\/v2\/product_tag?post=10863"}],"curies":[{"name":"wp","href":"https:\/\/api.w.org\/{rel}","templated":true}]}}