{"id":10840,"date":"2025-10-29T05:47:12","date_gmt":"2025-10-29T04:47:12","guid":{"rendered":"https:\/\/dtfprint.hr\/proizvod\/secabo-tpd7-premium-automatska-termo-presa-s-dvije-stanice\/"},"modified":"2025-11-04T09:50:55","modified_gmt":"2025-11-04T08:50:55","slug":"pressa-termica-automatica-a-due-stazioni-secabo-tpd7-premium","status":"publish","type":"product","link":"https:\/\/dtfprint.hr\/it\/proizvod\/secabo-tpd7-premium-automatska-termo-presa-s-dvije-stanice\/","title":{"rendered":"Pressa termica automatica a due stazioni Secabo TPD7 PREMIUM"},"content":{"rendered":"<p>Massime prestazioni con elevata pressione di contatto, potenza di riscaldamento e distribuzione del calore impressionanti: questo \u00e8 il motto della nuova termopressa TPD7 PREMIUM di Secabo. La pressa pneumatica a due piani convince per il movimento automatico della testa di stampa, la versatilit\u00e0 e il design modulare. I trasferimenti con una pressione di contatto estremamente elevata di 12 kN a 10 bar (600 g\/cm2 o 1,2 t) possono essere eseguiti su piastre di base di grandi dimensioni, ciascuna delle quali misura 40 cm x 50 cm. Funzioni intelligenti rendono l&#039;applicazione pratica ed efficiente, tra cui una funzione di prestampa con tempo di prestampa regolabile, tempi di prestampa regolabili separatamente per entrambe le piastre di base e set di tempo e temperatura memorizzabili. La piastra riscaldante con una potenza assorbita di 2,5 kW garantisce un&#039;elevata capacit\u00e0 termica con una distribuzione professionale della temperatura. La pressione pneumatica facilmente regolabile e riproducibile pu\u00f2 essere adattata in modo ottimale a tutti gli oggetti di trasferimento. Gli utenti beneficiano di ulteriore flessibilit\u00e0 grazie ai componenti facilmente intercambiabili e alla compatibilit\u00e0 con i sistemi di cambio rapido Secabo, le piastre intercambiabili e le piastre di base a membrana. La termopressa TPD7 PREMIUM di Secabo \u00e8 conforme agli standard di sicurezza tedeschi. La base stabile supporta un&#039;altezza di lavoro ergonomica. L&#039;interruttore a pedale in dotazione rende l&#039;azionamento della testa di pressatura un gioco da ragazzi.<\/p>\n<p>Pressione di contatto estremamente elevata di 12 kN a 10 bar (600 g\/cm2 o 1,2 t)<br \/>\nMovimento automatico della testa della pressa<br \/>\nFunzione di prestampa con tempo di prestampa regolabile<br \/>\nTempi regolabili separatamente per entrambe le piastre di base<br \/>\nSet di tempi e temperature memorabili<br \/>\nElevatissima potenza termica e capacit\u00e0 termica della piastra riscaldante, distribuzione professionale del calore<br \/>\nInclude un supporto stabile per un&#039;altezza di lavoro ergonomica<br \/>\nInclude 2 laser incrociati per un facile posizionamento degli oggetti<\/p>","protected":false},"excerpt":{"rendered":"<p>La pressa pneumatica a doppio piano convince per il movimento automatico della testa di pressatura, la versatilit\u00e0 e la struttura modulare. Su piani di 40 cm x 50 cm \u00e8 possibile eseguire trasferimenti con una pressione di contatto estremamente elevata di 12 kN a 10 bar (600 g\/cm\u00b2 o 1,2 t).<\/p>","protected":false},"featured_media":10835,"template":"","meta":{"_seopress_robots_primary_cat":"none","_seopress_titles_title":"","_seopress_titles_desc":"","_seopress_robots_index":""},"product_brand":[],"product_cat":[486],"product_tag":[73,487,64,65],"class_list":{"0":"post-10840","1":"product","2":"type-product","3":"status-publish","4":"has-post-thumbnail","6":"product_cat-secabo","7":"product_tag-secabo","8":"product_tag-secabo-heat-press","9":"product_tag-termo-presa","10":"product_tag-termo-presa-za-majice","12":"first","13":"instock","14":"sale","15":"taxable","16":"shipping-taxable","17":"purchasable","18":"product-type-simple"},"tiered_pricing_type":"fixed","tiered_pricing_fixed_rules":[],"tiered_pricing_product_settings":{"layout":"default","base_unit_name":{"singular":null,"plural":null},"default_variation":null},"tiered_pricing_minimum_quantity":null,"tiered_pricing_roles_data":[],"tiered_pricing_percentage_rules":[],"tiered_pricing_maximum_quantity":null,"tiered_pricing_quantity_step":null,"_links":{"self":[{"href":"https:\/\/dtfprint.hr\/it\/wp-json\/wp\/v2\/product\/10840","targetHints":{"allow":["GET"]}}],"collection":[{"href":"https:\/\/dtfprint.hr\/it\/wp-json\/wp\/v2\/product"}],"about":[{"href":"https:\/\/dtfprint.hr\/it\/wp-json\/wp\/v2\/types\/product"}],"wp:featuredmedia":[{"embeddable":true,"href":"https:\/\/dtfprint.hr\/it\/wp-json\/wp\/v2\/media\/10835"}],"wp:attachment":[{"href":"https:\/\/dtfprint.hr\/it\/wp-json\/wp\/v2\/media?parent=10840"}],"wp:term":[{"taxonomy":"product_brand","embeddable":true,"href":"https:\/\/dtfprint.hr\/it\/wp-json\/wp\/v2\/product_brand?post=10840"},{"taxonomy":"product_cat","embeddable":true,"href":"https:\/\/dtfprint.hr\/it\/wp-json\/wp\/v2\/product_cat?post=10840"},{"taxonomy":"product_tag","embeddable":true,"href":"https:\/\/dtfprint.hr\/it\/wp-json\/wp\/v2\/product_tag?post=10840"}],"curies":[{"name":"wp","href":"https:\/\/api.w.org\/{rel}","templated":true}]}}