{"id":10834,"date":"2025-10-29T05:47:09","date_gmt":"2025-10-29T04:47:09","guid":{"rendered":"https:\/\/dtfprint.hr\/proizvod\/secabo-tpd7-smart\/"},"modified":"2025-11-04T09:50:57","modified_gmt":"2025-11-04T08:50:57","slug":"secabo-tpd7-smart","status":"publish","type":"product","link":"https:\/\/dtfprint.hr\/it\/proizvod\/secabo-tpd7-smart\/","title":{"rendered":"Secabo TPD7 SMART"},"content":{"rendered":"<p>Massima efficienza e semplicit\u00e0 d&#039;uso, senza compromessi.<\/p>\n<p>La Secabo TPD7 Smart \u00e8 una pressa a doppio piano ad alte prestazioni con controllo pneumatico e controllo digitale intelligente tramite Bluetooth. \u00c8 stata sviluppata appositamente per applicazioni professionali ad alto volume, dal trasferimento DTF e sublimazione alle applicazioni flex e flock.<\/p>\n<p>Grazie ai due tavoli di lavoro, i processi di stampa e preparazione possono essere eseguiti in parallelo. La TPD7 Smart offre quindi un flusso di lavoro continuo con una produttivit\u00e0 significativamente aumentata, ideale per ambienti di produzione ad alta produttivit\u00e0.<\/p>\n<p>Modularit\u00e0 che paga<\/p>\n<p>Il design modulare della TPD7 Smart offre chiari vantaggi: componenti come la piastra riscaldante, la piastra di base o il sistema di controllo possono essere facilmente sostituiti o ampliati a seconda delle esigenze. Accessori come una base termica o un sistema di cambio rapido rendono la pressa adattabile a un&#039;ampia gamma di applicazioni. Questo concetto garantisce sicurezza dell&#039;investimento, manutenzione rapida e costi di stoccaggio ridotti.<\/p>\n<p>Controllo intelligente per processi efficienti<\/p>\n<p>L&#039;app Secabo Smart \u00e8 comodamente gestibile tramite Bluetooth. Ci\u00f2 consente di controllare digitalmente temperatura, tempo e pressione e di salvare i lavori ricorrenti come preimpostazioni. Ci\u00f2 ottimizza il flusso di lavoro e riduce le fonti di errore.<\/p>\n<p>Vantaggi del Secabo TPD7 Smart<\/p>\n<p>Doppia pressa pneumatica per un lavoro efficiente nella produzione in serie<\/p>\n<p>Controllo intelligente dell&#039;app tramite Bluetooth per un controllo preciso della temperatura e del tempo<\/p>\n<p>Design modulare: compatibile con pannelli intercambiabili, kit di risparmio energetico, thermobase e altro ancora<\/p>\n<p>Ampia area di lavoro, adatta anche per tessuti ingombranti<\/p>\n<p>Costruzione robusta con guide incapsulate<\/p>\n<p>Funzionamento di sicurezza a due mani per la massima sicurezza sul lavoro<\/p>\n<p>Ideale per DTF, flex, flock e sublimazione<\/p>\n<p>Campi tipici di applicazione<\/p>\n<p>Produzione di trasmissioni DTF<\/p>\n<p>Finissaggio tessile con lamine flessibili o floccate<\/p>\n<p>Sublimazione su tessuti, borse e altro<\/p>\n<p>Produzione in serie di abbigliamento da lavoro, sportivo e professionale<\/p>\n<p>Conclusione<\/p>\n<p>Secabo TPD7 Smart \u00e8 la soluzione perfetta per gli utenti professionali che cercano la massima produttivit\u00e0, praticit\u00e0 e flessibilit\u00e0, senza posizionamento laser, ma con piena potenza.<\/p>","protected":false},"excerpt":{"rendered":"<p>La Secabo TPD7 Smart \u00e8 una pressa a doppio piano ad alte prestazioni con controllo pneumatico e controllo digitale intelligente tramite Bluetooth. \u00c8 stata sviluppata appositamente per applicazioni professionali ad alto volume, dal trasferimento DTF e sublimazione alle applicazioni flex e flock.<\/p>","protected":false},"featured_media":10824,"template":"","meta":{"_seopress_robots_primary_cat":"none","_seopress_titles_title":"","_seopress_titles_desc":"","_seopress_robots_index":""},"product_brand":[],"product_cat":[486],"product_tag":[73,487,64,65],"class_list":{"0":"post-10834","1":"product","2":"type-product","3":"status-publish","4":"has-post-thumbnail","6":"product_cat-secabo","7":"product_tag-secabo","8":"product_tag-secabo-heat-press","9":"product_tag-termo-presa","10":"product_tag-termo-presa-za-majice","12":"first","13":"outofstock","14":"sale","15":"taxable","16":"shipping-taxable","17":"purchasable","18":"product-type-simple"},"tiered_pricing_type":"fixed","tiered_pricing_fixed_rules":[],"tiered_pricing_product_settings":{"layout":"default","base_unit_name":{"singular":null,"plural":null},"default_variation":null},"tiered_pricing_minimum_quantity":null,"tiered_pricing_roles_data":[],"tiered_pricing_percentage_rules":[],"tiered_pricing_maximum_quantity":null,"tiered_pricing_quantity_step":null,"_links":{"self":[{"href":"https:\/\/dtfprint.hr\/it\/wp-json\/wp\/v2\/product\/10834","targetHints":{"allow":["GET"]}}],"collection":[{"href":"https:\/\/dtfprint.hr\/it\/wp-json\/wp\/v2\/product"}],"about":[{"href":"https:\/\/dtfprint.hr\/it\/wp-json\/wp\/v2\/types\/product"}],"wp:featuredmedia":[{"embeddable":true,"href":"https:\/\/dtfprint.hr\/it\/wp-json\/wp\/v2\/media\/10824"}],"wp:attachment":[{"href":"https:\/\/dtfprint.hr\/it\/wp-json\/wp\/v2\/media?parent=10834"}],"wp:term":[{"taxonomy":"product_brand","embeddable":true,"href":"https:\/\/dtfprint.hr\/it\/wp-json\/wp\/v2\/product_brand?post=10834"},{"taxonomy":"product_cat","embeddable":true,"href":"https:\/\/dtfprint.hr\/it\/wp-json\/wp\/v2\/product_cat?post=10834"},{"taxonomy":"product_tag","embeddable":true,"href":"https:\/\/dtfprint.hr\/it\/wp-json\/wp\/v2\/product_tag?post=10834"}],"curies":[{"name":"wp","href":"https:\/\/api.w.org\/{rel}","templated":true}]}}