{"id":10823,"date":"2025-10-29T05:45:54","date_gmt":"2025-10-29T04:45:54","guid":{"rendered":"https:\/\/dtfprint.hr\/proizvod\/secabo-tps7-smart\/"},"modified":"2025-11-04T09:50:57","modified_gmt":"2025-11-04T08:50:57","slug":"secabo-tps7-smart","status":"publish","type":"product","link":"https:\/\/dtfprint.hr\/it\/proizvod\/secabo-tps7-smart\/","title":{"rendered":"Secabo TPS7 SMART"},"content":{"rendered":"<p>Pressa pneumatica portatile intelligente per la massima efficienza<\/p>\n<p>Secabo TPS7 Smart \u00e8 la soluzione perfetta per chi apprezza efficienza, precisione e flessibilit\u00e0. Questa pressa termica pneumatica colpisce per il suo design modulare e il controllo intelligente tramite app, che semplifica notevolmente il processo di lavoro.<\/p>\n<p>Che si tratti di trasferimenti DTF, pellicole flex o flock o sublimazione, con la TPS7 Smart \u00e8 possibile elaborare un&#039;ampia gamma di materiali in modo rapido, affidabile e con una qualit\u00e0 costantemente elevata. La pressione di contatto pneumatica garantisce risultati ripetibili senza sforzo manuale, ideale per la produzione in serie e la finitura tessile professionale.<br \/>\nLa modularit\u00e0 incontra il controllo intelligente<\/p>\n<p>La TPS7 Smart fa parte del collaudato sistema modulare Secabo. Componenti come piastre riscaldanti, piastre di base o il controller sono intercambiabili e possono essere integrati con accessori come una base termica o un sistema di cambio rapido. Ci\u00f2 consente di adattare la pressa in modo flessibile alle vostre esigenze di produzione.<\/p>\n<p>Il controllo avviene comodamente tramite l&#039;app Secabo Smart via Bluetooth. Ci\u00f2 consente di controllare digitalmente temperatura, tempo e pressione e di gestire in modo efficiente le attivit\u00e0 ripetitive.<br \/>\nVantaggi del Secabo TPS7 Smart<\/p>\n<p>Testa di pressatura pneumatica per una pressione di contatto uniforme e senza sforzo<\/p>\n<p>Controllo intelligente delle app per un controllo preciso e flussi di lavoro digitali<\/p>\n<p>Cassetto aggiuntivo per un lavoro comodo e sicuro<\/p>\n<p>Design modulare: compatibile con l&#039;intero sistema di accessori Secabo<\/p>\n<p>Utilizzo sicuro a due mani per uso professionale<\/p>\n<p>Costruzione robusta con guide incapsulate per una manutenzione minima<\/p>\n<p>Campi tipici di applicazione<\/p>\n<p>Produzione di trasferimento DTF di medie quantit\u00e0<\/p>\n<p>Finitura flessibile e floccata nella tecnologia pubblicitaria<\/p>\n<p>Stampa a sublimazione su tessuti, borse e altri materiali<\/p>\n<p>Produzione seriale personalizzata nella stampa tessile<\/p>\n<p>Conclusione<br \/>\nLa Secabo TPS7 Smart offre una soluzione professionale per esigenze di produzione flessibili. Grazie al suo sistema di controllo intelligente, al sistema pneumatico e all&#039;espandibilit\u00e0 modulare, \u00e8 la pressa ideale per le aziende in crescita in cui efficienza e qualit\u00e0 sono una priorit\u00e0.<\/p>","protected":false},"excerpt":{"rendered":"<p>Secabo TPS7 Smart \u00e8 la soluzione perfetta per chi apprezza efficienza, precisione e flessibilit\u00e0. Questa pressa termica pneumatica colpisce per il suo design modulare e il controllo intelligente tramite app, che semplifica notevolmente il processo di lavoro.<\/p>","protected":false},"featured_media":10815,"template":"","meta":{"_seopress_robots_primary_cat":"none","_seopress_titles_title":"","_seopress_titles_desc":"","_seopress_robots_index":""},"product_brand":[],"product_cat":[486],"product_tag":[73,487,64,65],"class_list":{"0":"post-10823","1":"product","2":"type-product","3":"status-publish","4":"has-post-thumbnail","6":"product_cat-secabo","7":"product_tag-secabo","8":"product_tag-secabo-heat-press","9":"product_tag-termo-presa","10":"product_tag-termo-presa-za-majice","12":"first","13":"instock","14":"sale","15":"taxable","16":"shipping-taxable","17":"purchasable","18":"product-type-simple"},"tiered_pricing_type":"fixed","tiered_pricing_fixed_rules":[],"tiered_pricing_product_settings":{"layout":"default","base_unit_name":{"singular":null,"plural":null},"default_variation":null},"tiered_pricing_minimum_quantity":null,"tiered_pricing_roles_data":[],"tiered_pricing_percentage_rules":[],"tiered_pricing_maximum_quantity":null,"tiered_pricing_quantity_step":null,"_links":{"self":[{"href":"https:\/\/dtfprint.hr\/it\/wp-json\/wp\/v2\/product\/10823","targetHints":{"allow":["GET"]}}],"collection":[{"href":"https:\/\/dtfprint.hr\/it\/wp-json\/wp\/v2\/product"}],"about":[{"href":"https:\/\/dtfprint.hr\/it\/wp-json\/wp\/v2\/types\/product"}],"wp:featuredmedia":[{"embeddable":true,"href":"https:\/\/dtfprint.hr\/it\/wp-json\/wp\/v2\/media\/10815"}],"wp:attachment":[{"href":"https:\/\/dtfprint.hr\/it\/wp-json\/wp\/v2\/media?parent=10823"}],"wp:term":[{"taxonomy":"product_brand","embeddable":true,"href":"https:\/\/dtfprint.hr\/it\/wp-json\/wp\/v2\/product_brand?post=10823"},{"taxonomy":"product_cat","embeddable":true,"href":"https:\/\/dtfprint.hr\/it\/wp-json\/wp\/v2\/product_cat?post=10823"},{"taxonomy":"product_tag","embeddable":true,"href":"https:\/\/dtfprint.hr\/it\/wp-json\/wp\/v2\/product_tag?post=10823"}],"curies":[{"name":"wp","href":"https:\/\/api.w.org\/{rel}","templated":true}]}}