{"id":10814,"date":"2025-10-29T05:45:28","date_gmt":"2025-10-29T04:45:28","guid":{"rendered":"https:\/\/dtfprint.hr\/proizvod\/secabo-tpd7-smart-x-laser\/"},"modified":"2025-11-04T09:50:56","modified_gmt":"2025-11-04T08:50:56","slug":"secabo-tpd7-smart-x-laser","status":"publish","type":"product","link":"https:\/\/dtfprint.hr\/it\/proizvod\/secabo-tpd7-smart-x-laser\/","title":{"rendered":"Secabo TPD7 SMART x Laser"},"content":{"rendered":"<p>Precisione ed efficienza per la finitura tessile professionale<\/p>\n<p>La Secabo TPD7 Smart x Laser \u00e8 il modello di punta della nuova generazione di presse a caldo Secabo. Questa pressa pneumatica a doppio piano \u00e8 stata sviluppata appositamente per soddisfare le esigenze delle moderne attivit\u00e0 produttive che richiedono la massima precisione, flessibilit\u00e0 ed efficienza.<\/p>\n<p>Grazie al posizionamento laser integrato, la TPD7 Smart x Laser consente un posizionamento preciso dei transfer, ideale per transfer DTF, pellicole flex e flock e stampa a sublimazione. La doppia superficie di lavoro garantisce un processo di produzione fluido: mentre una lastra viene pressata, l&#039;altra pu\u00f2 gi\u00e0 essere riempita.<br \/>\nModularit\u00e0 che paga<\/p>\n<p>Il design modulare della TPD7 Smart x Laser offre chiari vantaggi: componenti come la piastra riscaldante, la piastra di base o il controller possono essere facilmente sostituiti o ampliati a seconda delle esigenze. Accessori come una base termica o un sistema di cambio rapido rendono la pressa adattabile a un&#039;ampia gamma di applicazioni. Questo concetto garantisce sicurezza dell&#039;investimento, manutenzione rapida e costi di stoccaggio ridotti.<br \/>\nControllo intelligente per processi efficienti<\/p>\n<p>L&#039;app Secabo Smart \u00e8 comodamente gestibile tramite Bluetooth. Ci\u00f2 consente di controllare digitalmente temperatura, tempo e pressione e di salvare i lavori ricorrenti come preimpostazioni. Ci\u00f2 ottimizza il flusso di lavoro e riduce le fonti di errore.<br \/>\nVantaggi del laser Secabo TPD7 Smart x<\/p>\n<p>Posizionamento laser preciso per risultati di stampa senza errori<\/p>\n<p>Pressa pneumatica a doppia piastra per una qualit\u00e0 costante con grandi quantit\u00e0<\/p>\n<p>Design modulare: pu\u00f2 essere adattato in modo rapido e flessibile alle nuove esigenze<\/p>\n<p>Controllo tramite l&#039;app Secabo Smart per il massimo controllo<\/p>\n<p>Ampia area di lavoro, adatta anche a tessuti spessi come felpe con cappuccio o giacche<\/p>\n<p>Funzionamento di sicurezza a due mani e guide incapsulate per un utilizzo sicuro e senza manutenzione<\/p>\n<p>Ha superato con successo un test di carico con 50.000 cicli di pressatura - sviluppato per un uso continuo<\/p>\n<p>Campi tipici di applicazione<\/p>\n<p>Creazione di un trasferimento DTF<\/p>\n<p>Applicazioni di flex e flock nella finitura tessile<\/p>\n<p>Stampa a sublimazione su tessuti<\/p>\n<p>Produzione in serie di beni di lavoro, sportivi e commerciali<br \/>\nConclusione<br \/>\nLa Secabo TPD7 Smart x Laser \u00e8 la scelta ideale per le aziende che apprezzano precisione, efficienza e flessibilit\u00e0. Grazie al suo design modulare, al controllo intelligente e alla comprovata qualit\u00e0 Secabo, offre una soluzione a prova di futuro per tutti i settori della finitura tessile professionale.<\/p>","protected":false},"excerpt":{"rendered":"<p>La Secabo TPD7 Smart x Laser \u00e8 il modello di punta della nuova generazione di presse a caldo Secabo. Questa pressa pneumatica a doppio piano \u00e8 stata sviluppata appositamente per soddisfare le esigenze delle moderne attivit\u00e0 produttive che richiedono la massima precisione, flessibilit\u00e0 ed efficienza.<\/p>","protected":false},"featured_media":10804,"template":"","meta":{"_seopress_robots_primary_cat":"none","_seopress_titles_title":"","_seopress_titles_desc":"","_seopress_robots_index":""},"product_brand":[],"product_cat":[486],"product_tag":[73,487,64,65],"class_list":{"0":"post-10814","1":"product","2":"type-product","3":"status-publish","4":"has-post-thumbnail","6":"product_cat-secabo","7":"product_tag-secabo","8":"product_tag-secabo-heat-press","9":"product_tag-termo-presa","10":"product_tag-termo-presa-za-majice","12":"first","13":"outofstock","14":"sale","15":"taxable","16":"shipping-taxable","17":"purchasable","18":"product-type-simple"},"tiered_pricing_type":"fixed","tiered_pricing_fixed_rules":[],"tiered_pricing_product_settings":{"layout":"default","base_unit_name":{"singular":null,"plural":null},"default_variation":null},"tiered_pricing_minimum_quantity":null,"tiered_pricing_roles_data":[],"tiered_pricing_percentage_rules":[],"tiered_pricing_maximum_quantity":null,"tiered_pricing_quantity_step":null,"_links":{"self":[{"href":"https:\/\/dtfprint.hr\/it\/wp-json\/wp\/v2\/product\/10814","targetHints":{"allow":["GET"]}}],"collection":[{"href":"https:\/\/dtfprint.hr\/it\/wp-json\/wp\/v2\/product"}],"about":[{"href":"https:\/\/dtfprint.hr\/it\/wp-json\/wp\/v2\/types\/product"}],"wp:featuredmedia":[{"embeddable":true,"href":"https:\/\/dtfprint.hr\/it\/wp-json\/wp\/v2\/media\/10804"}],"wp:attachment":[{"href":"https:\/\/dtfprint.hr\/it\/wp-json\/wp\/v2\/media?parent=10814"}],"wp:term":[{"taxonomy":"product_brand","embeddable":true,"href":"https:\/\/dtfprint.hr\/it\/wp-json\/wp\/v2\/product_brand?post=10814"},{"taxonomy":"product_cat","embeddable":true,"href":"https:\/\/dtfprint.hr\/it\/wp-json\/wp\/v2\/product_cat?post=10814"},{"taxonomy":"product_tag","embeddable":true,"href":"https:\/\/dtfprint.hr\/it\/wp-json\/wp\/v2\/product_tag?post=10814"}],"curies":[{"name":"wp","href":"https:\/\/api.w.org\/{rel}","templated":true}]}}