{"id":10799,"date":"2025-10-29T05:44:54","date_gmt":"2025-10-29T04:44:54","guid":{"rendered":"https:\/\/dtfprint.hr\/proizvod\/secabo-td7-lite\/"},"modified":"2025-11-04T09:50:56","modified_gmt":"2025-11-04T08:50:56","slug":"secabo-td7-lite","status":"publish","type":"product","link":"https:\/\/dtfprint.hr\/it\/proizvod\/secabo-td7-lite\/","title":{"rendered":"Secabo TD7 LITE"},"content":{"rendered":"<p>Ingresso modulare nella finitura tessile professionale<\/p>\n<p>La Secabo TD7 Lite \u00e8 la pressa a doppia piastra ideale per principianti e aziende con volumi di produzione medi. Combina la comprovata qualit\u00e0 Secabo con un rapporto qualit\u00e0-prezzo imbattibile e tutti i vantaggi di un design modulare, proprio come i modelli pi\u00f9 grandi.<\/p>\n<p>La tecnologia manuale a doppia piastra consente un funzionamento efficiente: mentre si pressa su un lato, il tessuto successivo pu\u00f2 gi\u00e0 essere preparato sull&#039;altro. Ci\u00f2 garantisce elevate velocit\u00e0 di produzione con perdite di tempo minime e un funzionamento semplice.<br \/>\nModulare e flessibile, anche nel segmento entry-level<\/p>\n<p>Come tutte le attuali presse a caldo Secabo, la TD7 Lite ha un design completamente modulare. Componenti come la piastra riscaldante, la piastra di base o il controller possono essere facilmente sostituiti se necessario. La TD7 Lite \u00e8 inoltre compatibile con un&#039;ampia gamma di accessori, dalla base termica al sistema di piastre intercambiabili.<\/p>\n<p>Ci\u00f2 significa che puoi iniziare in piccolo e aggiornare la versione in qualsiasi momento, se necessario. TD7 Lite cresce con la tua attivit\u00e0.<br \/>\nDesign compatto, ampia superficie di lavoro<\/p>\n<p>Con una superficie di lavoro di 40 x 50 cm, la TD7 Lite offre spazio sufficiente per un&#039;ampia variet\u00e0 di tessuti, dalle magliette e felpe con cappuccio agli abiti da lavoro. La struttura robusta con guide incapsulate garantisce prestazioni di lunga durata, anche con un utilizzo regolare in ambiente produttivo.<br \/>\nVantaggi del Secabo TD7 Lite<\/p>\n<p>Pressa a doppio piano azionata manualmente: lavoro efficiente con poco sforzo<\/p>\n<p>Design modulare: componenti intercambiabili, compatibili con gli accessori dell&#039;universo Secabo<\/p>\n<p>Controller Lite per una gestione semplice e intuitiva della temperatura e del tempo<\/p>\n<p>Ampia area di lavoro, adatta anche per tessuti ingombranti<\/p>\n<p>Altezza massima dell&#039;oggetto di 70 mm, ideale per materiali pi\u00f9 spessi<\/p>\n<p>Guide incapsulate per un funzionamento pulito e una manutenzione ridotta<\/p>\n<p>Campi tipici di applicazione<\/p>\n<p>Finitura di tessuti con fogli flessibili e floccati<\/p>\n<p>Trasferimenti a sublimazione su magliette, borse, tappetini per mouse e altro ancora.<\/p>\n<p>Preparazione di DTF in piccole quantit\u00e0 di produzione<\/p>\n<p>Produzione di prodotti personalizzati nel settore dei media pubblicitari<br \/>\nConclusione<br \/>\nSecabo TD7 Lite \u00e8 la soluzione ideale per entrare nel mondo della finitura tessile professionale: compatta, potente e flessibile. Grazie al suo design modulare, \u00e8 la scelta giusta non solo per oggi, ma anche per domani: man mano che le vostre esigenze crescono, TD7 Lite cresce con voi.<\/p>","protected":false},"excerpt":{"rendered":"<p>La Secabo TD7 Lite \u00e8 la pressa a doppia piastra ideale per principianti e aziende con volumi di produzione medi. Combina la comprovata qualit\u00e0 Secabo con un rapporto qualit\u00e0-prezzo imbattibile e tutti i vantaggi di un design modulare, proprio come i modelli pi\u00f9 grandi.<\/p>","protected":false},"featured_media":10791,"template":"","meta":{"_seopress_robots_primary_cat":"none","_seopress_titles_title":"","_seopress_titles_desc":"","_seopress_robots_index":""},"product_brand":[],"product_cat":[486],"product_tag":[73,487,64,65],"class_list":{"0":"post-10799","1":"product","2":"type-product","3":"status-publish","4":"has-post-thumbnail","6":"product_cat-secabo","7":"product_tag-secabo","8":"product_tag-secabo-heat-press","9":"product_tag-termo-presa","10":"product_tag-termo-presa-za-majice","12":"first","13":"outofstock","14":"sale","15":"taxable","16":"shipping-taxable","17":"purchasable","18":"product-type-simple"},"tiered_pricing_type":"fixed","tiered_pricing_fixed_rules":[],"tiered_pricing_product_settings":{"layout":"default","base_unit_name":{"singular":null,"plural":null},"default_variation":null},"tiered_pricing_minimum_quantity":null,"tiered_pricing_roles_data":[],"tiered_pricing_percentage_rules":[],"tiered_pricing_maximum_quantity":null,"tiered_pricing_quantity_step":null,"_links":{"self":[{"href":"https:\/\/dtfprint.hr\/it\/wp-json\/wp\/v2\/product\/10799","targetHints":{"allow":["GET"]}}],"collection":[{"href":"https:\/\/dtfprint.hr\/it\/wp-json\/wp\/v2\/product"}],"about":[{"href":"https:\/\/dtfprint.hr\/it\/wp-json\/wp\/v2\/types\/product"}],"wp:featuredmedia":[{"embeddable":true,"href":"https:\/\/dtfprint.hr\/it\/wp-json\/wp\/v2\/media\/10791"}],"wp:attachment":[{"href":"https:\/\/dtfprint.hr\/it\/wp-json\/wp\/v2\/media?parent=10799"}],"wp:term":[{"taxonomy":"product_brand","embeddable":true,"href":"https:\/\/dtfprint.hr\/it\/wp-json\/wp\/v2\/product_brand?post=10799"},{"taxonomy":"product_cat","embeddable":true,"href":"https:\/\/dtfprint.hr\/it\/wp-json\/wp\/v2\/product_cat?post=10799"},{"taxonomy":"product_tag","embeddable":true,"href":"https:\/\/dtfprint.hr\/it\/wp-json\/wp\/v2\/product_tag?post=10799"}],"curies":[{"name":"wp","href":"https:\/\/api.w.org\/{rel}","templated":true}]}}