{"id":10774,"date":"2025-10-29T05:44:21","date_gmt":"2025-10-29T04:44:21","guid":{"rendered":"https:\/\/dtfprint.hr\/proizvod\/secabo-tc7-smart-modularna-termo-presa-s-membranom-40cm-x-50cm-i-bluetooth-om\/"},"modified":"2025-11-04T09:50:54","modified_gmt":"2025-11-04T08:50:54","slug":"pressa-termica-modulare-intelligente-secabo-tc7-con-membrana-40-cm-x-50-cm-e-bluetooth-om","status":"publish","type":"product","link":"https:\/\/dtfprint.hr\/it\/proizvod\/secabo-tc7-smart-modularna-termo-presa-s-membranom-40cm-x-50cm-i-bluetooth-om\/","title":{"rendered":"Pressa termica modulare Secabo TC7 SMART con membrana 40 cm x 50 cm e Bluetooth"},"content":{"rendered":"<p>Questo nuovo sviluppo della pressa automatica Secabo TC7 MEMBRAN di successo porta sul mercato una novit\u00e0 mondiale, aprendo una vasta gamma di nuove possibilit\u00e0 per gli utenti: per la prima volta, il controller TC7 SMART MEMBRAN \u00e8 dotato di un&#039;interfaccia Bluetooth che, in combinazione con l&#039;app gratuita Secabo Smart Transfer, consente di utilizzare la pressa accedendo contemporaneamente a un database completo di funzioni. Per l&#039;utente, questo significa: \u00e8 sufficiente inserire il tipo di tessuto e il materiale da trasferire per richiamare le combinazioni appropriate di temperatura, tempo e pressione. Funzioni aggiuntive come il calcolo del tempo di riscaldamento e le funzioni di avviso rendono l&#039;app un valido aiuto per tutti i comuni processi di trasferimento termico. La nuova termopressa Secabo TC7 SMART MEMBRAN offre un&#039;area di lavoro di 40 cm x 50 cm, \u00e8 maneggevole e robusta durante il funzionamento. La piastra di base della termopressa \u00e8 dotata di una membrana passiva. Questo apre molte nuove possibilit\u00e0 di applicazione, soprattutto per oggetti da trasferire con grandi dislivelli e irregolarit\u00e0. La membrana pu\u00f2 essere facilmente gonfiata utilizzando un piccolo palloncino. Ci\u00f2 consente all&#039;utente di determinare l&#039;altezza massima di livellamento della membrana di trasferimento. La pressione di contatto pu\u00f2 essere regolata tramite il grande volantino sulla parte superiore della piastra riscaldante. Quando la pressa a caldo \u00e8 chiusa, il manometro indica in modo affidabile la pressione di contatto attuale, in grammi per centimetro quadrato. Durante il processo di pressatura, \u00e8 possibile un&#039;ulteriore regolazione di precisione tramite la sfera di soffiaggio e la valvola di rilascio. Con la TC7 SMART MEMBRANE, non solo \u00e8 possibile leggere la pressione di trasferimento effettiva, ma \u00e8 anche possibile regolarla ripetutamente e in modo riproducibile. Il design modulare consente l&#039;installazione rapida e semplice di piastre intercambiabili in diversi formati, un sistema di cambio rapido e un&#039;estensione scorrevole. Una piastra di base convenzionale \u00e8 inclusa nella fornitura con la piastra a membrana.<\/p>","protected":false},"excerpt":{"rendered":"<p>La nuova pressa a caldo Secabo TC7 SMART MEMBRANE offre una superficie di lavoro di 40 cm x 50 cm, \u00e8 maneggevole e robusta durante il funzionamento. La piastra di base della pressa a caldo \u00e8 dotata di una membrana passiva. Ci\u00f2 apre numerose nuove possibilit\u00e0 di applicazione, in particolare per oggetti portatili con grandi dislivelli e superfici irregolari.<\/p>","protected":false},"featured_media":10769,"template":"","meta":{"_seopress_robots_primary_cat":"none","_seopress_titles_title":"","_seopress_titles_desc":"","_seopress_robots_index":""},"product_brand":[],"product_cat":[486],"product_tag":[73,487,64,65],"class_list":{"0":"post-10774","1":"product","2":"type-product","3":"status-publish","4":"has-post-thumbnail","6":"product_cat-secabo","7":"product_tag-secabo","8":"product_tag-secabo-heat-press","9":"product_tag-termo-presa","10":"product_tag-termo-presa-za-majice","12":"first","13":"outofstock","14":"sale","15":"taxable","16":"shipping-taxable","17":"purchasable","18":"product-type-simple"},"tiered_pricing_type":"fixed","tiered_pricing_fixed_rules":[],"tiered_pricing_product_settings":{"layout":"default","base_unit_name":{"singular":null,"plural":null},"default_variation":null},"tiered_pricing_minimum_quantity":null,"tiered_pricing_roles_data":[],"tiered_pricing_percentage_rules":[],"tiered_pricing_maximum_quantity":null,"tiered_pricing_quantity_step":null,"_links":{"self":[{"href":"https:\/\/dtfprint.hr\/it\/wp-json\/wp\/v2\/product\/10774","targetHints":{"allow":["GET"]}}],"collection":[{"href":"https:\/\/dtfprint.hr\/it\/wp-json\/wp\/v2\/product"}],"about":[{"href":"https:\/\/dtfprint.hr\/it\/wp-json\/wp\/v2\/types\/product"}],"wp:featuredmedia":[{"embeddable":true,"href":"https:\/\/dtfprint.hr\/it\/wp-json\/wp\/v2\/media\/10769"}],"wp:attachment":[{"href":"https:\/\/dtfprint.hr\/it\/wp-json\/wp\/v2\/media?parent=10774"}],"wp:term":[{"taxonomy":"product_brand","embeddable":true,"href":"https:\/\/dtfprint.hr\/it\/wp-json\/wp\/v2\/product_brand?post=10774"},{"taxonomy":"product_cat","embeddable":true,"href":"https:\/\/dtfprint.hr\/it\/wp-json\/wp\/v2\/product_cat?post=10774"},{"taxonomy":"product_tag","embeddable":true,"href":"https:\/\/dtfprint.hr\/it\/wp-json\/wp\/v2\/product_tag?post=10774"}],"curies":[{"name":"wp","href":"https:\/\/api.w.org\/{rel}","templated":true}]}}