{"id":10768,"date":"2025-10-29T05:42:55","date_gmt":"2025-10-29T04:42:55","guid":{"rendered":"https:\/\/dtfprint.hr\/proizvod\/secabo-tc7-smart-modularna-termo-presa-40cm-x-50cm-s-bluetooth-om\/"},"modified":"2025-11-04T09:50:54","modified_gmt":"2025-11-04T08:50:54","slug":"pressa-termica-modulare-intelligente-secabo-tc7-40cm-x-50cm-con-bluetooth","status":"publish","type":"product","link":"https:\/\/dtfprint.hr\/it\/proizvod\/secabo-tc7-smart-modularna-termo-presa-40cm-x-50cm-s-bluetooth-om\/","title":{"rendered":"Pressa termica modulare Secabo TC7 SMART 40 cm x 50 cm con Bluetooth"},"content":{"rendered":"<p>La nuova termopressa Secabo TC7 SMART apre nuove strade per ottenere prestazioni ancora migliori. Questo nuovo sviluppo della pressa automatica di successo Secabo TC7 porta sul mercato una novit\u00e0 mondiale, aprendo una vasta gamma di nuove possibilit\u00e0 per gli utenti: per la prima volta, il controller TC7 SMART \u00e8 dotato di un&#039;interfaccia Bluetooth che, in combinazione con l&#039;app gratuita Secabo Smart Transfer, consente di utilizzare la pressa accedendo contemporaneamente a un database completo di funzioni. Per l&#039;utente, questo significa: \u00e8 sufficiente inserire il tipo di tessuto e il materiale da trasferire per richiamare le combinazioni appropriate di temperatura, tempo e pressione. Funzioni aggiuntive come il calcolo del tempo di riscaldamento e le funzioni di avviso rendono l&#039;app un valido aiuto per tutti i comuni processi di trasferimento termico. La nuova termopressa Secabo TC7 SMART offre una superficie di lavoro di 40 cm x 50 cm, \u00e8 maneggevole e robusta durante il funzionamento. Il design modulare consente un&#039;installazione rapida e semplice di piastre intercambiabili in diversi formati, un sistema di cambio rapido e un attacco scorrevole.<\/p>","protected":false},"excerpt":{"rendered":"<p>Nova Secabo TC7 SMART Heat Press otvara inovativne na\u010dine za postizanje jo\u0161 boljih performansi. Ovaj novi razvoj uspje\u0161ne automatske pre\u0161e Secabo TC7 donosi prvi na svijetu na tr\u017ei\u0161te, otvaraju\u0107i \u0161irok raspon novih mogu\u0107nosti za korisnike: Po prvi put, kontroler TC7 SMART opremljen je Bluetooth su\u010deljem koje, uz besplatnu aplikaciju Secabo Smart Transfer, omogu\u0107uje upravljanje pre\u0161om [&hellip;]<\/p>\n","protected":false},"featured_media":10761,"template":"","meta":{"_seopress_robots_primary_cat":"none","_seopress_titles_title":"","_seopress_titles_desc":"","_seopress_robots_index":""},"product_brand":[],"product_cat":[486],"product_tag":[73,487,64,65],"class_list":{"0":"post-10768","1":"product","2":"type-product","3":"status-publish","4":"has-post-thumbnail","6":"product_cat-secabo","7":"product_tag-secabo","8":"product_tag-secabo-heat-press","9":"product_tag-termo-presa","10":"product_tag-termo-presa-za-majice","12":"first","13":"instock","14":"sale","15":"taxable","16":"shipping-taxable","17":"purchasable","18":"product-type-simple"},"tiered_pricing_type":"fixed","tiered_pricing_fixed_rules":[],"tiered_pricing_product_settings":{"layout":"default","base_unit_name":{"singular":null,"plural":null},"default_variation":null},"tiered_pricing_minimum_quantity":null,"tiered_pricing_roles_data":[],"tiered_pricing_percentage_rules":[],"tiered_pricing_maximum_quantity":null,"tiered_pricing_quantity_step":null,"_links":{"self":[{"href":"https:\/\/dtfprint.hr\/it\/wp-json\/wp\/v2\/product\/10768","targetHints":{"allow":["GET"]}}],"collection":[{"href":"https:\/\/dtfprint.hr\/it\/wp-json\/wp\/v2\/product"}],"about":[{"href":"https:\/\/dtfprint.hr\/it\/wp-json\/wp\/v2\/types\/product"}],"wp:featuredmedia":[{"embeddable":true,"href":"https:\/\/dtfprint.hr\/it\/wp-json\/wp\/v2\/media\/10761"}],"wp:attachment":[{"href":"https:\/\/dtfprint.hr\/it\/wp-json\/wp\/v2\/media?parent=10768"}],"wp:term":[{"taxonomy":"product_brand","embeddable":true,"href":"https:\/\/dtfprint.hr\/it\/wp-json\/wp\/v2\/product_brand?post=10768"},{"taxonomy":"product_cat","embeddable":true,"href":"https:\/\/dtfprint.hr\/it\/wp-json\/wp\/v2\/product_cat?post=10768"},{"taxonomy":"product_tag","embeddable":true,"href":"https:\/\/dtfprint.hr\/it\/wp-json\/wp\/v2\/product_tag?post=10768"}],"curies":[{"name":"wp","href":"https:\/\/api.w.org\/{rel}","templated":true}]}}