{"id":10754,"date":"2025-10-29T05:40:19","date_gmt":"2025-10-29T04:40:19","guid":{"rendered":"https:\/\/dtfprint.hr\/proizvod\/secabo-tc5-smart-modularna-termo-presa-38cm-x-38cm-s-bluetooth-om\/"},"modified":"2025-11-04T09:50:53","modified_gmt":"2025-11-04T08:50:53","slug":"pressa-termica-modulare-intelligente-secabo-tc5-38cm-x-38cm-con-bluetooth","status":"publish","type":"product","link":"https:\/\/dtfprint.hr\/it\/proizvod\/secabo-tc5-smart-modularna-termo-presa-38cm-x-38cm-s-bluetooth-om\/","title":{"rendered":"Pressa termica modulare Secabo TC5 SMART 38 cm x 38 cm con Bluetooth"},"content":{"rendered":"<p>La nuova termopressa Secabo TC5 SMART apre nuove strade per ottenere prestazioni ancora migliori. Questo nuovo sviluppo della pressa automatica di successo Secabo TC5 porta sul mercato una novit\u00e0 mondiale, aprendo una vasta gamma di nuove possibilit\u00e0 per gli utenti: per la prima volta, il controller TC5 SMART \u00e8 dotato di un&#039;interfaccia Bluetooth che, in combinazione con l&#039;app gratuita Secabo Smart Transfer, consente di utilizzare la pressa accedendo contemporaneamente a un database completo di funzioni. Per l&#039;utente, questo significa: \u00e8 sufficiente inserire il tipo di tessuto e il materiale da trasferire per richiamare le combinazioni appropriate di temperatura, tempo e pressione. Funzioni aggiuntive come il calcolo del tempo di riscaldamento e le funzioni di avviso rendono l&#039;app un valido aiuto per tutti i comuni processi di trasferimento termico. La nuova termopressa Secabo TC5 SMART offre una superficie di lavoro di 38 cm x 38 cm, \u00e8 maneggevole e robusta durante il funzionamento. Il design modulare consente l&#039;installazione rapida e semplice di piastre intercambiabili in diversi formati, un sistema di cambio rapido e un attacco scorrevole.<\/p>\n<p>L&#039;innovativa termopressa Secabo TC7 SMART rivoluziona la tecnologia di trasferimento termico e offre prestazioni eccezionali. Quest&#039;ultima evoluzione della popolare pressa automatica Secabo TC7 \u00e8 dotata di una rivoluzionaria interfaccia Bluetooth che, in combinazione con l&#039;app gratuita Secabo Smart Transfer, consente un facile utilizzo della pressa. Gli utenti possono inserire facilmente il tipo di tessuto e trasferire il materiale per recuperare immediatamente le impostazioni ottimali di temperatura, tempo e pressione. Funzioni aggiuntive come il calcolo del tempo di riscaldamento e gli avvisi rendono l&#039;app uno strumento indispensabile per tutti i comuni processi di trasferimento termico. Con un&#039;ampia superficie di lavoro di 40 cm x 50 cm, la Secabo TC7 SMART \u00e8 facile da usare e robusta nell&#039;uso quotidiano. Il design modulare consente una sostituzione rapida e semplice delle piastre intercambiabili in diversi formati, nonch\u00e9 un efficiente sistema di cambio rapido e un&#039;estensione scorrevole. Funzioni di visualizzazione intelligenti e un concetto operativo intuitivo<\/p>\n<p>I nostri modelli SMART sono dotati di una nuova elettronica sviluppata sulla base della vasta esperienza di Secab nel settore. Per la prima volta, il controller digitale della pressa ad apertura automatica dispone di un&#039;interfaccia Bluetooth e pu\u00f2 essere controllato tramite l&#039;app gratuita Secabo Smart Transfer. Un&#039;ulteriore innovazione sono le funzionalit\u00e0 del controller riviste. Oltre alle impostazioni familiari come temperatura e tempo, la gamma di funzioni \u00e8 stata ampliata per includere impostazioni di pre-pressa, una funzione di conteggio, modalit\u00e0 sleep e spegnimento automatico, 10 posizioni di memoria per i parametri di trasmissione e molte altre funzionalit\u00e0. Il concetto di controllo \u00e8 stato completamente rivisto per offrire all&#039;utente una gestione della pressione ancora migliore: la nuova manopola e l&#039;ampio display contribuiscono in modo significativo a questo risultato.<\/p>","protected":false},"excerpt":{"rendered":"<p>La nuova termopressa Secabo TC5 SMART offre una superficie di lavoro di 38 cm x 38 cm, \u00e8 maneggevole e robusta durante il funzionamento. Il design modulare consente un&#039;installazione rapida e semplice di piastre intercambiabili in diversi formati, un sistema di cambio rapido e un&#039;estensione scorrevole.<\/p>","protected":false},"featured_media":10747,"template":"","meta":{"_seopress_robots_primary_cat":"none","_seopress_titles_title":"","_seopress_titles_desc":"","_seopress_robots_index":""},"product_brand":[],"product_cat":[486],"product_tag":[73,487,64,65],"class_list":{"0":"post-10754","1":"product","2":"type-product","3":"status-publish","4":"has-post-thumbnail","6":"product_cat-secabo","7":"product_tag-secabo","8":"product_tag-secabo-heat-press","9":"product_tag-termo-presa","10":"product_tag-termo-presa-za-majice","12":"first","13":"instock","14":"sale","15":"taxable","16":"shipping-taxable","17":"purchasable","18":"product-type-simple"},"tiered_pricing_type":"fixed","tiered_pricing_fixed_rules":[],"tiered_pricing_product_settings":{"layout":"default","base_unit_name":{"singular":null,"plural":null},"default_variation":null},"tiered_pricing_minimum_quantity":null,"tiered_pricing_roles_data":[],"tiered_pricing_percentage_rules":[],"tiered_pricing_maximum_quantity":null,"tiered_pricing_quantity_step":null,"_links":{"self":[{"href":"https:\/\/dtfprint.hr\/it\/wp-json\/wp\/v2\/product\/10754","targetHints":{"allow":["GET"]}}],"collection":[{"href":"https:\/\/dtfprint.hr\/it\/wp-json\/wp\/v2\/product"}],"about":[{"href":"https:\/\/dtfprint.hr\/it\/wp-json\/wp\/v2\/types\/product"}],"wp:featuredmedia":[{"embeddable":true,"href":"https:\/\/dtfprint.hr\/it\/wp-json\/wp\/v2\/media\/10747"}],"wp:attachment":[{"href":"https:\/\/dtfprint.hr\/it\/wp-json\/wp\/v2\/media?parent=10754"}],"wp:term":[{"taxonomy":"product_brand","embeddable":true,"href":"https:\/\/dtfprint.hr\/it\/wp-json\/wp\/v2\/product_brand?post=10754"},{"taxonomy":"product_cat","embeddable":true,"href":"https:\/\/dtfprint.hr\/it\/wp-json\/wp\/v2\/product_cat?post=10754"},{"taxonomy":"product_tag","embeddable":true,"href":"https:\/\/dtfprint.hr\/it\/wp-json\/wp\/v2\/product_tag?post=10754"}],"curies":[{"name":"wp","href":"https:\/\/api.w.org\/{rel}","templated":true}]}}