{"id":10729,"date":"2025-10-29T05:38:56","date_gmt":"2025-10-29T04:38:56","guid":{"rendered":"https:\/\/dtfprint.hr\/proizvod\/ljetni-popust-secabo-tc5-smart-energy-saver-modularna-termo-presa-38cm-x-38cm\/"},"modified":"2025-11-04T09:50:53","modified_gmt":"2025-11-04T08:50:53","slug":"sconto-estivo-secabo-tc5-smart-energy-saver-pressa-termica-modulare-38-cm-x-38-cm","status":"publish","type":"product","link":"https:\/\/dtfprint.hr\/it\/proizvod\/ljetni-popust-secabo-tc5-smart-energy-saver-modularna-termo-presa-38cm-x-38cm\/","title":{"rendered":"Sconto estivo: pressa termica modulare Secabo TC5 SMART Energy Saver 38 cm x 38 cm"},"content":{"rendered":"<p>Una rivoluzione nella tecnologia della pressa a caldo<\/p>\n<p>Integra sostenibilit\u00e0 ed efficienza direttamente nella tua attivit\u00e0 con il nuovo Secabo TC5 SMART Energy Saver. Questo sistema avanzato combina tecnologia all&#039;avanguardia con una piattaforma ad alta efficienza energetica per offrirti un&#039;esperienza di trasmissione di prima classe.<\/p>\n<p>Il risparmio energetico ridefinito:<\/p>\n<p>La piastra riscaldante integrata Energy Saver HP5 \u00e8 il cuore di questo sviluppo rivoluzionario. Grazie all&#039;isolamento aggiuntivo, questa piastra riscaldante riduce significativamente il consumo energetico quando non \u00e8 in funzione. E la copertura appositamente sviluppata non solo garantisce sicurezza e protezione dalle ustioni, ma anche un ulteriore risparmio energetico. Non \u00e8 solo una questione di costi, ma anche di ambiente, con un potenziale risparmio fino a 374 euro all&#039;anno e una significativa riduzione delle emissioni di CO2.<\/p>\n<p>Flessibilit\u00e0 e adattabilit\u00e0:<\/p>\n<p>Grazie al suo design modulare e al sistema di cambio rapido, il TC5 SMART Energy Saver \u00e8 ideale per le aziende che necessitano di adattabilit\u00e0 e scalabilit\u00e0.<\/p>\n<p>La Secabo TC5 SMART Energy Saver \u00e8 pi\u00f9 di una semplice pressa a caldo. \u00c8 una soluzione completa che unisce efficienza energetica, tecnologia all&#039;avanguardia e prestazioni di prima classe. Scopri i numerosi vantaggi e le opzioni per ottimizzare il tuo lavoro.<\/p>\n<p>Design ecologico:<\/p>\n<p>Conserva le risorse con un design sostenibile e un consumo energetico ridotto per ridurre il tuo impatto sull&#039;ambiente.<\/p>\n<p>Gestione energetica ottimizzata:<\/p>\n<p>La gestione intelligente dell&#039;energia garantisce consumi ridotti e una dispersione di calore ridotta al minimo durante le ore di lavoro.<\/p>\n<p>Analisi dei consumi:<\/p>\n<p>La capacit\u00e0 di monitorare i consumi energetici per individuare e sfruttare al meglio i potenziali risparmi.<\/p>\n<p>Maggiore durata:<\/p>\n<p>Il ridotto consumo energetico garantisce una minore usura e quindi una maggiore durata del dispositivo.<\/p>\n<p>Risparmio sui costi:<\/p>\n<p>L&#039;economia del risparmio energetico contribuisce ad un pi\u00f9 rapido ammortamento dei costi di acquisto.<\/p>\n<p>Aumento della produttivit\u00e0:<\/p>\n<p>Una gestione energetica pi\u00f9 efficiente consente tempi di funzionamento pi\u00f9 lunghi e quindi aumenta la produttivit\u00e0.<\/p>\n<p>Riduzione delle emissioni di CO2:<\/p>\n<p>L&#039;impiego di tecnologie ad alta efficienza energetica riduce significativamente le emissioni di CO2, contribuendo cos\u00ec alla tutela dell&#039;ambiente.<\/p>\n<p>Miglioramento del trasferimento di calore:<\/p>\n<p>L&#039;efficienza energetica ottimizzata garantisce un trasferimento del calore pi\u00f9 uniforme e preciso nelle presse a caldo.<\/p>\n<p>Caratteristiche di Smart Energy:<\/p>\n<p>Tecnologie innovative come lo spegnimento automatico e la modalit\u00e0 sospensione durante l&#039;inattivit\u00e0 consentono di risparmiare ulteriore energia.<\/p>\n<p>Caratteristiche:<\/p>\n<p>Interfaccia Bluetooth per l&#039;app Secabo Smart Transfer con database di trasferimento proprio e numerose funzionalit\u00e0 aggiuntive<br \/>\nRegolatore digitale per temperatura, tempo, pre-stampa, funzione di conteggio e molte altre funzioni<br \/>\n100% nuovo design e nuova elettronica incl. display e concetto di gestione<br \/>\nLa pressa a caldo si apre automaticamente dopo che \u00e8 trascorso il tempo<br \/>\nPressione di contatto facilmente regolabile<br \/>\nForza regolabile per l&#039;apertura e la chiusura della pressa<br \/>\nPiastra riscaldante con piastra protettiva aggiuntiva<br \/>\nDesign modulare, dimensioni compatte, pacchetti leggeri<br \/>\nAdatto a tutti i processi di trasferimento comuni<br \/>\nPer una produttivit\u00e0 ancora maggiore, \u00e8 possibile equipaggiarlo con accessori quali piastre intercambiabili, un&#039;estensione scorrevole o una piastra riscaldante a membrana.<\/p>","protected":false},"excerpt":{"rendered":"<p>La piastra riscaldante integrata Energy Saver HP5 \u00e8 il cuore di questo sviluppo rivoluzionario. Grazie all&#039;isolamento aggiuntivo, questa piastra riscaldante riduce significativamente il consumo energetico quando non \u00e8 in funzione. E la copertura appositamente sviluppata non solo garantisce sicurezza e protezione dalle ustioni, ma anche un ulteriore risparmio energetico.<\/p>","protected":false},"featured_media":10725,"template":"","meta":{"_seopress_robots_primary_cat":"none","_seopress_titles_title":"","_seopress_titles_desc":"","_seopress_robots_index":""},"product_brand":[],"product_cat":[486],"product_tag":[73,487,64,65],"class_list":{"0":"post-10729","1":"product","2":"type-product","3":"status-publish","4":"has-post-thumbnail","6":"product_cat-secabo","7":"product_tag-secabo","8":"product_tag-secabo-heat-press","9":"product_tag-termo-presa","10":"product_tag-termo-presa-za-majice","12":"first","13":"instock","14":"sale","15":"taxable","16":"shipping-taxable","17":"purchasable","18":"product-type-simple"},"tiered_pricing_type":"fixed","tiered_pricing_fixed_rules":[],"tiered_pricing_product_settings":{"layout":"default","base_unit_name":{"singular":null,"plural":null},"default_variation":null},"tiered_pricing_minimum_quantity":null,"tiered_pricing_roles_data":[],"tiered_pricing_percentage_rules":[],"tiered_pricing_maximum_quantity":null,"tiered_pricing_quantity_step":null,"_links":{"self":[{"href":"https:\/\/dtfprint.hr\/it\/wp-json\/wp\/v2\/product\/10729","targetHints":{"allow":["GET"]}}],"collection":[{"href":"https:\/\/dtfprint.hr\/it\/wp-json\/wp\/v2\/product"}],"about":[{"href":"https:\/\/dtfprint.hr\/it\/wp-json\/wp\/v2\/types\/product"}],"wp:featuredmedia":[{"embeddable":true,"href":"https:\/\/dtfprint.hr\/it\/wp-json\/wp\/v2\/media\/10725"}],"wp:attachment":[{"href":"https:\/\/dtfprint.hr\/it\/wp-json\/wp\/v2\/media?parent=10729"}],"wp:term":[{"taxonomy":"product_brand","embeddable":true,"href":"https:\/\/dtfprint.hr\/it\/wp-json\/wp\/v2\/product_brand?post=10729"},{"taxonomy":"product_cat","embeddable":true,"href":"https:\/\/dtfprint.hr\/it\/wp-json\/wp\/v2\/product_cat?post=10729"},{"taxonomy":"product_tag","embeddable":true,"href":"https:\/\/dtfprint.hr\/it\/wp-json\/wp\/v2\/product_tag?post=10729"}],"curies":[{"name":"wp","href":"https:\/\/api.w.org\/{rel}","templated":true}]}}