{"id":10724,"date":"2025-10-29T05:38:54","date_gmt":"2025-10-29T04:38:54","guid":{"rendered":"https:\/\/dtfprint.hr\/proizvod\/ljetni-popust-secabo-tc5-lite-modularna-termo-presa-38cm-x-38cm\/"},"modified":"2025-11-04T09:50:53","modified_gmt":"2025-11-04T08:50:53","slug":"sconto-estivo-secabo-tc5-lite-pressa-termica-modulare-38-cm-x-38-cm","status":"publish","type":"product","link":"https:\/\/dtfprint.hr\/it\/proizvod\/ljetni-popust-secabo-tc5-lite-modularna-termo-presa-38cm-x-38cm\/","title":{"rendered":"Sconto estivo: pressa termica modulare Secabo TC5 LITE 38 cm x 38 cm"},"content":{"rendered":"<p>Massime prestazioni e massima praticit\u00e0 con la serie Secabo LITE: con questo nuovo sviluppo della pressa di successo Secabo TC5, Secabo lancia sul mercato un sistema modulare redditizio che apre una vasta gamma di nuove possibilit\u00e0 per gli utenti. Maggiore flessibilit\u00e0 grazie a componenti facilmente sostituibili: in breve, un prodotto base con ottime possibilit\u00e0 di aggiornamento. I nuovi modelli LITE offrono quindi il vantaggio che singole piastre di base o piastre riscaldanti possono essere adattate a basso costo e i componenti possono essere facilmente sostituiti secondo necessit\u00e0. La termopressa TC5 LITE di Secabo \u00e8 una pressa modulare con apertura automatica. L&#039;utente non deve attendere accanto alla pressa durante il trasferimento, ma pu\u00f2 invece svolgere altre attivit\u00e0. Trascorso il tempo impostato, la pressa si apre automaticamente e viene annunciata con tre secondi di anticipo da un segnale acustico. Il processo di pressatura pu\u00f2 essere interrotto in qualsiasi momento premendo un pulsante, ad esempio per la pre-pressatura di tessuti. La temperatura e il tempo di pressatura sono comodamente preselezionati tramite il controllo digitale. La pressione di contatto viene impostata tramite un grande volantino sulla parte superiore della piastra riscaldante. La termopressa TC5 LITE, con una superficie di lavoro di 38 cm x 38 cm, \u00e8 dotata di una piastra di copertura aggiuntiva sulla piastra riscaldante per proteggere l&#039;utente dalle ustioni. Il design della TC5 LITE \u00e8 completamente modulare: l&#039;unit\u00e0 di controllo, la piastra riscaldante, la piastra di base e il telaio di base possono essere rimossi e sostituiti in pochi semplici passaggi. Ci\u00f2 consente anche l&#039;utilizzo di altre piastre riscaldanti, ad esempio. Le termopresse LITE offrono tutto ci\u00f2 che rende il trasferimento tessile con Secabo cos\u00ec pratico. Sono naturalmente possibili tutte le applicazioni professionali dei comuni processi di trasferimento termico come pellicole floccate, pellicole flessibili, sublimazione, flex a getto d&#039;inchiostro, ecc. La Secabo TC5 LITE pu\u00f2 essere dotata opzionalmente di piastre intercambiabili in vari formati, tra cui una piastra di base a membrana, un sistema di cambio rapido e un&#039;estensione scorrevole per l&#039;utilizzo come pressa a doppia piastra. \u00c8 inoltre possibile aggiornare la TC5 LITE alla nostra serie Secabo TC-SMART.<\/p>","protected":false},"excerpt":{"rendered":"<p>La termopressa TC5 LITE di Secabo \u00e8 una pressa modulare con apertura automatica. Un sistema modulare che apre un&#039;ampia gamma di nuove possibilit\u00e0 per gli utenti. Maggiore flessibilit\u00e0 grazie ai componenti facilmente sostituibili: in breve, un prodotto base con ottime possibilit\u00e0 di upgrade.<\/p>","protected":false},"featured_media":10715,"template":"","meta":{"_seopress_robots_primary_cat":"none","_seopress_titles_title":"","_seopress_titles_desc":"","_seopress_robots_index":""},"product_brand":[],"product_cat":[486],"product_tag":[73,487,64,65],"class_list":{"0":"post-10724","1":"product","2":"type-product","3":"status-publish","4":"has-post-thumbnail","6":"product_cat-secabo","7":"product_tag-secabo","8":"product_tag-secabo-heat-press","9":"product_tag-termo-presa","10":"product_tag-termo-presa-za-majice","12":"first","13":"instock","14":"sale","15":"taxable","16":"shipping-taxable","17":"purchasable","18":"product-type-simple"},"tiered_pricing_type":"fixed","tiered_pricing_fixed_rules":[],"tiered_pricing_product_settings":{"layout":"default","base_unit_name":{"singular":null,"plural":null},"default_variation":null},"tiered_pricing_minimum_quantity":null,"tiered_pricing_roles_data":[],"tiered_pricing_percentage_rules":[],"tiered_pricing_maximum_quantity":null,"tiered_pricing_quantity_step":null,"_links":{"self":[{"href":"https:\/\/dtfprint.hr\/it\/wp-json\/wp\/v2\/product\/10724","targetHints":{"allow":["GET"]}}],"collection":[{"href":"https:\/\/dtfprint.hr\/it\/wp-json\/wp\/v2\/product"}],"about":[{"href":"https:\/\/dtfprint.hr\/it\/wp-json\/wp\/v2\/types\/product"}],"wp:featuredmedia":[{"embeddable":true,"href":"https:\/\/dtfprint.hr\/it\/wp-json\/wp\/v2\/media\/10715"}],"wp:attachment":[{"href":"https:\/\/dtfprint.hr\/it\/wp-json\/wp\/v2\/media?parent=10724"}],"wp:term":[{"taxonomy":"product_brand","embeddable":true,"href":"https:\/\/dtfprint.hr\/it\/wp-json\/wp\/v2\/product_brand?post=10724"},{"taxonomy":"product_cat","embeddable":true,"href":"https:\/\/dtfprint.hr\/it\/wp-json\/wp\/v2\/product_cat?post=10724"},{"taxonomy":"product_tag","embeddable":true,"href":"https:\/\/dtfprint.hr\/it\/wp-json\/wp\/v2\/product_tag?post=10724"}],"curies":[{"name":"wp","href":"https:\/\/api.w.org\/{rel}","templated":true}]}}