{"id":10709,"date":"2025-10-29T05:38:46","date_gmt":"2025-10-29T04:38:46","guid":{"rendered":"https:\/\/dtfprint.hr\/proizvod\/secabo-tc7-lite-energy-saver-modularna-termo-presa-40cm-x-50cm\/"},"modified":"2025-11-04T09:50:56","modified_gmt":"2025-11-04T08:50:56","slug":"pressa-termica-modulare-secabo-tc7-lite-energy-saver-40-cm-x-50-cm","status":"publish","type":"product","link":"https:\/\/dtfprint.hr\/it\/proizvod\/secabo-tc7-lite-energy-saver-modularna-termo-presa-40cm-x-50cm\/","title":{"rendered":"Pressa termica modulare Secabo TC7 LITE Energy Saver 40 cm x 50 cm"},"content":{"rendered":"<p>Un aggiornamento all&#039;avanguardia in termini di efficienza energetica e comodit\u00e0 di trasmissione<\/p>\n<p>Aumenta l&#039;efficienza energetica e rivoluziona il tuo lavoro con la Secabo TC7 LITE Energy Saver. Dotata della rivoluzionaria piastra riscaldante Secabo Energy Saver HP5, questa pressa a caldo rappresenta una combinazione senza precedenti di tecnologia e sostenibilit\u00e0.<\/p>\n<p>L&#039;efficienza energetica ottimale incontra le prestazioni d&#039;\u00e9lite:<\/p>\n<p>La piastra riscaldante integrata HP5 ES colpisce per il suo isolamento aggiuntivo che riduce significativamente il consumo energetico in modalit\u00e0 standby e promette un risparmio fino a 80%. Durante il funzionamento, questa piastra riscaldante \u00e8 progettata per funzionare con un&#039;efficienza superiore a 30%, il che non solo consente un notevole risparmio energetico, ma contribuisce anche a ridurre l&#039;impatto ambientale del lavoro.<\/p>\n<p>Sicurezza incentrata sull&#039;utente e facilit\u00e0 d&#039;uso:<\/p>\n<p>Grazie alla copertura appositamente progettata, i vostri dipendenti saranno protetti da potenziali ustioni, riducendo ulteriormente il consumo energetico. La piastra riscaldante senza copertura \u00e8 estremamente facile da usare. Il volantino consente di regolare con precisione la pressione di contatto, per un avvio immediato.<\/p>\n<p>Massima efficienza dei costi per la tua attivit\u00e0:<\/p>\n<p>Immagina di risparmiare fino a 374 euro all&#039;anno sui costi energetici semplicemente utilizzando Secabo TC7 LITE Energy Saver per una giornata lavorativa di 8 ore e un prezzo dell&#039;elettricit\u00e0 di 0,4 euro\/kWh. Non si tratta solo di un notevole risparmio sui costi, ma anche di un passo avanti verso un lavoro pi\u00f9 rispettoso dell&#039;ambiente.<\/p>\n<p>La Secabo TC7 LITE Energy Saver rappresenta il futuro della tecnologia delle termopresse. Combina prestazioni di prima classe, efficienza energetica e facilit\u00e0 d&#039;uso in un unico pacchetto straordinario. \u00c8 ora di fare il passo successivo e ottimizzare il tuo lavoro con la tecnologia rivoluzionaria di Secabo. Scopri innumerevoli vantaggi e aumenta l&#039;efficienza e la sostenibilit\u00e0 della tua attivit\u00e0.<\/p>\n<p>Design ecologico:<\/p>\n<p>Conserva le risorse con un design sostenibile e un consumo energetico ridotto per ridurre il tuo impatto sull&#039;ambiente.<\/p>\n<p>Gestione energetica ottimizzata:<\/p>\n<p>La gestione intelligente dell&#039;energia garantisce consumi ridotti e una dispersione di calore ridotta al minimo durante le ore di lavoro.<\/p>\n<p>Analisi dei consumi:<\/p>\n<p>La capacit\u00e0 di monitorare i consumi energetici per individuare e sfruttare al meglio i potenziali risparmi.<\/p>\n<p>Maggiore durata:<\/p>\n<p>Il ridotto consumo energetico garantisce una minore usura e quindi una maggiore durata del dispositivo.<\/p>\n<p>Risparmio sui costi:<\/p>\n<p>L&#039;economia del risparmio energetico contribuisce ad un pi\u00f9 rapido ammortamento dei costi di acquisto.<\/p>\n<p>Aumento della produttivit\u00e0:<\/p>\n<p>Una gestione energetica pi\u00f9 efficiente consente tempi di funzionamento pi\u00f9 lunghi e quindi aumenta la produttivit\u00e0.<\/p>\n<p>Riduzione delle emissioni di CO2:<\/p>\n<p>L&#039;impiego di tecnologie ad alta efficienza energetica riduce significativamente le emissioni di CO2, contribuendo cos\u00ec alla tutela dell&#039;ambiente.<\/p>\n<p>Miglioramento del trasferimento di calore:<\/p>\n<p>L&#039;efficienza energetica ottimizzata garantisce un trasferimento del calore pi\u00f9 uniforme e preciso nelle presse a caldo.<\/p>\n<p>Caratteristiche di Smart Energy:<\/p>\n<p>Tecnologie innovative come lo spegnimento automatico e la modalit\u00e0 sospensione durante l&#039;inattivit\u00e0 consentono di risparmiare ulteriore energia.<\/p>\n<p>Caratteristiche:<\/p>\n<p>Una volta trascorso il tempo impostato, la pressa termica si apre automaticamente.<br \/>\nRegolatore digitale di temperatura e tempo<br \/>\nLa temperatura (max. 250\u00b0C) e il tempo possono essere impostati sul controller utilizzando i tasti freccia<br \/>\nDesign modulare, i componenti sono facili da cambiare<br \/>\nAggiornamento alla versione Secabo SMART possibile in qualsiasi momento<br \/>\nPressione di contatto facilmente regolabile<br \/>\nPiastra riscaldante di alta qualit\u00e0 con piastra protettiva aggiuntiva<br \/>\nAdatto a tutti i metodi di trasferimento comuni<br \/>\nPer una produttivit\u00e0 ancora maggiore, \u00e8 possibile equipaggiarlo con accessori quali piastre intercambiabili, un&#039;estensione scorrevole o una piastra riscaldante a membrana.<\/p>","protected":false},"excerpt":{"rendered":"<p>Aumenta l&#039;efficienza energetica e rivoluziona il tuo lavoro con la Secabo TC7 LITE Energy Saver. Dotata della rivoluzionaria piastra riscaldante Secabo Energy Saver HP5, questa pressa a caldo rappresenta una combinazione senza precedenti di tecnologia e sostenibilit\u00e0.<\/p>","protected":false},"featured_media":10703,"template":"","meta":{"_seopress_robots_primary_cat":"none","_seopress_titles_title":"","_seopress_titles_desc":"","_seopress_robots_index":""},"product_brand":[],"product_cat":[486],"product_tag":[73,487,64,65],"class_list":{"0":"post-10709","1":"product","2":"type-product","3":"status-publish","4":"has-post-thumbnail","6":"product_cat-secabo","7":"product_tag-secabo","8":"product_tag-secabo-heat-press","9":"product_tag-termo-presa","10":"product_tag-termo-presa-za-majice","12":"first","13":"instock","14":"sale","15":"taxable","16":"shipping-taxable","17":"purchasable","18":"product-type-simple"},"tiered_pricing_type":"fixed","tiered_pricing_fixed_rules":[],"tiered_pricing_product_settings":{"layout":"default","base_unit_name":{"singular":null,"plural":null},"default_variation":null},"tiered_pricing_minimum_quantity":null,"tiered_pricing_roles_data":[],"tiered_pricing_percentage_rules":[],"tiered_pricing_maximum_quantity":null,"tiered_pricing_quantity_step":null,"_links":{"self":[{"href":"https:\/\/dtfprint.hr\/it\/wp-json\/wp\/v2\/product\/10709","targetHints":{"allow":["GET"]}}],"collection":[{"href":"https:\/\/dtfprint.hr\/it\/wp-json\/wp\/v2\/product"}],"about":[{"href":"https:\/\/dtfprint.hr\/it\/wp-json\/wp\/v2\/types\/product"}],"wp:featuredmedia":[{"embeddable":true,"href":"https:\/\/dtfprint.hr\/it\/wp-json\/wp\/v2\/media\/10703"}],"wp:attachment":[{"href":"https:\/\/dtfprint.hr\/it\/wp-json\/wp\/v2\/media?parent=10709"}],"wp:term":[{"taxonomy":"product_brand","embeddable":true,"href":"https:\/\/dtfprint.hr\/it\/wp-json\/wp\/v2\/product_brand?post=10709"},{"taxonomy":"product_cat","embeddable":true,"href":"https:\/\/dtfprint.hr\/it\/wp-json\/wp\/v2\/product_cat?post=10709"},{"taxonomy":"product_tag","embeddable":true,"href":"https:\/\/dtfprint.hr\/it\/wp-json\/wp\/v2\/product_tag?post=10709"}],"curies":[{"name":"wp","href":"https:\/\/api.w.org\/{rel}","templated":true}]}}