{"id":1014,"date":"2024-11-10T00:06:22","date_gmt":"2024-11-09T23:06:22","guid":{"rendered":"https:\/\/dtfprint.hr\/?post_type=product&#038;p=1014"},"modified":"2024-11-13T22:54:34","modified_gmt":"2024-11-13T21:54:34","slug":"stahls-hotronix-pressa-termica-con-apertura-automatica-per-magliette-piastra-40x50-cm-1750-w","status":"publish","type":"product","link":"https:\/\/dtfprint.hr\/it\/proizvod\/stahls-hotronix-auto-open-termo-presa-za-majice-ploca-40x50cm-1750w\/","title":{"rendered":"Stahls Hotronix\u00ae Auto Open \u2013 Pressa termica per magliette, piastra 40x50cm, 1750W"},"content":{"rendered":"<p><strong>Stampa termica Stahls Hotronix\u00ae Auto Open per magliette<\/strong> \u2013 Pressa termica professionale da 40\u00d750 cm, che offre apertura automatica e controllo digitale. Dotato di un&#039;innovativa chiusura magnetica, \u00e8 facile da usare e ideale per stampe di alta qualit\u00e0.<\/p>\n<p><strong>Termopressa Stahls Hotronix\u00ae Auto Open per magliette, 40x50 cm, 1750W<\/strong> porta una tecnologia innovativa per una stampa precisa e semplice sui tessuti. Questa termopressa include un rilascio automatico senza compressore, che consente un funzionamento rapido e conveniente, mentre la chiusura magnetica garantisce una pressione uniforme senza ulteriore sforzo. I sistemi digitali di controllo del tempo e della temperatura forniscono una precisione completa con opzioni di doppia temporizzazione per applicazioni pi\u00f9 complesse. Il risparmio di spazio e il design compatto consentono l&#039;installazione di pi\u00f9 macchine e la massima produzione.<\/p>\n<h3>Specifiche del prodotto<\/h3>\n<ul>\n<li><strong>Chiusura magnetica brevettata<\/strong> con sblocco automatico<\/li>\n<li><strong>Visualizzazione digitale di tempo e temperatura<\/strong> con precisione al grado<\/li>\n<li><strong>Conto alla rovescia a due fasi<\/strong> per applicazioni complesse, con un tempo massimo di 999 secondi<\/li>\n<li><strong>Spessore della piastra superiore<\/strong> di 2 cm con rivestimento antiaderente<\/li>\n<li><strong>Regolazione della pressione brevettata al centro<\/strong> per una pressione uniforme<\/li>\n<li><strong>Compatibile con diverse piastre inferiori<\/strong> per applicazioni personalizzate<\/li>\n<li><strong>Ampia apertura<\/strong> per un facile posizionamento e trasferimento degli indumenti<\/li>\n<li><strong>Certificati ecologici<\/strong>: UL\/ULC\/CE\/RoHS<\/li>\n<\/ul>\n<h3>Caratteristiche tecniche<\/h3>\n<ul>\n<li><strong>Dimensioni della piastra riscaldante<\/strong>: 40\u00d750cm<\/li>\n<li><strong>Forza<\/strong>: 1750 W<\/li>\n<li><strong>Voltaggio<\/strong>: 220 V<\/li>\n<li><strong>Peso<\/strong>: 44 chilogrammi<\/li>\n<li><strong>Dimensioni<\/strong> (per la spedizione): 89 cm (L) x 62 cm (L) x 52 cm (A)<\/li>\n<\/ul>\n<h3>Garanzia<\/h3>\n<ul>\n<li><strong>30 anni<\/strong> all&#039;elemento riscaldante<\/li>\n<li><strong>5 anni<\/strong> sul telaio<\/li>\n<li><strong>2 anni<\/strong> alla scheda elettronica<\/li>\n<li><strong>1 anno<\/strong> alle parti e alla manodopera<\/li>\n<\/ul>","protected":false},"excerpt":{"rendered":"<p><strong>Stampa termica Stahls Hotronix\u00ae Auto Open per magliette<\/strong> \u2013 Pressa termica professionale da 40\u00d750 cm, che offre apertura automatica e controllo digitale. Dotato di un&#039;innovativa chiusura magnetica, \u00e8 facile da usare e ideale per stampe di alta qualit\u00e0.<\/p>","protected":false},"featured_media":1015,"template":"","meta":{"_seopress_robots_primary_cat":"none","_seopress_titles_title":"","_seopress_titles_desc":"","_seopress_robots_index":""},"product_brand":[],"product_cat":[89,61],"product_tag":[382,90,86,64,65],"class_list":{"0":"post-1014","1":"product","2":"type-product","3":"status-publish","4":"has-post-thumbnail","6":"product_cat-stahls","7":"product_cat-termo-prese","8":"product_tag-auto-open","9":"product_tag-hotronix","10":"product_tag-stahls","11":"product_tag-termo-presa","12":"product_tag-termo-presa-za-majice","13":"product_shipping_class-teza-dostava","15":"first","16":"onbackorder","17":"sale","18":"taxable","19":"shipping-taxable","20":"purchasable","21":"product-type-simple"},"tiered_pricing_type":"fixed","tiered_pricing_fixed_rules":[],"tiered_pricing_product_settings":{"layout":"default","base_unit_name":{"singular":null,"plural":null},"default_variation":null},"tiered_pricing_minimum_quantity":null,"tiered_pricing_roles_data":[],"tiered_pricing_percentage_rules":[],"tiered_pricing_maximum_quantity":null,"tiered_pricing_quantity_step":null,"_links":{"self":[{"href":"https:\/\/dtfprint.hr\/it\/wp-json\/wp\/v2\/product\/1014","targetHints":{"allow":["GET"]}}],"collection":[{"href":"https:\/\/dtfprint.hr\/it\/wp-json\/wp\/v2\/product"}],"about":[{"href":"https:\/\/dtfprint.hr\/it\/wp-json\/wp\/v2\/types\/product"}],"wp:featuredmedia":[{"embeddable":true,"href":"https:\/\/dtfprint.hr\/it\/wp-json\/wp\/v2\/media\/1015"}],"wp:attachment":[{"href":"https:\/\/dtfprint.hr\/it\/wp-json\/wp\/v2\/media?parent=1014"}],"wp:term":[{"taxonomy":"product_brand","embeddable":true,"href":"https:\/\/dtfprint.hr\/it\/wp-json\/wp\/v2\/product_brand?post=1014"},{"taxonomy":"product_cat","embeddable":true,"href":"https:\/\/dtfprint.hr\/it\/wp-json\/wp\/v2\/product_cat?post=1014"},{"taxonomy":"product_tag","embeddable":true,"href":"https:\/\/dtfprint.hr\/it\/wp-json\/wp\/v2\/product_tag?post=1014"}],"curies":[{"name":"wp","href":"https:\/\/api.w.org\/{rel}","templated":true}]}}