{"id":8902,"date":"2024-11-29T01:50:13","date_gmt":"2024-11-29T00:50:13","guid":{"rendered":"https:\/\/dtfprint.hr\/?page_id=8902"},"modified":"2024-11-29T01:52:54","modified_gmt":"2024-11-29T00:52:54","slug":"stiamo-assumendo-posizioni-lavorative-aperte","status":"publish","type":"page","link":"https:\/\/dtfprint.hr\/it\/zaposljavamo-otvorene-pozicije-za-posao\/","title":{"rendered":"Zapo\u0161ljavamo &#8211; Otvorene pozicije za posao"},"content":{"rendered":"<section class=\"bde-section-8902-100 bde-section\">\n  \n  \n\t\n\n\n\n<div class=\"section-container\"><div class=\"bde-text-8902-101 bde-text\">\n\n<\/div><div class=\"bde-columns-8902-102 bde-columns\"><div class=\"bde-column-8902-103 bde-column\">\n  \n  \n\t\n\n\n\n<img decoding=\"async\" class=\"bde-image2-8902-104 bde-image2\" src=\"https:\/\/promotekstil.hr\/wp-content\/uploads\/2024\/11\/posao_ikona.svg\" loading=\"lazy\" sizes=\"(max-width: 500px) 100vw, 500px\">\n<\/div><div class=\"bde-column-8902-105 bde-column\">\n  \n  \n\t\n\n\n\n<h1 class=\"bde-heading-8902-106 bde-heading\">\nUnisciti al nostro team!<br>\n<\/h1><div class=\"bde-text-8902-107 bde-text\">\nCerchi un lavoro dinamico in un ambiente creativo e in rapida crescita? La nostra azienda, specializzata nella distribuzione di prodotti tessili promozionali, preparazione grafica e branding, \u00e8 alla ricerca di nuovi membri del team! Se sei interessato a lavorare nel settore della stampa e desideri migliorare le tue competenze nelle moderne tecniche di stampa, questa \u00e8 l&#039;occasione giusta per te.\n<\/div>\n<\/div><\/div><\/div>\n<\/section><section class=\"bde-section-8902-108 bde-section\">\n  \n  \n\t\n\n\n\n<div class=\"section-container\"><div class=\"bde-columns-8902-109 bde-columns\"><div class=\"bde-column-8902-110 bde-column\">\n  \n  \n\t\n\n\n\n<div class=\"bde-div-8902-111 bde-div\">\n  \n  \n\t\n\n\n\n<h3 class=\"bde-heading-8902-112 bde-heading\">\n1. Posizione aperta: Dipendente in una tipografia\n<\/h3>\n<\/div><div class=\"bde-rich-text-8902-113 bde-rich-text breakdance-rich-text-styles\">\n<p><strong>Luogo di lavoro:<\/strong> La nostra tipografia si trova in Josipa Lenca Spodol\u010deva 5, Rijeka<br \/><strong>Tipo di lavoro:<\/strong> A tempo pieno<\/p><hr \/><h4><strong>Descrizione del lavoro<\/strong><\/h4><p>Come parte del nostro team, sarai coinvolto in una serie di attivit\u00e0 che abbracciano l&#039;intero processo di branding dei prodotti tessili:<\/p><ul><li><strong>Preparazione per la stampa<\/strong> \u2013 impostazione e adattamento del disegno per diversi tipi di stampa.<\/li><li><strong>Stampa<\/strong> - lavorare su moderne macchine da stampa.<\/li><li><strong>Lavorando su una pressa termica (pressatura)<\/strong> \u2013 la fase finale del processo di personalizzazione dei prodotti tessili.<\/li><li><strong>Serigrafia<\/strong> \u2013 applicazione precisa e creativa dei disegni sui tessuti.<\/li><li><strong>Lavora su una stampante DTF<\/strong> - controllo del dispositivo per la stampa diretta dell&#039;imager sulla pellicola.<\/li><li><strong>Comunicazione con i clienti<\/strong> \u2013 fornire supporto e consulenza per quanto riguarda le tecniche di progettazione e stampa.<\/li><\/ul><hr \/><h4><strong>Cosa cerchiamo dai candidati?<\/strong><\/h4><ul><li>Minimamente <strong>istruzione professionale secondaria<\/strong>.<\/li><li>Patente di guida <strong>Categoria B<\/strong>.<\/li><li><strong>Desiderio di imparare<\/strong> lavorare con i programmi CorelDraw e Adobe Illustrator.<\/li><li>Organizzazione, precisione e capacit\u00e0 di lavorare in squadra.<\/li><li>L&#039;esperienza nella stampa \u00e8 un vantaggio, ma non un requisito.<\/li><\/ul><hr \/><h4><strong>Cosa offriamo?<\/strong><\/h4><ul><li>Lavorare in un ambiente stimolante e moderno.<\/li><li>La possibilit\u00e0 di migliorare e acquisire nuove conoscenze e competenze.<\/li><li>Lavoro stabile con possibilit\u00e0 di avanzamento di carriera.<\/li><li>Stipendio competitivo e condizioni di lavoro favorevoli.<\/li><\/ul><hr \/><h3><strong>Come registrarsi?<\/strong><\/h3><p>Se vuoi entrare a far parte del nostro team, invia il tuo CV e una lettera di motivazione alla nostra e-mail: info@dtfprint.hr<\/p>\n<\/div>\n<\/div><div class=\"bde-column-8902-114 bde-column\">\n  \n  \n\t\n\n\n\n<h3 class=\"bde-heading-8902-115 bde-heading\">\n2. Posizioni pi\u00f9 aperte: aiuto studentesco nella tipografia\n<\/h3><div class=\"bde-rich-text-8902-116 bde-rich-text breakdance-rich-text-styles\">\n<p><strong>Luogo di lavoro:<\/strong> La nostra tipografia si trova in Josipa Lenca Spodol\u010deva 5, Rijeka<br \/><strong>Tipo di lavoro:<\/strong> Orario di lavoro previo accordo<br \/><strong>Luogo di lavoro:<\/strong> Il nostro moderno impianto di produzione<br \/><strong>Durata:<\/strong> 4\u00b0 e 5\u00b0 mese del 2025.<br \/><strong>Orario di lavoro:<\/strong> Flessibile, adattato agli obblighi degli studenti<\/p><hr \/><p>Cerchi un lavoro da studente flessibile e dinamico? La nostra azienda, che si occupa della distribuzione di prodotti tessili promozionali, preparazione grafica, branding e stampa tessile, sta aprendo diverse posizioni per studenti nel periodo <strong>Aprile \u2013 maggio 2025.<\/strong> Se vuoi fare esperienza pratica e imparare qualcosa di nuovo, questa \u00e8 l&#039;occasione giusta per te!<\/p><hr \/><h4><strong>Che cosa hai intenzione di fare?<\/strong><\/h4><ul><li><strong>Preparazione per la stampa<\/strong> - assistenza nell&#039;impostazione e nella preparazione dei materiali per la stampa.<\/li><li><strong>Stampa e lavorazione su macchine<\/strong> \u2013 supporto nella realizzazione della stampa su prodotti tessili promozionali.<\/li><li><strong>Lavorando su una pressa termica<\/strong> \u2013 lavorazione finale del prodotto mediante pressatura.<\/li><li><strong>Serigrafia e stampa DTF<\/strong> \u2013 assistenza nelle varie tecniche di personalizzazione tessile.<\/li><li><strong>Comunicazione con il team e i clienti<\/strong> \u2013 assistenza nel coordinamento degli ordini e delle consegne.<\/li><\/ul><hr \/><h4><strong>Cosa ti chiediamo?<\/strong><\/h4><ul><li>Status di studente a tempo pieno.<\/li><li>Et\u00e0 minima 18 anni.<\/li><li>Capacit\u00e0 di lavorare in team e disponibilit\u00e0 ad acquisire nuove competenze.<\/li><li>La patente di guida di categoria B \u00e8 un vantaggio, ma non un requisito.<\/li><\/ul><hr \/><h4><strong>Cosa offriamo?<\/strong><\/h4><ul><li>Orari di lavoro flessibili adattati ai tuoi obblighi universitari.<\/li><li>Un&#039;opportunit\u00e0 per acquisire esperienza pratica nel settore della stampa.<\/li><li>Ambiente di lavoro amichevole e supporto da parte di un team esperto.<\/li><li>Tariffa oraria adattata al lavoro degli studenti e bonus aggiuntivi per il successo. <strong>Tariffe orarie: 4,70 \u20ac\/h Domenica 6,70 \u20ac\/h<\/strong><\/li><\/ul><h3><strong>Come registrarsi?<\/strong><\/h3><p>Se vuoi entrare a far parte del nostro team, inviaci le tue informazioni e richieste a info@dtfprint.hr, segui anche i nostri annunci su Student Service Rijeka.<\/p>\n<\/div>\n<\/div><\/div><\/div>\n<\/section>","protected":false},"excerpt":{"rendered":"<p>Pridru\u017eite se na\u0161em timu! Tra\u017eite dinami\u010dan posao u kreativnom i brzorastu\u0107em okru\u017eenju? Na\u0161a tvrtka, specijalizirana za distribuciju promotivnih tekstilnih proizvoda, grafi\u010dku pripremu i brendiranje, tra\u017ei nove \u010dlanove tima! Ako vas zanima rad u tiskarskoj industriji i \u017eelite usavr\u0161iti svoje vje\u0161tine u modernim tehnikama printanja, ovo je prava prilika za vas. 1. Otvorena pozicija: Djelatnik u [&hellip;]<\/p>\n","protected":false},"author":1,"featured_media":8905,"parent":0,"menu_order":0,"comment_status":"closed","ping_status":"closed","template":"","meta":{"_seopress_robots_primary_cat":"","_seopress_titles_title":"","_seopress_titles_desc":"","_seopress_robots_index":"","_breakdance_hide_in_design_set":false,"_breakdance_tags":"","footnotes":""},"class_list":["post-8902","page","type-page","status-publish","has-post-thumbnail","hentry"],"_links":{"self":[{"href":"https:\/\/dtfprint.hr\/it\/wp-json\/wp\/v2\/pages\/8902","targetHints":{"allow":["GET"]}}],"collection":[{"href":"https:\/\/dtfprint.hr\/it\/wp-json\/wp\/v2\/pages"}],"about":[{"href":"https:\/\/dtfprint.hr\/it\/wp-json\/wp\/v2\/types\/page"}],"author":[{"embeddable":true,"href":"https:\/\/dtfprint.hr\/it\/wp-json\/wp\/v2\/users\/1"}],"replies":[{"embeddable":true,"href":"https:\/\/dtfprint.hr\/it\/wp-json\/wp\/v2\/comments?post=8902"}],"version-history":[{"count":2,"href":"https:\/\/dtfprint.hr\/it\/wp-json\/wp\/v2\/pages\/8902\/revisions"}],"predecessor-version":[{"id":8907,"href":"https:\/\/dtfprint.hr\/it\/wp-json\/wp\/v2\/pages\/8902\/revisions\/8907"}],"wp:featuredmedia":[{"embeddable":true,"href":"https:\/\/dtfprint.hr\/it\/wp-json\/wp\/v2\/media\/8905"}],"wp:attachment":[{"href":"https:\/\/dtfprint.hr\/it\/wp-json\/wp\/v2\/media?parent=8902"}],"curies":[{"name":"wp","href":"https:\/\/api.w.org\/{rel}","templated":true}]}}