{"id":855,"date":"2024-10-25T01:43:22","date_gmt":"2024-10-24T23:43:22","guid":{"rendered":"https:\/\/dtfprint.hr\/?page_id=855"},"modified":"2024-10-28T03:29:21","modified_gmt":"2024-10-28T02:29:21","slug":"dove-acquistare-stampe-per-magliette","status":"publish","type":"page","link":"https:\/\/dtfprint.hr\/it\/gdje-kupiti-preslikace-za-majice\/","title":{"rendered":"Dove acquistare adesivi per magliette?"},"content":{"rendered":"<section class=\"bde-section-855-127 bde-section\">\n  \n  \n\t\n\n\n\n<div class=\"section-container\"><h1 class=\"bde-heading-855-101 bde-heading\">\nDove acquistare adesivi per magliette?\n<\/h1><div class=\"bde-div-855-137 bde-div\">\n  \n  \n\t\n\n\n\n<div class=\"bde-div-855-138 bde-div\">\n  \n  \n\t\n\n\n\n<div class=\"bde-icon-855-139 bde-icon\">\n\n    \n            <div class=\"bde-icon-icon breakdance-icon-atom\" >\n    \n                    <svg xmlns=\"http:\/\/www.w3.org\/2000\/svg\" viewbox=\"0 0 496 512\"><!-- Font Awesome Free 5.15.1 by @fontawesome - https:\/\/fontawesome.com License - https:\/\/fontawesome.com\/license\/free (Icons: CC BY 4.0, Fonts: SIL OFL 1.1, Code: MIT License) --><path d=\"M248 8C111 8 0 119 0 256s111 248 248 248 248-111 248-248S385 8 248 8zm0 96c48.6 0 88 39.4 88 88s-39.4 88-88 88-88-39.4-88-88 39.4-88 88-88zm0 344c-58.7 0-111.3-26.6-146.5-68.2 18.8-35.4 55.6-59.8 98.5-59.8 2.4 0 4.8.4 7.1 1.1 13 4.2 26.6 6.9 40.9 6.9 14.3 0 28-2.7 40.9-6.9 2.3-.7 4.7-1.1 7.1-1.1 42.9 0 79.7 24.4 98.5 59.8C359.3 421.4 306.7 448 248 448z\"\/><\/svg>\n        \n        \n        \n            <\/div>\n    \n\n\n<\/div><a class=\"bde-container-link-855-140 bde-container-link breakdance-link\" href=\"mailto:info@megamajice.com\" target=\"_self\" data-type=\"url\">\n  \n  \n\t\n\n\n\n<div class=\"bde-text-855-141 bde-text\">\nScritto da: Mirza Hod\u017ei\u0107\n<\/div>\n\n<\/a>\n<\/div><div class=\"bde-div-855-142 bde-div\">\n  \n  \n\t\n\n\n\n<div class=\"bde-icon-855-143 bde-icon\">\n\n    \n            <div class=\"bde-icon-icon breakdance-icon-atom\" >\n    \n                    <svg xmlns=\"http:\/\/www.w3.org\/2000\/svg\" viewbox=\"0 0 512 512\"><!-- Font Awesome Free 5.15.1 by @fontawesome - https:\/\/fontawesome.com License - https:\/\/fontawesome.com\/license\/free (Icons: CC BY 4.0, Fonts: SIL OFL 1.1, Code: MIT License) --><path d=\"M256,8C119,8,8,119,8,256S119,504,256,504,504,393,504,256,393,8,256,8Zm92.49,313h0l-20,25a16,16,0,0,1-22.49,2.5h0l-67-49.72a40,40,0,0,1-15-31.23V112a16,16,0,0,1,16-16h32a16,16,0,0,1,16,16V256l58,42.5A16,16,0,0,1,348.49,321Z\"\/><\/svg>\n        \n        \n        \n            <\/div>\n    \n\n\n<\/div><a class=\"bde-container-link-855-144 bde-container-link breakdance-link\" href=\"mailto:info@megamajice.com\" target=\"_self\" data-type=\"url\">\n  \n  \n\t\n\n\n\n<div class=\"bde-text-855-145 bde-text\">\nPubblicato il 01.10.2024.\n<\/div>\n\n<\/a>\n<\/div>\n<\/div><div class=\"bde-columns-855-128 bde-columns\"><div class=\"bde-column-855-129 bde-column\">\n  \n  \n\t\n\n\n\n<img decoding=\"async\" class=\"bde-image2-855-131 bde-image2\" src=\"https:\/\/dtfprint.hr\/wp-content\/uploads\/2024\/10\/preslikaci_za_majice_hudice_torbe_ostali_tekstiljpg.jpg\" alt=\"Mappatori DTF\" loading=\"lazy\" srcset=\"https:\/\/dtfprint.hr\/wp-content\/uploads\/2024\/10\/preslikaci_za_majice_hudice_torbe_ostali_tekstiljpg.jpg 650w, https:\/\/dtfprint.hr\/wp-content\/uploads\/2024\/10\/preslikaci_za_majice_hudice_torbe_ostali_tekstiljpg-200x300.jpg 200w, https:\/\/dtfprint.hr\/wp-content\/uploads\/2024\/10\/preslikaci_za_majice_hudice_torbe_ostali_tekstiljpg-8x12.jpg 8w, https:\/\/dtfprint.hr\/wp-content\/uploads\/2024\/10\/preslikaci_za_majice_hudice_torbe_ostali_tekstiljpg-600x900.jpg 600w\" sizes=\"(max-width: 650px) 100vw, 650px\">\n<\/div><div class=\"bde-column-855-130 bde-column\">\n  \n  \n\t\n\n\n\n<div class=\"bde-code-block-855-132 bde-code-block\">\n\n      <p>Cerchi stampanti di qualit\u00e0 per magliette e altri prodotti tessili? Oggi, personalizzare i vestiti \u00e8 pi\u00f9 popolare che mai e una delle migliori opzioni per farlo sono le stampanti DTF (Direct to Film). Offrono numerosi vantaggi rispetto ad altri metodi di stampa e in questo articolo ti guideremo dove acquistare stampanti per magliette di qualit\u00e0 e perch\u00e9 le stampanti DTF sono la scelta perfetta.<\/p>\n\n    <h2>DTFprint.hr \u2013 Il vostro partner per stampanti DTF di qualit\u00e0<\/h2>\n    <p>Se stai cercando renderer DTF premium, continua a leggere. Qui troverai repliche di alta qualit\u00e0 realizzate con colori, lamina e colla di alta qualit\u00e0, che garantiscono durata e massima qualit\u00e0 di stampa.<\/p>\n    \n    <h3>Ordinare \u00e8 facile<\/h3>\n    <p>Puoi ordinare facilmente gli imager DTF da noi in due modi:<\/p>\n    <ul>\n        <li><a href=\"https:\/\/dtfprint.hr\/it\/prodotto\/caricare-e-ordinare-la-copia-pdf-dtf\/\">Invia la tua preparazione<\/a> - Se hai gi\u00e0 una grafica preparata, inviala semplicemente tramite questo link.<\/li>\n        <li><a href=\"https:\/\/dtfprint.hr\/it\/prodotto\/creare-un-gangsheet-dtf-online\/\">Utilizza la nostra applicazione &quot;Designer DTF online&quot;<\/a> - Crea il tuo design utilizzando il nostro strumento online che ti consente di creare e personalizzare facilmente le sovrapposizioni.<\/li>\n        <li><a href=\"mailto:info@dtfprint.hr\">Inviando grafica\/preparazione alla nostra email info@dtfprint.hr<\/a> - Allega il tuo allestimento grafico oppure grafica e dettagli su dimensioni e quantit\u00e0 e possiamo aiutarti a realizzare l&#039;allestimento grafico.<\/li>\n    <\/ul>\n\n\n<h2>Perch\u00e9 scegliere gli imager DTF?<\/h2>\n    <p>Gli imager DTF stanno diventando sempre pi\u00f9 popolari grazie ai numerosi vantaggi che offrono. Ecco alcuni dei motivi principali per cui gli imager DTF sono la scelta ideale:<\/p>\n\n    <ul>\n        <li class=\"translation-block\"><strong>Durabilit\u00e0 e resistenza al lavaggio:<\/strong> gli adesivi DTF sono altamente durevoli e resistenti al lavaggio, il che significa che i tuoi disegni personalizzati rimangono chiari e permanenti per lungo tempo, anche dopo numerosi lavaggi.<\/li>\n        <li><strong>Nessun ordine minimo:<\/strong> A differenza di altri metodi di stampa, con le stampanti DTF non \u00e8 richiesta una quantit\u00e0 minima di ordine. Puoi ordinare tutte le repliche di cui hai bisogno, sia che si tratti di un singolo pezzo o di quantit\u00e0 maggiori.<\/li>\n        <li><strong>Disegni multipli in un unico ordine:<\/strong> Uno dei grandi vantaggi della tecnologia DTF \u00e8 la possibilit\u00e0 di ordinare pi\u00f9 modelli diversi contemporaneamente. Questa \u00e8 un&#039;ottima opzione se hai bisogno di varianti diverse per prodotti diversi.<\/li>\n          <li><strong>Specchi con base bianca:<\/strong> Gli adesivi DTF sono stampati con un colore di base bianco, che consente di applicare gli adesivi ugualmente bene sia su tessuti bianchi che scuri.<\/li>\n    <\/ul>\n\n\n<\/div>\n<\/div><\/div><\/div>\n<\/section><section class=\"bde-section-855-100 bde-section\">\n  \n  \n\t\n\n\n\n<div class=\"section-container\"><div class=\"bde-columns-855-133 bde-columns\"><div class=\"bde-column-855-134 bde-column\">\n  \n  \n\t\n\n\n\n<div class=\"bde-code-block-855-103 bde-code-block\">\n\n      <h2>Stampanti per magliette con produzione Express o standard<\/h2>\n    <p>A seconda delle vostre esigenze potete scegliere tra due opzioni di produzione:<\/p>\n    <ul>\n        <li><strong>Produzione espressa entro 24 ore<\/strong> \u2013 con un pagamento aggiuntivo di +15%, il tuo ordine verr\u00e0 effettuato entro un giorno lavorativo.<\/li>\n        <li><strong>Produzione standard entro 2-3 giorni lavorativi<\/strong> \u2013 senza alcun costo aggiuntivo, le tue copie saranno pronte entro pochi giorni lavorativi.<\/li>\n    <\/ul>\n\n    <h2>Applicazione del mappatore DTF<\/h2>\n    <p>Le stampanti DTF sono molto versatili e possono essere applicate non solo alle magliette, ma anche ad altri prodotti tessili come:<\/p>\n    <ul>\n        <li>Polo<\/li>\n        <li>Diavoli<\/li>\n        <li>Borse<\/li>\n     \t<li>Ombrelli<\/li>\n      \t<li>Altri prodotti tessili<\/li>\n    <\/ul>\n    <p>L&#039;applicazione \u00e8 semplice utilizzando una pressa termica, le istruzioni dettagliate per la corretta applicazione della termocamera si trovano al seguente link: <a href=\"https:\/\/dtfprint.hr\/it\/istruzioni\/applicare-copie-dtf-a-magliette-borse-e-altri-prodotti-tessili\/\" target=\"_blank\">Istruzioni per l&#039;applicazione dell&#039;imager DTF<\/a>.<\/p>\n\n    <p>Se cerchi una soluzione affidabile e di alta qualit\u00e0 per la personalizzazione dei prodotti tessili, le stampanti DTF sono la scelta migliore. <a href=\"https:\/\/dtfprint.hr\/it\/\" target=\"_blank\">DTFprint.hr<\/a> offre repliche di alta qualit\u00e0 realizzate con materiali di prima qualit\u00e0, la possibilit\u00e0 di ordinare senza quantit\u00e0 minima e opzioni di produzione flessibili. Se hai bisogno di adesivi per magliette, felpe con cappuccio o borse, puoi ordinarli da noi in modo rapido, semplice ed economico!<\/p>\n\n\n<\/div>\n<\/div><div class=\"bde-column-855-135 bde-column\">\n  \n  \n\t\n\n\n\n<img decoding=\"async\" class=\"bde-image2-855-136 bde-image2\" src=\"https:\/\/dtfprint.hr\/wp-content\/uploads\/2024\/10\/majice_preslikaci_dtf_preslikaci_za_majice.jpg\" alt=\"Stampanti per magliette\" loading=\"lazy\" srcset=\"https:\/\/dtfprint.hr\/wp-content\/uploads\/2024\/10\/majice_preslikaci_dtf_preslikaci_za_majice.jpg 650w, https:\/\/dtfprint.hr\/wp-content\/uploads\/2024\/10\/majice_preslikaci_dtf_preslikaci_za_majice-200x300.jpg 200w, https:\/\/dtfprint.hr\/wp-content\/uploads\/2024\/10\/majice_preslikaci_dtf_preslikaci_za_majice-8x12.jpg 8w, https:\/\/dtfprint.hr\/wp-content\/uploads\/2024\/10\/majice_preslikaci_dtf_preslikaci_za_majice-600x900.jpg 600w\" sizes=\"(max-width: 650px) 100vw, 650px\">\n<\/div><\/div><\/div>\n<\/section><section class=\"bde-section-855-104 bde-section\">\n  \n  \n\t\n\n\n\n<div class=\"section-container\"><div class=\"bde-div-855-105 bde-div\">\n  \n  \n\t\n\n\n\n<div class=\"bde-icon-855-106 bde-icon\">\n\n    \n            <div class=\"bde-icon-icon breakdance-icon-atom\" >\n    \n                    <svg xmlns=\"http:\/\/www.w3.org\/2000\/svg\" viewbox=\"0 0 448 512\"><!-- Font Awesome Free 5.15.1 by @fontawesome - https:\/\/fontawesome.com License - https:\/\/fontawesome.com\/license\/free (Icons: CC BY 4.0, Fonts: SIL OFL 1.1, Code: MIT License) --><path d=\"M446.2 270.4c-6.2-19-26.9-29.1-46-22.9l-45.4 15.1-30.3-90 45.4-15.1c19.1-6.2 29.1-26.8 23-45.9-6.2-19-26.9-29.1-46-22.9l-45.4 15.1-15.7-47c-6.2-19-26.9-29.1-46-22.9-19.1 6.2-29.1 26.8-23 45.9l15.7 47-93.4 31.2-15.7-47c-6.2-19-26.9-29.1-46-22.9-19.1 6.2-29.1 26.8-23 45.9l15.7 47-45.3 15c-19.1 6.2-29.1 26.8-23 45.9 5 14.5 19.1 24 33.6 24.6 6.8 1 12-1.6 57.7-16.8l30.3 90L78 354.8c-19 6.2-29.1 26.9-23 45.9 5 14.5 19.1 24 33.6 24.6 6.8 1 12-1.6 57.7-16.8l15.7 47c5.9 16.9 24.7 29 46 22.9 19.1-6.2 29.1-26.8 23-45.9l-15.7-47 93.6-31.3 15.7 47c5.9 16.9 24.7 29 46 22.9 19.1-6.2 29.1-26.8 23-45.9l-15.7-47 45.4-15.1c19-6 29.1-26.7 22.9-45.7zm-254.1 47.2l-30.3-90.2 93.5-31.3 30.3 90.2-93.5 31.3z\"\/><\/svg>\n        \n        \n        \n            <\/div>\n    \n\n\n<\/div><div class=\"bde-text-855-107 bde-text\">\nEtichette\n<\/div>\n<\/div><div class=\"bde-div-855-108 bde-div\">\n  \n  \n\t\n\n\n\n<div class=\"bde-div-855-109 bde-div\">\n  \n  \n\t\n\n\n\n<a class=\"bde-container-link-855-110 bde-container-link breakdance-link\" href=\"https:\/\/dtfprint.hr\/it\/prodotto\/creare-un-gangsheet-dtf-online\/\" target=\"_self\" data-type=\"url\">\n  \n  \n\t\n\n\n\n<h4 class=\"bde-heading-855-111 bde-heading\">\nTrasferimento DTF\n<\/h4>\n\n<\/a>\n<\/div><div class=\"bde-div-855-112 bde-div\">\n  \n  \n\t\n\n\n\n<a class=\"bde-container-link-855-113 bde-container-link breakdance-link\" href=\"https:\/\/dtfprint.hr\/it\/prodotto\/caricare-e-ordinare-la-copia-pdf-dtf\/\" target=\"_self\" data-type=\"url\">\n  \n  \n\t\n\n\n\n<h4 class=\"bde-heading-855-114 bde-heading\">\nMappatori DTF\n<\/h4>\n\n<\/a>\n<\/div><div class=\"bde-div-855-115 bde-div\">\n  \n  \n\t\n\n\n\n<a class=\"bde-container-link-855-116 bde-container-link breakdance-link\" href=\"https:\/\/dtfprint.hr\/it\/istruzioni\/cose-dtf-diretto-al-film\/\" target=\"_self\" data-type=\"url\">\n  \n  \n\t\n\n\n\n<h4 class=\"bde-heading-855-117 bde-heading\">\nStampanti per magliette\n<\/h4>\n\n<\/a>\n<\/div><div class=\"bde-div-855-118 bde-div\">\n  \n  \n\t\n\n\n\n<a class=\"bde-container-link-855-119 bde-container-link breakdance-link\" href=\"https:\/\/dtfprint.hr\/it\/istruzioni\/video-su-come-utilizzare-il-designer-dtf-online-per-creare-un-rotolo-dtf-di-gangsheet\/\" target=\"_self\" data-type=\"url\">\n  \n  \n\t\n\n\n\n<h4 class=\"bde-heading-855-120 bde-heading\">\nStampa DTF\n<\/h4>\n\n<\/a>\n<\/div><div class=\"bde-div-855-121 bde-div\">\n  \n  \n\t\n\n\n\n<a class=\"bde-container-link-855-122 bde-container-link breakdance-link\" href=\"https:\/\/dtfprint.hr\/it\/istruzioni\/come-preparare-il-pdf-per-la-stampa-di-copie-dtf-dtfprint-hr\/\" target=\"_self\" data-type=\"url\">\n  \n  \n\t\n\n\n\n<h4 class=\"bde-heading-855-123 bde-heading\">\nStampa DTF\n<\/h4>\n\n<\/a>\n<\/div><div class=\"bde-div-855-124 bde-div\">\n  \n  \n\t\n\n\n\n<a class=\"bde-container-link-855-125 bde-container-link breakdance-link\" href=\"https:\/\/dtfprint.hr\/it\/istruzioni\/applicare-copie-dtf-a-magliette-borse-e-altri-prodotti-tessili\/\" target=\"_self\" data-type=\"url\">\n  \n  \n\t\n\n\n\n<h4 class=\"bde-heading-855-126 bde-heading\">\nTermocamere per magliette\n<\/h4>\n\n<\/a>\n<\/div>\n<\/div><\/div>\n<\/section>","protected":false},"excerpt":{"rendered":"<p>Gdje kupiti preslika\u010de za majice? Pi\u0161e: Mirza Hod\u017ei\u0107 Objavljeno 01.10.2024. Tra\u017eite kvalitetne preslika\u010de za majice i druge tekstilne proizvode? Danas je personalizacija odje\u0107e popularnija nego ikad, a jedna od najboljih opcija za to su DTF (Direct to Film) preslika\u010di. Oni nude brojne prednosti u odnosu na druge metode tiska, a u ovom \u010dlanku \u0107emo vas [&hellip;]<\/p>\n","protected":false},"author":1,"featured_media":866,"parent":0,"menu_order":0,"comment_status":"closed","ping_status":"closed","template":"","meta":{"_seopress_robots_primary_cat":"","_seopress_titles_title":"Gdje kupiti preslika\u010de za majice?","_seopress_titles_desc":"Tra\u017eite kvalitetne preslika\u010de za majice? Gdje nabaviti kvalitetne preslika\u010de za majice, hudice, torbe i ostale tekstilne proizvode?","_seopress_robots_index":"","_breakdance_hide_in_design_set":false,"_breakdance_tags":"","footnotes":""},"class_list":["post-855","page","type-page","status-publish","has-post-thumbnail","hentry"],"_links":{"self":[{"href":"https:\/\/dtfprint.hr\/it\/wp-json\/wp\/v2\/pages\/855","targetHints":{"allow":["GET"]}}],"collection":[{"href":"https:\/\/dtfprint.hr\/it\/wp-json\/wp\/v2\/pages"}],"about":[{"href":"https:\/\/dtfprint.hr\/it\/wp-json\/wp\/v2\/types\/page"}],"author":[{"embeddable":true,"href":"https:\/\/dtfprint.hr\/it\/wp-json\/wp\/v2\/users\/1"}],"replies":[{"embeddable":true,"href":"https:\/\/dtfprint.hr\/it\/wp-json\/wp\/v2\/comments?post=855"}],"version-history":[{"count":9,"href":"https:\/\/dtfprint.hr\/it\/wp-json\/wp\/v2\/pages\/855\/revisions"}],"predecessor-version":[{"id":934,"href":"https:\/\/dtfprint.hr\/it\/wp-json\/wp\/v2\/pages\/855\/revisions\/934"}],"wp:featuredmedia":[{"embeddable":true,"href":"https:\/\/dtfprint.hr\/it\/wp-json\/wp\/v2\/media\/866"}],"wp:attachment":[{"href":"https:\/\/dtfprint.hr\/it\/wp-json\/wp\/v2\/media?parent=855"}],"curies":[{"name":"wp","href":"https:\/\/api.w.org\/{rel}","templated":true}]}}