{"id":43,"date":"2024-09-27T04:21:19","date_gmt":"2024-09-27T02:21:19","guid":{"rendered":"https:\/\/dtfprint.hr\/shop\/?page_id=43"},"modified":"2025-11-28T17:05:21","modified_gmt":"2025-11-28T16:05:21","slug":"condizioni-generali-del-negozio-online","status":"publish","type":"page","link":"https:\/\/dtfprint.hr\/it\/opci-uvjeti-webshopa\/","title":{"rendered":"Condizioni generali del negozio online"},"content":{"rendered":"<h1>Condizioni generali di utilizzo del negozio web<\/h1>\n<p>Benvenuti nel nostro negozio online. Si prega di leggere attentamente le presenti condizioni generali di utilizzo prima di iniziare a utilizzare il nostro sito web. Utilizzando il nostro sito, accetti questi termini e ti impegni a rispettarli.<\/p>\n<h2>1. Condizioni generali<\/h2>\n<p>Queste condizioni regolano i diritti e gli obblighi degli acquirenti e dei venditori in merito all&#039;acquisto di prodotti tramite il nostro negozio web. Acquistando prodotti attraverso il nostro sito, si riterr\u00e0 che tu abbia letto, compreso e accettato questi termini.<\/p>\n<h3>1.1. Diritti di modificare i termini<\/h3>\n<p>Ci riserviamo il diritto di modificare questi termini e condizioni in qualsiasi momento. Tutte le modifiche verranno pubblicate su questa pagina e saranno effettive al momento della pubblicazione.<\/p>\n<h3>1.2. Condizioni d&#039;uso del sito<\/h3>\n<p>L&#039;uso del nostro sito \u00e8 consentito ai maggiori di 18 anni. Utilizzando questo sito confermi di soddisfare questa condizione.<\/p>\n<h2>2. Prezzi e modalit\u00e0 di pagamento<\/h2>\n<p>Tutti i prezzi dei prodotti sono espressi in euro (\u20ac) e sono comprensivi di IVA, che viene calcolata al momento del pagamento, se non diversamente indicato. Ci riserviamo il diritto di modificare i prezzi senza preavviso.<\/p>\n<h3>2.1. Metodi di pagamento<\/h3>\n<p>I clienti possono scegliere diversi metodi di pagamento: carta di credito, PayPal o pagamento tramite conto bancario. Quando scegli di pagare con carta di credito, verrai reindirizzato alla pagina sicura del nostro fornitore di servizi di pagamento.<\/p>\n<h2>3. Spedizione e consegna<\/h2>\n<p>La consegna dei prodotti \u00e8 possibile nella Repubblica di Croazia. Le spese di consegna vengono addebitate secondo il listino prezzi del servizio di consegna e saranno chiaramente indicate al momento della compilazione dell&#039;ordine.<\/p>\n<h3>3.1. Tempi di consegna<\/h3>\n<p>I tempi di consegna dipendono dalla disponibilit\u00e0 del prodotto e dall&#039;indirizzo di consegna. Il tempo di consegna abituale \u00e8 compreso tra 3 e 5 giorni lavorativi, salvo circostanze particolari.<\/p>\n<h3>3.2. Problemi di consegna<\/h3>\n<p>In caso di ritardi o problemi nella consegna, ti preghiamo di contattarci tramite il nostro servizio clienti in modo che possiamo risolvere il problema il prima possibile.<\/p>\n<h2>4. Ordinare un mappatore DTF<\/h2>\n<p>Ordinando un imager DTF, il cliente \u00e8 responsabile della correttezza del materiale grafico che trasferisce tramite la nostra piattaforma. I file caricati verranno stampati esattamente come inviati senza ulteriori modifiche o aggiustamenti da parte nostra.<\/p>\n<h3>4.1. La correttezza della grafica<\/h3>\n<p>Il cliente \u00e8 tenuto ad assicurarsi che la grafica trasferita sia tecnicamente corretta e pronta per la stampa. Ci\u00f2 include risoluzione, colori, dimensioni e tutti gli altri aspetti della qualit\u00e0 dell&#039;immagine. Il nostro team non effettua ulteriori controlli o correzioni dei file se non concordato preventivamente.<\/p>\n<h3>4.2. Rifiuto dei reclami<\/h3>\n<p>Poich\u00e9 stampiamo esclusivamente in base ai file inviati, non verranno accettati reclami sulla stampa dovuti a errori nei file inviati. Consigliamo di controllare attentamente i file prima dell&#039;invio.<\/p>\n<h3>4.3. Kori\u0161tenje paleta boja u grafi\u010dkoj pripremi (CMYK, RGB, Pantone)<\/h3>\n<p>Printeri koje koristimo za print preslika\u010da su CMYK printeri. Grafi\u010dka priprema i grafike trebaju biti dostavljene u CMYK paleti boja kako bi printer ispravno reproducirao boju. U slu\u010daju da dostavite Pantone ili RGB grafiku RIP softver \u0107e napraviti konverziju boje u najsli\u010dniju nijansu koju je mogu\u0107e reproducirati u CMYK spektru. Napomena: CMYK ne mo\u017ee reproducirati \u010ditav gamut RGB spektra!<\/p>\n<h3>4.4. Bijela podlo\u017ena boja i minimalna veli\u010dina sitnih detalja<\/h3>\n<p>Minimalna \u0161irina linije je 0,6 mm ili 1.75 Pts (to\u010daka). Ovo je posebno bitno kada se printa color + bijela jer printer treba isprintati color, pa podvu\u0107i bijelu unutar colora. Grafika idealno treba biti u \u0161to ve\u0107oj rezoluciji, a minimalno 300dpi za kvalitetan print.<\/p>\n<h3>4.5. Pozornost kod PNG ili JPEG datoteka s polutransparentnim pikselima i lo\u0161e o\u010di\u0161\u0107enom pozadinom<\/h3>\n<p>Kod pripreme grafike bitno je da je obrub kvalitetno obra\u0111en, da nije pikselast te da u grafici nema polutransparentnih piksela. Dakle nije mogu\u0107e printati piksel koji ima opacity u sebi. Printer \u0107e takav piksel interpretirati na na\u010din da \u0107e ispod njega isprintati podlo\u017enu bijelu \u010dime se gubi efekt prozirnosti koji je na ra\u010dunalu mogu\u0107, a u praksi kod dtf preslika\u010da ne.<\/p>\n<h2>5. Responsabilit\u00e0 per l&#039;uso del prodotto<\/h2>\n<p>DTFprint.hr non \u00e8 responsabile per eventuali danni che potrebbero verificarsi ai dispositivi, alle stampanti o alle apparecchiature a causa dell&#039;uso non professionale dei prodotti acquistati sul nostro negozio online. Questa responsabilit\u00e0 si applica a tutti i prodotti, inclusi ma non limitati a:<\/p>\n<ul>\n<li>Colori per stampanti DTF<\/li>\n<li>Adesivi per stampanti DTF<\/li>\n<li>Mezzi per la pulizia delle stampanti DTF<\/li>\n<li>Altre materie prime e prodotti disponibili sul nostro sito<\/li>\n<\/ul>\n<h3>5.1. Informazioni sul prodotto<\/h3>\n<p>Sebbene ci impegniamo a mantenere tutte le informazioni sul prodotto accurate e aggiornate, non possiamo garantire a 100% l&#039;accuratezza di tutte le informazioni e le specifiche del prodotto. I clienti sono responsabili di verificare la correttezza e l&#039;idoneit\u00e0 dei prodotti per i propri dispositivi e apparecchiature.<\/p>\n<h3>5.2. Glavna obilje\u017eja robe<\/h3>\n<p>Slike proizvoda su ilustrativne prirode i ne moraju u potpunosti odgovarati stvarnom izgledu proizvoda, te kupac takve prozvode ne mo\u017ee reklamirati s te osnove. Proizvodi su prikazani opisno te su podaci o istima sa\u010dinjeni temeljem baze podataka. Fotografije proizvoda su ilustrativne prirode, te ne moraju uvijek i u svim detaljima odgovarati proizvodima koji su predmet narud\u017ebe. Prodavatelj posebno isti\u010de da vizualni identitet proizvoda prikazan na fotografiji ne mora odgovarati izgledu proizvoda u stvarnosti, pogotovo obzirom na postavke monitora na ra\u010dunalu kupca, razlike u percepciji boja kako ih Kupac vidi na zaslonu i sl. U slu\u010daju gore navedenog nesklada izme\u0111u proizvoda prikazanog na fotografiji i isporu\u010denog proizvoda ne radi se o nedostatku proizvoda. U slu\u010daju gore navedenog nesklada izme\u0111u proizvoda prikazanog na fotografiji i isporu\u010denog proizvoda ne radi se o nedostatku proizvoda. Podaci o proizvodima (opis proizvoda, cijena i dr.) prikazani na dtfprint.hr webu podlo\u017eni su bugovima, nepravilnostima u radu aplikacije, drugim tehni\u010dkim nepravilnostima, tipografskim pogre\u0161kama i sl. U slu\u010daju o\u010ditih pogre\u0161aka ili neispravnosti u pogledu podataka o proizvodima prikazanih na www.dtfprint.hr Prodavatelj zadr\u017eava pravo jednostrano raskinuti ugovor. Predmet narud\u017ebe mogu biti samo proizvodi za koje je u narud\u017ebi nazna\u010deno da su raspolo\u017eivi i dostupni. Zbog velikog broja narud\u017ebi koje se istovremeno predaju, mo\u017ee se dogoditi da informacija o raspolo\u017eivosti proizvoda ne bude istovjetna sa stanjem u skladi\u0161tu. Ukoliko naru\u010deni proizvod nije raspolo\u017eiv na skladi\u0161tu, Prodavatelj \u0107e obavijestiti Kupca da proizvod trenutno nije raspolo\u017eiv, roku u kojem je proizvod dobavljiv, te ujedno ponuditi mogu\u0107nost kupnje alternativnog proizvoda koji je raspolo\u017eiv za isporuku i koji je po svojim karakteristikama najbli\u017ei proizvodu koji nije mogu\u0107e isporu\u010diti.<\/p>\n<h2>6. Raccomandazione per test e consultazione<\/h2>\n<p>Consigliamo a tutti i clienti di effettuare dei test prima di utilizzare i nostri prodotti per garantirne la correttezza e la compatibilit\u00e0 con i propri dispositivi. Ci\u00f2 vale soprattutto per i materiali di consumo come vernici, adesivi e detergenti.<\/p>\n<h3>6.1. Consultazione con il produttore del dispositivo<\/h3>\n<p>Ti consigliamo di consultare il produttore della stampante o dell&#039;apparecchiatura prima di utilizzare i nostri prodotti per confermare la compatibilit\u00e0 del prodotto ed evitare possibili danni.<\/p>\n<h2>7. Restituzione dei prodotti e reclami<\/h2>\n<p>Kupci imaju pravo vratiti kupljene proizvode u roku od 14 dana od dana primitka po\u0161iljke, sukladno Zakonu o za\u0161titi potro\u0161a\u010da. Proizvodi moraju biti neotvoreni i nekori\u0161teni, u originalnom pakiranju. Povrat preslika\u010da nije mogu\u0107, osim u slu\u010dajevima kada je \u0161teta nastala prilikom dostave. Kupac je odgovoran dostaviti datoteke prema uputama navedenim na linku: <a href=\"https:\/\/dtfprint.hr\/it\/istruzioni\/come-preparare-il-pdf-per-la-stampa-di-copie-dtf-dtfprint-hr\/\">https:\/\/dtfprint.hr\/upute\/kako-pripremiti-pdf-za-print-dtf-preslikaca-dtfprint-hr\/ <\/a>posebno obra\u0107aju\u0107i pozornost na limitacije DTF tehnlogije; minimalnu debljinu linije i reprodukciju boja.<\/p>\n<h3>7.1. Procedura di reso<\/h3>\n<p>Se desideri restituire un prodotto, ti preghiamo di contattarci tramite e-mail o numero di telefono indicato sul nostro sito Web per organizzare la procedura di restituzione.<\/p>\n<h2>8. Protezione dei dati personali<\/h2>\n<p>Quando utilizzi il nostro negozio web, raccogliamo alcuni dati personali degli utenti. La tua privacy \u00e8 estremamente importante per noi e ci impegniamo a proteggere i tuoi dati in conformit\u00e0 con le leggi applicabili sulla protezione dei dati personali.<\/p>\n<h3>8.1. Utilizzo dei dati personali<\/h3>\n<p>I dati personali che raccogliamo vengono utilizzati esclusivamente allo scopo di elaborare gli ordini, consegnare prodotti e fornire una migliore esperienza utente. Non condivideremo i tuoi dati con terzi, tranne quando necessario per elaborare gli ordini (ad esempio il servizio di consegna).<\/p>\n<h2>9. Contatto<\/h2>\n<p>Se avete domande o avete bisogno di ulteriori informazioni sulle nostre condizioni generali, non esitate a contattarci tramite e-mail o numero di telefono indicato sul nostro sito.<\/p>","protected":false},"excerpt":{"rendered":"<p>Op\u0107i uvjeti kori\u0161tenja web trgovine Dobrodo\u0161li na na\u0161u web trgovinu. Molimo vas da pa\u017eljivo pro\u010ditate ove op\u0107e uvjete kori\u0161tenja prije nego \u0161to po\u010dnete koristiti na\u0161u web stranicu. Kori\u0161tenjem na\u0161e stranice pristajete na ove uvjete i obvezujete se da \u0107ete ih po\u0161tivati. 1. Op\u0107i uvjeti Ovi uvjeti ure\u0111uju prava i obveze kupaca i prodavatelja u pogledu [&hellip;]<\/p>\n","protected":false},"author":1,"featured_media":0,"parent":0,"menu_order":0,"comment_status":"closed","ping_status":"closed","template":"","meta":{"_seopress_robots_primary_cat":"","_seopress_titles_title":"","_seopress_titles_desc":"","_seopress_robots_index":"","_breakdance_hide_in_design_set":false,"_breakdance_tags":"","footnotes":""},"class_list":["post-43","page","type-page","status-publish","hentry"],"_links":{"self":[{"href":"https:\/\/dtfprint.hr\/it\/wp-json\/wp\/v2\/pages\/43","targetHints":{"allow":["GET"]}}],"collection":[{"href":"https:\/\/dtfprint.hr\/it\/wp-json\/wp\/v2\/pages"}],"about":[{"href":"https:\/\/dtfprint.hr\/it\/wp-json\/wp\/v2\/types\/page"}],"author":[{"embeddable":true,"href":"https:\/\/dtfprint.hr\/it\/wp-json\/wp\/v2\/users\/1"}],"replies":[{"embeddable":true,"href":"https:\/\/dtfprint.hr\/it\/wp-json\/wp\/v2\/comments?post=43"}],"version-history":[{"count":10,"href":"https:\/\/dtfprint.hr\/it\/wp-json\/wp\/v2\/pages\/43\/revisions"}],"predecessor-version":[{"id":11096,"href":"https:\/\/dtfprint.hr\/it\/wp-json\/wp\/v2\/pages\/43\/revisions\/11096"}],"wp:attachment":[{"href":"https:\/\/dtfprint.hr\/it\/wp-json\/wp\/v2\/media?parent=43"}],"curies":[{"name":"wp","href":"https:\/\/api.w.org\/{rel}","templated":true}]}}