{"id":404,"date":"2024-09-25T21:45:26","date_gmt":"2024-09-25T19:45:26","guid":{"rendered":"https:\/\/dtfprint.hr\/?page_id=404"},"modified":"2024-10-28T03:23:06","modified_gmt":"2024-10-28T02:23:06","slug":"applicare-copie-dtf-a-magliette-borse-e-altri-prodotti-tessili","status":"publish","type":"page","link":"https:\/\/dtfprint.hr\/it\/upute\/apliciranje-dtf-preslikaca-na-majice-hudice-torbe-i-ostale-tekstilne-proizvode\/","title":{"rendered":"Apliciranje DTF preslika\u010da na majice, hudice, torbe i ostale tekstilne proizvode"},"content":{"rendered":"<section class=\"bde-section-404-110 bde-section\">\n  \n  \n\t\n\n\n\n<div class=\"section-container\"><h1 class=\"bde-heading-404-111 bde-heading\">\nIn pochi semplici passaggi per una stampa superba\n<\/h1><div class=\"bde-div-404-210 bde-div\">\n  \n  \n\t\n\n\n\n<div class=\"bde-div-404-211 bde-div\">\n  \n  \n\t\n\n\n\n<div class=\"bde-icon-404-212 bde-icon\">\n\n    \n            <div class=\"bde-icon-icon breakdance-icon-atom\" >\n    \n                    <svg xmlns=\"http:\/\/www.w3.org\/2000\/svg\" viewbox=\"0 0 496 512\"><!-- Font Awesome Free 5.15.1 by @fontawesome - https:\/\/fontawesome.com License - https:\/\/fontawesome.com\/license\/free (Icons: CC BY 4.0, Fonts: SIL OFL 1.1, Code: MIT License) --><path d=\"M248 8C111 8 0 119 0 256s111 248 248 248 248-111 248-248S385 8 248 8zm0 96c48.6 0 88 39.4 88 88s-39.4 88-88 88-88-39.4-88-88 39.4-88 88-88zm0 344c-58.7 0-111.3-26.6-146.5-68.2 18.8-35.4 55.6-59.8 98.5-59.8 2.4 0 4.8.4 7.1 1.1 13 4.2 26.6 6.9 40.9 6.9 14.3 0 28-2.7 40.9-6.9 2.3-.7 4.7-1.1 7.1-1.1 42.9 0 79.7 24.4 98.5 59.8C359.3 421.4 306.7 448 248 448z\"\/><\/svg>\n        \n        \n        \n            <\/div>\n    \n\n\n<\/div><a class=\"bde-container-link-404-213 bde-container-link breakdance-link\" href=\"mailto:info@megamajice.com\" target=\"_self\" data-type=\"url\">\n  \n  \n\t\n\n\n\n<div class=\"bde-text-404-214 bde-text\">\nScritto da: Mirza Hod\u017ei\u0107\n<\/div>\n\n<\/a>\n<\/div><div class=\"bde-div-404-215 bde-div\">\n  \n  \n\t\n\n\n\n<div class=\"bde-icon-404-216 bde-icon\">\n\n    \n            <div class=\"bde-icon-icon breakdance-icon-atom\" >\n    \n                    <svg xmlns=\"http:\/\/www.w3.org\/2000\/svg\" viewbox=\"0 0 512 512\"><!-- Font Awesome Free 5.15.1 by @fontawesome - https:\/\/fontawesome.com License - https:\/\/fontawesome.com\/license\/free (Icons: CC BY 4.0, Fonts: SIL OFL 1.1, Code: MIT License) --><path d=\"M256,8C119,8,8,119,8,256S119,504,256,504,504,393,504,256,393,8,256,8Zm92.49,313h0l-20,25a16,16,0,0,1-22.49,2.5h0l-67-49.72a40,40,0,0,1-15-31.23V112a16,16,0,0,1,16-16h32a16,16,0,0,1,16,16V256l58,42.5A16,16,0,0,1,348.49,321Z\"\/><\/svg>\n        \n        \n        \n            <\/div>\n    \n\n\n<\/div><a class=\"bde-container-link-404-217 bde-container-link breakdance-link\" href=\"mailto:info@megamajice.com\" target=\"_self\" data-type=\"url\">\n  \n  \n\t\n\n\n\n<div class=\"bde-text-404-218 bde-text\">\nPubblicato il 28 settembre 2024.\n<\/div>\n\n<\/a>\n<\/div>\n<\/div><div class=\"bde-text-404-140 bde-text\">\nDi seguito leggi le istruzioni su come applicare i nostri adesivi sulle magliette, ma lo stesso vale per altri prodotti come cappucci, borse, ombrelli e altri prodotti promozionali.\n<\/div><div class=\"bde-columns-404-112 bde-columns\"><div class=\"bde-column-404-113 bde-column\">\n  \n  \n\t\n\n\n\n<h3 class=\"bde-heading-404-114 bde-heading\">\n1. Ritaglia le immagini speculari\n<\/h3><div class=\"bde-image-404-115 bde-image\">\n<figure class=\"breakdance-image breakdance-image--408\">\n\t<div class=\"breakdance-image-container\">\n\t\t<div class=\"breakdance-image-clip\"><img loading=\"lazy\" decoding=\"async\" class=\"breakdance-image-object\" src=\"https:\/\/dtfprint.hr\/wp-content\/uploads\/2024\/09\/izrezi_dtf_preslikace.jpg\" width=\"1000\" height=\"1000\" srcset=\"https:\/\/dtfprint.hr\/wp-content\/uploads\/2024\/09\/izrezi_dtf_preslikace.jpg 1000w, https:\/\/dtfprint.hr\/wp-content\/uploads\/2024\/09\/izrezi_dtf_preslikace-300x300.jpg 300w, https:\/\/dtfprint.hr\/wp-content\/uploads\/2024\/09\/izrezi_dtf_preslikace-150x150.jpg 150w, https:\/\/dtfprint.hr\/wp-content\/uploads\/2024\/09\/izrezi_dtf_preslikace-768x768.jpg 768w, https:\/\/dtfprint.hr\/wp-content\/uploads\/2024\/09\/izrezi_dtf_preslikace-600x600.jpg 600w\" sizes=\"auto, (max-width: 1000px) 100vw, 1000px\"><\/div>\n\t<\/div><\/figure>\n\n<\/div><div class=\"bde-text-404-116 bde-text\">\nDisimballare gli adesivi e ritagliare i disegni con le forbici.\n<\/div>\n<\/div><div class=\"bde-column-404-117 bde-column\">\n  \n  \n\t\n\n\n\n<h3 class=\"bde-heading-404-118 bde-heading\">\n2. Riscaldare la pressa\n<\/h3><div class=\"bde-image-404-119 bde-image\">\n<figure class=\"breakdance-image breakdance-image--413\">\n\t<div class=\"breakdance-image-container\">\n\t\t<div class=\"breakdance-image-clip\"><img loading=\"lazy\" decoding=\"async\" class=\"breakdance-image-object\" src=\"https:\/\/dtfprint.hr\/wp-content\/uploads\/2024\/09\/zagrijana_termo_presa_dtf_print.jpg\" width=\"1000\" height=\"1000\" srcset=\"https:\/\/dtfprint.hr\/wp-content\/uploads\/2024\/09\/zagrijana_termo_presa_dtf_print.jpg 1000w, https:\/\/dtfprint.hr\/wp-content\/uploads\/2024\/09\/zagrijana_termo_presa_dtf_print-300x300.jpg 300w, https:\/\/dtfprint.hr\/wp-content\/uploads\/2024\/09\/zagrijana_termo_presa_dtf_print-150x150.jpg 150w, https:\/\/dtfprint.hr\/wp-content\/uploads\/2024\/09\/zagrijana_termo_presa_dtf_print-768x768.jpg 768w, https:\/\/dtfprint.hr\/wp-content\/uploads\/2024\/09\/zagrijana_termo_presa_dtf_print-600x600.jpg 600w\" sizes=\"auto, (max-width: 1000px) 100vw, 1000px\"><\/div>\n\t<\/div><\/figure>\n\n<\/div><div class=\"bde-text-404-136 bde-text\">\nRiscaldare la termopressa a 150\u00b0C, impostare il timer per 10 secondi.\n<\/div>\n<\/div><div class=\"bde-column-404-122 bde-column\">\n  \n  \n\t\n\n\n\n<h3 class=\"bde-heading-404-123 bde-heading\">\n3. Posizione\n<\/h3><div class=\"bde-image-404-124 bde-image\">\n<figure class=\"breakdance-image breakdance-image--411\">\n\t<div class=\"breakdance-image-container\">\n\t\t<div class=\"breakdance-image-clip\"><img loading=\"lazy\" decoding=\"async\" class=\"breakdance-image-object\" src=\"https:\/\/dtfprint.hr\/wp-content\/uploads\/2024\/09\/pozicioniraj_dtf_preslikac_na_majicu.jpg\" width=\"1000\" height=\"1000\" srcset=\"https:\/\/dtfprint.hr\/wp-content\/uploads\/2024\/09\/pozicioniraj_dtf_preslikac_na_majicu.jpg 1000w, https:\/\/dtfprint.hr\/wp-content\/uploads\/2024\/09\/pozicioniraj_dtf_preslikac_na_majicu-300x300.jpg 300w, https:\/\/dtfprint.hr\/wp-content\/uploads\/2024\/09\/pozicioniraj_dtf_preslikac_na_majicu-150x150.jpg 150w, https:\/\/dtfprint.hr\/wp-content\/uploads\/2024\/09\/pozicioniraj_dtf_preslikac_na_majicu-768x768.jpg 768w, https:\/\/dtfprint.hr\/wp-content\/uploads\/2024\/09\/pozicioniraj_dtf_preslikac_na_majicu-600x600.jpg 600w\" sizes=\"auto, (max-width: 1000px) 100vw, 1000px\"><\/div>\n\t<\/div><\/figure>\n\n<\/div><div class=\"bde-text-404-137 bde-text\">\nPosiziona la stampa nella posizione desiderata. Abbassare la pressa.\n<\/div>\n<\/div><div class=\"bde-column-404-127 bde-column\">\n  \n  \n\t\n\n\n\n<h3 class=\"bde-heading-404-128 bde-heading\">\n4. Sblocca\n<\/h3><div class=\"bde-image-404-129 bde-image\">\n<figure class=\"breakdance-image breakdance-image--410\">\n\t<div class=\"breakdance-image-container\">\n\t\t<div class=\"breakdance-image-clip\"><img loading=\"lazy\" decoding=\"async\" class=\"breakdance-image-object\" src=\"https:\/\/dtfprint.hr\/wp-content\/uploads\/2024\/09\/odlijepi_dtf_preslikac.jpg\" width=\"1000\" height=\"1000\" srcset=\"https:\/\/dtfprint.hr\/wp-content\/uploads\/2024\/09\/odlijepi_dtf_preslikac.jpg 1000w, https:\/\/dtfprint.hr\/wp-content\/uploads\/2024\/09\/odlijepi_dtf_preslikac-300x300.jpg 300w, https:\/\/dtfprint.hr\/wp-content\/uploads\/2024\/09\/odlijepi_dtf_preslikac-150x150.jpg 150w, https:\/\/dtfprint.hr\/wp-content\/uploads\/2024\/09\/odlijepi_dtf_preslikac-768x768.jpg 768w, https:\/\/dtfprint.hr\/wp-content\/uploads\/2024\/09\/odlijepi_dtf_preslikac-600x600.jpg 600w\" sizes=\"auto, (max-width: 1000px) 100vw, 1000px\"><\/div>\n\t<\/div><\/figure>\n\n<\/div><div class=\"bde-text-404-138 bde-text\">\nSolleva la pressa e rimuovi immediatamente l&#039;adesivo.\n<\/div>\n<\/div><div class=\"bde-column-404-132 bde-column\">\n  \n  \n\t\n\n\n\n<h3 class=\"bde-heading-404-133 bde-heading\">\n5. Fatto!\n<\/h3><div class=\"bde-image-404-134 bde-image\">\n<figure class=\"breakdance-image breakdance-image--409\">\n\t<div class=\"breakdance-image-container\">\n\t\t<div class=\"breakdance-image-clip\"><img loading=\"lazy\" decoding=\"async\" class=\"breakdance-image-object\" src=\"https:\/\/dtfprint.hr\/wp-content\/uploads\/2024\/09\/majica_s_otisnutim_preslikacom.jpg\" width=\"1000\" height=\"1000\" srcset=\"https:\/\/dtfprint.hr\/wp-content\/uploads\/2024\/09\/majica_s_otisnutim_preslikacom.jpg 1000w, https:\/\/dtfprint.hr\/wp-content\/uploads\/2024\/09\/majica_s_otisnutim_preslikacom-300x300.jpg 300w, https:\/\/dtfprint.hr\/wp-content\/uploads\/2024\/09\/majica_s_otisnutim_preslikacom-150x150.jpg 150w, https:\/\/dtfprint.hr\/wp-content\/uploads\/2024\/09\/majica_s_otisnutim_preslikacom-768x768.jpg 768w, https:\/\/dtfprint.hr\/wp-content\/uploads\/2024\/09\/majica_s_otisnutim_preslikacom-600x600.jpg 600w\" sizes=\"auto, (max-width: 1000px) 100vw, 1000px\"><\/div>\n\t<\/div><\/figure>\n\n<\/div><div class=\"bde-text-404-139 bde-text\">\nLo specchio \u00e8 fissato sulla maglietta.\n<\/div>\n<\/div><\/div><div class=\"bde-div-404-200 bde-div\">\n  \n  \n\t\n\n\n\n<div class=\"bde-div-404-191 bde-div\">\n  \n  \n\t\n\n\n\n<div class=\"bde-div-404-189 bde-div\">\n  \n  \n\t\n\n\n\n<div class=\"bde-text-404-190 bde-text\">\nConsiglio\n<\/div>\n<\/div><div class=\"bde-text-404-192 bde-text\">\nNon \u00e8 possibile esercitare troppa pressione sulla termopressa. In linea di principio, quanto pi\u00f9 forte \u00e8 la pressione, migliore \u00e8 la stampa.\n<\/div>\n<\/div><div class=\"bde-div-404-201 bde-div\">\n  \n  \n\t\n\n\n\n<div class=\"bde-div-404-202 bde-div\">\n  \n  \n\t\n\n\n\n<div class=\"bde-text-404-203 bde-text\">\nConsiglio\n<\/div>\n<\/div><div class=\"bde-text-404-204 bde-text\">\nPer ottenere i migliori risultati e una sensazione pi\u00f9 morbida, capovolgere la carta di trasferimento e premere l&#039;imager per altri 5 secondi\n<\/div>\n<\/div><div class=\"bde-div-404-205 bde-div\">\n  \n  \n\t\n\n\n\n<div class=\"bde-div-404-206 bde-div\">\n  \n  \n\t\n\n\n\n<div class=\"bde-text-404-207 bde-text\">\nConsiglio\n<\/div>\n<\/div><div class=\"bde-text-404-208 bde-text\">\nPrima di applicare il riproduttore d&#039;immagini sulla maglietta, pre-pressa la maglietta per alcuni secondi per eliminare l&#039;umidit\u00e0\n<\/div>\n<\/div>\n<\/div><\/div>\n<\/section><section class=\"bde-section-404-143 bde-section\">\n  \n  \n\t\n\n\n\n<div class=\"section-container\"><h1 class=\"bde-heading-404-144 bde-heading\">\nA cosa possono essere applicati gli imager DTF?\n<\/h1><div class=\"bde-text-404-145 bde-text\">\nLe stampanti DTF (Direct-to-Film) possono essere applicate a vari substrati e materiali. Ecco i pi\u00f9 comuni:<br><br>\n<\/div><div class=\"bde-columns-404-146 bde-columns\"><div class=\"bde-column-404-147 bde-column\">\n  \n  \n\t\n\n\n\n<h3 class=\"bde-heading-404-150 bde-heading\">\nTessile\n<\/h3><div class=\"bde-rich-text-404-151 bde-rich-text breakdance-rich-text-styles\">\n<ul>\n<li style=\"text-align: left;\">Cotone<\/li>\n<li style=\"text-align: left;\">Poliestere<\/li>\n<li style=\"text-align: left;\">Misti cotone e poliestere<\/li>\n<li style=\"text-align: left;\">Nylon<\/li>\n<li style=\"text-align: left;\">spandex (elastina)<\/li>\n<li style=\"text-align: left;\">Twill e tela<\/li>\n<li style=\"text-align: left;\">Denim<\/li>\n<\/ul>\n<\/div>\n<\/div><div class=\"bde-column-404-156 bde-column\">\n  \n  \n\t\n\n\n\n<h3 class=\"bde-heading-404-157 bde-heading\">\nAbbigliamento\n<\/h3><div class=\"bde-rich-text-404-158 bde-rich-text breakdance-rich-text-styles\">\n<ul>\n<li>Magliette<\/li>\n<li>Felpe e felpe con cappuccio<\/li>\n<li>Cappelli<\/li>\n<li>Giacche<\/li>\n<li>Pantaloncini e pantaloni lunghi<\/li>\n<li>Attrezzature sportive<\/li>\n<li>Abiti da lavoro<\/li>\n<\/ul>\n\n<\/div>\n<\/div><div class=\"bde-column-404-159 bde-column\">\n  \n  \n\t\n\n\n\n<h3 class=\"bde-heading-404-160 bde-heading\">\nAltri prodotti\n<\/h3><div class=\"bde-rich-text-404-161 bde-rich-text breakdance-rich-text-styles\">\n<ul>\n<li>Borse e zaini<\/li>\n<li>Maschere per il viso in tessuto<\/li>\n<li>Sciarpe e fasce per capelli<\/li>\n<li>Ombrelli<\/li>\n<li>Federe per cuscini<\/li>\n<li>Biancheria da letto<\/li>\n<li>Tende e tendaggi<\/li>\n<li>Tovaglie<\/li>\n<\/ul>\n<\/div>\n<\/div><\/div><\/div>\n<\/section><section class=\"bde-section-404-162 bde-section\">\n  \n  \n\t\n\n\n\n<div class=\"section-container\"><h1 class=\"bde-heading-404-163 bde-heading\">\nCome archiviare correttamente gli imager DTF per un utilizzo a lungo termine<br>\n<\/h1><div class=\"bde-text-404-164 bde-text\">\nGli imager DTF sono estremamente sensibili alle condizioni di conservazione, in particolare all&#039;umidit\u00e0. Se i lucidi rimangono nell&#039;aria e assorbono umidit\u00e0, ci\u00f2 potrebbe influire sulla qualit\u00e0 del trasferimento finale, poich\u00e9 durante la pressatura potrebbero apparire tracce di umidit\u00e0. Per evitare tali problemi, \u00e8 importante conservare correttamente lo specchio. Di seguito sono riportati i consigli su come memorizzare le immagini speculari:<br>\n<\/div><div class=\"bde-columns-404-175 bde-columns\"><div class=\"bde-column-404-176 bde-column\">\n  \n  \n\t\n\n\n\n<h3 class=\"bde-heading-404-180 bde-heading\">\nConservare in un luogo asciutto\n<\/h3><div class=\"bde-text-404-179 bde-text\">\nLe copie DTF devono essere conservate in una stanza con un basso livello di umidit\u00e0, preferibilmente in sacchetti o contenitori ermeticamente chiusi. Investire in un sistema di controllo dell&#039;umidit\u00e0, come i sacchetti di gel di silice, pu\u00f2 contribuire ulteriormente a proteggere la termocamera.\n<\/div>\n<\/div><div class=\"bde-column-404-181 bde-column\">\n  \n  \n\t\n\n\n\n<h3 class=\"bde-heading-404-182 bde-heading\">\nEvitare l&#039;esposizione all&#039;aria\n<\/h3><div class=\"bde-text-404-183 bde-text\">\nSe le termocamere vengono lasciate all&#039;aperto per un lungo periodo, aumenta il rischio che assorbano umidit\u00e0 dall&#039;aria. Si consiglia di riporre i duplicatori nella loro confezione protettiva immediatamente dopo l&#039;uso.\n<\/div>\n<\/div><div class=\"bde-column-404-184 bde-column\">\n  \n  \n\t\n\n\n\n<h3 class=\"bde-heading-404-185 bde-heading\">\nTemperatura ottimale\n<\/h3><div class=\"bde-text-404-186 bde-text\">\nConservare i duplicatori a temperatura ambiente, lontano da fonti di calore o freddo estremo, poich\u00e9 anche tali condizioni possono influenzarne la qualit\u00e0.\n<\/div>\n<\/div><\/div><h3 class=\"bde-heading-404-187 bde-heading\">\nCosa fare se lo specchio si bagna:<br>\n<\/h3><div class=\"bde-text-404-188 bde-text\">\nSe i duplicatori hanno assorbito umidit\u00e0, durante la prima pressatura potrebbero rimanere tracce di umidit\u00e0. In questo caso potete pressarli nuovamente utilizzando: carta da forno, carta da forno o foglio di teflon.<br><br>Questa ulteriore pressione aiuter\u00e0 a rimuovere l&#039;umidit\u00e0 in eccesso e a ripristinare l&#039;aspetto liscio della stampa. Conservando correttamente e utilizzando queste tecniche, ti assicuri che i tuoi imager DTF mantengano qualit\u00e0 e durata ottimali anche dopo lunghi periodi di conservazione.\n<\/div><div class=\"bde-globalblock-404-209 bde-globalblock\"><section class=\"bde-section-450-118-450-1 bde-section bde-section-450-118\">\n  \n  \n\t\n\n\n\n<div class=\"section-container\"><h2 class=\"bde-heading-450-101-450-1 bde-heading bde-heading-450-101\">\nOrdina online le stampanti DTF al miglior prezzo in Croazia\n<\/h2><h2 class=\"bde-heading-450-119-450-1 bde-heading bde-heading-450-119\">\nListino prezzi delle stampanti DTF al metro lungo (larghezza 58 cm)\n<\/h2><div class=\"bde-columns-450-121-450-1 bde-columns bde-columns-450-121\"><div class=\"bde-column-450-122-450-1 bde-column bde-column-450-122\">\n  \n  \n\t\n\n\n\n<div class=\"bde-div-450-124-450-1 bde-div bde-div-450-124\">\n  \n  \n\t\n\n\n\n<div class=\"bde-fancy-divider-450-125-450-1 bde-fancy-divider bde-fancy-divider-450-125\">\n\n\n<div class=\"bde-fancy-divider__wrapper\">\n  <div class=\"bde-fancy-divider__separator has-content has-content-flex-start\">\n  \t    \t    \t          <div class=\"bde-fancy-divider__content bde-fancy-divider__content--text\">\n          1 metro dovuto\n          <\/div>\n    \t      <\/div>\n<\/div>\n\n<\/div><div class=\"bde-text-450-126-450-1 bde-text bde-text-450-126\">\n14,90\u20ac\n<\/div>\n<\/div><div class=\"bde-div-450-127-450-1 bde-div bde-div-450-127\">\n  \n  \n\t\n\n\n\n<div class=\"bde-fancy-divider-450-128-450-1 bde-fancy-divider bde-fancy-divider-450-128\">\n\n\n<div class=\"bde-fancy-divider__wrapper\">\n  <div class=\"bde-fancy-divider__separator has-content has-content-flex-start\">\n  \t    \t    \t          <div class=\"bde-fancy-divider__content bde-fancy-divider__content--text\">\n          da 1dm a 10dm\n          <\/div>\n    \t      <\/div>\n<\/div>\n\n<\/div><div class=\"bde-text-450-204-450-1 bde-text bde-text-450-204\">\n11,90\u20ac\n<\/div>\n<\/div><div class=\"bde-div-450-130-450-1 bde-div bde-div-450-130\">\n  \n  \n\t\n\n\n\n<div class=\"bde-fancy-divider-450-131-450-1 bde-fancy-divider bde-fancy-divider-450-131\">\n\n\n<div class=\"bde-fancy-divider__wrapper\">\n  <div class=\"bde-fancy-divider__separator has-content has-content-flex-start\">\n  \t    \t    \t          <div class=\"bde-fancy-divider__content bde-fancy-divider__content--text\">\n          10 metri e pi\u00f9\n          <\/div>\n    \t      <\/div>\n<\/div>\n\n<\/div><div class=\"bde-text-450-205-450-1 bde-text bde-text-450-205\">\n8,90\u20ac\n<\/div>\n<\/div><div class=\"bde-div-450-140-450-1 bde-div bde-div-450-140\">\n  \n  \n\t\n\n\n\n<div class=\"bde-text-450-207-450-1 bde-text bde-text-450-207\">\nU cijenu je uklju\u010deno pakiranje u vodootporni PELD omot i za\u0161titna kartonska kutija.\n<\/div><div class=\"bde-text-450-208-450-1 bde-text bde-text-450-208\">\nIl prezzo non include l&#039;IVA.\n<\/div>\n<\/div>\n<\/div><\/div><\/div>\n<\/section><section class=\"bde-section-450-100-450-1 bde-section bde-section-450-100\">\n  \n  \n\t\n\n\n\n<div class=\"section-container\"><div class=\"bde-columns-450-102-450-1 bde-columns bde-columns-450-102\"><div class=\"bde-column-450-103-450-1 bde-column bde-column-450-103\">\n  \n  \n\t\n\n\n\n<h2 class=\"bde-heading-450-104-450-1 bde-heading bde-heading-450-104\">\nProgettista DTF online\n<\/h2><div class=\"bde-div-450-105-450-1 bde-div bde-div-450-105\">\n  \n  \n\t\n\n\n\n<div class=\"bde-text-450-106-450-1 bde-text bde-text-450-106\">\nPer principianti\n<\/div>\n<\/div><div class=\"bde-image-450-107-450-1 bde-image bde-image-450-107\">\n<figure class=\"breakdance-image breakdance-image--269\">\n\t<div class=\"breakdance-image-container\">\n\t\t<div class=\"breakdance-image-clip\"><img loading=\"lazy\" decoding=\"async\" class=\"breakdance-image-object\" src=\"https:\/\/dtfprint.hr\/wp-content\/uploads\/2024\/09\/CTA_Dtfprint_PC8bit.png\" width=\"1200\" height=\"750\" srcset=\"https:\/\/dtfprint.hr\/wp-content\/uploads\/2024\/09\/CTA_Dtfprint_PC8bit.png 1200w, https:\/\/dtfprint.hr\/wp-content\/uploads\/2024\/09\/CTA_Dtfprint_PC8bit-300x188.png 300w, https:\/\/dtfprint.hr\/wp-content\/uploads\/2024\/09\/CTA_Dtfprint_PC8bit-1024x640.png 1024w, https:\/\/dtfprint.hr\/wp-content\/uploads\/2024\/09\/CTA_Dtfprint_PC8bit-768x480.png 768w, https:\/\/dtfprint.hr\/wp-content\/uploads\/2024\/09\/CTA_Dtfprint_PC8bit-600x375.png 600w\" sizes=\"auto, (max-width: 1200px) 100vw, 1200px\" alt=\"Gangsheet DTF: designer DTF online\"><\/div>\n\t<\/div><\/figure>\n\n<\/div><div class=\"bde-text-450-108-450-1 bde-text bde-text-450-108\">\nPer i principianti o per chi non dispone di un software di progettazione, il designer di rulli per stampante online DTFprint.hr \u00e8 la soluzione perfetta. Con un&#039;interfaccia intuitiva e una gamma di strumenti di personalizzazione, creare un mirror non \u00e8 mai stato cos\u00ec facile.\n<\/div><div class=\"bde-button-450-109-450-1 bde-button bde-button-450-109\">\n        \n    \n    \n    \n    \n            \n                    \n            \n            \n\n    \n    \n    \n    \n    \n    <a class=\"breakdance-link button-atom button-atom--primary bde-button__button\" href=\"https:\/\/dtfprint.hr\/it\/prodotto\/creare-un-gangsheet-dtf-online\/\" target=\"_self\" data-type=\"url\"  >\n\n    \n        <span class=\"button-atom__text\">Apri designer online<\/span>\n\n        \n        \n                <\/a>\n\n    \n\n\n<\/div>\n<\/div><div class=\"bde-column-450-110-450-1 bde-column bde-column-450-110\">\n  \n  \n\t\n\n\n\n<h2 class=\"bde-heading-450-111-450-1 bde-heading bde-heading-450-111\">\nCarica la preparazione in PDF\n<\/h2><div class=\"bde-div-450-112-450-1 bde-div bde-div-450-112\">\n  \n  \n\t\n\n\n\n<div class=\"bde-text-450-113-450-1 bde-text bde-text-450-113\">\nPer gli esperti\n<\/div>\n<\/div><div class=\"bde-image-450-114-450-1 bde-image bde-image-450-114\">\n<figure class=\"breakdance-image breakdance-image--280\">\n\t<div class=\"breakdance-image-container\">\n\t\t<div class=\"breakdance-image-clip\"><img loading=\"lazy\" decoding=\"async\" class=\"breakdance-image-object\" src=\"https:\/\/dtfprint.hr\/wp-content\/uploads\/2024\/09\/naruci_dtf_pdf_online.png\" width=\"1000\" height=\"777\" srcset=\"https:\/\/dtfprint.hr\/wp-content\/uploads\/2024\/09\/naruci_dtf_pdf_online.png 1000w, https:\/\/dtfprint.hr\/wp-content\/uploads\/2024\/09\/naruci_dtf_pdf_online-300x233.png 300w, https:\/\/dtfprint.hr\/wp-content\/uploads\/2024\/09\/naruci_dtf_pdf_online-768x597.png 768w, https:\/\/dtfprint.hr\/wp-content\/uploads\/2024\/09\/naruci_dtf_pdf_online-600x466.png 600w\" sizes=\"auto, (max-width: 1000px) 100vw, 1000px\" alt=\"Imager DTF con una larghezza di 58 cm e una lunghezza fino a 100 m\"><\/div>\n\t<\/div><\/figure>\n\n<\/div><div class=\"bde-text-450-115-450-1 bde-text bde-text-450-115\">\nCarica uno o pi\u00f9 preparati in pdf pronti per la stampa, inserisci le dimensioni e ordina copie DTF per prodotti tessili con calcolo automatico del prezzo in base alla lunghezza ordinata. Pi\u00f9 metri \u2013 pi\u00f9 risparmio!\n<\/div><div class=\"bde-button-450-116-450-1 bde-button bde-button-450-116\">\n        \n    \n    \n    \n    \n            \n                    \n            \n            \n\n    \n    \n    \n    \n    \n    <a class=\"breakdance-link button-atom button-atom--primary bde-button__button\" href=\"https:\/\/dtfprint.hr\/it\/prodotto\/caricare-e-ordinare-la-copia-pdf-dtf\/\" target=\"_self\" data-type=\"url\"  >\n\n    \n        <span class=\"button-atom__text\">Carica la preparazione in PDF<\/span>\n\n        \n        \n                <\/a>\n\n    \n\n\n<\/div>\n<\/div><\/div><\/div>\n<\/section><\/div><\/div>\n<\/section>","protected":false},"excerpt":{"rendered":"<p>U par jednostavnih koraka do vrhunskog otiska Pi\u0161e: Mirza Hod\u017ei\u0107 Objavljeno 28.09.2024. U nastavku pro\u010ditajte upute o tome kako aplicirati na\u0161e preslika\u010de na majice, no isto vrijedi i za ostale proizvode poput hudica, torbi, ki\u0161obrana i ostalih promotivnih proizvoda. 1. Izre\u017ei preslika\u010de Raspakirajte va\u0161e preslika\u010de i \u0161karama odre\u017eite dizajneve. 2. Ugrij pre\u0161u Ugrijte termo pre\u0161u [&hellip;]<\/p>\n","protected":false},"author":1,"featured_media":412,"parent":396,"menu_order":0,"comment_status":"closed","ping_status":"closed","template":"","meta":{"_seopress_robots_primary_cat":"","_seopress_titles_title":"Kako zapre\u0161ati DTF transfer na majicu? Vodi\u010d sa fotografijama.","_seopress_titles_desc":"Vodi\u010d za apliciranje DTF preslika\u010da na majice i ostale tekstilne proizvode. U par koraka napravite odli\u010dnu majicu s dugotrajnim otiskom.","_seopress_robots_index":"","_breakdance_hide_in_design_set":false,"_breakdance_tags":"","footnotes":""},"class_list":["post-404","page","type-page","status-publish","has-post-thumbnail","hentry"],"_links":{"self":[{"href":"https:\/\/dtfprint.hr\/it\/wp-json\/wp\/v2\/pages\/404","targetHints":{"allow":["GET"]}}],"collection":[{"href":"https:\/\/dtfprint.hr\/it\/wp-json\/wp\/v2\/pages"}],"about":[{"href":"https:\/\/dtfprint.hr\/it\/wp-json\/wp\/v2\/types\/page"}],"author":[{"embeddable":true,"href":"https:\/\/dtfprint.hr\/it\/wp-json\/wp\/v2\/users\/1"}],"replies":[{"embeddable":true,"href":"https:\/\/dtfprint.hr\/it\/wp-json\/wp\/v2\/comments?post=404"}],"version-history":[{"count":11,"href":"https:\/\/dtfprint.hr\/it\/wp-json\/wp\/v2\/pages\/404\/revisions"}],"predecessor-version":[{"id":931,"href":"https:\/\/dtfprint.hr\/it\/wp-json\/wp\/v2\/pages\/404\/revisions\/931"}],"up":[{"embeddable":true,"href":"https:\/\/dtfprint.hr\/it\/wp-json\/wp\/v2\/pages\/396"}],"wp:featuredmedia":[{"embeddable":true,"href":"https:\/\/dtfprint.hr\/it\/wp-json\/wp\/v2\/media\/412"}],"wp:attachment":[{"href":"https:\/\/dtfprint.hr\/it\/wp-json\/wp\/v2\/media?parent=404"}],"curies":[{"name":"wp","href":"https:\/\/api.w.org\/{rel}","templated":true}]}}