{"id":396,"date":"2024-09-25T16:11:43","date_gmt":"2024-09-25T14:11:43","guid":{"rendered":"https:\/\/dtfprint.hr\/?page_id=396"},"modified":"2024-09-27T03:43:43","modified_gmt":"2024-09-27T01:43:43","slug":"istruzioni","status":"publish","type":"page","link":"https:\/\/dtfprint.hr\/it\/upute\/","title":{"rendered":"Istruzioni"},"content":{"rendered":"<section class=\"bde-section-396-137 bde-section\">\n  \n  \n\t\n\n\n\n<div class=\"section-container\"><h1 class=\"bde-heading-396-155 bde-heading\">\nIstruzioni e consigli utili\n<\/h1><div class=\"bde-columns-396-138 bde-columns\"><div class=\"bde-column-396-139 bde-column\">\n              \n  \n  \n\t\n\n  <div class=\"section-background-overlay\"><\/div>\n\n\n<h2 class=\"bde-heading-396-140 bde-heading\">\nChe cos&#039;\u00e8 DTF - Diretto al film?\n<\/h2><div class=\"bde-button-396-141 bde-button\">\n    \n                        \n                        \n    \n    \n    \n    \n            \n                    \n            \n            \n\n    \n    \n    \n    \n    \n    <a class=\"breakdance-link button-atom button-atom--secondary bde-button__button\" href=\"https:\/\/dtfprint.hr\/it\/istruzioni\/cose-dtf-diretto-al-film\/\" target=\"_self\" data-type=\"url\"  >\n\n    \n        <span class=\"button-atom__text\">Leggi l&#039;articolo<\/span>\n\n        \n        \n                <\/a>\n\n    \n\n\n<\/div><div class=\"bde-image-396-142 bde-image\">\n<figure class=\"breakdance-image breakdance-image--527\">\n\t<div class=\"breakdance-image-container\">\n\t\t<div class=\"breakdance-image-clip\"><img decoding=\"async\" class=\"breakdance-image-object\" src=\"https:\/\/dtfprint.hr\/wp-content\/uploads\/2024\/09\/ikona2.svg\" width=\"\" height=\"\"><\/div>\n\t<\/div><\/figure>\n\n<\/div>\n<\/div><div class=\"bde-column-396-143 bde-column\">\n              \n  \n  \n\t\n\n  <div class=\"section-background-overlay\"><\/div>\n\n\n<h2 class=\"bde-heading-396-144 bde-heading\">\nCome applicare gli imager DTF?\n<\/h2><div class=\"bde-button-396-145 bde-button\">\n    \n                        \n                        \n    \n    \n    \n    \n            \n                    \n            \n            \n\n    \n    \n    \n    \n    \n    <a class=\"breakdance-link button-atom button-atom--primary bde-button__button\" href=\"https:\/\/dtfprint.hr\/it\/istruzioni\/applicare-copie-dtf-a-magliette-borse-e-altri-prodotti-tessili\/\" target=\"_self\" data-type=\"url\"  >\n\n    \n        <span class=\"button-atom__text\">Leggi l&#039;articolo<\/span>\n\n        \n        \n                <\/a>\n\n    \n\n\n<\/div><div class=\"bde-image-396-146 bde-image\">\n<figure class=\"breakdance-image breakdance-image--528\">\n\t<div class=\"breakdance-image-container\">\n\t\t<div class=\"breakdance-image-clip\"><img decoding=\"async\" class=\"breakdance-image-object\" src=\"https:\/\/dtfprint.hr\/wp-content\/uploads\/2024\/09\/ikona3.svg\" width=\"\" height=\"\"><\/div>\n\t<\/div><\/figure>\n\n<\/div>\n<\/div><div class=\"bde-column-396-151 bde-column\">\n              \n  \n  \n\t\n\n  <div class=\"section-background-overlay\"><\/div>\n\n\n<h2 class=\"bde-heading-396-152 bde-heading\">\nCome preparare il PDF per i copywriter?\n<\/h2><div class=\"bde-button-396-153 bde-button\">\n    \n                        \n                        \n    \n    \n    \n    \n            \n                    \n            \n            \n\n    \n    \n    \n    \n    \n    <a class=\"breakdance-link button-atom button-atom--primary bde-button__button\" href=\"https:\/\/dtfprint.hr\/it\/istruzioni\/come-preparare-il-pdf-per-la-stampa-di-copie-dtf-dtfprint-hr\/\" target=\"_self\" data-type=\"url\"  >\n\n    \n        <span class=\"button-atom__text\">Leggi l&#039;articolo<\/span>\n\n        \n        \n                <\/a>\n\n    \n\n\n<\/div><div class=\"bde-image-396-154 bde-image\">\n<figure class=\"breakdance-image breakdance-image--526\">\n\t<div class=\"breakdance-image-container\">\n\t\t<div class=\"breakdance-image-clip\"><img decoding=\"async\" class=\"breakdance-image-object\" src=\"https:\/\/dtfprint.hr\/wp-content\/uploads\/2024\/09\/ikona1.svg\" width=\"\" height=\"\"><\/div>\n\t<\/div><\/figure>\n\n<\/div>\n<\/div><\/div><\/div>\n<\/section>","protected":false},"excerpt":{"rendered":"<p>Upute i korisni savjeti \u0160to je DTF &#8211; Direct to film? Pro\u010ditaj \u010dlanak Kako aplicirati DTF preslika\u010de? Pro\u010ditaj \u010dlanak Kako napraviti PDF pripremu za preslika\u010de? Pro\u010ditaj \u010dlanak<\/p>","protected":false},"author":1,"featured_media":0,"parent":0,"menu_order":0,"comment_status":"closed","ping_status":"closed","template":"","meta":{"_seopress_robots_primary_cat":"","_seopress_titles_title":"","_seopress_titles_desc":"","_seopress_robots_index":"","_breakdance_hide_in_design_set":false,"_breakdance_tags":"","footnotes":""},"class_list":["post-396","page","type-page","status-publish","hentry"],"_links":{"self":[{"href":"https:\/\/dtfprint.hr\/it\/wp-json\/wp\/v2\/pages\/396","targetHints":{"allow":["GET"]}}],"collection":[{"href":"https:\/\/dtfprint.hr\/it\/wp-json\/wp\/v2\/pages"}],"about":[{"href":"https:\/\/dtfprint.hr\/it\/wp-json\/wp\/v2\/types\/page"}],"author":[{"embeddable":true,"href":"https:\/\/dtfprint.hr\/it\/wp-json\/wp\/v2\/users\/1"}],"replies":[{"embeddable":true,"href":"https:\/\/dtfprint.hr\/it\/wp-json\/wp\/v2\/comments?post=396"}],"version-history":[{"count":6,"href":"https:\/\/dtfprint.hr\/it\/wp-json\/wp\/v2\/pages\/396\/revisions"}],"predecessor-version":[{"id":533,"href":"https:\/\/dtfprint.hr\/it\/wp-json\/wp\/v2\/pages\/396\/revisions\/533"}],"wp:attachment":[{"href":"https:\/\/dtfprint.hr\/it\/wp-json\/wp\/v2\/media?parent=396"}],"curies":[{"name":"wp","href":"https:\/\/api.w.org\/{rel}","templated":true}]}}