{"id":361,"date":"2024-09-25T01:36:19","date_gmt":"2024-09-24T23:36:19","guid":{"rendered":"https:\/\/dtfprint.hr\/?page_id=361"},"modified":"2024-10-28T03:21:05","modified_gmt":"2024-10-28T02:21:05","slug":"cose-dtf-diretto-al-film","status":"publish","type":"page","link":"https:\/\/dtfprint.hr\/it\/upute\/sto-je-dtf-direct-to-film\/","title":{"rendered":"\u0160to je DTF &#8211; Direct to film"},"content":{"rendered":"<section class=\"bde-section-361-100 bde-section\">\n  \n  \n\t\n\n\n\n<div class=\"section-container\"><h1 class=\"bde-heading-361-101 bde-heading\">\nTecnologia di stampa DTF: una nuova era nella decorazione tessile\n<\/h1><div class=\"bde-div-361-198 bde-div\">\n  \n  \n\t\n\n\n\n<div class=\"bde-div-361-199 bde-div\">\n  \n  \n\t\n\n\n\n<div class=\"bde-icon-361-200 bde-icon\">\n\n    \n            <div class=\"bde-icon-icon breakdance-icon-atom\" >\n    \n                    <svg xmlns=\"http:\/\/www.w3.org\/2000\/svg\" viewbox=\"0 0 496 512\"><!-- Font Awesome Free 5.15.1 by @fontawesome - https:\/\/fontawesome.com License - https:\/\/fontawesome.com\/license\/free (Icons: CC BY 4.0, Fonts: SIL OFL 1.1, Code: MIT License) --><path d=\"M248 8C111 8 0 119 0 256s111 248 248 248 248-111 248-248S385 8 248 8zm0 96c48.6 0 88 39.4 88 88s-39.4 88-88 88-88-39.4-88-88 39.4-88 88-88zm0 344c-58.7 0-111.3-26.6-146.5-68.2 18.8-35.4 55.6-59.8 98.5-59.8 2.4 0 4.8.4 7.1 1.1 13 4.2 26.6 6.9 40.9 6.9 14.3 0 28-2.7 40.9-6.9 2.3-.7 4.7-1.1 7.1-1.1 42.9 0 79.7 24.4 98.5 59.8C359.3 421.4 306.7 448 248 448z\"\/><\/svg>\n        \n        \n        \n            <\/div>\n    \n\n\n<\/div><a class=\"bde-container-link-361-201 bde-container-link breakdance-link\" href=\"mailto:info@megamajice.com\" target=\"_self\" data-type=\"url\">\n  \n  \n\t\n\n\n\n<div class=\"bde-text-361-202 bde-text\">\nScritto da: Mirza Hod\u017ei\u0107\n<\/div>\n\n<\/a>\n<\/div><div class=\"bde-div-361-203 bde-div\">\n  \n  \n\t\n\n\n\n<div class=\"bde-icon-361-204 bde-icon\">\n\n    \n            <div class=\"bde-icon-icon breakdance-icon-atom\" >\n    \n                    <svg xmlns=\"http:\/\/www.w3.org\/2000\/svg\" viewbox=\"0 0 512 512\"><!-- Font Awesome Free 5.15.1 by @fontawesome - https:\/\/fontawesome.com License - https:\/\/fontawesome.com\/license\/free (Icons: CC BY 4.0, Fonts: SIL OFL 1.1, Code: MIT License) --><path d=\"M256,8C119,8,8,119,8,256S119,504,256,504,504,393,504,256,393,8,256,8Zm92.49,313h0l-20,25a16,16,0,0,1-22.49,2.5h0l-67-49.72a40,40,0,0,1-15-31.23V112a16,16,0,0,1,16-16h32a16,16,0,0,1,16,16V256l58,42.5A16,16,0,0,1,348.49,321Z\"\/><\/svg>\n        \n        \n        \n            <\/div>\n    \n\n\n<\/div><a class=\"bde-container-link-361-205 bde-container-link breakdance-link\" href=\"mailto:info@megamajice.com\" target=\"_self\" data-type=\"url\">\n  \n  \n\t\n\n\n\n<div class=\"bde-text-361-206 bde-text\">\nPubblicato il 01.10.2024.\n<\/div>\n\n<\/a>\n<\/div>\n<\/div><div class=\"bde-columns-361-168 bde-columns\"><div class=\"bde-column-361-169 bde-column\">\n  \n  \n\t\n\n\n\n<div class=\"bde-image-361-167 bde-image\">\n<figure class=\"breakdance-image breakdance-image--368\">\n\t<div class=\"breakdance-image-container\">\n\t\t<div class=\"breakdance-image-clip\"><img loading=\"lazy\" decoding=\"async\" class=\"breakdance-image-object\" src=\"https:\/\/dtfprint.hr\/wp-content\/uploads\/2024\/09\/dtf_printer_dtf_print_hr_mimaki.jpg\" width=\"800\" height=\"498\" srcset=\"https:\/\/dtfprint.hr\/wp-content\/uploads\/2024\/09\/dtf_printer_dtf_print_hr_mimaki.jpg 800w, https:\/\/dtfprint.hr\/wp-content\/uploads\/2024\/09\/dtf_printer_dtf_print_hr_mimaki-300x187.jpg 300w, https:\/\/dtfprint.hr\/wp-content\/uploads\/2024\/09\/dtf_printer_dtf_print_hr_mimaki-768x478.jpg 768w, https:\/\/dtfprint.hr\/wp-content\/uploads\/2024\/09\/dtf_printer_dtf_print_hr_mimaki-600x374.jpg 600w\" sizes=\"auto, (max-width: 800px) 100vw, 800px\"><\/div>\n\t<\/div><\/figure>\n\n<\/div><div class=\"bde-text-361-174 bde-text\">\nStampante DTF\n<\/div>\n<\/div><div class=\"bde-column-361-170 bde-column\">\n  \n  \n\t\n\n\n\n<div class=\"bde-text-361-171 bde-text\">\nDTF o Direct-to-Film si riferisce a una tecnica di stampa che utilizza inchiostri speciali DTF CMYKW su pellicola PET a rilascio termico o a freddo, di circa 0,75 mm di spessore. Affinch\u00e9 i colori siano visibili sui tessuti pi\u00f9 scuri \u00e8 necessario l&#039;inchiostro bianco, che funge da base.<br><br>Dopo aver stampato il disegno sulla pellicola, sull&#039;inchiostro ancora umido viene applicato un adesivo in polvere che si scioglie con il calore. Nei processi produttivi pi\u00f9 piccoli questa operazione avviene solitamente manualmente, mentre negli impianti industriali si utilizzano soluzioni automatiche con macchine vibranti. La polvere deve essere applicata nel modo pi\u00f9 uniforme possibile e l&#039;eccesso viene rimosso prima che la pellicola entri nel forno di essiccazione o nella pressa a caldo, dove viene lavorata a circa 160 gradi Celsius. In caso di utilizzo di una termopressa, si raccomanda che la piastra superiore non tocchi la colla, ma che rimanga una distanza compresa tra 4 e 7 mm.<br><br>La pellicola con il motivo completamente colorato e preincollato viene poi trasferita sul tessuto prestirato. Questa fase, detta &quot;fissaggio&quot;, dura circa 20 secondi ad una temperatura compresa tra 160 e 170 gradi Celsius. La maggior parte dei produttori consiglia di utilizzare carta siliconata sopra per proteggere la stampa.\n<\/div>\n<\/div><\/div><div class=\"bde-columns-361-175 bde-columns\"><div class=\"bde-column-361-176 bde-column\">\n  \n  \n\t\n\n\n\n<div class=\"bde-text-361-172 bde-text\">\nQuando il tessuto raggiunge nuovamente la temperatura ambiente, \u00e8 possibile rimuovere la pellicola a freddo, lasciando dietro di s\u00e9 solo il motivo stampato. La pellicola a rilascio termico per DTF \u00e8 meno comune, ma pi\u00f9 efficiente perch\u00e9 pu\u00f2 essere rimossa immediatamente dopo l&#039;apertura della termopressa. Puoi ordinare tramite il nostro sito web <a href=\"https:\/\/dtfprint.hr\/it\/prodotto\/foglio-di-trasferimento-dtf-antistatico-doppio-rivestimento-rilascio-a-caldo-75%c2%b5m-rotolo-da-100-m\/\">foglio DTF PET di alta qualit\u00e0 che pu\u00f2 essere rimosso una volta caldo<\/a>, e utilizziamo lo stesso foglio durante la produzione <a href=\"https:\/\/dtfprint.hr\/it\/product-category\/copie-dtf\/\">dei nostri copywriter<\/a>. Con entrambe le tipologie di pellicole non \u00e8 necessario rimuovere il materiale in eccesso (la cosiddetta sarchiatura), perch\u00e9 al tessuto viene incollata solo la parte stampata.<br><br>Come ultimo passaggio si consiglia una breve pressatura a caldo per migliorare la resistenza al lavaggio e allo sfregamento. Il processo DTF funziona altrettanto bene con fibre naturali come cotone o seta, nonch\u00e9 con materiali artificiali come poliestere o miscele. Grazie allo strato di inchiostro bianco, le stampe DTF hanno un bell&#039;aspetto sia sui tessuti scuri che su quelli bianchi o pastello. La stampa \u00e8 elastica e resistente alle screpolature.\n<\/div>\n<\/div><div class=\"bde-column-361-177 bde-column\">\n  \n  \n\t\n\n\n\n<div class=\"bde-image-361-178 bde-image\">\n<figure class=\"breakdance-image breakdance-image--408\">\n\t<div class=\"breakdance-image-container\">\n\t\t<div class=\"breakdance-image-clip\"><img loading=\"lazy\" decoding=\"async\" class=\"breakdance-image-object\" src=\"https:\/\/dtfprint.hr\/wp-content\/uploads\/2024\/09\/izrezi_dtf_preslikace.jpg\" width=\"1000\" height=\"1000\" srcset=\"https:\/\/dtfprint.hr\/wp-content\/uploads\/2024\/09\/izrezi_dtf_preslikace.jpg 1000w, https:\/\/dtfprint.hr\/wp-content\/uploads\/2024\/09\/izrezi_dtf_preslikace-300x300.jpg 300w, https:\/\/dtfprint.hr\/wp-content\/uploads\/2024\/09\/izrezi_dtf_preslikace-150x150.jpg 150w, https:\/\/dtfprint.hr\/wp-content\/uploads\/2024\/09\/izrezi_dtf_preslikace-768x768.jpg 768w, https:\/\/dtfprint.hr\/wp-content\/uploads\/2024\/09\/izrezi_dtf_preslikace-600x600.jpg 600w\" sizes=\"auto, (max-width: 1000px) 100vw, 1000px\"><\/div>\n\t<\/div><\/figure>\n\n<\/div><div class=\"bde-text-361-179 bde-text\">\nTaglio del mappatore DTF\n<\/div>\n<\/div><\/div><\/div>\n<\/section><section class=\"bde-section-361-116 bde-section\">\n  \n  \n\t\n\n\n\n<div class=\"section-container\"><h1 class=\"bde-heading-361-145 bde-heading\">\nCosa \u00e8 necessario per creare un mappatore DTF?\n<\/h1><div class=\"bde-columns-361-118 bde-columns\"><div class=\"bde-column-361-119 bde-column\">\n  \n  \n\t\n\n\n\n<h3 class=\"bde-heading-361-124 bde-heading\">\nStampante DTF\n<\/h3><div class=\"bde-image-361-123 bde-image\">\n<figure class=\"breakdance-image breakdance-image--370\">\n\t<div class=\"breakdance-image-container\">\n\t\t<div class=\"breakdance-image-clip\"><img loading=\"lazy\" decoding=\"async\" class=\"breakdance-image-object\" src=\"https:\/\/dtfprint.hr\/wp-content\/uploads\/2024\/09\/dtf_printer_dtf_print_hr_mimaki_square.jpg\" width=\"1000\" height=\"1000\" srcset=\"https:\/\/dtfprint.hr\/wp-content\/uploads\/2024\/09\/dtf_printer_dtf_print_hr_mimaki_square.jpg 1000w, https:\/\/dtfprint.hr\/wp-content\/uploads\/2024\/09\/dtf_printer_dtf_print_hr_mimaki_square-300x300.jpg 300w, https:\/\/dtfprint.hr\/wp-content\/uploads\/2024\/09\/dtf_printer_dtf_print_hr_mimaki_square-150x150.jpg 150w, https:\/\/dtfprint.hr\/wp-content\/uploads\/2024\/09\/dtf_printer_dtf_print_hr_mimaki_square-768x768.jpg 768w, https:\/\/dtfprint.hr\/wp-content\/uploads\/2024\/09\/dtf_printer_dtf_print_hr_mimaki_square-600x600.jpg 600w\" sizes=\"auto, (max-width: 1000px) 100vw, 1000px\"><\/div>\n\t<\/div><\/figure>\n\n<\/div><div class=\"bde-text-361-137 bde-text\">\nStampanti appositamente progettate con due o pi\u00f9 testine di stampa in grado di stampare su pellicole PET DTF utilizzando inchiostri pigmentati\n<\/div>\n<\/div><div class=\"bde-column-361-125 bde-column\">\n  \n  \n\t\n\n\n\n<h3 class=\"bde-heading-361-126 bde-heading\">\nColore DTF\n<\/h3><div class=\"bde-image-361-127 bde-image\">\n<figure class=\"breakdance-image breakdance-image--162\">\n\t<div class=\"breakdance-image-container\">\n\t\t<div class=\"breakdance-image-clip\"><img loading=\"lazy\" decoding=\"async\" class=\"breakdance-image-object\" src=\"https:\/\/dtfprint.hr\/wp-content\/uploads\/2024\/09\/dtfprint_hr_premium_boja_za_dtf_ink_dtf_cmykw_set_5x_1l.jpg\" width=\"1000\" height=\"1000\" srcset=\"https:\/\/dtfprint.hr\/wp-content\/uploads\/2024\/09\/dtfprint_hr_premium_boja_za_dtf_ink_dtf_cmykw_set_5x_1l.jpg 1000w, https:\/\/dtfprint.hr\/wp-content\/uploads\/2024\/09\/dtfprint_hr_premium_boja_za_dtf_ink_dtf_cmykw_set_5x_1l-324x324.jpg 324w, https:\/\/dtfprint.hr\/wp-content\/uploads\/2024\/09\/dtfprint_hr_premium_boja_za_dtf_ink_dtf_cmykw_set_5x_1l-100x100.jpg 100w, https:\/\/dtfprint.hr\/wp-content\/uploads\/2024\/09\/dtfprint_hr_premium_boja_za_dtf_ink_dtf_cmykw_set_5x_1l-416x416.jpg 416w, https:\/\/dtfprint.hr\/wp-content\/uploads\/2024\/09\/dtfprint_hr_premium_boja_za_dtf_ink_dtf_cmykw_set_5x_1l-300x300.jpg 300w, https:\/\/dtfprint.hr\/wp-content\/uploads\/2024\/09\/dtfprint_hr_premium_boja_za_dtf_ink_dtf_cmykw_set_5x_1l-150x150.jpg 150w, https:\/\/dtfprint.hr\/wp-content\/uploads\/2024\/09\/dtfprint_hr_premium_boja_za_dtf_ink_dtf_cmykw_set_5x_1l-768x768.jpg 768w\" sizes=\"auto, (max-width: 1000px) 100vw, 1000px\"><\/div>\n\t<\/div><\/figure>\n\n<\/div><div class=\"bde-text-361-138 bde-text\">\nInchiostri pigmentati speciali adatti alla stampa su pellicole DTF.\n<\/div><div class=\"bde-button-361-142 bde-button\">\n    \n                        \n                        \n    \n    \n    \n    \n            \n                    \n            \n            \n\n    \n    \n    \n    \n    \n    <a class=\"breakdance-link button-atom button-atom--text bde-button__button\" href=\"https:\/\/dtfprint.hr\/it\/product-category\/materia-prima-dtf\/colori-per-stampanti-dtf-materia-prima-dtf\/\" target=\"_self\" data-type=\"url\"  >\n\n    \n        <span class=\"button-atom__text\">Guarda i colori in offerta<\/span>\n\n        \n        \n                <\/a>\n\n    \n\n\n<\/div>\n<\/div><div class=\"bde-column-361-128 bde-column\">\n  \n  \n\t\n\n\n\n<h3 class=\"bde-heading-361-129 bde-heading\">\nPellicola\/lamina DTF\n<\/h3><div class=\"bde-image-361-130 bde-image\">\n<figure class=\"breakdance-image breakdance-image--168\">\n\t<div class=\"breakdance-image-container\">\n\t\t<div class=\"breakdance-image-clip\"><img loading=\"lazy\" decoding=\"async\" class=\"breakdance-image-object\" src=\"https:\/\/dtfprint.hr\/wp-content\/uploads\/2024\/09\/dtf_folija_2x_100m_hot_peel_vruce_odljepljivanje_dtfprint_hr.jpg\" width=\"1000\" height=\"1000\" srcset=\"https:\/\/dtfprint.hr\/wp-content\/uploads\/2024\/09\/dtf_folija_2x_100m_hot_peel_vruce_odljepljivanje_dtfprint_hr.jpg 1000w, https:\/\/dtfprint.hr\/wp-content\/uploads\/2024\/09\/dtf_folija_2x_100m_hot_peel_vruce_odljepljivanje_dtfprint_hr-324x324.jpg 324w, https:\/\/dtfprint.hr\/wp-content\/uploads\/2024\/09\/dtf_folija_2x_100m_hot_peel_vruce_odljepljivanje_dtfprint_hr-100x100.jpg 100w, https:\/\/dtfprint.hr\/wp-content\/uploads\/2024\/09\/dtf_folija_2x_100m_hot_peel_vruce_odljepljivanje_dtfprint_hr-416x416.jpg 416w, https:\/\/dtfprint.hr\/wp-content\/uploads\/2024\/09\/dtf_folija_2x_100m_hot_peel_vruce_odljepljivanje_dtfprint_hr-300x300.jpg 300w, https:\/\/dtfprint.hr\/wp-content\/uploads\/2024\/09\/dtf_folija_2x_100m_hot_peel_vruce_odljepljivanje_dtfprint_hr-150x150.jpg 150w, https:\/\/dtfprint.hr\/wp-content\/uploads\/2024\/09\/dtf_folija_2x_100m_hot_peel_vruce_odljepljivanje_dtfprint_hr-768x768.jpg 768w\" sizes=\"auto, (max-width: 1000px) 100vw, 1000px\"><\/div>\n\t<\/div><\/figure>\n\n<\/div><div class=\"bde-text-361-139 bde-text\">\nFilm specializzati su cui vengono stampati i motivi prima di essere trasferiti sul tessuto.\n<\/div><div class=\"bde-button-361-143 bde-button\">\n    \n                        \n                        \n    \n    \n    \n    \n            \n                    \n            \n            \n\n    \n    \n    \n    \n    \n    <a class=\"breakdance-link button-atom button-atom--text bde-button__button\" href=\"https:\/\/dtfprint.hr\/it\/prodotto\/foglio-di-trasferimento-dtf-antistatico-doppio-rivestimento-rilascio-a-caldo-75%c2%b5m-rotolo-da-100-m\/\" target=\"_self\" data-type=\"url\"  >\n\n    \n        <span class=\"button-atom__text\">Guarda i foil in offerta<\/span>\n\n        \n        \n                <\/a>\n\n    \n\n\n<\/div>\n<\/div><div class=\"bde-column-361-131 bde-column\">\n  \n  \n\t\n\n\n\n<h3 class=\"bde-heading-361-132 bde-heading\">\nColla in polvere\n<\/h3><div class=\"bde-image-361-133 bde-image\">\n<figure class=\"breakdance-image breakdance-image--182\">\n\t<div class=\"breakdance-image-container\">\n\t\t<div class=\"breakdance-image-clip\"><img loading=\"lazy\" decoding=\"async\" class=\"breakdance-image-object\" src=\"https:\/\/dtfprint.hr\/wp-content\/uploads\/2024\/09\/dtf_print_hr_melt_ljepilo_hot_melt_glue_prah.jpg\" width=\"1000\" height=\"1000\" srcset=\"https:\/\/dtfprint.hr\/wp-content\/uploads\/2024\/09\/dtf_print_hr_melt_ljepilo_hot_melt_glue_prah.jpg 1000w, https:\/\/dtfprint.hr\/wp-content\/uploads\/2024\/09\/dtf_print_hr_melt_ljepilo_hot_melt_glue_prah-324x324.jpg 324w, https:\/\/dtfprint.hr\/wp-content\/uploads\/2024\/09\/dtf_print_hr_melt_ljepilo_hot_melt_glue_prah-100x100.jpg 100w, https:\/\/dtfprint.hr\/wp-content\/uploads\/2024\/09\/dtf_print_hr_melt_ljepilo_hot_melt_glue_prah-416x416.jpg 416w, https:\/\/dtfprint.hr\/wp-content\/uploads\/2024\/09\/dtf_print_hr_melt_ljepilo_hot_melt_glue_prah-300x300.jpg 300w, https:\/\/dtfprint.hr\/wp-content\/uploads\/2024\/09\/dtf_print_hr_melt_ljepilo_hot_melt_glue_prah-150x150.jpg 150w, https:\/\/dtfprint.hr\/wp-content\/uploads\/2024\/09\/dtf_print_hr_melt_ljepilo_hot_melt_glue_prah-768x768.jpg 768w\" sizes=\"auto, (max-width: 1000px) 100vw, 1000px\"><\/div>\n\t<\/div><\/figure>\n\n<\/div><div class=\"bde-text-361-140 bde-text\">\nUn componente chiave che permette al disegno di aderire al tessuto.\n<\/div><div class=\"bde-button-361-144 bde-button\">\n    \n                        \n                        \n    \n    \n    \n    \n            \n                    \n            \n            \n\n    \n    \n    \n    \n    \n    <a class=\"breakdance-link button-atom button-atom--text bde-button__button\" href=\"https:\/\/dtfprint.hr\/it\/prodotto\/hot-melt-praskasto-ljepilo-za-dtf-filmove\/\" target=\"_self\" data-type=\"url\"  >\n\n    \n        <span class=\"button-atom__text\">Guarda la colla nell&#039;offerta<\/span>\n\n        \n        \n                <\/a>\n\n    \n\n\n<\/div>\n<\/div><div class=\"bde-column-361-134 bde-column\">\n  \n  \n\t\n\n\n\n<h3 class=\"bde-heading-361-135 bde-heading\">\nPressa termica\n<\/h3><div class=\"bde-image-361-136 bde-image\">\n<figure class=\"breakdance-image breakdance-image--371\">\n\t<div class=\"breakdance-image-container\">\n\t\t<div class=\"breakdance-image-clip\"><img loading=\"lazy\" decoding=\"async\" class=\"breakdance-image-object\" src=\"https:\/\/dtfprint.hr\/wp-content\/uploads\/2024\/09\/termo_presa_dtf_print.jpg\" width=\"1000\" height=\"1000\" srcset=\"https:\/\/dtfprint.hr\/wp-content\/uploads\/2024\/09\/termo_presa_dtf_print.jpg 1000w, https:\/\/dtfprint.hr\/wp-content\/uploads\/2024\/09\/termo_presa_dtf_print-300x300.jpg 300w, https:\/\/dtfprint.hr\/wp-content\/uploads\/2024\/09\/termo_presa_dtf_print-150x150.jpg 150w, https:\/\/dtfprint.hr\/wp-content\/uploads\/2024\/09\/termo_presa_dtf_print-768x768.jpg 768w, https:\/\/dtfprint.hr\/wp-content\/uploads\/2024\/09\/termo_presa_dtf_print-600x600.jpg 600w\" sizes=\"auto, (max-width: 1000px) 100vw, 1000px\"><\/div>\n\t<\/div><\/figure>\n\n<\/div><div class=\"bde-text-361-141 bde-text\">\nPressa termica standard per applicare la termocamera su magliette\/tessuti.\n<\/div>\n<\/div><\/div><\/div>\n<\/section><div class=\"bde-globalblock-361-197 bde-globalblock\"><section class=\"bde-section-450-118-450-1 bde-section bde-section-450-118\">\n  \n  \n\t\n\n\n\n<div class=\"section-container\"><h2 class=\"bde-heading-450-101-450-1 bde-heading bde-heading-450-101\">\nOrdina online le stampanti DTF al miglior prezzo in Croazia\n<\/h2><h2 class=\"bde-heading-450-119-450-1 bde-heading bde-heading-450-119\">\nListino prezzi delle stampanti DTF al metro lungo (larghezza 58 cm)\n<\/h2><div class=\"bde-columns-450-121-450-1 bde-columns bde-columns-450-121\"><div class=\"bde-column-450-122-450-1 bde-column bde-column-450-122\">\n  \n  \n\t\n\n\n\n<div class=\"bde-div-450-124-450-1 bde-div bde-div-450-124\">\n  \n  \n\t\n\n\n\n<div class=\"bde-fancy-divider-450-125-450-1 bde-fancy-divider bde-fancy-divider-450-125\">\n\n\n<div class=\"bde-fancy-divider__wrapper\">\n  <div class=\"bde-fancy-divider__separator has-content has-content-flex-start\">\n  \t    \t    \t          <div class=\"bde-fancy-divider__content bde-fancy-divider__content--text\">\n          1 metro dovuto\n          <\/div>\n    \t      <\/div>\n<\/div>\n\n<\/div><div class=\"bde-text-450-126-450-1 bde-text bde-text-450-126\">\n14,90\u20ac\n<\/div>\n<\/div><div class=\"bde-div-450-127-450-1 bde-div bde-div-450-127\">\n  \n  \n\t\n\n\n\n<div class=\"bde-fancy-divider-450-128-450-1 bde-fancy-divider bde-fancy-divider-450-128\">\n\n\n<div class=\"bde-fancy-divider__wrapper\">\n  <div class=\"bde-fancy-divider__separator has-content has-content-flex-start\">\n  \t    \t    \t          <div class=\"bde-fancy-divider__content bde-fancy-divider__content--text\">\n          da 1dm a 10dm\n          <\/div>\n    \t      <\/div>\n<\/div>\n\n<\/div><div class=\"bde-text-450-204-450-1 bde-text bde-text-450-204\">\n11,90\u20ac\n<\/div>\n<\/div><div class=\"bde-div-450-130-450-1 bde-div bde-div-450-130\">\n  \n  \n\t\n\n\n\n<div class=\"bde-fancy-divider-450-131-450-1 bde-fancy-divider bde-fancy-divider-450-131\">\n\n\n<div class=\"bde-fancy-divider__wrapper\">\n  <div class=\"bde-fancy-divider__separator has-content has-content-flex-start\">\n  \t    \t    \t          <div class=\"bde-fancy-divider__content bde-fancy-divider__content--text\">\n          10 metri e pi\u00f9\n          <\/div>\n    \t      <\/div>\n<\/div>\n\n<\/div><div class=\"bde-text-450-205-450-1 bde-text bde-text-450-205\">\n8,90\u20ac\n<\/div>\n<\/div><div class=\"bde-div-450-140-450-1 bde-div bde-div-450-140\">\n  \n  \n\t\n\n\n\n<div class=\"bde-text-450-207-450-1 bde-text bde-text-450-207\">\nU cijenu je uklju\u010deno pakiranje u vodootporni PELD omot i za\u0161titna kartonska kutija.\n<\/div><div class=\"bde-text-450-208-450-1 bde-text bde-text-450-208\">\nIl prezzo non include l&#039;IVA.\n<\/div>\n<\/div>\n<\/div><\/div><\/div>\n<\/section><section class=\"bde-section-450-100-450-1 bde-section bde-section-450-100\">\n  \n  \n\t\n\n\n\n<div class=\"section-container\"><div class=\"bde-columns-450-102-450-1 bde-columns bde-columns-450-102\"><div class=\"bde-column-450-103-450-1 bde-column bde-column-450-103\">\n  \n  \n\t\n\n\n\n<h2 class=\"bde-heading-450-104-450-1 bde-heading bde-heading-450-104\">\nProgettista DTF online\n<\/h2><div class=\"bde-div-450-105-450-1 bde-div bde-div-450-105\">\n  \n  \n\t\n\n\n\n<div class=\"bde-text-450-106-450-1 bde-text bde-text-450-106\">\nPer principianti\n<\/div>\n<\/div><div class=\"bde-image-450-107-450-1 bde-image bde-image-450-107\">\n<figure class=\"breakdance-image breakdance-image--269\">\n\t<div class=\"breakdance-image-container\">\n\t\t<div class=\"breakdance-image-clip\"><img loading=\"lazy\" decoding=\"async\" class=\"breakdance-image-object\" src=\"https:\/\/dtfprint.hr\/wp-content\/uploads\/2024\/09\/CTA_Dtfprint_PC8bit.png\" width=\"1200\" height=\"750\" srcset=\"https:\/\/dtfprint.hr\/wp-content\/uploads\/2024\/09\/CTA_Dtfprint_PC8bit.png 1200w, https:\/\/dtfprint.hr\/wp-content\/uploads\/2024\/09\/CTA_Dtfprint_PC8bit-300x188.png 300w, https:\/\/dtfprint.hr\/wp-content\/uploads\/2024\/09\/CTA_Dtfprint_PC8bit-1024x640.png 1024w, https:\/\/dtfprint.hr\/wp-content\/uploads\/2024\/09\/CTA_Dtfprint_PC8bit-768x480.png 768w, https:\/\/dtfprint.hr\/wp-content\/uploads\/2024\/09\/CTA_Dtfprint_PC8bit-600x375.png 600w\" sizes=\"auto, (max-width: 1200px) 100vw, 1200px\" alt=\"Gangsheet DTF: designer DTF online\"><\/div>\n\t<\/div><\/figure>\n\n<\/div><div class=\"bde-text-450-108-450-1 bde-text bde-text-450-108\">\nPer i principianti o per chi non dispone di un software di progettazione, il designer di rulli per stampante online DTFprint.hr \u00e8 la soluzione perfetta. Con un&#039;interfaccia intuitiva e una gamma di strumenti di personalizzazione, creare un mirror non \u00e8 mai stato cos\u00ec facile.\n<\/div><div class=\"bde-button-450-109-450-1 bde-button bde-button-450-109\">\n    \n                                    \n    \n    \n    \n    \n            \n                    \n            \n            \n\n    \n    \n    \n    \n    \n    <a class=\"breakdance-link button-atom button-atom--primary bde-button__button\" href=\"https:\/\/dtfprint.hr\/it\/prodotto\/creare-un-gangsheet-dtf-online\/\" target=\"_self\" data-type=\"url\"  >\n\n    \n        <span class=\"button-atom__text\">Apri designer online<\/span>\n\n        \n        \n                <\/a>\n\n    \n\n\n<\/div>\n<\/div><div class=\"bde-column-450-110-450-1 bde-column bde-column-450-110\">\n  \n  \n\t\n\n\n\n<h2 class=\"bde-heading-450-111-450-1 bde-heading bde-heading-450-111\">\nCarica la preparazione in PDF\n<\/h2><div class=\"bde-div-450-112-450-1 bde-div bde-div-450-112\">\n  \n  \n\t\n\n\n\n<div class=\"bde-text-450-113-450-1 bde-text bde-text-450-113\">\nPer gli esperti\n<\/div>\n<\/div><div class=\"bde-image-450-114-450-1 bde-image bde-image-450-114\">\n<figure class=\"breakdance-image breakdance-image--280\">\n\t<div class=\"breakdance-image-container\">\n\t\t<div class=\"breakdance-image-clip\"><img loading=\"lazy\" decoding=\"async\" class=\"breakdance-image-object\" src=\"https:\/\/dtfprint.hr\/wp-content\/uploads\/2024\/09\/naruci_dtf_pdf_online.png\" width=\"1000\" height=\"777\" srcset=\"https:\/\/dtfprint.hr\/wp-content\/uploads\/2024\/09\/naruci_dtf_pdf_online.png 1000w, https:\/\/dtfprint.hr\/wp-content\/uploads\/2024\/09\/naruci_dtf_pdf_online-300x233.png 300w, https:\/\/dtfprint.hr\/wp-content\/uploads\/2024\/09\/naruci_dtf_pdf_online-768x597.png 768w, https:\/\/dtfprint.hr\/wp-content\/uploads\/2024\/09\/naruci_dtf_pdf_online-600x466.png 600w\" sizes=\"auto, (max-width: 1000px) 100vw, 1000px\" alt=\"Imager DTF con una larghezza di 58 cm e una lunghezza fino a 100 m\"><\/div>\n\t<\/div><\/figure>\n\n<\/div><div class=\"bde-text-450-115-450-1 bde-text bde-text-450-115\">\nCarica uno o pi\u00f9 preparati in pdf pronti per la stampa, inserisci le dimensioni e ordina copie DTF per prodotti tessili con calcolo automatico del prezzo in base alla lunghezza ordinata. Pi\u00f9 metri \u2013 pi\u00f9 risparmio!\n<\/div><div class=\"bde-button-450-116-450-1 bde-button bde-button-450-116\">\n    \n                                    \n    \n    \n    \n    \n            \n                    \n            \n            \n\n    \n    \n    \n    \n    \n    <a class=\"breakdance-link button-atom button-atom--primary bde-button__button\" href=\"https:\/\/dtfprint.hr\/it\/prodotto\/caricare-e-ordinare-la-copia-pdf-dtf\/\" target=\"_self\" data-type=\"url\"  >\n\n    \n        <span class=\"button-atom__text\">Carica la preparazione in PDF<\/span>\n\n        \n        \n                <\/a>\n\n    \n\n\n<\/div>\n<\/div><\/div><\/div>\n<\/section><\/div>","protected":false},"excerpt":{"rendered":"<p>DTF Tehnologija Tiska: Nova Era u Dekoriranju Tekstila Pi\u0161e: Mirza Hod\u017ei\u0107 Objavljeno 01.10.2024. DTF printer DTF ili Direct-to-Film odnosi se na tehniku ispisa pomo\u0107u posebnih DTF CMYKW tinti na PET film za toplinsko ili hladno skidanje, debljine otprilike 0,75 mm. Kako bi boje bile vidljive i na tamnijim tkaninama, potrebna je bijela tinta koja slu\u017ei [&hellip;]<\/p>\n","protected":false},"author":1,"featured_media":280,"parent":396,"menu_order":0,"comment_status":"closed","ping_status":"closed","template":"","meta":{"_seopress_robots_primary_cat":"","_seopress_titles_title":"\u0160to je DTF - Direct to film - Informacije, savjeti i upute","_seopress_titles_desc":"\u0160to je sve potrebno za izradu DTF preslika\u010da? 1.DTF printer 2.DTF boja 3.DTF folija 4. DTF Ljepilo 5. Termo pre\u0161a","_seopress_robots_index":"","_breakdance_hide_in_design_set":false,"_breakdance_tags":"","footnotes":""},"class_list":["post-361","page","type-page","status-publish","has-post-thumbnail","hentry"],"_links":{"self":[{"href":"https:\/\/dtfprint.hr\/it\/wp-json\/wp\/v2\/pages\/361","targetHints":{"allow":["GET"]}}],"collection":[{"href":"https:\/\/dtfprint.hr\/it\/wp-json\/wp\/v2\/pages"}],"about":[{"href":"https:\/\/dtfprint.hr\/it\/wp-json\/wp\/v2\/types\/page"}],"author":[{"embeddable":true,"href":"https:\/\/dtfprint.hr\/it\/wp-json\/wp\/v2\/users\/1"}],"replies":[{"embeddable":true,"href":"https:\/\/dtfprint.hr\/it\/wp-json\/wp\/v2\/comments?post=361"}],"version-history":[{"count":22,"href":"https:\/\/dtfprint.hr\/it\/wp-json\/wp\/v2\/pages\/361\/revisions"}],"predecessor-version":[{"id":929,"href":"https:\/\/dtfprint.hr\/it\/wp-json\/wp\/v2\/pages\/361\/revisions\/929"}],"up":[{"embeddable":true,"href":"https:\/\/dtfprint.hr\/it\/wp-json\/wp\/v2\/pages\/396"}],"wp:featuredmedia":[{"embeddable":true,"href":"https:\/\/dtfprint.hr\/it\/wp-json\/wp\/v2\/media\/280"}],"wp:attachment":[{"href":"https:\/\/dtfprint.hr\/it\/wp-json\/wp\/v2\/media?parent=361"}],"curies":[{"name":"wp","href":"https:\/\/api.w.org\/{rel}","templated":true}]}}