{"id":32,"date":"2024-09-25T23:40:43","date_gmt":"2024-09-25T21:40:43","guid":{"rendered":"https:\/\/dtfprint.hr\/shop\/?page_id=32"},"modified":"2024-10-28T03:27:14","modified_gmt":"2024-10-28T02:27:14","slug":"come-preparare-il-pdf-per-la-stampa-di-copie-dtf-dtfprint-hr","status":"publish","type":"page","link":"https:\/\/dtfprint.hr\/it\/upute\/kako-pripremiti-pdf-za-print-dtf-preslikaca-dtfprint-hr\/","title":{"rendered":"Kako pripremiti PDF za print DTF preslika\u010da"},"content":{"rendered":"<section class=\"bde-section-32-103 bde-section\">\n  \n  \n\t\n\n\n\n<div class=\"section-container\"><h1 class=\"bde-heading-32-104 bde-heading\">\nCome preparare la preparazione del PDF per i convertitori DTF\n<\/h1><div class=\"bde-div-32-263 bde-div\">\n  \n  \n\t\n\n\n\n<div class=\"bde-div-32-264 bde-div\">\n  \n  \n\t\n\n\n\n<div class=\"bde-icon-32-265 bde-icon\">\n\n    \n            <div class=\"bde-icon-icon breakdance-icon-atom\" >\n    \n                    <svg xmlns=\"http:\/\/www.w3.org\/2000\/svg\" viewbox=\"0 0 496 512\"><!-- Font Awesome Free 5.15.1 by @fontawesome - https:\/\/fontawesome.com License - https:\/\/fontawesome.com\/license\/free (Icons: CC BY 4.0, Fonts: SIL OFL 1.1, Code: MIT License) --><path d=\"M248 8C111 8 0 119 0 256s111 248 248 248 248-111 248-248S385 8 248 8zm0 96c48.6 0 88 39.4 88 88s-39.4 88-88 88-88-39.4-88-88 39.4-88 88-88zm0 344c-58.7 0-111.3-26.6-146.5-68.2 18.8-35.4 55.6-59.8 98.5-59.8 2.4 0 4.8.4 7.1 1.1 13 4.2 26.6 6.9 40.9 6.9 14.3 0 28-2.7 40.9-6.9 2.3-.7 4.7-1.1 7.1-1.1 42.9 0 79.7 24.4 98.5 59.8C359.3 421.4 306.7 448 248 448z\"\/><\/svg>\n        \n        \n        \n            <\/div>\n    \n\n\n<\/div><a class=\"bde-container-link-32-266 bde-container-link breakdance-link\" href=\"mailto:info@megamajice.com\" target=\"_self\" data-type=\"url\">\n  \n  \n\t\n\n\n\n<div class=\"bde-text-32-267 bde-text\">\nScritto da: Mirza Hod\u017ei\u0107\n<\/div>\n\n<\/a>\n<\/div><div class=\"bde-div-32-268 bde-div\">\n  \n  \n\t\n\n\n\n<div class=\"bde-icon-32-269 bde-icon\">\n\n    \n            <div class=\"bde-icon-icon breakdance-icon-atom\" >\n    \n                    <svg xmlns=\"http:\/\/www.w3.org\/2000\/svg\" viewbox=\"0 0 512 512\"><!-- Font Awesome Free 5.15.1 by @fontawesome - https:\/\/fontawesome.com License - https:\/\/fontawesome.com\/license\/free (Icons: CC BY 4.0, Fonts: SIL OFL 1.1, Code: MIT License) --><path d=\"M256,8C119,8,8,119,8,256S119,504,256,504,504,393,504,256,393,8,256,8Zm92.49,313h0l-20,25a16,16,0,0,1-22.49,2.5h0l-67-49.72a40,40,0,0,1-15-31.23V112a16,16,0,0,1,16-16h32a16,16,0,0,1,16,16V256l58,42.5A16,16,0,0,1,348.49,321Z\"\/><\/svg>\n        \n        \n        \n            <\/div>\n    \n\n\n<\/div><a class=\"bde-container-link-32-270 bde-container-link breakdance-link\" href=\"mailto:info@megamajice.com\" target=\"_self\" data-type=\"url\">\n  \n  \n\t\n\n\n\n<div class=\"bde-text-32-271 bde-text\">\nPubblicato il 28 settembre 2024.\n<\/div>\n\n<\/a>\n<\/div>\n<\/div><div class=\"bde-text-32-105 bde-text\">\nCreare una preparazione grafica di alta qualit\u00e0 per le stampanti DTF \u00e8 fondamentale per ottenere risultati di stampa ottimali. Sebbene la preparazione del PDF possa essere eseguita in vari programmi di grafica, DTFprint.hr consiglia di utilizzarlo <b>CorelDraw<\/b> O <b>Adobe Illustrator<\/b> per la massima precisione e controllo. Qui ti guideremo passo dopo passo attraverso il processo di preparazione per gli imager DTF.<br>\n<\/div><h3 class=\"bde-heading-32-117 bde-heading\">\nLinee guida principali per la preparazione del PDF:<br>\n<\/h3><div class=\"bde-columns-32-118 bde-columns\"><div class=\"bde-column-32-119 bde-column\">\n  \n  \n\t\n\n\n\n<div class=\"bde-text-32-121 bde-text\">\nDimensioni della preparazione:\n<\/div><div class=\"bde-text-32-124 bde-text\">\nDimensioni di preparazione: la larghezza del documento PDF dovrebbe essere di 58 cm, mentre la lunghezza pu\u00f2 arrivare fino a 100 metri, ma si consiglia di dividere file pi\u00f9 lunghi in segmenti fino a 15 metri per una manipolazione pi\u00f9 semplice e migliori prestazioni del computer.\n<\/div>\n<\/div><div class=\"bde-column-32-122 bde-column\">\n  \n  \n\t\n\n\n\n<div class=\"bde-text-32-125 bde-text\">\nFormati e colori\n<\/div><div class=\"bde-text-32-123 bde-text\">\nFormati e colori: \u00e8 ideale prepararsi in vettori (curve) e utilizzare la tavolozza dei colori CMYK. Inoltre, puoi lavorare nella tavolozza RGB perch\u00e9 il software di rip che utilizziamo supporta RGB e riproduce correttamente i colori. La risoluzione dovrebbe essere di 300 DPI per ottenere i migliori risultati. \u00c8 possibile una combinazione di vettore e raster.\n<\/div>\n<\/div><\/div><\/div>\n<\/section><section class=\"bde-section-32-129 bde-section\">\n  \n  \n\t\n\n\n\n<div class=\"section-container\"><h1 class=\"bde-heading-32-130 bde-heading\">\nUna guida per preparare i PDF per la stampa in CorelDraw\n<\/h1><div class=\"bde-columns-32-131 bde-columns\"><div class=\"bde-column-32-133 bde-column\">\n  \n  \n\t\n\n\n\n<h2 class=\"bde-heading-32-142 bde-heading\">\n1. Nuova larghezza del file 58 cm<br>\n<\/h2><div class=\"bde-text-32-149 bde-text\">\nCrea un nuovo file in CorelDraw. Idealmente, la tavolozza dei colori dovrebbe essere nello spettro CMYK, con una risoluzione di 300 dpi.<br><br>Selezionare 58 cm come larghezza del documento. Nel nostro esempio utilizzeremo una lunghezza di 3,5 metri o 3500 mm, ma puoi inserire la lunghezza che ti serve. Tieni presente che il programma pu\u00f2 rallentare se hai molti elementi, quindi ti consigliamo di creare file lunghi fino a 15 metri.\n<\/div>\n<\/div><div class=\"bde-column-32-132 bde-column\">\n  \n  \n\t\n\n\n\n<div class=\"bde-image-32-138 bde-image\">\n<figure class=\"breakdance-image breakdance-image--423\">\n\t<div class=\"breakdance-image-container\">\n\t\t<div class=\"breakdance-image-clip\"><img loading=\"lazy\" decoding=\"async\" class=\"breakdance-image-object\" src=\"https:\/\/dtfprint.hr\/wp-content\/uploads\/2024\/09\/novi_dokument.jpg\" width=\"413\" height=\"470\" srcset=\"https:\/\/dtfprint.hr\/wp-content\/uploads\/2024\/09\/novi_dokument.jpg 413w, https:\/\/dtfprint.hr\/wp-content\/uploads\/2024\/09\/novi_dokument-264x300.jpg 264w\" sizes=\"auto, (max-width: 413px) 100vw, 413px\"><\/div>\n\t<\/div><\/figure>\n\n<\/div>\n<\/div><\/div><\/div>\n<\/section><section class=\"bde-section-32-261 bde-section\">\n  \n  \n\t\n\n\n\n<div class=\"section-container\"><div class=\"bde-columns-32-144 bde-columns\"><div class=\"bde-column-32-147 bde-column\">\n  \n  \n\t\n\n\n\n<h2 class=\"bde-heading-32-148 bde-heading\">\n2.a - Se si combinano pi\u00f9 elementi grafici diversi in un unico file\n<\/h2><h4 class=\"bde-heading-32-216 bde-heading\">\nCreazione del cosiddetto Gangsheet, che pu\u00f2 contenere tanti motivi diversi\n<\/h4><div class=\"bde-rich-text-32-150 bde-rich-text breakdance-rich-text-styles\">\n<ul>\n<li>Posiziona elementi come <strong>JPEG<\/strong>, <strong>PNG<\/strong>, <strong>SVG<\/strong> file all&#039;interno dell&#039;area di lavoro. Assicurati che gli elementi non si sovrappongano e che non ci siano linee sottili: la linea pi\u00f9 sottile che possiamo stampare \u00e8 quella <strong>0,5 mm<\/strong>.<\/li>\n<li>Se usi il testo, sicuramente <strong>convertirlo in curve<\/strong> per evitare problemi con i caratteri.<\/li>\n<li><strong>Non specchiarti<\/strong> elementi: inviali come positivi.<\/li>\n<li>Presta attenzione che le dimensioni dei tuoi elementi siano impostate nelle dimensioni di cui hai bisogno<\/li>\n<\/ul>\n<\/div><div class=\"bde-div-32-159 bde-div\">\n  \n  \n\t\n\n\n\n<div class=\"bde-div-32-161 bde-div\">\n  \n  \n\t\n\n\n\n<div class=\"bde-image-32-158 bde-image\">\n<figure class=\"breakdance-image breakdance-image--422\">\n\t<div class=\"breakdance-image-container\">\n\t\t<div class=\"breakdance-image-clip\"><img loading=\"lazy\" decoding=\"async\" class=\"breakdance-image-object\" src=\"https:\/\/dtfprint.hr\/wp-content\/uploads\/2024\/09\/bijela_grafika.jpg\" width=\"732\" height=\"769\" srcset=\"https:\/\/dtfprint.hr\/wp-content\/uploads\/2024\/09\/bijela_grafika.jpg 732w, https:\/\/dtfprint.hr\/wp-content\/uploads\/2024\/09\/bijela_grafika-286x300.jpg 286w, https:\/\/dtfprint.hr\/wp-content\/uploads\/2024\/09\/bijela_grafika-600x630.jpg 600w\" sizes=\"auto, (max-width: 732px) 100vw, 732px\"><\/div>\n\t<\/div><\/figure>\n\n<\/div><div class=\"bde-text-32-215 bde-text\">\nSe lavori con elementi bianchi, \u00e8 utile disegnare temporaneamente un quadrato con uno sfondo grigio e posizionarlo dietro tutti i livelli in modo che gli elementi bianchi siano visibili. Quando sei soddisfatto degli elementi disposti, puoi eliminare il quadrato.\n<\/div>\n<\/div>\n<\/div>\n<\/div><div class=\"bde-column-32-145 bde-column\">\n  \n  \n\t\n\n\n\n<div class=\"bde-image-32-146 bde-image\">\n<figure class=\"breakdance-image breakdance-image--424\">\n\t<div class=\"breakdance-image-container\">\n\t\t<div class=\"breakdance-image-clip\"><img loading=\"lazy\" decoding=\"async\" class=\"breakdance-image-object\" src=\"https:\/\/dtfprint.hr\/wp-content\/uploads\/2024\/09\/poslozite_elemente.jpg\" width=\"345\" height=\"769\" srcset=\"https:\/\/dtfprint.hr\/wp-content\/uploads\/2024\/09\/poslozite_elemente.jpg 345w, https:\/\/dtfprint.hr\/wp-content\/uploads\/2024\/09\/poslozite_elemente-135x300.jpg 135w\" sizes=\"auto, (max-width: 345px) 100vw, 345px\"><\/div>\n\t<\/div><\/figure>\n\n<\/div><div class=\"bde-text-32-217 bde-text\">\nUn esempio di grafica predisposta e pronta per la stampa\n<\/div>\n<\/div><\/div><\/div>\n<\/section><section class=\"bde-section-32-224 bde-section\">\n  \n  \n\t\n\n\n\n<div class=\"section-container\"><h2 class=\"bde-heading-32-204 bde-heading\">\n2.b - Se desideri stampare una quantit\u00e0 maggiore della stessa grafica\n<\/h2><div class=\"bde-text-32-210 bde-text\">\nNell&#039;esempio seguente ti mostreremo come realizzare una preparazione se hai bisogno di una grande quantit\u00e0 della stessa grafica senza la necessit\u00e0 di innumerevoli duplicazioni di elementi. \n<\/div><div class=\"bde-text-32-219 bde-text\">\nDiciamo che te ne servono 300 dello stesso specchio largo 8,5 cm. Non \u00e8 necessario duplicare tutti i 300 duplicati, \u00e8 sufficiente creare una riga di duplicati aprendo un nuovo documento PDF, regolarne la lunghezza in modo che si adattino 6 duplicati.<br><br>Nel nostro esempio abbiamo creato una preparazione larga 58 cm e lunga 9 cm, sulla quale si adattano 6 repliche larghe 8,5 cm.\n<\/div><div class=\"bde-image-32-220 bde-image\">\n<figure class=\"breakdance-image breakdance-image--427\">\n\t<div class=\"breakdance-image-container\">\n\t\t<div class=\"breakdance-image-clip\"><img loading=\"lazy\" decoding=\"async\" class=\"breakdance-image-object\" src=\"https:\/\/dtfprint.hr\/wp-content\/uploads\/2024\/09\/vise_preslikaca.jpg\" width=\"1451\" height=\"283\" srcset=\"https:\/\/dtfprint.hr\/wp-content\/uploads\/2024\/09\/vise_preslikaca.jpg 1451w, https:\/\/dtfprint.hr\/wp-content\/uploads\/2024\/09\/vise_preslikaca-300x59.jpg 300w, https:\/\/dtfprint.hr\/wp-content\/uploads\/2024\/09\/vise_preslikaca-1024x200.jpg 1024w, https:\/\/dtfprint.hr\/wp-content\/uploads\/2024\/09\/vise_preslikaca-768x150.jpg 768w, https:\/\/dtfprint.hr\/wp-content\/uploads\/2024\/09\/vise_preslikaca-600x117.jpg 600w\" sizes=\"auto, (max-width: 1451px) 100vw, 1451px\"><\/div>\n\t<\/div><\/figure>\n\n<\/div><div class=\"bde-text-32-222 bde-text\">\nConsiderando che vogliamo ordinare 300 copie, dobbiamo stampare la preparazione di cui sopra 50 volte. (300\/6=50)<br><br>Per sapere quante volte stampare il tuo file pdf <b>salvare con il nome: &quot;dtfpreprema_printati_50x&quot; o &quot;dtfpreprema_50x&quot;.<\/b>\n<\/div><h2 class=\"bde-heading-32-226 bde-heading\">\n3. Salvataggio e caricamento del file pdf\n<\/h2><div class=\"bde-text-32-228 bde-text\">\nPuoi caricare e ordinare i tuoi file sul nostro sito web facendo clic su <a href=\"https:\/\/dtfprint.hr\/it\/prodotto\/caricare-e-ordinare-la-copia-pdf-dtf\/\">Qui<\/a>.<br>\n<\/div><div class=\"bde-text-32-238 bde-text\">\nIl prezzo del tuo specchio viene calcolato in base al numero totale di metri o centimetri ordinati secondo la seguente tabella:\n<\/div><div class=\"bde-image-32-239 bde-image\">\n<figure class=\"breakdance-image breakdance-image--633\">\n\t<div class=\"breakdance-image-container\">\n\t\t<div class=\"breakdance-image-clip\"><img decoding=\"async\" class=\"breakdance-image-object\" src=\"https:\/\/dtfprint.hr\/wp-content\/uploads\/2024\/10\/cjenik_novi_2024_dtf_preslikaci_duzni_metri.svg\" width=\"\" height=\"\"><\/div>\n\t<\/div><\/figure>\n\n<\/div><div class=\"bde-text-32-221 bde-text\">\n\n<\/div><div class=\"bde-columns-32-230 bde-columns\"><div class=\"bde-column-32-231 bde-column\">\n  \n  \n\t\n\n\n\n<div class=\"bde-image-32-233 bde-image\">\n<figure class=\"breakdance-image breakdance-image--428\">\n\t<div class=\"breakdance-image-container\">\n\t\t<div class=\"breakdance-image-clip\"><img loading=\"lazy\" decoding=\"async\" class=\"breakdance-image-object\" src=\"https:\/\/dtfprint.hr\/wp-content\/uploads\/2024\/09\/uploadanje_pripreme.jpg\" width=\"684\" height=\"800\" srcset=\"https:\/\/dtfprint.hr\/wp-content\/uploads\/2024\/09\/uploadanje_pripreme.jpg 684w, https:\/\/dtfprint.hr\/wp-content\/uploads\/2024\/09\/uploadanje_pripreme-257x300.jpg 257w, https:\/\/dtfprint.hr\/wp-content\/uploads\/2024\/09\/uploadanje_pripreme-600x702.jpg 600w\" sizes=\"auto, (max-width: 684px) 100vw, 684px\"><\/div>\n\t<\/div><\/figure>\n\n<\/div>\n<\/div><div class=\"bde-column-32-232 bde-column\">\n  \n  \n\t\n\n\n\n<div class=\"bde-text-32-227 bde-text\">\nQuando sei soddisfatto della tua preparazione, salva il file e dagli un nome appropriato a seconda di quante volte viene stampato. Se non \u00e8 scritto quante volte stampare, considereremo che la grafica viene stampata una volta.\n<\/div><div class=\"bde-text-32-234 bde-text\">\nSeleziona uno o pi\u00f9 pdf e carica i file trascinandoli nell&#039;apposito box o semplicemente cliccando su:\n<\/div><div class=\"bde-image-32-235 bde-image\">\n<figure class=\"breakdance-image breakdance-image--429\">\n\t<div class=\"breakdance-image-container\">\n\t\t<div class=\"breakdance-image-clip\"><img loading=\"lazy\" decoding=\"async\" class=\"breakdance-image-object\" src=\"https:\/\/dtfprint.hr\/wp-content\/uploads\/2024\/09\/odvuci.jpg\" width=\"333\" height=\"82\" srcset=\"https:\/\/dtfprint.hr\/wp-content\/uploads\/2024\/09\/odvuci.jpg 333w, https:\/\/dtfprint.hr\/wp-content\/uploads\/2024\/09\/odvuci-300x74.jpg 300w\" sizes=\"auto, (max-width: 333px) 100vw, 333px\"><\/div>\n\t<\/div><\/figure>\n\n<\/div><div class=\"bde-text-32-237 bde-text\">\nI file verranno caricati. Quindi nel campo &quot;Inserisci la lunghezza totale della preparazione PDF in centimetri (la larghezza \u00e8 58 cm)&quot; inserisci la somma della lunghezza di tutte le tue preparazioni.<br><br>Il prezzo verr\u00e0 stampato in basso a seconda della lunghezza inserita. Controlla di aver sommato correttamente tutte le tue preparazioni.<br><br>Nel nostro esempio abbiamo caricato: (6m*2) + (4.7m*3) + (0.2m*22) + (3.1*1) = 33.60m = 3360cm<br>\n<\/div><div class=\"bde-image-32-240 bde-image\">\n<figure class=\"breakdance-image breakdance-image--430\">\n\t<div class=\"breakdance-image-container\">\n\t\t<div class=\"breakdance-image-clip\"><img loading=\"lazy\" decoding=\"async\" class=\"breakdance-image-object\" src=\"https:\/\/dtfprint.hr\/wp-content\/uploads\/2024\/09\/koliko_puta_printati.jpg\" width=\"281\" height=\"126\" sizes=\"auto, (max-width: 281px) 100vw, 281px\"><\/div>\n\t<\/div><\/figure>\n\n<\/div>\n<\/div><\/div><div class=\"bde-text-32-243 bde-text\">\nSuccessivamente non ti resta che cliccare su &quot;Aggiungi al carrello&quot; e procedere al pagamento. Dopo aver ricevuto il pagamento, iniziamo a controllare, stampare e consegnare le tue copie.\n<\/div><\/div>\n<\/section><div class=\"bde-globalblock-32-262 bde-globalblock\"><section class=\"bde-section-450-118-450-1 bde-section bde-section-450-118\">\n  \n  \n\t\n\n\n\n<div class=\"section-container\"><h2 class=\"bde-heading-450-101-450-1 bde-heading bde-heading-450-101\">\nOrdina online le stampanti DTF al miglior prezzo in Croazia\n<\/h2><h2 class=\"bde-heading-450-119-450-1 bde-heading bde-heading-450-119\">\nListino prezzi delle stampanti DTF al metro lungo (larghezza 58 cm)\n<\/h2><div class=\"bde-columns-450-121-450-1 bde-columns bde-columns-450-121\"><div class=\"bde-column-450-122-450-1 bde-column bde-column-450-122\">\n  \n  \n\t\n\n\n\n<div class=\"bde-div-450-124-450-1 bde-div bde-div-450-124\">\n  \n  \n\t\n\n\n\n<div class=\"bde-fancy-divider-450-125-450-1 bde-fancy-divider bde-fancy-divider-450-125\">\n\n\n<div class=\"bde-fancy-divider__wrapper\">\n  <div class=\"bde-fancy-divider__separator has-content has-content-flex-start\">\n  \t    \t    \t          <div class=\"bde-fancy-divider__content bde-fancy-divider__content--text\">\n          1 metro dovuto\n          <\/div>\n    \t      <\/div>\n<\/div>\n\n<\/div><div class=\"bde-text-450-126-450-1 bde-text bde-text-450-126\">\n14,90\u20ac\n<\/div>\n<\/div><div class=\"bde-div-450-127-450-1 bde-div bde-div-450-127\">\n  \n  \n\t\n\n\n\n<div class=\"bde-fancy-divider-450-128-450-1 bde-fancy-divider bde-fancy-divider-450-128\">\n\n\n<div class=\"bde-fancy-divider__wrapper\">\n  <div class=\"bde-fancy-divider__separator has-content has-content-flex-start\">\n  \t    \t    \t          <div class=\"bde-fancy-divider__content bde-fancy-divider__content--text\">\n          da 1dm a 10dm\n          <\/div>\n    \t      <\/div>\n<\/div>\n\n<\/div><div class=\"bde-text-450-204-450-1 bde-text bde-text-450-204\">\n11,90\u20ac\n<\/div>\n<\/div><div class=\"bde-div-450-130-450-1 bde-div bde-div-450-130\">\n  \n  \n\t\n\n\n\n<div class=\"bde-fancy-divider-450-131-450-1 bde-fancy-divider bde-fancy-divider-450-131\">\n\n\n<div class=\"bde-fancy-divider__wrapper\">\n  <div class=\"bde-fancy-divider__separator has-content has-content-flex-start\">\n  \t    \t    \t          <div class=\"bde-fancy-divider__content bde-fancy-divider__content--text\">\n          10 metri e pi\u00f9\n          <\/div>\n    \t      <\/div>\n<\/div>\n\n<\/div><div class=\"bde-text-450-205-450-1 bde-text bde-text-450-205\">\n8,90\u20ac\n<\/div>\n<\/div><div class=\"bde-div-450-140-450-1 bde-div bde-div-450-140\">\n  \n  \n\t\n\n\n\n<div class=\"bde-text-450-207-450-1 bde-text bde-text-450-207\">\nU cijenu je uklju\u010deno pakiranje u vodootporni PELD omot i za\u0161titna kartonska kutija.\n<\/div><div class=\"bde-text-450-208-450-1 bde-text bde-text-450-208\">\nIl prezzo non include l&#039;IVA.\n<\/div>\n<\/div>\n<\/div><\/div><\/div>\n<\/section><section class=\"bde-section-450-100-450-1 bde-section bde-section-450-100\">\n  \n  \n\t\n\n\n\n<div class=\"section-container\"><div class=\"bde-columns-450-102-450-1 bde-columns bde-columns-450-102\"><div class=\"bde-column-450-103-450-1 bde-column bde-column-450-103\">\n  \n  \n\t\n\n\n\n<h2 class=\"bde-heading-450-104-450-1 bde-heading bde-heading-450-104\">\nProgettista DTF online\n<\/h2><div class=\"bde-div-450-105-450-1 bde-div bde-div-450-105\">\n  \n  \n\t\n\n\n\n<div class=\"bde-text-450-106-450-1 bde-text bde-text-450-106\">\nPer principianti\n<\/div>\n<\/div><div class=\"bde-image-450-107-450-1 bde-image bde-image-450-107\">\n<figure class=\"breakdance-image breakdance-image--269\">\n\t<div class=\"breakdance-image-container\">\n\t\t<div class=\"breakdance-image-clip\"><img loading=\"lazy\" decoding=\"async\" class=\"breakdance-image-object\" src=\"https:\/\/dtfprint.hr\/wp-content\/uploads\/2024\/09\/CTA_Dtfprint_PC8bit.png\" width=\"1200\" height=\"750\" srcset=\"https:\/\/dtfprint.hr\/wp-content\/uploads\/2024\/09\/CTA_Dtfprint_PC8bit.png 1200w, https:\/\/dtfprint.hr\/wp-content\/uploads\/2024\/09\/CTA_Dtfprint_PC8bit-300x188.png 300w, https:\/\/dtfprint.hr\/wp-content\/uploads\/2024\/09\/CTA_Dtfprint_PC8bit-1024x640.png 1024w, https:\/\/dtfprint.hr\/wp-content\/uploads\/2024\/09\/CTA_Dtfprint_PC8bit-768x480.png 768w, https:\/\/dtfprint.hr\/wp-content\/uploads\/2024\/09\/CTA_Dtfprint_PC8bit-600x375.png 600w\" sizes=\"auto, (max-width: 1200px) 100vw, 1200px\" alt=\"Gangsheet DTF: designer DTF online\"><\/div>\n\t<\/div><\/figure>\n\n<\/div><div class=\"bde-text-450-108-450-1 bde-text bde-text-450-108\">\nPer i principianti o per chi non dispone di un software di progettazione, il designer di rulli per stampante online DTFprint.hr \u00e8 la soluzione perfetta. Con un&#039;interfaccia intuitiva e una gamma di strumenti di personalizzazione, creare un mirror non \u00e8 mai stato cos\u00ec facile.\n<\/div><div class=\"bde-button-450-109-450-1 bde-button bde-button-450-109\">\n    \n                                    \n    \n    \n    \n    \n            \n                    \n            \n            \n\n    \n    \n    \n    \n    \n    <a class=\"breakdance-link button-atom button-atom--primary bde-button__button\" href=\"https:\/\/dtfprint.hr\/it\/prodotto\/creare-un-gangsheet-dtf-online\/\" target=\"_self\" data-type=\"url\"  >\n\n    \n        <span class=\"button-atom__text\">Apri designer online<\/span>\n\n        \n        \n                <\/a>\n\n    \n\n\n<\/div>\n<\/div><div class=\"bde-column-450-110-450-1 bde-column bde-column-450-110\">\n  \n  \n\t\n\n\n\n<h2 class=\"bde-heading-450-111-450-1 bde-heading bde-heading-450-111\">\nCarica la preparazione in PDF\n<\/h2><div class=\"bde-div-450-112-450-1 bde-div bde-div-450-112\">\n  \n  \n\t\n\n\n\n<div class=\"bde-text-450-113-450-1 bde-text bde-text-450-113\">\nPer gli esperti\n<\/div>\n<\/div><div class=\"bde-image-450-114-450-1 bde-image bde-image-450-114\">\n<figure class=\"breakdance-image breakdance-image--280\">\n\t<div class=\"breakdance-image-container\">\n\t\t<div class=\"breakdance-image-clip\"><img loading=\"lazy\" decoding=\"async\" class=\"breakdance-image-object\" src=\"https:\/\/dtfprint.hr\/wp-content\/uploads\/2024\/09\/naruci_dtf_pdf_online.png\" width=\"1000\" height=\"777\" srcset=\"https:\/\/dtfprint.hr\/wp-content\/uploads\/2024\/09\/naruci_dtf_pdf_online.png 1000w, https:\/\/dtfprint.hr\/wp-content\/uploads\/2024\/09\/naruci_dtf_pdf_online-300x233.png 300w, https:\/\/dtfprint.hr\/wp-content\/uploads\/2024\/09\/naruci_dtf_pdf_online-768x597.png 768w, https:\/\/dtfprint.hr\/wp-content\/uploads\/2024\/09\/naruci_dtf_pdf_online-600x466.png 600w\" sizes=\"auto, (max-width: 1000px) 100vw, 1000px\" alt=\"Imager DTF con una larghezza di 58 cm e una lunghezza fino a 100 m\"><\/div>\n\t<\/div><\/figure>\n\n<\/div><div class=\"bde-text-450-115-450-1 bde-text bde-text-450-115\">\nCarica uno o pi\u00f9 preparati in pdf pronti per la stampa, inserisci le dimensioni e ordina copie DTF per prodotti tessili con calcolo automatico del prezzo in base alla lunghezza ordinata. Pi\u00f9 metri \u2013 pi\u00f9 risparmio!\n<\/div><div class=\"bde-button-450-116-450-1 bde-button bde-button-450-116\">\n    \n                                    \n    \n    \n    \n    \n            \n                    \n            \n            \n\n    \n    \n    \n    \n    \n    <a class=\"breakdance-link button-atom button-atom--primary bde-button__button\" href=\"https:\/\/dtfprint.hr\/it\/prodotto\/caricare-e-ordinare-la-copia-pdf-dtf\/\" target=\"_self\" data-type=\"url\"  >\n\n    \n        <span class=\"button-atom__text\">Carica la preparazione in PDF<\/span>\n\n        \n        \n                <\/a>\n\n    \n\n\n<\/div>\n<\/div><\/div><\/div>\n<\/section><\/div>","protected":false},"excerpt":{"rendered":"<p>Kako pripremiti PDF pripremu za DTF preslika\u010de Pi\u0161e: Mirza Hod\u017ei\u0107 Objavljeno 28.09.2024. Izrada kvalitetne grafi\u010dke pripreme za DTF preslika\u010de klju\u010dna je za postizanje optimalnih rezultata u tisku. Iako se PDF priprema mo\u017ee izraditi u razli\u010ditim grafi\u010dkim programima, DTFprint.hr preporu\u010duje kori\u0161tenje CorelDraw-a ili Adobe Illustratora za najbolju preciznost i kontrolu. Ovdje \u0107emo vas korak po korak [&hellip;]<\/p>\n","protected":false},"author":1,"featured_media":370,"parent":396,"menu_order":0,"comment_status":"closed","ping_status":"closed","template":"","meta":{"_seopress_robots_primary_cat":"","_seopress_titles_title":"Upute za izradu PDF pripreme za DTF printanje","_seopress_titles_desc":"Izrada kvalitetne grafi\u010dke pripreme za DTF preslika\u010de. \u0160irina PDF dokumenta za DTF printer treba biti 58 cm, dok duljina mo\u017ee biti do 100 metara.","_seopress_robots_index":"","_breakdance_hide_in_design_set":false,"_breakdance_tags":"","footnotes":""},"class_list":["post-32","page","type-page","status-publish","has-post-thumbnail","hentry"],"_links":{"self":[{"href":"https:\/\/dtfprint.hr\/it\/wp-json\/wp\/v2\/pages\/32","targetHints":{"allow":["GET"]}}],"collection":[{"href":"https:\/\/dtfprint.hr\/it\/wp-json\/wp\/v2\/pages"}],"about":[{"href":"https:\/\/dtfprint.hr\/it\/wp-json\/wp\/v2\/types\/page"}],"author":[{"embeddable":true,"href":"https:\/\/dtfprint.hr\/it\/wp-json\/wp\/v2\/users\/1"}],"replies":[{"embeddable":true,"href":"https:\/\/dtfprint.hr\/it\/wp-json\/wp\/v2\/comments?post=32"}],"version-history":[{"count":20,"href":"https:\/\/dtfprint.hr\/it\/wp-json\/wp\/v2\/pages\/32\/revisions"}],"predecessor-version":[{"id":933,"href":"https:\/\/dtfprint.hr\/it\/wp-json\/wp\/v2\/pages\/32\/revisions\/933"}],"up":[{"embeddable":true,"href":"https:\/\/dtfprint.hr\/it\/wp-json\/wp\/v2\/pages\/396"}],"wp:featuredmedia":[{"embeddable":true,"href":"https:\/\/dtfprint.hr\/it\/wp-json\/wp\/v2\/media\/370"}],"wp:attachment":[{"href":"https:\/\/dtfprint.hr\/it\/wp-json\/wp\/v2\/media?parent=32"}],"curies":[{"name":"wp","href":"https:\/\/api.w.org\/{rel}","templated":true}]}}