{"id":3,"date":"2024-07-16T16:56:31","date_gmt":"2024-07-16T14:56:31","guid":{"rendered":"https:\/\/dtfprint.hr\/shop\/?page_id=3"},"modified":"2024-09-27T01:36:08","modified_gmt":"2024-09-26T23:36:08","slug":"informativa-sulla-privacy-e-cookie","status":"publish","type":"page","link":"https:\/\/dtfprint.hr\/it\/pravila-privatnosti-i-kolacici\/","title":{"rendered":"Pravila privatnosti i kori\u0161tenje kola\u010di\u0107a"},"content":{"rendered":"<section class=\"bde-section-3-100 bde-section\">\n  \n  \n\t\n\n\n\n<div class=\"section-container\"><div class=\"bde-code-block-3-101 bde-code-block\">\n\n  <h1>politica sulla riservatezza<\/h1>\n<p>Ultimo aggiornamento: 27 settembre 2024.<\/p>\n\n<h2>Introduzione<\/h2>\n<p>La presente Informativa sulla privacy descrive come raccogliamo, utilizziamo e condividiamo le tue informazioni personali quando visiti o utilizzi il nostro sito web <strong>dtfprint.hr<\/strong> (di seguito \u201cSito\u201d). La societ\u00e0 che gestisce questo sito \u00e8 <strong>Monolocale A5 jdoo<\/strong>, con sede in Josipa Lenca Spodol\u010deva 5, 51000 Rijeka, Croazia. OIB: 43566265122.<\/p>\n\n<h2>Quali dati raccogliamo<\/h2>\n<h3>Dati personali<\/h3>\n<p>Raccogliamo le informazioni personali che fornisci volontariamente durante la compilazione dei moduli sul nostro sito Web, inclusi ma non limitati a:<\/p>\n<ul>\n  <li>Nome e cognome<\/li>\n  <li>Indirizzo e-mail<\/li>\n  <li>Numero di telefono<\/li>\n  <li>Indirizzo di consegna<\/li>\n<\/ul>\n\n<h3>Dati raccolti automaticamente<\/h3>\n<p>Quando visiti il nostro sito web, raccogliamo automaticamente alcune informazioni sul tuo dispositivo, comprese informazioni sul tuo browser web, indirizzo IP, fuso orario e alcuni cookie installati sul tuo dispositivo. Inoltre, mentre navighi nel sito, raccogliamo informazioni sulle singole pagine o prodotti che visualizzi, sulle pagine web o sui termini di ricerca che ti hanno indirizzato al nostro sito web e su come interagisci con il sito web.<\/p>\n\n<h2>Come utilizziamo i tuoi dati<\/h2>\n<p>L&#039;utilizzo dei tuoi dati personali \u00e8 per:<\/p>\n<ul>\n  <li>Elaborazione ed evasione degli ordini<\/li>\n  <li>Comunicazione con te<\/li>\n  <li>Migliorare e ottimizzare la nostra attivit\u00e0 e il nostro sito web<\/li>\n  <li>Visualizzazione di contenuti e annunci personalizzati<\/li>\n<\/ul>\n\n<h2>Condivisione delle tue informazioni<\/h2>\n<p>Condividiamo i tuoi dati personali con terze parti solo quando \u00e8 necessario per adempiere ai nostri obblighi commerciali, come ad esempio:<\/p>\n<ul>\n  <li>Servizi di consegna degli ordini<\/li>\n  <li>Elaborazione dei pagamenti<\/li>\n  <li>Utilizzo di strumenti di analisi, come Google Analytics, per comprendere il comportamento degli utenti e ottimizzare il nostro sito web.<\/li>\n<\/ul>\n\n<p>I tuoi dati non verranno venduti o ceduti a terzi per finalit\u00e0 di marketing.<\/p>\n\n<h2>Cookie e tecnologie di tracciamento<\/h2>\n<p>Utilizziamo cookie e altre tecnologie di tracciamento sul nostro sito Web per migliorare la tua esperienza di navigazione.<\/p>\n\n<h2>Protezione dei tuoi dati<\/h2>\n<p>Adottiamo ragionevoli misure tecniche e organizzative per proteggere le tue informazioni personali da accessi non autorizzati, perdita, uso improprio o alterazione. Tuttavia, nessun metodo di trasmissione dei dati su Internet \u00e8 sicuro 100%, quindi non possiamo garantire la completa sicurezza dei dati.<\/p>\n\n<h2>I tuoi diritti<\/h2>\n<p>Secondo le leggi applicabili, hai il diritto di accedere, correggere, cancellare e limitare il trattamento dei tuoi dati personali. Hai anche il diritto di opporti al trattamento dei tuoi dati in determinate circostanze, nonch\u00e9 il diritto al trasferimento dei dati.<\/p>\n<p>Se vuoi esercitare i tuoi diritti, contattaci tramite e-mail all&#039;indirizzo <a href=\"mailto:info@dtfprint.hr\">info@dtfprint.hr<\/a> o telefonicamente al +385 91 460 7010.<\/p>\n\n<h2>Modifiche all&#039;Informativa sulla privacy<\/h2>\n<p>Ci riserviamo il diritto di modificare la presente Informativa sulla privacy in qualsiasi momento. Eventuali modifiche verranno pubblicate su questa pagina con una data aggiornata. Ti consigliamo di rivedere regolarmente la presente Informativa sulla privacy per rimanere informato su come proteggiamo le tue informazioni.<\/p>\n\n<h2>Contattaci<\/h2>\n<p>In caso di domande sulla presente Informativa sulla privacy, non esitate a contattarci utilizzando le seguenti informazioni:<\/p>\n<ul>\n  <li>Via e-mail: <a href=\"mailto:info@dtfprint.hr\">info@dtfprint.hr<\/a><\/li>\n  <li>Per telefono: +385 91 460 7010<\/li>\n<\/ul>\n\n\n\n<\/div><div class=\"bde-code-block-3-102 bde-code-block\">\n\n  <h1>Politica sui cookie<\/h1>\n<p>Ultimo aggiornamento: 26 settembre 2024.<\/p>\n<p>La presente Politica sui cookie spiega cosa sono i cookie e come li utilizziamo. Dovresti leggere questa politica per capire quali tipi di cookie utilizziamo o quali informazioni raccogliamo utilizzando i cookie e come tali informazioni vengono utilizzate.<\/p>\n<p>I cookie solitamente non contengono alcuna informazione che identifichi personalmente l&#039;utente, ma le informazioni personali che memorizziamo su di te potrebbero essere collegate alle informazioni archiviate o ottenute dai cookie. Per ulteriori informazioni su come utilizziamo, archiviamo e manteniamo sicure le tue informazioni personali, consulta la nostra Informativa sulla privacy.<\/p>\n<p>Non memorizziamo informazioni personali sensibili, come indirizzi e-mail, password degli account, ecc. nei cookie che utilizziamo.<\/p>\n<h2>Interpretazione e definizioni<\/h2>\n<h3>Interpretazione<\/h3>\n<p>Le parole in maiuscolo hanno i significati definiti nelle seguenti condizioni. Le seguenti definizioni avranno lo stesso significato indipendentemente dal fatto che appaiano al singolare o al plurale.<\/p>\n<h3>Definizioni<\/h3>\n<p>Ai fini della presente Politica sui cookie:<\/p>\n<ul>\n<li><strong>Azienda<\/strong> (di seguito &quot;Azienda&quot;, &quot;Noi&quot;, &quot;Noi&quot; o &quot;Nostro&quot; nella presente Politica sui cookie) si riferisce a Studio A5 jdoo OIB: 43566265122, Josipa Lenca Spodol\u010deva 5, 51000 Rijeka.<\/li>\n<li><strong>Biscotti<\/strong> significa piccoli file inseriti sul tuo computer, dispositivo mobile o qualsiasi altro dispositivo da un sito web, che contengono dettagli della tua cronologia di navigazione su quel sito web tra molti altri scopi.<\/li>\n<li><strong>Sito web<\/strong> si riferisce a DTFprint.hr, disponibile da <a href=\"\/it\/dtfprint.hr\/\" rel=\"external nofollow noopener\" target=\"_blank\">dtfprint.hr<\/a><\/li>\n<li><strong>Voi<\/strong> indica l&#039;individuo che accede o utilizza il Sito Web, o la societ\u00e0, o qualsiasi persona giuridica per conto della quale tale persona accede o utilizza il Sito Web, a seconda dei casi.<\/li>\n<\/ul>\n<h2>Utilizzo dei cookie<\/h2>\n<h3>Tipi di cookie che utilizziamo<\/h3>\n<p>I cookie possono essere cookie \u201cpersistenti\u201d o \u201cdi sessione\u201d. I cookie persistenti rimangono sul tuo PC o dispositivo mobile quando sei offline, mentre i cookie di sessione vengono eliminati non appena chiudi il browser web.<\/p>\n<p>Utilizziamo sia cookie di sessione che permanenti per gli scopi elencati di seguito:<\/p>\n<ul>\n<li>\n<p><strong>Cookie necessari\/essenziali<\/strong><\/p>\n<p>Tipologia: cookie di sessione<\/p>\n<p>Gestito da: Noi<\/p>\n<p>Scopo: questi cookie sono essenziali per fornirti i servizi disponibili attraverso il sito web e consentire l&#039;utilizzo di alcune delle sue funzionalit\u00e0. Aiutano ad autenticare gli utenti e a prevenire l&#039;uso fraudolento degli account utente. Senza questi cookie, i servizi che hai richiesto non possono essere forniti e li utilizziamo solo per fornirti questi servizi.<\/p>\n<\/li>\n<li>\n<p><strong>Cookie funzionali<\/strong><\/p>\n<p>Tipologia: cookie persistenti<\/p>\n<p>Gestito da: Noi<\/p>\n<p>Scopo: questi cookie ci consentono di ricordare le tue scelte quando utilizzi il sito web, come ricordare i tuoi dati di accesso o le preferenze della lingua. Lo scopo di questi cookie \u00e8 fornirti un&#039;esperienza pi\u00f9 personalizzata ed evitare di reinserire le tue preferenze ogni volta che utilizzi il sito web.<\/p>\n<\/li>\n<li>\n<p><strong>Cookie per Google Analytics<\/strong><\/p>\n<p>Tipologia: cookie persistenti<\/p>\n<p>Gestito da: Terze parti (Google)<\/p>\n<p>Scopo: questi cookie vengono utilizzati per raccogliere informazioni su come gli utenti utilizzano il nostro sito web. Queste informazioni vengono utilizzate per compilare report e migliorare il sito web. I cookie raccolgono informazioni in forma anonima, compreso il numero di visitatori del sito web, da dove i visitatori sono arrivati al sito e le pagine che hanno visitato. Per ulteriori informazioni sui cookie utilizzati da Google Analytics, visitare <a href=\"https:\/\/policies.google.com\/technologies\/cookies\" rel=\"external nofollow noopener\" target=\"_blank\">La politica sui cookie di Google<\/a>.<\/p>\n<\/li>\n<\/ul>\n<h3>Le tue scelte nella visualizzazione dei cookie<\/h3>\n<p>Se desideri evitare l&#039;uso dei cookie sul sito Web, devi prima disabilitare l&#039;uso dei cookie nel tuo browser e quindi eliminare i cookie memorizzati nel tuo browser associato a questo sito Web. Puoi utilizzare questa opzione in qualsiasi momento per impedire l&#039;uso dei cookie.<\/p>\n<p>Se non accetti i nostri cookie, potresti riscontrare alcune difficolt\u00e0 nell&#039;utilizzo del sito Web e alcune funzionalit\u00e0 potrebbero non funzionare correttamente.<\/p>\n<p>Se desideri eliminare i cookie o indicare al tuo browser web di eliminare o rifiutare i cookie, visita le pagine di aiuto del tuo browser.<\/p>\n<ul>\n<li>\n<p>Per il browser Chrome, visitare questa pagina di Google: <a href=\"https:\/\/support.google.com\/accounts\/answer\/32050\" rel=\"external nofollow noopener\" target=\"_blank\">https:\/\/support.google.com\/accounts\/answer\/32050<\/a><\/p>\n<\/li>\n<li>\n<p>Per Internet Explorer, visitare questa pagina di Microsoft: <a href=\"http:\/\/support.microsoft.com\/kb\/278835\" rel=\"external nofollow noopener\" target=\"_blank\">http:\/\/support.microsoft.com\/kb\/278835<\/a><\/p>\n<\/li>\n<li>\n<p>Per il browser Firefox, visitare questa pagina da Mozilla: <a href=\"https:\/\/support.mozilla.org\/en-US\/kb\/delete-cookies-remove-info-websites-stored\" rel=\"external nofollow noopener\" target=\"_blank\">https:\/\/support.mozilla.org\/en-US\/kb\/delete-cookies-remove-info-websites-stored<\/a><\/p>\n<\/li>\n<li>\n<p>Per il browser Safari, visitare questa pagina di Apple: <a href=\"https:\/\/support.apple.com\/guide\/safari\/manage-cookies-and-website-data-sfri11471\/mac\" rel=\"external nofollow noopener\" target=\"_blank\">https:\/\/support.apple.com\/guide\/safari\/manage-cookies-and-website-data-sfri11471\/mac<\/a><\/p>\n<\/li>\n<\/ul>\n<p>Per qualsiasi altro browser, visita le pagine ufficiali del tuo browser.<\/p>\n<p>Se hai domande sulla presente Politica sui cookie, puoi contattarci:<\/p>\n<ul>\n<li>Via e-mail: info@dtfprint.hr<\/li>\n<\/ul>\n\n\n\n<\/div><\/div>\n<\/section>","protected":false},"excerpt":{"rendered":"<p>Politika Privatnosti Zadnje a\u017euriranje: 27. rujna 2024. Uvod Ova Politika privatnosti opisuje kako prikupljamo, koristimo i dijelimo va\u0161e osobne podatke kada posje\u0107ujete ili koristite na\u0161u web stranicu dtfprint.hr (u daljnjem tekstu &#8220;Web stranica&#8221;). Tvrtka koja upravlja ovom web stranicom je Studio A5 j.d.o.o., sa sjedi\u0161tem na adresi Josipa Lenca Spodol\u010deva 5, 51000 Rijeka, Hrvatska. OIB: [&hellip;]<\/p>\n","protected":false},"author":1,"featured_media":0,"parent":0,"menu_order":0,"comment_status":"closed","ping_status":"closed","template":"","meta":{"_seopress_robots_primary_cat":"","_seopress_titles_title":"","_seopress_titles_desc":"","_seopress_robots_index":"","_breakdance_hide_in_design_set":false,"_breakdance_tags":"","footnotes":""},"class_list":["post-3","page","type-page","status-publish","hentry"],"_links":{"self":[{"href":"https:\/\/dtfprint.hr\/it\/wp-json\/wp\/v2\/pages\/3","targetHints":{"allow":["GET"]}}],"collection":[{"href":"https:\/\/dtfprint.hr\/it\/wp-json\/wp\/v2\/pages"}],"about":[{"href":"https:\/\/dtfprint.hr\/it\/wp-json\/wp\/v2\/types\/page"}],"author":[{"embeddable":true,"href":"https:\/\/dtfprint.hr\/it\/wp-json\/wp\/v2\/users\/1"}],"replies":[{"embeddable":true,"href":"https:\/\/dtfprint.hr\/it\/wp-json\/wp\/v2\/comments?post=3"}],"version-history":[{"count":5,"href":"https:\/\/dtfprint.hr\/it\/wp-json\/wp\/v2\/pages\/3\/revisions"}],"predecessor-version":[{"id":480,"href":"https:\/\/dtfprint.hr\/it\/wp-json\/wp\/v2\/pages\/3\/revisions\/480"}],"wp:attachment":[{"href":"https:\/\/dtfprint.hr\/it\/wp-json\/wp\/v2\/media?parent=3"}],"curies":[{"name":"wp","href":"https:\/\/api.w.org\/{rel}","templated":true}]}}