{"id":9845,"date":"2025-06-26T03:36:33","date_gmt":"2025-06-26T01:36:33","guid":{"rendered":"https:\/\/dtfprint.hr\/?post_type=product&#038;p=9845"},"modified":"2026-01-30T08:16:27","modified_gmt":"2026-01-30T07:16:27","slug":"solution-de-nettoyage-extreme-dtf","status":"publish","type":"product","link":"https:\/\/dtfprint.hr\/fr\/proizvod\/xtreme-dtf-cleaning-solution\/","title":{"rendered":"Liquide de nettoyage XTREME DTF"},"content":{"rendered":"<h2>Description d\u00e9taill\u00e9e<\/h2>\n<p>La solution de nettoyage XTREME DTF est <strong data-start=\"228\" data-end=\"260\">agent de force industrielle<\/strong> Pour nettoyer les blocages tenaces dans la t\u00eate d&#039;impression des imprimantes DTF ou DTG et pour rincer compl\u00e8tement le syst\u00e8me d&#039;encre (tuyaux). Id\u00e9al lorsque le nettoyant habituel ne suffit pas ou lors d&#039;un changement de type d&#039;encre. <strong data-start=\"450\" data-end=\"517\">Il ne doit pas \u00eatre utilis\u00e9 en permanence comme liquide pour le trempage humide (bouchage), mais pendant des p\u00e9riodes plus courtes en cas de blocages de t\u00eate plus graves.<\/strong><\/p>\n<p data-start=\"1639\" data-end=\"1932\"><strong data-start=\"1639\" data-end=\"1671\">Solution de nettoyage XTREME DTF<\/strong> est une formule sp\u00e9cialement d\u00e9velopp\u00e9e pour un nettoyage avanc\u00e9 <strong data-start=\"1722\" data-end=\"1764\">Blocages tenaces ou extr\u00eames<\/strong> dans la t\u00eate d&#039;impression DTF et pour compl\u00e9ter <strong data-start=\"1798\" data-end=\"1837\">rin\u00e7age des tuyaux d&#039;encre (tubes)<\/strong> \u2013 particuli\u00e8rement utile pour les blocages plus graves lorsqu\u2019un nettoyant quotidien standard n\u2019aide pas.<\/p>\n<p data-start=\"1934\" data-end=\"2178\">Utilis\u00e9 pour nettoyer les t\u00eates d&#039;impression <strong data-start=\"1970\" data-end=\"1996\">seulement en dernier recours<\/strong>, apr\u00e8s qu&#039;un nettoyant standard se soit av\u00e9r\u00e9 inefficace. Il peut \u00eatre utilis\u00e9 dans les syst\u00e8mes avec registres (injection directe) ou avec <strong data-start=\"2116\" data-end=\"2138\">cartouche de nettoyage<\/strong> cartouches jusqu&#039;\u00e0 trois cycles de nettoyage, apr\u00e8s quoi le syst\u00e8me doit \u00eatre rinc\u00e9 avec un nettoyant standard.<\/p>\n<p data-start=\"1934\" data-end=\"2178\">Le liquide peut \u00eatre tremp\u00e9 dans un coton-tige et utilis\u00e9 pour nettoyer les canaux\/buses de la t\u00eate.<\/p>\n<blockquote data-start=\"2180\" data-end=\"2312\">\n<p data-start=\"2182\" data-end=\"2312\"><strong data-start=\"2182\" data-end=\"2192\">IMPORTANT:<\/strong> Cette solution n&#039;est pas destin\u00e9e au bouchage humide \u00e0 long terme. L&#039;agent peut \u00eatre corrosif pour les pi\u00e8ces de la t\u00eate. \u00c0 utiliser avec pr\u00e9caution.<\/p>\n<\/blockquote>\n<p data-start=\"2182\" data-end=\"2312\">Pour le nettoyage quotidien et le bouchage humide\u00a0<a href=\"https:\/\/dtfprint.hr\/fr\/produit\/solution-de-nettoyage-extreme-dtf\/\">Nettoyant liquide DTF 3 en 1 \u2013 nettoyage universel des t\u00eates d&#039;impression pour imprimantes DTF et capsulage humide<\/a><\/p>\n<table>\n<thead>\n<tr>\n<th>Caract\u00e9ristiques<\/th>\n<th>D\u00e9tails<\/th>\n<\/tr>\n<\/thead>\n<tbody>\n<tr>\n<td><strong>Nom<\/strong><\/td>\n<td>SOLUTION DE NETTOYAGE DTF EXTR\u00caME<\/td>\n<\/tr>\n<tr>\n<td><strong>But<\/strong><\/td>\n<td>Rin\u00e7age des tubes d&#039;encre \/ r\u00e9solution des blocages tenaces dans la t\u00eate d&#039;impression par immersion \u00e0 court terme<\/td>\n<\/tr>\n<tr>\n<td><strong>Compatibilit\u00e9<\/strong><\/td>\n<td>Epson i3200\/A1, i1600, XP\u2011600, DX5, L1800, TX800, XP\u201115000, 4720 et autres t\u00eates d&#039;impression DTF\/DTG<\/td>\n<\/tr>\n<tr>\n<td><strong>Type d&#039;encre<\/strong><\/td>\n<td>Compatible avec les encres pigment\u00e9es DTF \u00e0 base d&#039;eau<\/td>\n<\/tr>\n<tr>\n<td><strong>Type de syst\u00e8me<\/strong><\/td>\n<td>Convient aux syst\u00e8mes avec amortisseurs (CIS) ou cartouches de nettoyage<\/td>\n<\/tr>\n<tr>\n<td><strong>En utilisant<\/strong><\/td>\n<td>Jusqu&#039;\u00e0 3 cycles de nettoyage avec des cartouches \u201c\u00a0cartouche de nettoyage\u00a0\u201d remplies ou injection directe avec le syst\u00e8me CIS ou immersion \u00e0 court terme (bouchage humide)<\/td>\n<\/tr>\n<tr>\n<td><strong>Le pouvoir de la formule<\/strong><\/td>\n<td>Formule extra forte \u2013 utilis\u00e9e comme <em>derni\u00e8re option<\/em> apr\u00e8s un nettoyant r\u00e9gulier<\/td>\n<\/tr>\n<tr>\n<td><strong>Fonction de bouchage<\/strong><\/td>\n<td><strong>PAS<\/strong> convient au coiffage humide \u00e0 long terme<\/td>\n<\/tr>\n<tr>\n<td><strong>Mesures de s\u00e9curit\u00e9<\/strong><\/td>\n<td>Porter des gants de protection ; porter des lunettes de s\u00e9curit\u00e9 ; ne pas m\u00e9langer avec d&#039;autres produits chimiques ; utiliser dans un endroit bien ventil\u00e9, ne pas inhaler ; en cas de contact avec la peau, rincer imm\u00e9diatement et contacter un m\u00e9decin ; corrosif<\/td>\n<\/tr>\n<\/tbody>\n<\/table>","protected":false},"excerpt":{"rendered":"<p><strong data-start=\"1639\" data-end=\"1671\">Solution de nettoyage XTREME DTF<\/strong> est une formule sp\u00e9cialement d\u00e9velopp\u00e9e pour un nettoyage avanc\u00e9 <strong data-start=\"1722\" data-end=\"1764\">Blocages tenaces ou extr\u00eames<\/strong> dans la t\u00eate d&#039;impression DTF et pour compl\u00e9ter <strong data-start=\"1798\" data-end=\"1837\">rin\u00e7age des tuyaux d&#039;encre (tubes)<\/strong> \u2013 particuli\u00e8rement utile pour les blocages plus graves lorsqu\u2019un nettoyant quotidien standard n\u2019aide pas.<\/p>","protected":false},"featured_media":9846,"template":"","meta":{"_seopress_robots_primary_cat":"17","_seopress_titles_title":"XTREME DTF cleaning teku\u0107ina za te\u017ea za\u010depljenja glave DTF\/DTG printera","_seopress_titles_desc":"1l sna\u017ene teku\u0107ine za \u010di\u0161\u0107enje DTF i DTG glava pisa\u010da. Dizajnirana da otopi naslage bijele i pigmentne tinte. Za kori\u0161tenje kod te\u017eih za\u010depljenja.","_seopress_robots_index":""},"product_brand":[],"product_cat":[466,17],"product_tag":[457,456,461,465,460,463,462,459,464,458],"class_list":{"0":"post-9845","1":"product","2":"type-product","3":"status-publish","4":"has-post-thumbnail","6":"product_cat-ciscenje-i-odrzavanje-dtf-printera","7":"product_cat-dtf-repromaterijal","8":"product_tag-ciscenje-dtf-glave-pisaca","9":"product_tag-dtf-cleaner-tekucina","10":"product_tag-dtf-head-cleaning-solution","11":"product_tag-dtf-maintenance-fluid","12":"product_tag-dtf-printer-cistac","13":"product_tag-preventive-ciscenje-mlaznica-dtf","14":"product_tag-profesionalno-ciscenje-glave-epson","15":"product_tag-tekucina-za-odrzavanje-dtf-print-head","16":"product_tag-tekucina-za-otapanje-bijele-tinte","17":"product_tag-univerzalni-cleaner-epson-i3200","18":"product_shipping_class-dostava-iz-poslovnice","20":"first","21":"instock","22":"sale","23":"taxable","24":"shipping-taxable","25":"purchasable","26":"product-type-simple"},"tiered_pricing_type":"fixed","tiered_pricing_fixed_rules":[],"tiered_pricing_product_settings":{"layout":"default","base_unit_name":{"singular":null,"plural":null},"default_variation":null},"tiered_pricing_minimum_quantity":null,"tiered_pricing_roles_data":[],"tiered_pricing_percentage_rules":[],"tiered_pricing_maximum_quantity":null,"tiered_pricing_quantity_step":null,"_links":{"self":[{"href":"https:\/\/dtfprint.hr\/fr\/wp-json\/wp\/v2\/product\/9845","targetHints":{"allow":["GET"]}}],"collection":[{"href":"https:\/\/dtfprint.hr\/fr\/wp-json\/wp\/v2\/product"}],"about":[{"href":"https:\/\/dtfprint.hr\/fr\/wp-json\/wp\/v2\/types\/product"}],"wp:featuredmedia":[{"embeddable":true,"href":"https:\/\/dtfprint.hr\/fr\/wp-json\/wp\/v2\/media\/9846"}],"wp:attachment":[{"href":"https:\/\/dtfprint.hr\/fr\/wp-json\/wp\/v2\/media?parent=9845"}],"wp:term":[{"taxonomy":"product_brand","embeddable":true,"href":"https:\/\/dtfprint.hr\/fr\/wp-json\/wp\/v2\/product_brand?post=9845"},{"taxonomy":"product_cat","embeddable":true,"href":"https:\/\/dtfprint.hr\/fr\/wp-json\/wp\/v2\/product_cat?post=9845"},{"taxonomy":"product_tag","embeddable":true,"href":"https:\/\/dtfprint.hr\/fr\/wp-json\/wp\/v2\/product_tag?post=9845"}],"curies":[{"name":"wp","href":"https:\/\/api.w.org\/{rel}","templated":true}]}}