{"id":9840,"date":"2025-06-26T03:15:37","date_gmt":"2025-06-26T01:15:37","guid":{"rendered":"https:\/\/dtfprint.hr\/?post_type=product&#038;p=9840"},"modified":"2025-07-28T03:41:28","modified_gmt":"2025-07-28T01:41:28","slug":"nettoyant-dtf-3-en-1-liquide-de-nettoyage-universel-pour-tetes-dimpression-dtf-et-capsulage-humide","status":"publish","type":"product","link":"https:\/\/dtfprint.hr\/fr\/proizvod\/dtf-cleaner-3-u-1-tekucina-univerzalno-ciscenje-glava-za-dtf-printere-i-wet-capping\/","title":{"rendered":"Nettoyant liquide DTF 3 en 1 \u2013 nettoyage universel des t\u00eates d&#039;impression pour imprimantes DTF et capsulage humide"},"content":{"rendered":"<h2>Description d\u00e9taill\u00e9e<\/h2>\n<p><strong data-start=\"89\" data-end=\"345\">La solution de nettoyage DTF garantit le bon fonctionnement de votre imprimante DTF, avec des canaux d&#039;encre propres et fluides, pour des r\u00e9sultats constants et fiables. C&#039;est une solution 3-en-1 puissante pour le nettoyage, le rin\u00e7age et le bouchage humide des imprimantes DTF ou DTF\u00a0:<\/strong><\/p>\n<ul data-start=\"347\" data-end=\"855\">\n<li data-start=\"347\" data-end=\"540\">\n<p data-start=\"349\" data-end=\"540\"><strong data-start=\"349\" data-end=\"362\">Nettoyage:<\/strong> \u00c9limine efficacement les r\u00e9sidus d&#039;encre des t\u00eates d&#039;impression DTF, des tuyaux d&#039;encre, des stations de bouchage et d&#039;autres pi\u00e8ces de l&#039;imprimante, emp\u00eache le colmatage et maintient un fonctionnement fluide.<\/p>\n<\/li>\n<li data-start=\"541\" data-end=\"685\">\n<p data-start=\"543\" data-end=\"685\"><strong data-start=\"543\" data-end=\"557\">Rincer:<\/strong> Nettoie en toute s\u00e9curit\u00e9 les canaux d&#039;encre pour \u00e9liminer les blocages et assurer un flux fluide, maintenant l&#039;imprimante dans un \u00e9tat optimal.<\/p>\n<\/li>\n<li data-start=\"686\" data-end=\"855\">\n<p data-start=\"688\" data-end=\"855\"><strong data-start=\"688\" data-end=\"713\">Capuchonnage humide :<\/strong> Il agit comme un liquide d&#039;amortissement de la t\u00eate d&#039;impression, gardant les t\u00eates d&#039;impression hydrat\u00e9es pendant l&#039;inactivit\u00e9 ou les arr\u00eats prolong\u00e9s de l&#039;imprimante, les prot\u00e9geant du dess\u00e8chement et des dommages.<\/p>\n<\/li>\n<\/ul>\n<p>DTF Cleaner est un liquide \u00e0 base d&#039;eau, respectueux de l&#039;environnement, pour le nettoyage et l&#039;entretien des t\u00eates d&#039;impression utilisant la technologie DTF\/DTG. Il convient \u00e0 une large gamme de mod\u00e8les, notamment les Epson i3200\/A1, DX5, XP-600, L1800 et similaires, et aide \u00e0 dissoudre l&#039;encre s\u00e8che et \u00e0 pr\u00e9venir l&#039;obstruction des buses. Il est id\u00e9al pour un entretien r\u00e9gulier et un nettoyage en profondeur, sans risque d&#039;endommager la t\u00eate ou les tuyaux.<\/p>\n<p><strong>Utiliser pour pousser \u00e0 travers la t\u00eate :<\/strong><\/p>\n<ul>\n<li>Mettez des gants et pr\u00e9parez la seringue et les accessoires.<\/li>\n<li>Connectez la seringue \u00e0 la t\u00eate \u00e0 l\u2019aide du tube et de l\u2019adaptateur.<\/li>\n<li>Injectez le liquide dans la t\u00eate jusqu\u2019\u00e0 ce que le liquide ressorte propre.<\/li>\n<li>Laisser agir 10 \u00e0 15 minutes pour une dissolution en profondeur.<\/li>\n<li>Pour les blocages plus importants, vous pouvez utiliser notre <a href=\"https:\/\/dtfprint.hr\/fr\/produit\/solution-de-nettoyage-extreme-dtf\/\"><strong>EXTR\u00caME<\/strong> <\/a>solution<\/li>\n<\/ul>\n<p>Pour une immersion de la t\u00eate d&#039;impression pendant plusieurs jours, versez du liquide dans la station de bouchage et immergez la t\u00eate.<\/p>\n<table>\n<thead>\n<tr>\n<th>Caract\u00e9ristiques<\/th>\n<th>D\u00e9tails<\/th>\n<\/tr>\n<\/thead>\n<tbody>\n<tr>\n<td><strong>Contenu du colis<\/strong><\/td>\n<td>Bouteille de 1000 ml<\/td>\n<\/tr>\n<tr>\n<td><strong>Compatibilit\u00e9<\/strong><\/td>\n<td>T\u00eates d&#039;impression DTF\/DTG \u201c \u00e0 base d&#039;eau \u201d Epson i3200\/A1, i1600, XP\u2011600, DX5, XP\u2011600, 4720, TX800, L1800, XP\u201115000, R1390, P600, P800, 7880, 7800, P6000, 3880, 3800 et autres.<\/td>\n<\/tr>\n<tr>\n<td><strong>Type d&#039;encre<\/strong><\/td>\n<td>Compatible avec les encres pigment\u00e9es \u00e0 base d&#039;eau et les encres DTF. Sans danger pour les encres d&#039;origine et de remplacement (non agressif pour les autres composants).<\/td>\n<\/tr>\n<tr>\n<td><strong>Formulation de base<\/strong><\/td>\n<td>\u00c0 base d&#039;eau, sans solvants nocifs (allerg\u00e8nes, acides ou abrasifs) \u2014 respectueux de l&#039;environnement, non toxique<\/td>\n<\/tr>\n<tr>\n<td><strong>Couleur et odeur<\/strong><\/td>\n<td>Liquide clair, sans odeur<\/td>\n<\/tr>\n<tr>\n<td><strong>Efficacit\u00e9<\/strong><\/td>\n<td>Dissout efficacement l&#039;encre s\u00e9ch\u00e9e et r\u00e9duit le colmatage des buses sans endommager les t\u00eates<\/td>\n<\/tr>\n<tr>\n<td><strong>Options d&#039;emballage<\/strong><\/td>\n<td>1000 ml<\/td>\n<\/tr>\n<tr>\n<td><strong>Module compl\u00e9mentaire de package<\/strong><\/td>\n<td>Emballage \u00e9tanche \u00e0 double blocage - r\u00e9duit le risque de fuite<\/td>\n<\/tr>\n<tr>\n<td><strong>Mesures de s\u00e9curit\u00e9<\/strong><\/td>\n<td>Porter des gants et des lunettes de s\u00e9curit\u00e9, et \u00e9viter tout contact avec les circuits \u00e9lectroniques. Ne pas utiliser sur des t\u00eates neuves ou endommag\u00e9es, sauf indication contraire.<\/td>\n<\/tr>\n<\/tbody>\n<\/table>","protected":false},"excerpt":{"rendered":"<p><span class=\"relative -mx-px my-[-0.2rem] rounded px-px py-[0.2rem] transition-colors duration-100 ease-in-out\">Sna\u017ena, ali nje\u017ena teku\u0107ina za \u010di\u0161\u0107enje DTF i DTG glava pisa\u010da. Dizajnirana da otopi i ukloni naslage bijele i pigmentne tinte, sprje\u010dava su\u0161enje mlaznica te produ\u017euje trajnost glave za Epson i3200\/A1 i druge popularne modele (DX5, XP\u2011600, L1800, 4720 i sl.)<\/span><\/p>\n","protected":false},"featured_media":9842,"template":"","meta":{"_seopress_robots_primary_cat":"17","_seopress_titles_title":"DTF Cleaner 3 u 1 teku\u0107ina za DTF\/DTG glave printera","_seopress_titles_desc":"1l teku\u0107ine za \u010di\u0161\u0107enje DTF i DTG glava pisa\u010da. Dizajnirana da otopi i ukloni naslage bijele i pigmentne tinte, sprje\u010dava su\u0161enje mlaznica.","_seopress_robots_index":""},"product_brand":[],"product_cat":[466,17],"product_tag":[457,456,461,465,460,463,462,459,464,458],"class_list":{"0":"post-9840","1":"product","2":"type-product","3":"status-publish","4":"has-post-thumbnail","6":"product_cat-ciscenje-i-odrzavanje-dtf-printera","7":"product_cat-dtf-repromaterijal","8":"product_tag-ciscenje-dtf-glave-pisaca","9":"product_tag-dtf-cleaner-tekucina","10":"product_tag-dtf-head-cleaning-solution","11":"product_tag-dtf-maintenance-fluid","12":"product_tag-dtf-printer-cistac","13":"product_tag-preventive-ciscenje-mlaznica-dtf","14":"product_tag-profesionalno-ciscenje-glave-epson","15":"product_tag-tekucina-za-odrzavanje-dtf-print-head","16":"product_tag-tekucina-za-otapanje-bijele-tinte","17":"product_tag-univerzalni-cleaner-epson-i3200","18":"product_shipping_class-dostava-iz-poslovnice","20":"first","21":"instock","22":"sale","23":"taxable","24":"shipping-taxable","25":"purchasable","26":"product-type-simple"},"tiered_pricing_type":"fixed","tiered_pricing_fixed_rules":[],"tiered_pricing_product_settings":{"layout":"default","base_unit_name":{"singular":null,"plural":null},"default_variation":null},"tiered_pricing_minimum_quantity":null,"tiered_pricing_roles_data":[],"tiered_pricing_percentage_rules":[],"tiered_pricing_maximum_quantity":null,"tiered_pricing_quantity_step":null,"_links":{"self":[{"href":"https:\/\/dtfprint.hr\/fr\/wp-json\/wp\/v2\/product\/9840","targetHints":{"allow":["GET"]}}],"collection":[{"href":"https:\/\/dtfprint.hr\/fr\/wp-json\/wp\/v2\/product"}],"about":[{"href":"https:\/\/dtfprint.hr\/fr\/wp-json\/wp\/v2\/types\/product"}],"wp:featuredmedia":[{"embeddable":true,"href":"https:\/\/dtfprint.hr\/fr\/wp-json\/wp\/v2\/media\/9842"}],"wp:attachment":[{"href":"https:\/\/dtfprint.hr\/fr\/wp-json\/wp\/v2\/media?parent=9840"}],"wp:term":[{"taxonomy":"product_brand","embeddable":true,"href":"https:\/\/dtfprint.hr\/fr\/wp-json\/wp\/v2\/product_brand?post=9840"},{"taxonomy":"product_cat","embeddable":true,"href":"https:\/\/dtfprint.hr\/fr\/wp-json\/wp\/v2\/product_cat?post=9840"},{"taxonomy":"product_tag","embeddable":true,"href":"https:\/\/dtfprint.hr\/fr\/wp-json\/wp\/v2\/product_tag?post=9840"}],"curies":[{"name":"wp","href":"https:\/\/api.w.org\/{rel}","templated":true}]}}