{"id":9583,"date":"2025-03-13T22:42:22","date_gmt":"2025-03-13T21:42:22","guid":{"rendered":"https:\/\/dtfprint.hr\/?post_type=product&#038;p=9583"},"modified":"2025-07-29T02:31:52","modified_gmt":"2025-07-29T00:31:52","slug":"adhesif-en-poudre-thermofusible-pour-films-dtf-1-kg-granulometrie-fine","status":"publish","type":"product","link":"https:\/\/dtfprint.hr\/fr\/proizvod\/hot-melt-praskasto-ljepilo-za-dtf-filmove-1kg-fina-granulacija\/","title":{"rendered":"Adh\u00e9sif en poudre HOT MELT pour films DTF, granulom\u00e9trie fine"},"content":{"rendered":"<p>Adh\u00e9sif en poudre HOT MELT pour films DTF \u2013 <strong>FINA<\/strong> Granulation. Utilisable sur de nombreux types de tissus, il offre \u00e9lasticit\u00e9 et couvrance totale. Gr\u00e2ce \u00e0 sa formule avanc\u00e9e, il pr\u00e9serve la douceur du toucher.<\/p>\n<p>Stock\u00e9e conform\u00e9ment aux instructions, la poudre ne durcit pas et s&#039;applique uniform\u00e9ment sur le film, garantissant une application uniforme et impeccable. Cet adh\u00e9sif en poudre pr\u00e9sente \u00e9galement l&#039;avantage d&#039;avoir un excellent point de fusion \u00e0 basse temp\u00e9rature (120 \u00b0C) et un temps de pose r\u00e9duit. Ces propri\u00e9t\u00e9s lui conf\u00e8rent une r\u00e9sistance au lavage et une adh\u00e9rence durable aux v\u00eatements.<\/p>\n<p><strong>CARACT\u00c9RISTIQUES<\/strong><\/p>\n<ul>\n<li>Composants : 100% TPU<\/li>\n<li>Taille des granul\u00e9s : 50-100 \u03bcm<\/li>\n<li>Couleur : Blanc<\/li>\n<li>Temps de fusion : \u00e0 partir de 60 secondes<\/li>\n<li>Capacit\u00e9 d&#039;allongement avant rupture : 650%<\/li>\n<\/ul>\n<p><strong>APPLICATION DU DROIT D&#039;AUTEUR<\/strong><\/p>\n<ul>\n<li>Temp\u00e9rature de la presse : 140\u00b0C<\/li>\n<li>Temps d&#039;application : 10 secondes<\/li>\n<li>Retirer le film : \u00e0 chaud<\/li>\n<li>Pression : moyenne<\/li>\n<li><strong>Conseils suppl\u00e9mentaires :<\/strong> Pour augmenter l&#039;adh\u00e9rence sur des mat\u00e9riaux difficiles, appuyez \u00e0 nouveau \u00e0 la m\u00eame temp\u00e9rature pendant 5 secondes suppl\u00e9mentaires.<\/li>\n<\/ul>\n<p><strong>R\u00c9SISTANCE AU LAVAGE<\/strong><\/p>\n<ul>\n<li>Temp\u00e9rature maximale : 40\u00b0C\/105\u00b0F<\/li>\n<li>Laver les v\u00eatements \u00e0 l&#039;envers<\/li>\n<li>S\u00e8che-linge : cycle d\u00e9licat<\/li>\n<li>N&#039;utilisez pas d&#039;eau de Javel et\/ou d&#039;autres produits chimiques.<\/li>\n<\/ul>\n<p><strong>TISSUS<\/strong> Convient aux tissus en coton, synth\u00e9tiques, m\u00e9lang\u00e9s et \u00e9lastiques. Ne convient pas aux tissus impr\u00e9gn\u00e9s, imprim\u00e9s ou teints par sublimation.<\/p>\n<p><strong>INSTRUCTIONS<\/strong><\/p>\n<ol>\n<li>Saupoudrez la poudre manuellement ou \u00e0 l&#039;aide d&#039;un \u00e9pandeur automatique sur le film DTF fra\u00eechement imprim\u00e9.<\/li>\n<li>Faire fondre la poudre dans un tunnel de s\u00e9chage \u00e0 120\u00b0C pendant 60 secondes jusqu&#039;\u00e0 s\u00e9chage complet.<\/li>\n<li>Une fois s\u00e8che, la colle doit avoir un aspect brillant, caoutchouteux et la texture d&#039;une peau d&#039;orange.<\/li>\n<li>Secouez la feuille pour \u00e9liminer l&#039;exc\u00e9dent de poudre.<\/li>\n<\/ol>\n<p><strong>STOCKAGE<\/strong> La poudre thermofusible pour film DTF est fournie en sachets herm\u00e9tiques de 1 kg afin de pr\u00e9server ses propri\u00e9t\u00e9s chimiques. Nous recommandons d&#039;utiliser un sachet \u00e0 la fois. Ouvrir et utiliser chaque sachet avant d&#039;en ouvrir un nouveau afin d&#039;\u00e9viter que l&#039;humidit\u00e9 n&#039;affecte les performances du produit. Les poudres TPU sont particuli\u00e8rement sensibles \u00e0 l&#039;humidit\u00e9\u00a0; il est donc recommand\u00e9 de les conserver \u00e0 une humidit\u00e9 contr\u00f4l\u00e9e (entre 40% et 60%). Toujours refermer les poudres dans le sachet herm\u00e9tique apr\u00e8s utilisation. Tenir \u00e0 l&#039;\u00e9cart des sources directes d&#039;humidit\u00e9, de chaleur et de rayons UV. Conserver la poudre \u00e0 une temp\u00e9rature contr\u00f4l\u00e9e (15-35\u00a0\u00b0C).<\/p>","protected":false},"excerpt":{"rendered":"<p>L&#039;adh\u00e9sif en poudre HOT MELT pour films DTF offre une \u00e9lasticit\u00e9, une excellente couverture et une adh\u00e9rence durable sur une vari\u00e9t\u00e9 de tissus, avec un point de fusion bas, un temps de traitement rapide et une r\u00e9sistance au lavage.<\/p>","protected":false},"featured_media":9584,"template":"","meta":{"_seopress_robots_primary_cat":"none","_seopress_titles_title":"","_seopress_titles_desc":"","_seopress_robots_index":""},"product_brand":[],"product_cat":[38],"product_tag":[39,42,40,41],"class_list":{"0":"post-9583","1":"product","2":"type-product","3":"status-publish","4":"has-post-thumbnail","6":"product_cat-ljepila-za-dtf-preslikace","7":"product_tag-dtf-melt","8":"product_tag-hot-melt","9":"product_tag-ljepilo","10":"product_tag-prah","11":"product_shipping_class-dostava-iz-poslovnice","13":"first","14":"instock","15":"sale","16":"taxable","17":"shipping-taxable","18":"purchasable","19":"product-type-simple"},"tiered_pricing_type":"fixed","tiered_pricing_fixed_rules":{"10":15.9,"100":12.9},"tiered_pricing_product_settings":{"layout":"default","base_unit_name":{"singular":null,"plural":null},"default_variation":null},"tiered_pricing_minimum_quantity":null,"tiered_pricing_roles_data":[],"tiered_pricing_percentage_rules":[],"tiered_pricing_maximum_quantity":null,"tiered_pricing_quantity_step":null,"_links":{"self":[{"href":"https:\/\/dtfprint.hr\/fr\/wp-json\/wp\/v2\/product\/9583","targetHints":{"allow":["GET"]}}],"collection":[{"href":"https:\/\/dtfprint.hr\/fr\/wp-json\/wp\/v2\/product"}],"about":[{"href":"https:\/\/dtfprint.hr\/fr\/wp-json\/wp\/v2\/types\/product"}],"wp:featuredmedia":[{"embeddable":true,"href":"https:\/\/dtfprint.hr\/fr\/wp-json\/wp\/v2\/media\/9584"}],"wp:attachment":[{"href":"https:\/\/dtfprint.hr\/fr\/wp-json\/wp\/v2\/media?parent=9583"}],"wp:term":[{"taxonomy":"product_brand","embeddable":true,"href":"https:\/\/dtfprint.hr\/fr\/wp-json\/wp\/v2\/product_brand?post=9583"},{"taxonomy":"product_cat","embeddable":true,"href":"https:\/\/dtfprint.hr\/fr\/wp-json\/wp\/v2\/product_cat?post=9583"},{"taxonomy":"product_tag","embeddable":true,"href":"https:\/\/dtfprint.hr\/fr\/wp-json\/wp\/v2\/product_tag?post=9583"}],"curies":[{"name":"wp","href":"https:\/\/api.w.org\/{rel}","templated":true}]}}