{"id":956,"date":"2024-11-07T21:29:29","date_gmt":"2024-11-07T20:29:29","guid":{"rendered":"https:\/\/dtfprint.hr\/?post_type=product&#038;p=956"},"modified":"2024-11-13T22:54:02","modified_gmt":"2024-11-13T21:54:02","slug":"presse-a-chaud-pour-t-shirts-stahls-hotronix-maxx-40-x-50-cm-1-800-w","status":"publish","type":"product","link":"https:\/\/dtfprint.hr\/fr\/proizvod\/stahls-hotronix-maxx-termo-presa-za-majice-ploca-40x50cm-1800w\/","title":{"rendered":"Stahls Hotronix MAXX \u2013 Presse \u00e0 chaud pour t-shirts, plateau 40 x 50 cm, 1800 W"},"content":{"rendered":"<p>La presse \u00e0 chaud Stahls Hotronix MAXX (40 x 50 cm) est le choix id\u00e9al pour les entrepreneurs d\u00e9butants et tous ceux qui recherchent une presse abordable, fiable et de haute qualit\u00e9. Con\u00e7ue par un fabricant leader mondial, cette presse \u00e0 chaud associe un contr\u00f4le num\u00e9rique \u00e0 la technologie brevet\u00e9e de r\u00e9glage de la pression par le centre pour une chaleur et une pression uniformes sur toute la surface, \u00e9liminant ainsi les points froids et garantissant des r\u00e9sultats pr\u00e9cis.<\/p>\n<p>Gr\u00e2ce \u00e0 la possibilit\u00e9 de changer les plaques inf\u00e9rieures (en option), la presse \u00e0 chaud MAXX s&#039;adapte \u00e0 diff\u00e9rentes tailles et formes de produits, ce qui en fait une solution polyvalente pour l&#039;impression sur t-shirts, manches, sacs et pantalons. Son large angle d&#039;ouverture de 65\u00b0 facilite le positionnement des v\u00eatements et leur manipulation en toute s\u00e9curit\u00e9. Dot\u00e9e d&#039;un ch\u00e2ssis en acier robuste et d&#039;un rev\u00eatement antistatique, cette presse \u00e0 chaud est durable et r\u00e9sistante.<\/p>\n<p>D&#039;autres options incluent un rack Heat Press Caddie\u2122 qui permet une production plus rapide et plus efficace gr\u00e2ce \u00e0 la technologie Threadability\u2122, ainsi que des \u00e9tag\u00e8res suppl\u00e9mentaires pour ranger les mat\u00e9riaux et les outils. Avec la Stahls Hotronix MAXX, vous b\u00e9n\u00e9ficiez d&#039;une presse haut de gamme avec une garantie industrielle.<\/p>\n<h3>Sp\u00e9cifications du produit<\/h3>\n<ul>\n<li><strong>Dimensions du panneau<\/strong>: 40 x 50 cm<\/li>\n<li><strong>Forcer<\/strong>: 1800 W<\/li>\n<li><strong>Affichage num\u00e9rique<\/strong>: Temp\u00e9ratures et dur\u00e9es<\/li>\n<li><strong>Technologie de pression<\/strong>: R\u00e9glage brevet\u00e9 de la pression au centre pour un chauffage uniforme<\/li>\n<li><strong>Mat\u00e9riel<\/strong>:Acier de haute qualit\u00e9 avec rev\u00eatement antistatique<\/li>\n<li><strong>Ouverture de s\u00e9curit\u00e9<\/strong>: Angle d&#039;ouverture de 65\u00b0 pour une manipulation ais\u00e9e<\/li>\n<li><strong>Compatibilit\u00e9<\/strong>:Panneaux inf\u00e9rieurs interchangeables en option pour diff\u00e9rentes formes (manches, jambes, sacs)<\/li>\n<li><strong>Options suppl\u00e9mentaires<\/strong>: Rack Heat Press Caddie\u2122 pour Threadability\u2122 et \u00e9tag\u00e8res en option<\/li>\n<li><strong>Certificats<\/strong>: Conformit\u00e9 UL\/ULC\/CE\/RoHS<\/li>\n<li><strong>Garantie<\/strong>: 30 ans sur l&#039;\u00e9l\u00e9ment chauffant, 5 ans sur le ch\u00e2ssis, 2 ans sur l&#039;\u00e9lectronique, 1 an sur les pi\u00e8ces et la main d&#039;\u0153uvre<\/li>\n<\/ul>","protected":false},"excerpt":{"rendered":"<p>La presse \u00e0 chaud Stahls Hotronix MAXX (40 \u00d7 50 cm) offre une solution professionnelle pour l&#039;impression de t-shirts, sacs et autres articles textiles, avec une qualit\u00e9 fiable et une utilisation simple. Elle est \u00e9quip\u00e9e de commandes num\u00e9riques pour une gestion pr\u00e9cise de la temp\u00e9rature et du temps, ainsi qu&#039;une r\u00e9partition homog\u00e8ne de la pression, garantissant des r\u00e9sultats impeccables sans points froids.<\/p>","protected":false},"featured_media":957,"template":"","meta":{"_seopress_robots_primary_cat":"none","_seopress_titles_title":"","_seopress_titles_desc":"","_seopress_robots_index":""},"product_brand":[],"product_cat":[89,61],"product_tag":[90,381,86,64,65],"class_list":{"0":"post-956","1":"product","2":"type-product","3":"status-publish","4":"has-post-thumbnail","6":"product_cat-stahls","7":"product_cat-termo-prese","8":"product_tag-hotronix","9":"product_tag-maxx","10":"product_tag-stahls","11":"product_tag-termo-presa","12":"product_tag-termo-presa-za-majice","13":"product_shipping_class-teza-dostava","15":"first","16":"onbackorder","17":"sale","18":"taxable","19":"shipping-taxable","20":"purchasable","21":"product-type-simple"},"tiered_pricing_type":"fixed","tiered_pricing_fixed_rules":[],"tiered_pricing_product_settings":{"layout":"default","base_unit_name":{"singular":null,"plural":null},"default_variation":null},"tiered_pricing_minimum_quantity":null,"tiered_pricing_roles_data":[],"tiered_pricing_percentage_rules":[],"tiered_pricing_maximum_quantity":null,"tiered_pricing_quantity_step":null,"_links":{"self":[{"href":"https:\/\/dtfprint.hr\/fr\/wp-json\/wp\/v2\/product\/956","targetHints":{"allow":["GET"]}}],"collection":[{"href":"https:\/\/dtfprint.hr\/fr\/wp-json\/wp\/v2\/product"}],"about":[{"href":"https:\/\/dtfprint.hr\/fr\/wp-json\/wp\/v2\/types\/product"}],"wp:featuredmedia":[{"embeddable":true,"href":"https:\/\/dtfprint.hr\/fr\/wp-json\/wp\/v2\/media\/957"}],"wp:attachment":[{"href":"https:\/\/dtfprint.hr\/fr\/wp-json\/wp\/v2\/media?parent=956"}],"wp:term":[{"taxonomy":"product_brand","embeddable":true,"href":"https:\/\/dtfprint.hr\/fr\/wp-json\/wp\/v2\/product_brand?post=956"},{"taxonomy":"product_cat","embeddable":true,"href":"https:\/\/dtfprint.hr\/fr\/wp-json\/wp\/v2\/product_cat?post=956"},{"taxonomy":"product_tag","embeddable":true,"href":"https:\/\/dtfprint.hr\/fr\/wp-json\/wp\/v2\/product_tag?post=956"}],"curies":[{"name":"wp","href":"https:\/\/api.w.org\/{rel}","templated":true}]}}