{"id":8542,"date":"2024-11-18T16:59:07","date_gmt":"2024-11-18T15:59:07","guid":{"rendered":"https:\/\/dtfprint.hr\/?post_type=product&#038;p=8542"},"modified":"2024-11-18T21:47:19","modified_gmt":"2024-11-18T20:47:19","slug":"presse-a-chaud-pneumatique-a-deux-stations-plaque-40x50-cm-presse-pn","status":"publish","type":"product","link":"https:\/\/dtfprint.hr\/fr\/proizvod\/pneumatska-termo-presa-dvije-stanice-ploca-40x50cm-pn-press\/","title":{"rendered":"Presse \u00e0 chaud pneumatique, deux stations, plateau 40x50cm, PN-PRESS"},"content":{"rendered":"<p><strong>Presse \u00e0 chaud pneumatique, deux stations, plateau 40x50cm, PN-PRESS<\/strong> est un outil de pointe pour les professionnels de l&#039;industrie textile. Sp\u00e9cialement con\u00e7ue pour une pr\u00e9cision et une vitesse d&#039;impression optimales sur divers supports, elle est id\u00e9ale pour les grandes s\u00e9ries et les projets les plus exigeants. Adapt\u00e9e \u00e0 un usage intensif, cette presse \u00e0 chaud utilise un m\u00e9canisme pneumatique qui assure une pression uniforme.<\/p>\n<p>Presse thermique pneumatique \u00e0 deux stations, plateau 40 x 50 cm, la PN-PRESS allie un ch\u00e2ssis industriel robuste \u00e0 des composants \u00e9lectriques de haute qualit\u00e9. Elle offre \u00e0 l&#039;op\u00e9rateur les meilleures fonctionnalit\u00e9s et \u00e9quipements n\u00e9cessaires aux diverses applications de transfert thermique actuelles.<\/p>\n<p>Gr\u00e2ce \u00e0 la presse pneumatique \u00e0 double station, tous les proc\u00e9d\u00e9s de transfert thermique courants (DTF, flock, flex, sublimation, transfert, Inkjet-flex, etc.) peuvent \u00eatre r\u00e9alis\u00e9s de mani\u00e8re professionnelle et avec une productivit\u00e9 maximale. Le r\u00e9gulateur de temp\u00e9rature permet de r\u00e9gler facilement les param\u00e8tres souhait\u00e9s. La pression pneumatique est facilement r\u00e9gul\u00e9e gr\u00e2ce au d\u00e9tendeur d&#039;air. La vanne de restriction de l&#039;\u00e9lectrovanne permet de r\u00e9gler la vitesse de pressage et la lev\u00e9e de l&#039;\u00e9l\u00e9ment chauffant.<\/p>\n<p>Les presses \u00e0 chaud pneumatiques sont id\u00e9ales pour les transferts DTF (Direct to Film) gr\u00e2ce \u00e0 leur vitesse, leur pr\u00e9cision, leur pression uniforme et leurs capacit\u00e9s de r\u00e9glage de la chaleur. Ces facteurs sont essentiels pour une impression textile de haute qualit\u00e9. Avec les transferts DTF, il est important de garantir une pression et une temp\u00e9rature constantes tout au long du processus de transfert, afin que le film de transfert et les encres adh\u00e8rent parfaitement au mat\u00e9riau. Les presses \u00e0 chaud pneumatiques permettent des vitesses de pressage nettement sup\u00e9rieures \u00e0 celles des presses \u00e0 chaud manuelles, ce qui les rend extr\u00eamement efficaces pour le DTF et les autres technologies de transfert dans l&#039;industrie de l&#039;impression textile. Avec les presses manuelles, l&#039;op\u00e9rateur doit appliquer et ajuster manuellement la pression \u00e0 chaque pression, ce qui est fatigant et ralentit le processus. Les presses pneumatiques, quant \u00e0 elles, permettent un fonctionnement semi-automatique ou enti\u00e8rement automatique\u00a0: l&#039;op\u00e9rateur se contente de placer le mat\u00e9riau et la presse se charge de tout le travail. Cela acc\u00e9l\u00e8re non seulement le processus, mais r\u00e9duit \u00e9galement la fatigue de l&#039;op\u00e9rateur, permettant ainsi un travail plus long et plus efficace.<\/p>\n<h3>Principaux avantages des presses thermiques pneumatiques :<\/h3>\n<ul>\n<li><strong>Pression automatique et constante :<\/strong> Gr\u00e2ce \u00e0 la technologie pneumatique, la presse applique une pression \u00e9gale sur toute la surface, ce qui r\u00e9duit le risque d&#039;irr\u00e9gularit\u00e9s dans les impressions.<\/li>\n<li><strong>Rapide et facile \u00e0 utiliser :<\/strong> Gr\u00e2ce \u00e0 la mont\u00e9e et \u00e0 la descente automatiques de la plaque sup\u00e9rieure, les op\u00e9rateurs peuvent placer les mat\u00e9riaux rapidement et facilement, acc\u00e9l\u00e9rant ainsi le processus de production.<\/li>\n<li><strong>Convient aux grandes s\u00e9ries :<\/strong> Id\u00e9al pour la production \u00e0 volume \u00e9lev\u00e9, r\u00e9duisant la fatigue et permettant des cycles d&#039;impression plus rapides sans perte de qualit\u00e9.<\/li>\n<li><strong>Temp\u00e9rature et temps r\u00e9glables :<\/strong> L&#039;affichage num\u00e9rique permet de r\u00e9gler facilement et pr\u00e9cis\u00e9ment la temp\u00e9rature et le temps d&#039;impression pour des r\u00e9sultats parfaits sur diff\u00e9rents tissus et mat\u00e9riaux.<\/li>\n<li><strong>Longue dur\u00e9e de vie :<\/strong> Une fabrication de qualit\u00e9 et des mat\u00e9riaux fiables font de cette presse \u00e0 chaud un excellent investissement pour tous les imprimeurs professionnels.<\/li>\n<\/ul>\n<p><strong>Caract\u00e9ristiques:<\/strong><\/p>\n<ul>\n<li>Syst\u00e8me d&#039;\u00e9galisation de pression sur les plaques chauffantes et inf\u00e9rieures.<\/li>\n<li>Il fonctionne en mode semi-automatique ou manuel.<\/li>\n<li>Pression d&#039;air r\u00e9glable \u00e0 l&#039;aide d&#039;un r\u00e9ducteur d&#039;air avec distributeur d&#039;eau.<\/li>\n<li>Utilisation s\u00fbre avec double commande.<\/li>\n<li>Certifi\u00e9 CE et RoHS.<\/li>\n<li>Assistance en ligne \u00e0 vie du fabricant.<\/li>\n<\/ul>","protected":false},"excerpt":{"rendered":"<p><strong>Presse \u00e0 chaud pneumatique, deux stations, plateau 40x50cm, PN-PRESS<\/strong>\u00a0Id\u00e9ale pour les transferts DTF (Direct to Film) gr\u00e2ce \u00e0 sa vitesse, sa pr\u00e9cision, sa pression uniforme et son fonctionnement automatique, la presse \u00e0 chaud pneumatique offre des vitesses de pressage nettement sup\u00e9rieures \u00e0 celles des presses \u00e0 chaud manuelles, ce qui la rend extr\u00eamement efficace pour le DTF et d&#039;autres technologies de transfert dans l&#039;industrie de l&#039;impression textile. Avec les presses manuelles, l&#039;op\u00e9rateur doit appuyer et ajuster la pression manuellement \u00e0 chaque pression, ce qui est fatigant et ralentit le processus. Les presses pneumatiques, quant \u00e0 elles, permettent un fonctionnement semi-automatique ou enti\u00e8rement automatique\u00a0: l&#039;op\u00e9rateur se contente de placer le mat\u00e9riau et la presse se charge de tout le travail. Cela acc\u00e9l\u00e8re non seulement le processus, mais r\u00e9duit \u00e9galement la fatigue de l&#039;op\u00e9rateur, permettant un travail plus long et plus efficace.<\/p>","protected":false},"featured_media":8576,"template":"","meta":{"_seopress_robots_primary_cat":"none","_seopress_titles_title":"Pneumatska termo pre\u0161a, dvije stanice, plo\u010da 40x50cm, PN-PRESS","_seopress_titles_desc":"Ubrzani proces tiskanja termo preslika\u010da sa pneumatskom termo pre\u0161om, dvije stanice. U\u010dinkovita termo pre\u0161a za DTF preslika\u010de i tisak majica.","_seopress_robots_index":""},"product_brand":[],"product_cat":[397,383,61],"product_tag":[386,389,392,385,393,396,64,387,388,391,65,390,384,394,395],"class_list":{"0":"post-8542","1":"product","2":"type-product","3":"status-publish","4":"has-post-thumbnail","6":"product_cat-industrijske-termo-prese","7":"product_cat-pneumatske_termo_prese","8":"product_cat-termo-prese","9":"product_tag-automatska-termo-presa","10":"product_tag-dtf-termo-presa","11":"product_tag-pegla-za-majice","12":"product_tag-pneumatska-termo-presa","13":"product_tag-presa-sa-dva-radnja-mjesta","14":"product_tag-profesionalna-termo-presa","15":"product_tag-termo-presa","16":"product_tag-termo-presa-dvije-stanice","17":"product_tag-termo-presa-sa-laserima","18":"product_tag-termo-presa-za-dtf-preslikace","19":"product_tag-termo-presa-za-majice","20":"product_tag-termo-presa-za-preslikace","21":"product_tag-termo-presa-za-sublimaciju","22":"product_tag-termo-prese-za-tekstil","23":"product_tag-termo-transfer-presa","24":"product_shipping_class-teza-dostava","26":"first","27":"onbackorder","28":"sale","29":"taxable","30":"shipping-taxable","31":"purchasable","32":"product-type-simple"},"tiered_pricing_type":"fixed","tiered_pricing_fixed_rules":[],"tiered_pricing_product_settings":{"layout":"default","base_unit_name":{"singular":null,"plural":null},"default_variation":null},"tiered_pricing_minimum_quantity":null,"tiered_pricing_roles_data":[],"tiered_pricing_percentage_rules":[],"tiered_pricing_maximum_quantity":null,"tiered_pricing_quantity_step":null,"_links":{"self":[{"href":"https:\/\/dtfprint.hr\/fr\/wp-json\/wp\/v2\/product\/8542","targetHints":{"allow":["GET"]}}],"collection":[{"href":"https:\/\/dtfprint.hr\/fr\/wp-json\/wp\/v2\/product"}],"about":[{"href":"https:\/\/dtfprint.hr\/fr\/wp-json\/wp\/v2\/types\/product"}],"wp:featuredmedia":[{"embeddable":true,"href":"https:\/\/dtfprint.hr\/fr\/wp-json\/wp\/v2\/media\/8576"}],"wp:attachment":[{"href":"https:\/\/dtfprint.hr\/fr\/wp-json\/wp\/v2\/media?parent=8542"}],"wp:term":[{"taxonomy":"product_brand","embeddable":true,"href":"https:\/\/dtfprint.hr\/fr\/wp-json\/wp\/v2\/product_brand?post=8542"},{"taxonomy":"product_cat","embeddable":true,"href":"https:\/\/dtfprint.hr\/fr\/wp-json\/wp\/v2\/product_cat?post=8542"},{"taxonomy":"product_tag","embeddable":true,"href":"https:\/\/dtfprint.hr\/fr\/wp-json\/wp\/v2\/product_tag?post=8542"}],"curies":[{"name":"wp","href":"https:\/\/api.w.org\/{rel}","templated":true}]}}