{"id":8502,"date":"2024-11-13T21:56:05","date_gmt":"2024-11-13T20:56:05","guid":{"rendered":"https:\/\/dtfprint.hr\/?post_type=product&#038;p=8502"},"modified":"2024-11-13T22:34:01","modified_gmt":"2024-11-13T21:34:01","slug":"presse-a-chaud-stahls-hotronix-fusion-pour-t-shirts-plaque-40-x-50-cm-1800-w","status":"publish","type":"product","link":"https:\/\/dtfprint.hr\/fr\/proizvod\/stahls-hotronix-fusion-termo-presa-za-majice-ploca-40x50cm-1800w\/","title":{"rendered":"Presse \u00e0 chaud Stahls Hotronix\u00ae Fusion pour t-shirts, plaque 40 x 50 cm, 1\u00a0800 W"},"content":{"rendered":"<p><strong>Hotronix\u00ae Fusion de Stahl<\/strong> presse \u00e0 chaud pour t-shirts avec dimensions de plateau <strong>40\u00d750 cm<\/strong> Avec une puissance de 1\u00a0800 W, c&#039;est le choix id\u00e9al pour tous ceux qui recherchent une machine fiable et rapide pour les grandes s\u00e9ries. \u00c9quip\u00e9e de la technologie innovante Fusion IQ, elle permet <strong>double mode de fonctionnement \u2013 pivotant et extractible<\/strong>, et une connectivit\u00e9 Wi-Fi simplifi\u00e9e pour un contr\u00f4le via un portail web. Dot\u00e9 d&#039;un \u00e9cran tactile avanc\u00e9, d&#039;options de pression et de temp\u00e9rature personnalisables et de fonctions de synchronisation int\u00e9gr\u00e9es, Fusion IQ offre une efficacit\u00e9, une pr\u00e9cision et une fiabilit\u00e9 sup\u00e9rieures aux professionnels du transfert thermique.<\/p>\n<p>La presse \u00e0 chaud pour t-shirts Stahls Hotronix\u00ae Fusion, avec son plateau de 40 \u00d7 50 cm et sa puissance de 1\u00a0800 W, est l&#039;une des presses \u00e0 chaud les plus modernes, con\u00e7ue pour une utilisation professionnelle en grandes s\u00e9ries. Elle combine les fonctionnalit\u00e9s d&#039;un plateau pivotant et d&#039;un plateau extractible, am\u00e9liorant consid\u00e9rablement la s\u00e9curit\u00e9 et l&#039;efficacit\u00e9 du travail, permettant aux op\u00e9rateurs un acc\u00e8s plus confortable et pr\u00e9cis.<\/p>\n<p>La technologie Fusion IQ permet le contr\u00f4le et la surveillance \u00e0 distance des param\u00e8tres de l&#039;appareil via une connexion Wi-Fi. La presse thermique peut ainsi \u00eatre contr\u00f4l\u00e9e depuis n&#039;importe quel endroit via le portail internet iq.hotronix.com. Ce portail permet aux utilisateurs de facilement ajuster les param\u00e8tres, d&#039;allumer l&#039;appareil \u00e0 une heure pr\u00e9cise, de sauvegarder les param\u00e8tres pour sept jours \u00e0 l&#039;avance, ainsi que de consulter les statistiques et les rapports de fonctionnement, tels que le nombre total d&#039;applications, la dur\u00e9e du cycle et les temps d&#039;utilisation active et inactive.<\/p>\n<p>Ce mod\u00e8le de presse \u00e0 chaud est \u00e9quip\u00e9 d&#039;un \u00e9cran tactile permettant un r\u00e9glage simple et intuitif de la temp\u00e9rature, de la pression et du temps d&#039;application. Gr\u00e2ce au contr\u00f4leur Fusion IQ avanc\u00e9, tous les param\u00e8tres cl\u00e9s tels que la temp\u00e9rature, le temps et la pression s&#039;affichent en temps r\u00e9el, contribuant ainsi \u00e0 des r\u00e9sultats pr\u00e9cis et homog\u00e8nes. La presse dispose \u00e9galement d&#039;une option de changement rapide de plaque, permettant de remplacer la plaque standard par des plaques de diff\u00e9rentes tailles et formes pour s&#039;adapter aux besoins sp\u00e9cifiques de l&#039;utilisateur.<\/p>\n<p>La machine est fabriqu\u00e9e avec un ch\u00e2ssis en aluminium robuste et r\u00e9sistant \u00e0 la corrosion, et les \u00e9l\u00e9ments chauffants sont garantis 30 ans. Alliant durabilit\u00e9, technologie de pointe et simplicit\u00e9 d&#039;utilisation, la presse \u00e0 chaud Stahls Hotronix\u00ae Fusion est le choix id\u00e9al pour les professionnels exigeant une fiabilit\u00e9 et une pr\u00e9cision optimales dans leur production.<\/p>\n<p><strong>Caract\u00e9ristiques:<\/strong><\/p>\n<ul>\n<li><strong>Forcer:<\/strong>\u00a01800 watts<\/li>\n<li><strong>tension:<\/strong>\u00a0120 V \/ 15 A ou 220 V \/ 8 A<\/li>\n<li><strong>Dimensions de la plaque chauffante :<\/strong>\u00a040 cm x 50 cm (16 po x 20 po)<\/li>\n<li><strong>Dimensions de transport :<\/strong>\u00a094 cm (L) x 63,5 cm (l) x 61 cm (H)<\/li>\n<li><strong>Poids:<\/strong>\u00a068 kg<\/li>\n<li><strong>M\u00e9thodes de travail :<\/strong>\u00a0Mode pivotant et coulissant<\/li>\n<li><strong>\u00c9cran:<\/strong>\u00a0\u00c9cran tactile (multi-touch) avec une interface utilisateur simple<\/li>\n<li><strong>Connectivit\u00e9 Wi-Fi :<\/strong>\u00a0Oui, synchronisation avec un ordinateur via le portail iq.hotronix.com<\/li>\n<li><strong>\u00c9talonnage:<\/strong>\u00a0\u00c9talonnage num\u00e9rique de la temp\u00e9rature et de la pression<\/li>\n<li><strong>M\u00e9moire:<\/strong>\u00a0Possibilit\u00e9 de m\u00e9moriser diff\u00e9rents param\u00e8tres une semaine \u00e0 l&#039;avance<\/li>\n<li><strong>Plaques interchangeables :<\/strong>\u00a0Changement rapide avec la possibilit\u00e9 d&#039;utiliser diff\u00e9rentes tailles et formes de panneaux<\/li>\n<li><strong>Certificats:<\/strong>\u00a0Conformit\u00e9 UL, ULC, CE, RoHS<\/li>\n<li><strong>Garanties :<\/strong>\u00a030 ans sur les \u00e9l\u00e9ments chauffants, 5 ans sur le ch\u00e2ssis, 2 ans sur l&#039;\u00e9lectronique<\/li>\n<li><strong>Temp\u00e9rature maximale:<\/strong>\u00a0220\u00b0C<\/li>\n<li><strong>Pression:<\/strong>\u00a0Jusqu&#039;\u00e0 120 PSI pour les applications exigeantes<\/li>\n<li><strong>Conception avanc\u00e9e :<\/strong>\u00a0Presse \u00e0 chaud avec possibilit\u00e9 de fonctionner sans charge thermique dans la zone de travail<\/li>\n<li><strong>Convient pour :<\/strong>\u00a0Imprimantes DTG (avant traitement et apr\u00e8s fixation)<\/li>\n<li><strong>Fabriqu\u00e9 en:<\/strong>\u00a0USA<\/li>\n<\/ul>","protected":false},"excerpt":{"rendered":"<p><strong>Hotronix\u00ae Fusion de Stahl<\/strong> presse thermique avec technologie innovante Fusion IQ, rend possible <strong>double mode de fonctionnement \u2013 pivotant et extractible<\/strong>, et une connectivit\u00e9 Wi-Fi simple.<\/p>","protected":false},"featured_media":8503,"template":"","meta":{"_seopress_robots_primary_cat":"none","_seopress_titles_title":"Stahls Hotronix\u00ae Fusion- Termo pre\u0161a za majice, plo\u010da 40x50cm, 1800W","_seopress_titles_desc":"Stahls Hotronix\u00ae Fusion termo pre\u0161a s inovativnom Fusion IQ tehnologijom, omogu\u0107ava dvostruki na\u010din rada \u2013 zakretni i na izvla\u010denje.","_seopress_robots_index":""},"product_brand":[],"product_cat":[89,61],"product_tag":[380,90,86,64,65],"class_list":{"0":"post-8502","1":"product","2":"type-product","3":"status-publish","4":"has-post-thumbnail","6":"product_cat-stahls","7":"product_cat-termo-prese","8":"product_tag-fusion","9":"product_tag-hotronix","10":"product_tag-stahls","11":"product_tag-termo-presa","12":"product_tag-termo-presa-za-majice","13":"product_shipping_class-teza-dostava","15":"first","16":"onbackorder","17":"sale","18":"taxable","19":"shipping-taxable","20":"purchasable","21":"product-type-simple"},"tiered_pricing_type":"fixed","tiered_pricing_fixed_rules":[],"tiered_pricing_product_settings":{"layout":"default","base_unit_name":{"singular":null,"plural":null},"default_variation":null},"tiered_pricing_minimum_quantity":null,"tiered_pricing_roles_data":[],"tiered_pricing_percentage_rules":[],"tiered_pricing_maximum_quantity":null,"tiered_pricing_quantity_step":null,"_links":{"self":[{"href":"https:\/\/dtfprint.hr\/fr\/wp-json\/wp\/v2\/product\/8502","targetHints":{"allow":["GET"]}}],"collection":[{"href":"https:\/\/dtfprint.hr\/fr\/wp-json\/wp\/v2\/product"}],"about":[{"href":"https:\/\/dtfprint.hr\/fr\/wp-json\/wp\/v2\/types\/product"}],"wp:featuredmedia":[{"embeddable":true,"href":"https:\/\/dtfprint.hr\/fr\/wp-json\/wp\/v2\/media\/8503"}],"wp:attachment":[{"href":"https:\/\/dtfprint.hr\/fr\/wp-json\/wp\/v2\/media?parent=8502"}],"wp:term":[{"taxonomy":"product_brand","embeddable":true,"href":"https:\/\/dtfprint.hr\/fr\/wp-json\/wp\/v2\/product_brand?post=8502"},{"taxonomy":"product_cat","embeddable":true,"href":"https:\/\/dtfprint.hr\/fr\/wp-json\/wp\/v2\/product_cat?post=8502"},{"taxonomy":"product_tag","embeddable":true,"href":"https:\/\/dtfprint.hr\/fr\/wp-json\/wp\/v2\/product_tag?post=8502"}],"curies":[{"name":"wp","href":"https:\/\/api.w.org\/{rel}","templated":true}]}}