{"id":8202,"date":"2024-11-10T14:45:13","date_gmt":"2024-11-10T13:45:13","guid":{"rendered":"https:\/\/dtfprint.hr\/proizvod\/kimood-ki0247-pamucna-shopper-torba\/"},"modified":"2026-04-06T09:35:52","modified_gmt":"2026-04-06T07:35:52","slug":"kimood-ki0247-pamucna-shopper-torba","status":"publish","type":"product","link":"https:\/\/dtfprint.hr\/fr\/proizvod\/kimood-ki0247-pamucna-shopper-torba\/","title":{"rendered":"Kimood KI0247 PAMU\u010cNA SHOPPER TORBA"},"content":{"rendered":"<p>Proizvo\u0111a\u010d: Kimood<\/p>\n<p>Sastav: 100% Pamuk<\/p>\n<p>Odr\u017eavanje: <\/p>\n<p>Izrez i ostale specifikacije: <\/p>\n<p><img decoding=\"async\" src=\"https:\/\/images.promotekstil.hr\/brands-logo\/kimood.png\" alt=\"Kimood\" \/><\/p>\n<p>Caract\u00e9ristiques:<\/p>\n<p>Cotton shopper bag with wide base and gusset<br \/>\n35 cm handles in the same fabric and colour<\/p>\n<p><img decoding=\"async\" src=\"https:\/\/images.promotekstil.hr\/other-images\/specimages\/fjlxap_3d.png\" \/><\/p>\n<table class=\"size_table\">\n<tbody>\n<tr>\n<td><\/td>\n<td>U<\/td>\n<\/tr>\n<tr>\n<td>Duljina (B)<\/td>\n<td>42<\/td>\n<\/tr>\n<tr>\n<td>\u0160irina (B)<\/td>\n<td>40<\/td>\n<\/tr>\n<tr>\n<td>Dubina (C)<\/td>\n<td>12<\/td>\n<\/tr>\n<\/tbody>\n<\/table>\n<p>&nbsp;<\/p>","protected":false},"excerpt":{"rendered":"<p>PAMU\u010cNA SHOPPER TORBA<\/p>","protected":false},"featured_media":8203,"template":"","meta":{"_seopress_robots_primary_cat":"","_seopress_titles_title":"","_seopress_titles_desc":"","_seopress_robots_index":""},"product_brand":[],"product_cat":[312,311,301],"product_tag":[358,351,350],"class_list":{"0":"post-8202","1":"product","2":"type-product","3":"status-publish","4":"has-post-thumbnail","6":"product_cat-kimood","7":"product_cat-torba","8":"product_cat-unisex-odjeca","9":"product_tag-ki0247","10":"product_tag-kimood","11":"product_tag-torba","12":"product_shipping_class-dvije-dostave","14":"first","15":"instock","16":"taxable","17":"shipping-taxable","18":"purchasable","19":"product-type-variable"},"tiered_pricing_type":"fixed","tiered_pricing_fixed_rules":[],"tiered_pricing_product_settings":{"layout":"default","base_unit_name":{"singular":null,"plural":null},"default_variation":null},"tiered_pricing_minimum_quantity":null,"tiered_pricing_roles_data":[],"tiered_pricing_percentage_rules":[],"tiered_pricing_maximum_quantity":null,"tiered_pricing_quantity_step":null,"_links":{"self":[{"href":"https:\/\/dtfprint.hr\/fr\/wp-json\/wp\/v2\/product\/8202","targetHints":{"allow":["GET"]}}],"collection":[{"href":"https:\/\/dtfprint.hr\/fr\/wp-json\/wp\/v2\/product"}],"about":[{"href":"https:\/\/dtfprint.hr\/fr\/wp-json\/wp\/v2\/types\/product"}],"wp:featuredmedia":[{"embeddable":true,"href":"https:\/\/dtfprint.hr\/fr\/wp-json\/wp\/v2\/media\/8203"}],"wp:attachment":[{"href":"https:\/\/dtfprint.hr\/fr\/wp-json\/wp\/v2\/media?parent=8202"}],"wp:term":[{"taxonomy":"product_brand","embeddable":true,"href":"https:\/\/dtfprint.hr\/fr\/wp-json\/wp\/v2\/product_brand?post=8202"},{"taxonomy":"product_cat","embeddable":true,"href":"https:\/\/dtfprint.hr\/fr\/wp-json\/wp\/v2\/product_cat?post=8202"},{"taxonomy":"product_tag","embeddable":true,"href":"https:\/\/dtfprint.hr\/fr\/wp-json\/wp\/v2\/product_tag?post=8202"}],"curies":[{"name":"wp","href":"https:\/\/api.w.org\/{rel}","templated":true}]}}