{"id":8143,"date":"2024-11-10T14:45:05","date_gmt":"2024-11-10T13:45:05","guid":{"rendered":"https:\/\/dtfprint.hr\/proizvod\/kimood-ki0147-mala-vrecica-od-organskog-pamuka\/"},"modified":"2026-04-06T09:35:52","modified_gmt":"2026-04-06T07:35:52","slug":"kimood-ki0147-mala-vrecica-od-organskog-pamuka","status":"publish","type":"product","link":"https:\/\/dtfprint.hr\/fr\/proizvod\/kimood-ki0147-mala-vrecica-od-organskog-pamuka\/","title":{"rendered":"Kimood KI0147 MALA VRE\u0106ICA OD ORGANSKOG PAMUKA"},"content":{"rendered":"<p>Proizvo\u0111a\u010d: Kimood<\/p>\n<p>Sastav: 100% Pamuk|Organic cotton<\/p>\n<p>Odr\u017eavanje: <\/p>\n<p>Izrez i ostale specifikacije: <\/p>\n<p><img decoding=\"async\" src=\"https:\/\/images.promotekstil.hr\/brands-logo\/kimood.png\" alt=\"Kimood\" \/><\/p>\n<p>Caract\u00e9ristiques:<\/p>\n<p>Drawstring bag with white cotton handles<br \/>\nMade from 100% organic cotton<br \/>\nIts size makes it perfect for kids and adults alike<br \/>\nCertified STANDARD 100 by OEKO-TEX\u00aeN\u00b0 CQ1007\/7. IFTH<\/p>\n<p><img decoding=\"async\" src=\"https:\/\/images.promotekstil.hr\/other-images\/specimages\/00bwnk_blank.png\" \/><\/p>\n<table class=\"size_table\">\n<tbody>\n<tr>\n<td><\/td>\n<td>U<\/td>\n<\/tr>\n<tr>\n<td>Visina (A)<\/td>\n<td>36<\/td>\n<\/tr>\n<tr>\n<td>\u0160irina (B)<\/td>\n<td>30<\/td>\n<\/tr>\n<\/tbody>\n<\/table>\n<p>&nbsp;<\/p>","protected":false},"excerpt":{"rendered":"<p>MALA VRE\u0106ICA OD ORGANSKOG PAMUKA<\/p>","protected":false},"featured_media":8144,"template":"","meta":{"_seopress_robots_primary_cat":"","_seopress_titles_title":"","_seopress_titles_desc":"","_seopress_robots_index":""},"product_brand":[],"product_cat":[312,311,301],"product_tag":[354,351,350],"class_list":{"0":"post-8143","1":"product","2":"type-product","3":"status-publish","4":"has-post-thumbnail","6":"product_cat-kimood","7":"product_cat-torba","8":"product_cat-unisex-odjeca","9":"product_tag-ki0147","10":"product_tag-kimood","11":"product_tag-torba","12":"product_shipping_class-dvije-dostave","14":"first","15":"instock","16":"taxable","17":"shipping-taxable","18":"purchasable","19":"product-type-variable"},"tiered_pricing_type":"fixed","tiered_pricing_fixed_rules":[],"tiered_pricing_product_settings":{"layout":"default","base_unit_name":{"singular":null,"plural":null},"default_variation":null},"tiered_pricing_minimum_quantity":null,"tiered_pricing_roles_data":[],"tiered_pricing_percentage_rules":[],"tiered_pricing_maximum_quantity":null,"tiered_pricing_quantity_step":null,"_links":{"self":[{"href":"https:\/\/dtfprint.hr\/fr\/wp-json\/wp\/v2\/product\/8143","targetHints":{"allow":["GET"]}}],"collection":[{"href":"https:\/\/dtfprint.hr\/fr\/wp-json\/wp\/v2\/product"}],"about":[{"href":"https:\/\/dtfprint.hr\/fr\/wp-json\/wp\/v2\/types\/product"}],"wp:featuredmedia":[{"embeddable":true,"href":"https:\/\/dtfprint.hr\/fr\/wp-json\/wp\/v2\/media\/8144"}],"wp:attachment":[{"href":"https:\/\/dtfprint.hr\/fr\/wp-json\/wp\/v2\/media?parent=8143"}],"wp:term":[{"taxonomy":"product_brand","embeddable":true,"href":"https:\/\/dtfprint.hr\/fr\/wp-json\/wp\/v2\/product_brand?post=8143"},{"taxonomy":"product_cat","embeddable":true,"href":"https:\/\/dtfprint.hr\/fr\/wp-json\/wp\/v2\/product_cat?post=8143"},{"taxonomy":"product_tag","embeddable":true,"href":"https:\/\/dtfprint.hr\/fr\/wp-json\/wp\/v2\/product_tag?post=8143"}],"curies":[{"name":"wp","href":"https:\/\/api.w.org\/{rel}","templated":true}]}}