{"id":8096,"date":"2024-11-10T14:44:58","date_gmt":"2024-11-10T13:44:58","guid":{"rendered":"https:\/\/dtfprint.hr\/proizvod\/sols-so01211-sols-babib-slincek-za-bebu\/"},"modified":"2026-04-20T09:36:04","modified_gmt":"2026-04-20T07:36:04","slug":"sols-so01211-sols-babib-slincek-za-bebu","status":"publish","type":"product","link":"https:\/\/dtfprint.hr\/fr\/proizvod\/sols-so01211-sols-babib-slincek-za-bebu\/","title":{"rendered":"SOL&#8217;S SO01211 SOL&#8217;S BABIB &#8211; SLIN\u010cEK ZA BEBU"},"content":{"rendered":"<p>Proizvo\u0111a\u010d: SOL&#8217;S<\/p>\n<p>Sastav: 100% Pamuk|Jersey<\/p>\n<p>Odr\u017eavanje: <img decoding=\"async\" src=\"https:\/\/images.promotekstil.hr\/other-images\/care-labels\/mw_40c.jpg\" style=\"height: 20px;margin-right: 5px\" alt=\"Normal agitation at 40 \u00b0C\" title=\"Normal agitation at 40 \u00b0C\" \/><img decoding=\"async\" src=\"https:\/\/images.promotekstil.hr\/other-images\/care-labels\/td_donot.jpg\" style=\"height: 20px;margin-right: 5px\" alt=\"Ne su\u0161iti u su\u0161ilici\" title=\"Ne su\u0161iti u su\u0161ilici\" \/><img decoding=\"async\" src=\"https:\/\/images.promotekstil.hr\/other-images\/care-labels\/ir_talll.jpg\" style=\"height: 20px;margin-right: 5px\" alt=\"Gla\u010danje, niska temperatura\" title=\"Gla\u010danje, niska temperatura\" \/><img decoding=\"async\" src=\"https:\/\/images.promotekstil.hr\/other-images\/care-labels\/dc_donot.jpg\" style=\"height: 20px;margin-right: 5px\" alt=\"Ne \u010distiti kemijski\" title=\"Ne \u010distiti kemijski\" \/><img decoding=\"async\" src=\"https:\/\/images.promotekstil.hr\/other-images\/care-labels\/bleach_dont.jpg\" style=\"height: 20px;margin-right: 5px\" alt=\"Don't bleach\" title=\"Don't bleach\" \/><\/p>\n<p>Izrez i ostale specifikacije: <\/p>\n<p><img decoding=\"async\" src=\"https:\/\/images.promotekstil.hr\/brands-logo\/sols.png\" alt=\"SOL'S\" \/><\/p>\n<p>Caract\u00e9ristiques:<\/p>\n<p>QUALITY &#8211; JERSEY 180<br \/>\n100% Ringspun cotton<br \/>\nSTYLE<br \/>\nDouble layer in order to guarantee extra protection<br \/>\nContrasting bias<br \/>\nSelf-gripping fastener<\/p>\n<p><img decoding=\"async\" src=\"https:\/\/images.promotekstil.hr\/other-images\/specimages\/5sdxd5_2d ba.png\" \/><\/p>\n<p>&nbsp;<\/p>","protected":false},"excerpt":{"rendered":"<p>SOL&#8217;S BABIB &#8211; SLIN\u010cEK ZA BEBU<\/p>","protected":false},"featured_media":8097,"template":"","meta":{"_seopress_robots_primary_cat":"","_seopress_titles_title":"","_seopress_titles_desc":"","_seopress_robots_index":""},"product_brand":[],"product_cat":[307,308,313],"product_tag":[326,375,373],"class_list":{"0":"post-8096","1":"product","2":"type-product","3":"status-publish","4":"has-post-thumbnail","6":"product_cat-dijete","7":"product_cat-djecja-odjeca","8":"product_cat-sols","9":"product_tag-dijete","10":"product_tag-so01211","11":"product_tag-sols","12":"product_shipping_class-dvije-dostave","14":"first","15":"instock","16":"taxable","17":"shipping-taxable","18":"purchasable","19":"product-type-variable"},"tiered_pricing_type":"fixed","tiered_pricing_fixed_rules":[],"tiered_pricing_product_settings":{"layout":"default","base_unit_name":{"singular":null,"plural":null},"default_variation":null},"tiered_pricing_minimum_quantity":null,"tiered_pricing_roles_data":[],"tiered_pricing_percentage_rules":[],"tiered_pricing_maximum_quantity":null,"tiered_pricing_quantity_step":null,"_links":{"self":[{"href":"https:\/\/dtfprint.hr\/fr\/wp-json\/wp\/v2\/product\/8096","targetHints":{"allow":["GET"]}}],"collection":[{"href":"https:\/\/dtfprint.hr\/fr\/wp-json\/wp\/v2\/product"}],"about":[{"href":"https:\/\/dtfprint.hr\/fr\/wp-json\/wp\/v2\/types\/product"}],"wp:featuredmedia":[{"embeddable":true,"href":"https:\/\/dtfprint.hr\/fr\/wp-json\/wp\/v2\/media\/8097"}],"wp:attachment":[{"href":"https:\/\/dtfprint.hr\/fr\/wp-json\/wp\/v2\/media?parent=8096"}],"wp:term":[{"taxonomy":"product_brand","embeddable":true,"href":"https:\/\/dtfprint.hr\/fr\/wp-json\/wp\/v2\/product_brand?post=8096"},{"taxonomy":"product_cat","embeddable":true,"href":"https:\/\/dtfprint.hr\/fr\/wp-json\/wp\/v2\/product_cat?post=8096"},{"taxonomy":"product_tag","embeddable":true,"href":"https:\/\/dtfprint.hr\/fr\/wp-json\/wp\/v2\/product_tag?post=8096"}],"curies":[{"name":"wp","href":"https:\/\/api.w.org\/{rel}","templated":true}]}}