{"id":8068,"date":"2024-11-10T14:44:55","date_gmt":"2024-11-10T13:44:55","guid":{"rendered":"https:\/\/dtfprint.hr\/proizvod\/kariban-ka832-djecji-pamucni-slincek\/"},"modified":"2026-04-20T09:36:04","modified_gmt":"2026-04-20T07:36:04","slug":"kariban-ka832-djecji-pamucni-slincek","status":"publish","type":"product","link":"https:\/\/dtfprint.hr\/fr\/proizvod\/kariban-ka832-djecji-pamucni-slincek\/","title":{"rendered":"Kariban KA832 DJE\u010cJI PAMU\u010cNI SLIN\u010cEK"},"content":{"rendered":"<p>Proizvo\u0111a\u010d: Kariban<\/p>\n<p>Sastav: 100% Pamuk|Jersey<\/p>\n<p>Odr\u017eavanje: <img decoding=\"async\" src=\"https:\/\/images.promotekstil.hr\/other-images\/care-labels\/mw_30c.jpg\" style=\"height: 20px;margin-right: 5px\" alt=\"Normal agitation at 30 \u00b0C\" title=\"Normal agitation at 30 \u00b0C\" \/><img decoding=\"async\" src=\"https:\/\/images.promotekstil.hr\/other-images\/care-labels\/td_donot.jpg\" style=\"height: 20px;margin-right: 5px\" alt=\"Ne su\u0161iti u su\u0161ilici\" title=\"Ne su\u0161iti u su\u0161ilici\" \/><img decoding=\"async\" src=\"https:\/\/images.promotekstil.hr\/other-images\/care-labels\/ir_tallm.jpg\" style=\"height: 20px;margin-right: 5px\" alt=\"Gla\u010danje, srednja temperatura\" title=\"Gla\u010danje, srednja temperatura\" \/><img decoding=\"async\" src=\"https:\/\/images.promotekstil.hr\/other-images\/care-labels\/dc_donot.jpg\" style=\"height: 20px;margin-right: 5px\" alt=\"Ne \u010distiti kemijski\" title=\"Ne \u010distiti kemijski\" \/><img decoding=\"async\" src=\"https:\/\/images.promotekstil.hr\/other-images\/care-labels\/bleach_dont.jpg\" style=\"height: 20px;margin-right: 5px\" alt=\"Don't bleach\" title=\"Don't bleach\" \/><\/p>\n<p>Izrez i ostale specifikacije: <\/p>\n<p><img decoding=\"async\" src=\"https:\/\/images.promotekstil.hr\/brands-logo\/kariban.png\" alt=\"Kariban\" \/><\/p>\n<p>Caract\u00e9ristiques:<\/p>\n<p>100% enzyme-washed cotton jersey<br \/>\nReversible<br \/>\nString tie fastening<br \/>\nDouble fabric<br \/>\nBound edges<\/p>\n<p><img decoding=\"async\" src=\"https:\/\/images.promotekstil.hr\/other-images\/specimages\/5sdxd5_2d ba.png\" \/><\/p>\n<table class=\"size_table\">\n<tbody>\n<tr>\n<td><\/td>\n<td>U<\/td>\n<\/tr>\n<tr>\n<td>Duljina (B)<\/td>\n<td>23<\/td>\n<\/tr>\n<tr>\n<td>\u0160irina (B)<\/td>\n<td>22<\/td>\n<\/tr>\n<\/tbody>\n<\/table>\n<p>&nbsp;<\/p>","protected":false},"excerpt":{"rendered":"<p>DJE\u010cJI PAMU\u010cNI SLIN\u010cEK<\/p>","protected":false},"featured_media":8069,"template":"","meta":{"_seopress_robots_primary_cat":"","_seopress_titles_title":"","_seopress_titles_desc":"","_seopress_robots_index":""},"product_brand":[],"product_cat":[307,308,310],"product_tag":[326,349,342],"class_list":{"0":"post-8068","1":"product","2":"type-product","3":"status-publish","4":"has-post-thumbnail","6":"product_cat-dijete","7":"product_cat-djecja-odjeca","8":"product_cat-kariban","9":"product_tag-dijete","10":"product_tag-ka832","11":"product_tag-kariban","12":"product_shipping_class-dvije-dostave","14":"first","15":"instock","16":"taxable","17":"shipping-taxable","18":"purchasable","19":"product-type-variable"},"tiered_pricing_type":"fixed","tiered_pricing_fixed_rules":[],"tiered_pricing_product_settings":{"layout":"default","base_unit_name":{"singular":null,"plural":null},"default_variation":null},"tiered_pricing_minimum_quantity":null,"tiered_pricing_roles_data":[],"tiered_pricing_percentage_rules":[],"tiered_pricing_maximum_quantity":null,"tiered_pricing_quantity_step":null,"_links":{"self":[{"href":"https:\/\/dtfprint.hr\/fr\/wp-json\/wp\/v2\/product\/8068","targetHints":{"allow":["GET"]}}],"collection":[{"href":"https:\/\/dtfprint.hr\/fr\/wp-json\/wp\/v2\/product"}],"about":[{"href":"https:\/\/dtfprint.hr\/fr\/wp-json\/wp\/v2\/types\/product"}],"wp:featuredmedia":[{"embeddable":true,"href":"https:\/\/dtfprint.hr\/fr\/wp-json\/wp\/v2\/media\/8069"}],"wp:attachment":[{"href":"https:\/\/dtfprint.hr\/fr\/wp-json\/wp\/v2\/media?parent=8068"}],"wp:term":[{"taxonomy":"product_brand","embeddable":true,"href":"https:\/\/dtfprint.hr\/fr\/wp-json\/wp\/v2\/product_brand?post=8068"},{"taxonomy":"product_cat","embeddable":true,"href":"https:\/\/dtfprint.hr\/fr\/wp-json\/wp\/v2\/product_cat?post=8068"},{"taxonomy":"product_tag","embeddable":true,"href":"https:\/\/dtfprint.hr\/fr\/wp-json\/wp\/v2\/product_tag?post=8068"}],"curies":[{"name":"wp","href":"https:\/\/api.w.org\/{rel}","templated":true}]}}