{"id":7810,"date":"2024-11-10T14:44:34","date_gmt":"2024-11-10T13:44:34","guid":{"rendered":"https:\/\/dtfprint.hr\/proizvod\/kariban-ka3027ic-djecja-bio150ic-majica-s-okruglim-izrezom\/"},"modified":"2026-04-20T09:36:04","modified_gmt":"2026-04-20T07:36:04","slug":"kariban-ka3027ic-djecja-bio150ic-majica-s-okruglim-izrezom","status":"publish","type":"product","link":"https:\/\/dtfprint.hr\/fr\/proizvod\/kariban-ka3027ic-djecja-bio150ic-majica-s-okruglim-izrezom\/","title":{"rendered":"Kariban KA3027IC DJE\u010cJA BIO150IC MAJICA S OKRUGLIM IZREZOM"},"content":{"rendered":"<p>Proizvo\u0111a\u010d: Kariban<\/p>\n<p>Sastav: 100% Pamuk|Organic cotton<\/p>\n<p>Odr\u017eavanje: <img decoding=\"async\" src=\"https:\/\/images.promotekstil.hr\/other-images\/care-labels\/mw_40c.jpg\" style=\"height: 20px;margin-right: 5px\" alt=\"Normal agitation at 40 \u00b0C\" title=\"Normal agitation at 40 \u00b0C\" \/><img decoding=\"async\" src=\"https:\/\/images.promotekstil.hr\/other-images\/care-labels\/td_donot.jpg\" style=\"height: 20px;margin-right: 5px\" alt=\"Ne su\u0161iti u su\u0161ilici\" title=\"Ne su\u0161iti u su\u0161ilici\" \/><img decoding=\"async\" src=\"https:\/\/images.promotekstil.hr\/other-images\/care-labels\/ir_tallm.jpg\" style=\"height: 20px;margin-right: 5px\" alt=\"Gla\u010danje, srednja temperatura\" title=\"Gla\u010danje, srednja temperatura\" \/><img decoding=\"async\" src=\"https:\/\/images.promotekstil.hr\/other-images\/care-labels\/dc_donot.jpg\" style=\"height: 20px;margin-right: 5px\" alt=\"Ne \u010distiti kemijski\" title=\"Ne \u010distiti kemijski\" \/><img decoding=\"async\" src=\"https:\/\/images.promotekstil.hr\/other-images\/care-labels\/bleach_dont.jpg\" style=\"height: 20px;margin-right: 5px\" alt=\"Don't bleach\" title=\"Don't bleach\" \/><\/p>\n<p>Izrez i ostale specifikacije: Kratki rukav; Okrugli izrez<\/p>\n<p><img decoding=\"async\" src=\"https:\/\/images.promotekstil.hr\/brands-logo\/kariban.png\" alt=\"Kariban\" \/><\/p>\n<p>Caract\u00e9ristiques:<\/p>\n<p>Plain colourways: 100% cotton<br \/>\nAsh Heather colourway: 98% cotton \/ 2% viscose and Oxford Grey colourway: 90% cotton \/ 10% viscose<br \/>\nAll colourways are made from in conversion organic cotton<br \/>\nRibbed crew neckline with elastane<br \/>\nMatching taped neck<br \/>\nTwin needle finishing at cuffs and hem<br \/>\nCertified STANDARD 100 by OEKO-TEX\u00aeN\u00b0 CQ1007\/7. IFTH<\/p>\n<p><img decoding=\"async\" src=\"https:\/\/images.promotekstil.hr\/other-images\/specimages\/ltdz5z_a_b_tshirt.png\" \/><\/p>\n<table class=\"size_table\">\n<tbody>\n<tr>\n<td><\/td>\n<td>2\/4<\/td>\n<td>4\/6<\/td>\n<td>6\/8<\/td>\n<td>8\/10<\/td>\n<td>10\/12<\/td>\n<td>12\/14<\/td>\n<\/tr>\n<tr>\n<td>Duljina tijela (A)<\/td>\n<td>39<\/td>\n<td>44<\/td>\n<td>49<\/td>\n<td>54<\/td>\n<td>59<\/td>\n<td>64<\/td>\n<\/tr>\n<tr>\n<td>\u0160irina prsa (B)<\/td>\n<td>34<\/td>\n<td>35<\/td>\n<td>37<\/td>\n<td>39<\/td>\n<td>43<\/td>\n<td>46<\/td>\n<\/tr>\n<tr>\n<td>Sredi\u0161nja duljina rukava (C)<\/td>\n<td>11<\/td>\n<td>13<\/td>\n<td>15<\/td>\n<td>17<\/td>\n<td>19<\/td>\n<td>22<\/td>\n<\/tr>\n<\/tbody>\n<\/table>\n<p>&nbsp;<\/p>","protected":false},"excerpt":{"rendered":"<p>DJE\u010cJA BIO150IC MAJICA S OKRUGLIM IZREZOM<\/p>","protected":false},"featured_media":7811,"template":"","meta":{"_seopress_robots_primary_cat":"","_seopress_titles_title":"","_seopress_titles_desc":"","_seopress_robots_index":""},"product_brand":[],"product_cat":[307,308,310],"product_tag":[326,347,342],"class_list":{"0":"post-7810","1":"product","2":"type-product","3":"status-publish","4":"has-post-thumbnail","6":"product_cat-dijete","7":"product_cat-djecja-odjeca","8":"product_cat-kariban","9":"product_tag-dijete","10":"product_tag-ka3027ic","11":"product_tag-kariban","12":"product_shipping_class-dvije-dostave","14":"first","15":"instock","16":"taxable","17":"shipping-taxable","18":"purchasable","19":"product-type-variable"},"tiered_pricing_type":"fixed","tiered_pricing_fixed_rules":[],"tiered_pricing_product_settings":{"layout":"default","base_unit_name":{"singular":null,"plural":null},"default_variation":null},"tiered_pricing_minimum_quantity":null,"tiered_pricing_roles_data":[],"tiered_pricing_percentage_rules":[],"tiered_pricing_maximum_quantity":null,"tiered_pricing_quantity_step":null,"_links":{"self":[{"href":"https:\/\/dtfprint.hr\/fr\/wp-json\/wp\/v2\/product\/7810","targetHints":{"allow":["GET"]}}],"collection":[{"href":"https:\/\/dtfprint.hr\/fr\/wp-json\/wp\/v2\/product"}],"about":[{"href":"https:\/\/dtfprint.hr\/fr\/wp-json\/wp\/v2\/types\/product"}],"wp:featuredmedia":[{"embeddable":true,"href":"https:\/\/dtfprint.hr\/fr\/wp-json\/wp\/v2\/media\/7811"}],"wp:attachment":[{"href":"https:\/\/dtfprint.hr\/fr\/wp-json\/wp\/v2\/media?parent=7810"}],"wp:term":[{"taxonomy":"product_brand","embeddable":true,"href":"https:\/\/dtfprint.hr\/fr\/wp-json\/wp\/v2\/product_brand?post=7810"},{"taxonomy":"product_cat","embeddable":true,"href":"https:\/\/dtfprint.hr\/fr\/wp-json\/wp\/v2\/product_cat?post=7810"},{"taxonomy":"product_tag","embeddable":true,"href":"https:\/\/dtfprint.hr\/fr\/wp-json\/wp\/v2\/product_tag?post=7810"}],"curies":[{"name":"wp","href":"https:\/\/api.w.org\/{rel}","templated":true}]}}