{"id":693,"date":"2024-10-20T22:02:57","date_gmt":"2024-10-20T20:02:57","guid":{"rendered":"https:\/\/dtfprint.hr\/?post_type=product&#038;p=693"},"modified":"2024-10-20T22:18:07","modified_gmt":"2024-10-20T20:18:07","slug":"mini-fer-a-repasser-cricut-easypress","status":"publish","type":"product","link":"https:\/\/dtfprint.hr\/fr\/proizvod\/cricut-easypress-mini-pegla\/","title":{"rendered":"Fer \u00e0 repasser Cricut EasyPress Mini\u2122"},"content":{"rendered":"<p>Presse compacte et puissante\u00a0! Pressez chaussures, peluches, \u00e9tiquettes int\u00e9rieures de t-shirts et bien plus encore. Arrondissez facilement les contours, glissez-la entre les boutons et m\u00eame dans les coutures. Trois r\u00e9glages de chaleur suffisent pour presser. La base isol\u00e9e et l&#039;arr\u00eat automatique sont des caract\u00e9ristiques de s\u00e9curit\u00e9 que vous appr\u00e9cierez. La Cricut EasyPress Mini\u2122 est l\u00e9g\u00e8re, portable et facile \u00e0 ranger.<\/p>\n<ul>\n<li>Taille compacte id\u00e9ale pour les petits produits ou les produits avec des surfaces de pressage difficiles d&#039;acc\u00e8s<\/li>\n<li>Produits en fer tels que chaussures, peluches ou \u00e9tiquettes int\u00e9rieures de t-shirts<\/li>\n<li>Plaque chauffante \u00e0 rev\u00eatement c\u00e9ramique pour une chaleur s\u00e8che et uniforme d&#039;un bord \u00e0 l&#039;autre<\/li>\n<li>3 r\u00e9glages de chaleur<\/li>\n<li>Base de s\u00e9curit\u00e9 isol\u00e9e et fonction d&#039;arr\u00eat automatique<\/li>\n<li>Pointe de pr\u00e9cision pour un contr\u00f4le et une pr\u00e9cision accrus<\/li>\n<li>L\u00e9ger, portable, facile \u00e0 ranger<\/li>\n<li>Glisse sans effort sur des surfaces in\u00e9gales<\/li>\n<li>Parfait en combinaison avec les imageurs DTF<\/li>\n<\/ul>\n<p>&nbsp;<\/p>","protected":false},"excerpt":{"rendered":"<p>Presse compacte et puissante\u00a0! Repassez vos chaussures, peluches, \u00e9tiquettes int\u00e9rieures de t-shirts et autres produits. La Cricut EasyPress Mini\u2122 est l\u00e9g\u00e8re, portable et facile \u00e0 ranger.<\/p>","protected":false},"featured_media":696,"template":"","meta":{"_seopress_robots_primary_cat":"none","_seopress_titles_title":"","_seopress_titles_desc":"","_seopress_robots_index":""},"product_brand":[],"product_cat":[61],"product_tag":[62,72,64,65],"class_list":{"0":"post-693","1":"product","2":"type-product","3":"status-publish","4":"has-post-thumbnail","6":"product_cat-termo-prese","7":"product_tag-cricut","8":"product_tag-easypress-mini","9":"product_tag-termo-presa","10":"product_tag-termo-presa-za-majice","12":"first","13":"outofstock","14":"sale","15":"taxable","16":"shipping-taxable","17":"purchasable","18":"product-type-simple"},"tiered_pricing_type":"fixed","tiered_pricing_fixed_rules":[],"tiered_pricing_product_settings":{"layout":"default","base_unit_name":{"singular":null,"plural":null},"default_variation":null},"tiered_pricing_minimum_quantity":null,"tiered_pricing_roles_data":[],"tiered_pricing_percentage_rules":[],"tiered_pricing_maximum_quantity":null,"tiered_pricing_quantity_step":null,"_links":{"self":[{"href":"https:\/\/dtfprint.hr\/fr\/wp-json\/wp\/v2\/product\/693","targetHints":{"allow":["GET"]}}],"collection":[{"href":"https:\/\/dtfprint.hr\/fr\/wp-json\/wp\/v2\/product"}],"about":[{"href":"https:\/\/dtfprint.hr\/fr\/wp-json\/wp\/v2\/types\/product"}],"wp:featuredmedia":[{"embeddable":true,"href":"https:\/\/dtfprint.hr\/fr\/wp-json\/wp\/v2\/media\/696"}],"wp:attachment":[{"href":"https:\/\/dtfprint.hr\/fr\/wp-json\/wp\/v2\/media?parent=693"}],"wp:term":[{"taxonomy":"product_brand","embeddable":true,"href":"https:\/\/dtfprint.hr\/fr\/wp-json\/wp\/v2\/product_brand?post=693"},{"taxonomy":"product_cat","embeddable":true,"href":"https:\/\/dtfprint.hr\/fr\/wp-json\/wp\/v2\/product_cat?post=693"},{"taxonomy":"product_tag","embeddable":true,"href":"https:\/\/dtfprint.hr\/fr\/wp-json\/wp\/v2\/product_tag?post=693"}],"curies":[{"name":"wp","href":"https:\/\/api.w.org\/{rel}","templated":true}]}}