{"id":6653,"date":"2024-11-10T14:42:50","date_gmt":"2024-11-10T13:42:50","guid":{"rendered":"https:\/\/dtfprint.hr\/proizvod\/gildan-gib18600-heavy-blend-ornji-dio-trenirke-s-kapuljacom-s-patentom-za-mlade\/"},"modified":"2026-04-20T09:36:04","modified_gmt":"2026-04-20T07:36:04","slug":"gildan-gib18600-heavy-blend-ornji-dio-trenirke-s-kapuljacom-s-patentom-za-mlade","status":"publish","type":"product","link":"https:\/\/dtfprint.hr\/fr\/proizvod\/gildan-gib18600-heavy-blend-ornji-dio-trenirke-s-kapuljacom-s-patentom-za-mlade\/","title":{"rendered":"Gildan GIB18600 HEAVY BLEND\u2122 ORNJI DIO TRENIRKE S KAPULJA\u010cOM S PATENTOM ZA MLADE"},"content":{"rendered":"<p>Proizvo\u0111a\u010d: Gildan<\/p>\n<p>Sastav: Pamuk \/ poliester<\/p>\n<p>Odr\u017eavanje: <img decoding=\"async\" src=\"https:\/\/images.promotekstil.hr\/other-images\/care-labels\/mw_30c.jpg\" style=\"height: 20px;margin-right: 5px\" alt=\"Normal agitation at 30 \u00b0C\" title=\"Normal agitation at 30 \u00b0C\" \/><img decoding=\"async\" src=\"https:\/\/images.promotekstil.hr\/other-images\/care-labels\/td_nor_l.jpg\" style=\"height: 20px;margin-right: 5px\" alt=\"Normalno su\u0161enje u su\u0161ilici na niskoj temperaturi\" title=\"Normalno su\u0161enje u su\u0161ilici na niskoj temperaturi\" \/><img decoding=\"async\" src=\"https:\/\/images.promotekstil.hr\/other-images\/care-labels\/ir_dontt.jpg\" style=\"height: 20px;margin-right: 5px\" alt=\"Ne peglati\" title=\"Ne peglati\" \/><img decoding=\"async\" src=\"https:\/\/images.promotekstil.hr\/other-images\/care-labels\/dc_donot.jpg\" style=\"height: 20px;margin-right: 5px\" alt=\"Ne \u010distiti kemijski\" title=\"Ne \u010distiti kemijski\" \/><img decoding=\"async\" src=\"https:\/\/images.promotekstil.hr\/other-images\/care-labels\/b_nonchl.jpg\" style=\"height: 20px;margin-right: 5px\" alt=\"Izbjeljiva\u010d bez klora kada je to potrebno\" title=\"Izbjeljiva\u010d bez klora kada je to potrebno\" \/><\/p>\n<p>Izrez i ostale specifikacije: Dugi rukav; Bo\u010dni \u0161av; D\u017eep; Full Zip; Majica s kapulja\u010dom<\/p>\n<p><img decoding=\"async\" src=\"https:\/\/images.promotekstil.hr\/brands-logo\/gildan.png\" alt=\"Gildan\" \/><\/p>\n<p>Caract\u00e9ristiques:<\/p>\n<p>271.0 G\/SqM<br \/>\n50% Cotton. 50% Polyester<br \/>\nAir jet yarn = softer feel and reduced pilling<br \/>\nUnlined hood<br \/>\nIn transition to tearaway label<br \/>\nBody color matched Plastic Zipper<br \/>\nOverlapped fabric across zipper allows full front printing<br \/>\nPouch pockets<br \/>\nTwin needle stitching at shoulder. armhole. neck. waistband and cuffs<br \/>\n1 x 1 rib with spandex<br \/>\nQuarter-turned to eliminate center crease<br \/>\nCPSIA Tracking Label Compliant<\/p>\n<p><img decoding=\"async\" src=\"https:\/\/images.promotekstil.hr\/other-images\/specimages\/u1dmkq_sweatshirt-hoodie-fullzip.png\" \/><\/p>\n<table class=\"size_table\">\n<tbody>\n<tr>\n<td><\/td>\n<td>XS<\/td>\n<td>S<\/td>\n<td>M<\/td>\n<td>L<\/td>\n<td>XL<\/td>\n<\/tr>\n<tr>\n<td>Duljina tijela (A)<\/td>\n<td>51<\/td>\n<td>55<\/td>\n<td>58<\/td>\n<td>62<\/td>\n<td>66<\/td>\n<\/tr>\n<tr>\n<td>\u0160irina prsa (B)<\/td>\n<td>39<\/td>\n<td>41<\/td>\n<td>44<\/td>\n<td>46<\/td>\n<td>49<\/td>\n<\/tr>\n<tr>\n<td>Sredi\u0161nja duljina rukava (C)<\/td>\n<td>60<\/td>\n<td>67<\/td>\n<td>70<\/td>\n<td>77<\/td>\n<td>84<\/td>\n<\/tr>\n<\/tbody>\n<\/table>\n<p>&nbsp;<\/p>","protected":false},"excerpt":{"rendered":"<p>HEAVY BLEND\u2122 ORNJI DIO TRENIRKE S KAPULJA\u010cOM S PATENTOM ZA MLADE<\/p>","protected":false},"featured_media":0,"template":"","meta":{"_seopress_robots_primary_cat":"","_seopress_titles_title":"","_seopress_titles_desc":"","_seopress_robots_index":""},"product_brand":[],"product_cat":[307,308,303],"product_tag":[326,329,315],"class_list":{"0":"post-6653","1":"product","2":"type-product","3":"status-publish","5":"product_cat-dijete","6":"product_cat-djecja-odjeca","7":"product_cat-gildan","8":"product_tag-dijete","9":"product_tag-gib18600","10":"product_tag-gildan","11":"product_shipping_class-dvije-dostave","13":"first","14":"instock","15":"taxable","16":"shipping-taxable","17":"purchasable","18":"product-type-variable"},"tiered_pricing_type":"fixed","tiered_pricing_fixed_rules":[],"tiered_pricing_product_settings":{"layout":"default","base_unit_name":{"singular":null,"plural":null},"default_variation":null},"tiered_pricing_minimum_quantity":null,"tiered_pricing_roles_data":[],"tiered_pricing_percentage_rules":[],"tiered_pricing_maximum_quantity":null,"tiered_pricing_quantity_step":null,"_links":{"self":[{"href":"https:\/\/dtfprint.hr\/fr\/wp-json\/wp\/v2\/product\/6653","targetHints":{"allow":["GET"]}}],"collection":[{"href":"https:\/\/dtfprint.hr\/fr\/wp-json\/wp\/v2\/product"}],"about":[{"href":"https:\/\/dtfprint.hr\/fr\/wp-json\/wp\/v2\/types\/product"}],"wp:attachment":[{"href":"https:\/\/dtfprint.hr\/fr\/wp-json\/wp\/v2\/media?parent=6653"}],"wp:term":[{"taxonomy":"product_brand","embeddable":true,"href":"https:\/\/dtfprint.hr\/fr\/wp-json\/wp\/v2\/product_brand?post=6653"},{"taxonomy":"product_cat","embeddable":true,"href":"https:\/\/dtfprint.hr\/fr\/wp-json\/wp\/v2\/product_cat?post=6653"},{"taxonomy":"product_tag","embeddable":true,"href":"https:\/\/dtfprint.hr\/fr\/wp-json\/wp\/v2\/product_tag?post=6653"}],"curies":[{"name":"wp","href":"https:\/\/api.w.org\/{rel}","templated":true}]}}