{"id":599,"date":"2024-10-03T03:23:52","date_gmt":"2024-10-03T01:23:52","guid":{"rendered":"https:\/\/dtfprint.hr\/?post_type=product&#038;p=599"},"modified":"2024-10-20T03:54:57","modified_gmt":"2024-10-20T01:54:57","slug":"echantillons-de-transfert-dtf-gratuits","status":"publish","type":"product","link":"https:\/\/dtfprint.hr\/fr\/proizvod\/besplatni-uzorci-dtf-preslikaca\/","title":{"rendered":"\u00c9chantillons gratuits de mappeurs DTF"},"content":{"rendered":"<p>Essayez le n\u00f4tre <strong>pack de d\u00e9calcomanies DTF gratuit<\/strong>! Cet ensemble comprend plusieurs exemplaires d&#039;essai imprim\u00e9s sur <strong>feuille pelable \u00e0 chaud<\/strong>, press\u00e9s 10 secondes \u00e0 150 \u00b0C. Parfaits pour tester et peaufiner vos motifs, ces d\u00e9calcomanies conviennent \u00e0 tout type de tissu. Il suffit de les presser pour obtenir des impressions parfaites.<\/p>\n<p><strong>Le produit est gratuit.<\/strong>, Vous ne payez que les frais de port. L&#039;occasion id\u00e9ale de tester la qualit\u00e9 avant d&#039;acheter en grande quantit\u00e9\u00a0!<\/p>","protected":false},"excerpt":{"rendered":"<p>Cet ensemble comprend un paquet contenant plusieurs \u00e9chantillons de test de d\u00e9calcomanies DTF imprim\u00e9es sur <strong>Film thermo-pelable. Le produit est gratuit, seuls les frais de livraison sont \u00e0 votre charge.<\/strong><\/p>","protected":false},"featured_media":602,"template":"","meta":{"_seopress_robots_primary_cat":"none","_seopress_titles_title":"","_seopress_titles_desc":"","_seopress_robots_index":""},"product_brand":[],"product_cat":[43],"product_tag":[46,60,59],"class_list":{"0":"post-599","1":"product","2":"type-product","3":"status-publish","4":"has-post-thumbnail","6":"product_cat-dtf-preslikaci","7":"product_tag-dtf-preslikaci","8":"product_tag-dtf-transfer","9":"product_tag-uzorci","10":"product_shipping_class-dostava-iz-poslovnice","12":"first","13":"instock","14":"taxable","15":"shipping-taxable","16":"purchasable","17":"product-type-simple"},"tiered_pricing_type":"fixed","tiered_pricing_fixed_rules":[],"tiered_pricing_product_settings":{"layout":"default","base_unit_name":{"singular":null,"plural":null},"default_variation":null},"tiered_pricing_minimum_quantity":null,"tiered_pricing_roles_data":[],"tiered_pricing_percentage_rules":[],"tiered_pricing_maximum_quantity":null,"tiered_pricing_quantity_step":null,"_links":{"self":[{"href":"https:\/\/dtfprint.hr\/fr\/wp-json\/wp\/v2\/product\/599","targetHints":{"allow":["GET"]}}],"collection":[{"href":"https:\/\/dtfprint.hr\/fr\/wp-json\/wp\/v2\/product"}],"about":[{"href":"https:\/\/dtfprint.hr\/fr\/wp-json\/wp\/v2\/types\/product"}],"wp:featuredmedia":[{"embeddable":true,"href":"https:\/\/dtfprint.hr\/fr\/wp-json\/wp\/v2\/media\/602"}],"wp:attachment":[{"href":"https:\/\/dtfprint.hr\/fr\/wp-json\/wp\/v2\/media?parent=599"}],"wp:term":[{"taxonomy":"product_brand","embeddable":true,"href":"https:\/\/dtfprint.hr\/fr\/wp-json\/wp\/v2\/product_brand?post=599"},{"taxonomy":"product_cat","embeddable":true,"href":"https:\/\/dtfprint.hr\/fr\/wp-json\/wp\/v2\/product_cat?post=599"},{"taxonomy":"product_tag","embeddable":true,"href":"https:\/\/dtfprint.hr\/fr\/wp-json\/wp\/v2\/product_tag?post=599"}],"curies":[{"name":"wp","href":"https:\/\/api.w.org\/{rel}","templated":true}]}}