{"id":5882,"date":"2024-11-10T14:41:36","date_gmt":"2024-11-10T13:41:36","guid":{"rendered":"https:\/\/dtfprint.hr\/proizvod\/kariban-ka240-brooke-zenska-polo-majica-kratkih-rukava\/"},"modified":"2026-04-09T12:31:54","modified_gmt":"2026-04-09T10:31:54","slug":"kariban-ka240-brooke-zenska-polo-majica-kratkih-rukava","status":"publish","type":"product","link":"https:\/\/dtfprint.hr\/fr\/proizvod\/kariban-ka240-brooke-zenska-polo-majica-kratkih-rukava\/","title":{"rendered":"Kariban KA240 BROOKE &#8211; \u017dENSKA POLO MAJICA KRATKIH RUKAVA"},"content":{"rendered":"<p>Proizvo\u0111a\u010d: Kariban<\/p>\n<p>Sastav: Pamuk \/ elastan|Piqu\u00e9<\/p>\n<p>Odr\u017eavanje: <img decoding=\"async\" src=\"https:\/\/images.promotekstil.hr\/other-images\/care-labels\/mw_30c.jpg\" style=\"height: 20px;margin-right: 5px\" alt=\"Normal agitation at 30 \u00b0C\" title=\"Normal agitation at 30 \u00b0C\" \/><img decoding=\"async\" src=\"https:\/\/images.promotekstil.hr\/other-images\/care-labels\/td_donot.jpg\" style=\"height: 20px;margin-right: 5px\" alt=\"Ne su\u0161iti u su\u0161ilici\" title=\"Ne su\u0161iti u su\u0161ilici\" \/><img decoding=\"async\" src=\"https:\/\/images.promotekstil.hr\/other-images\/care-labels\/ir_talll.jpg\" style=\"height: 20px;margin-right: 5px\" alt=\"Gla\u010danje, niska temperatura\" title=\"Gla\u010danje, niska temperatura\" \/><img decoding=\"async\" src=\"https:\/\/images.promotekstil.hr\/other-images\/care-labels\/dc_donot.jpg\" style=\"height: 20px;margin-right: 5px\" alt=\"Ne \u010distiti kemijski\" title=\"Ne \u010distiti kemijski\" \/><img decoding=\"async\" src=\"https:\/\/images.promotekstil.hr\/other-images\/care-labels\/bleach_dont.jpg\" style=\"height: 20px;margin-right: 5px\" alt=\"Don't bleach\" title=\"Don't bleach\" \/><\/p>\n<p>Izrez i ostale specifikacije: Kratki rukav; Bo\u010dni \u0161av<\/p>\n<p><img decoding=\"async\" src=\"https:\/\/images.promotekstil.hr\/brands-logo\/kariban.png\" alt=\"Kariban\" \/><\/p>\n<p>Caract\u00e9ristiques:<\/p>\n<p>95% cotton\/5% elastane<br \/>\nPiqu\u00e9 knit<br \/>\nRibbed collar with neck tape<br \/>\nRibbed cuffs<br \/>\nSide slits<br \/>\nTwin needle finishing at the hem<br \/>\n2-button placket<\/p>\n<p><img decoding=\"async\" src=\"https:\/\/images.promotekstil.hr\/other-images\/specimages\/0iyrgv_a_b_polo-ladies.png\" \/><\/p>\n<table class=\"size_table\">\n<tbody>\n<tr>\n<td><\/td>\n<td>XS<\/td>\n<td>S<\/td>\n<td>M<\/td>\n<td>L<\/td>\n<td>XL<\/td>\n<td>2XL<\/td>\n<\/tr>\n<tr>\n<td>Duljina tijela (A)<\/td>\n<td>60<\/td>\n<td>62<\/td>\n<td>64<\/td>\n<td>66<\/td>\n<td>68<\/td>\n<td>70<\/td>\n<\/tr>\n<tr>\n<td>\u0160irina prsa (B)<\/td>\n<td>41<\/td>\n<td>44<\/td>\n<td>47<\/td>\n<td>50<\/td>\n<td>53<\/td>\n<td>56<\/td>\n<\/tr>\n<tr>\n<td>Sredi\u0161nja duljina rukava (C)<\/td>\n<td>13<\/td>\n<td>14<\/td>\n<td>14<\/td>\n<td>15<\/td>\n<td>16<\/td>\n<td>17<\/td>\n<\/tr>\n<\/tbody>\n<\/table>\n<p>&nbsp;<\/p>","protected":false},"excerpt":{"rendered":"<p>BROOKE &#8211; \u017dENSKA POLO MAJICA KRATKIH RUKAVA<\/p>","protected":false},"featured_media":5883,"template":"","meta":{"_seopress_robots_primary_cat":"","_seopress_titles_title":"","_seopress_titles_desc":"","_seopress_robots_index":""},"product_brand":[],"product_cat":[310,306,309],"product_tag":[345,342,323],"class_list":{"0":"post-5882","1":"product","2":"type-product","3":"status-publish","4":"has-post-thumbnail","6":"product_cat-kariban","7":"product_cat-polo-majica","8":"product_cat-zenska-odjeca","9":"product_tag-ka240","10":"product_tag-kariban","11":"product_tag-polo-majica","12":"product_shipping_class-dvije-dostave","14":"first","15":"instock","16":"taxable","17":"shipping-taxable","18":"purchasable","19":"product-type-variable"},"tiered_pricing_type":"fixed","tiered_pricing_fixed_rules":[],"tiered_pricing_product_settings":{"layout":"default","base_unit_name":{"singular":null,"plural":null},"default_variation":null},"tiered_pricing_minimum_quantity":null,"tiered_pricing_roles_data":[],"tiered_pricing_percentage_rules":[],"tiered_pricing_maximum_quantity":null,"tiered_pricing_quantity_step":null,"_links":{"self":[{"href":"https:\/\/dtfprint.hr\/fr\/wp-json\/wp\/v2\/product\/5882","targetHints":{"allow":["GET"]}}],"collection":[{"href":"https:\/\/dtfprint.hr\/fr\/wp-json\/wp\/v2\/product"}],"about":[{"href":"https:\/\/dtfprint.hr\/fr\/wp-json\/wp\/v2\/types\/product"}],"wp:featuredmedia":[{"embeddable":true,"href":"https:\/\/dtfprint.hr\/fr\/wp-json\/wp\/v2\/media\/5883"}],"wp:attachment":[{"href":"https:\/\/dtfprint.hr\/fr\/wp-json\/wp\/v2\/media?parent=5882"}],"wp:term":[{"taxonomy":"product_brand","embeddable":true,"href":"https:\/\/dtfprint.hr\/fr\/wp-json\/wp\/v2\/product_brand?post=5882"},{"taxonomy":"product_cat","embeddable":true,"href":"https:\/\/dtfprint.hr\/fr\/wp-json\/wp\/v2\/product_cat?post=5882"},{"taxonomy":"product_tag","embeddable":true,"href":"https:\/\/dtfprint.hr\/fr\/wp-json\/wp\/v2\/product_tag?post=5882"}],"curies":[{"name":"wp","href":"https:\/\/api.w.org\/{rel}","templated":true}]}}